{"id":5216,"date":"2022-07-08T15:18:23","date_gmt":"2022-07-08T13:18:23","guid":{"rendered":"https:\/\/purenatural.eu\/pago\/"},"modified":"2026-02-06T15:03:56","modified_gmt":"2026-02-06T14:03:56","slug":"pago","status":"publish","type":"page","link":"https:\/\/purenatural.eu\/es\/pago\/","title":{"rendered":"Pago"},"content":{"rendered":"\t\t<div data-elementor-type=\"wp-page\" data-elementor-id=\"5216\" class=\"elementor elementor-5216 elementor-465\" data-elementor-post-type=\"page\">\n\t\t\t\t\t\t<section class=\"elementor-section elementor-top-section elementor-element elementor-element-6d7f414 elementor-section-boxed elementor-section-height-default elementor-section-height-default\" data-id=\"6d7f414\" data-element_type=\"section\" data-e-type=\"section\">\n\t\t\t\t\t\t<div class=\"elementor-container elementor-column-gap-default\">\n\t\t\t\t\t<div class=\"elementor-column elementor-col-100 elementor-top-column elementor-element elementor-element-7c24fc4\" data-id=\"7c24fc4\" data-element_type=\"column\" data-e-type=\"column\">\n\t\t\t<div class=\"elementor-widget-wrap elementor-element-populated\">\n\t\t\t\t\t\t<div class=\"elementor-element elementor-element-d93cb19 elementor-widget elementor-widget-text-editor\" data-id=\"d93cb19\" data-element_type=\"widget\" data-e-type=\"widget\" data-widget_type=\"text-editor.default\">\n\t\t\t\t<div class=\"elementor-widget-container\">\n\t\t\t\t\t\t\t\t\t<h2>Pago y precios<\/h2><p>El pago debe efectuarse en el momento de realizar el pedido.<br>Enviaremos su pedido una vez recibido el pago.<br>Recibir\u00e1 la factura de su pedido autom\u00e1ticamente por correo electr\u00f3nico despu\u00e9s de realizar y pagar su pedido.<\/p><p>El pago puede realizarse mediante cualquiera de los siguientes m\u00e9todos: iDEAL | Wero, Visa, MasterCard, Maestro, American Express, PAYPAL.<\/p><p>Para los pedidos profesionales, adem\u00e1s de los m\u00e9todos mencionados, tambi\u00e9n aceptamos el pago por transferencia bancaria. En este caso, su pedido se enviar\u00e1 en cuanto recibamos el pago o el justificante de pago. S\u00f3lo podemos mantener los pedidos profesionales EN ESPERA durante una semana, si no recibimos el pago para entonces, el sistema cancelar\u00e1 autom\u00e1ticamente el pedido.<\/p><p><span style=\"font-style: inherit; font-weight: inherit; color: var( --e-global-color-text ); font-family: var( --e-global-typography-text-font-family ), Sans-serif; text-transform: var( --e-global-typography-text-text-transform ); background-color: var( --e-global-color-5ba0249 );\">El pago se cargar\u00e1 y se liquidar\u00e1 en su cuenta en el momento en que se acuse recibo de su pedido. Tenga en cuenta que todos los titulares de tarjetas de cr\u00e9dito\/d\u00e9bito est\u00e1n sujetos a comprobaciones de validaci\u00f3n y autorizaci\u00f3n por parte del emisor de la tarjeta. La direcci\u00f3n del titular de la tarjeta debe coincidir con la informaci\u00f3n en poder de la autoridad emisora.<\/span><\/p><p>Si el emisor de su tarjeta de pago se niega a pagar o no autoriza el pago por cualquier motivo, no seremos responsables de ning\u00fan retraso o falta de entrega de la mercanc\u00eda.<br>Tenga en cuenta que conservamos la propiedad legal de toda la mercanc\u00eda hasta que usted haya efectuado el pago completo y nosotros lo hayamos recibido. La propiedad legal de la mercanc\u00eda se transferir\u00e1 inmediatamente de nuevo a nosotros si reembolsamos cualquier pago por la mercanc\u00eda.<\/p><p>Todos los precios al consumidor (B2C) de nuestro sitio web se indican en euros, IVA incluido. Todos los precios profesionales (B2B) se indican en euros sin IVA. No aceptamos pagos en otras divisas.<br>PureNatural International se reserva el derecho de modificar los precios y la disponibilidad sin previo aviso.<\/p><p>De vez en cuando ofreceremos c\u00f3digos de descuento, promociones y oportunidades de regalos en nuestro bolet\u00edn, Instagram, Facebook o eventos. S\u00f3lo est\u00e1n disponibles durante las fechas indicadas y no pueden utilizarse antes ni despu\u00e9s. S\u00f3lo est\u00e1n disponibles para clientes registrados que tengan una cuenta con nosotros.<\/p>\t\t\t\t\t\t\t\t<\/div>\n\t\t\t\t<\/div>\n\t\t\t\t\t<\/div>\n\t\t<\/div>\n\t\t\t\t\t<\/div>\n\t\t<\/section>\n\t\t\t\t<\/div>\n\t\t<span class=\"et_bloom_bottom_trigger\"><\/span>","protected":false},"excerpt":{"rendered":"<p>Pago y precios El pago debe efectuarse en el momento de realizar el pedido.Enviaremos su pedido una vez recibido el pago.Recibir\u00e1 la factura de su pedido autom\u00e1ticamente por correo electr\u00f3nico [&hellip;]<\/p>\n","protected":false},"author":4519,"featured_media":0,"parent":0,"menu_order":95,"comment_status":"closed","ping_status":"closed","template":"","meta":{"_acf_changed":false,"site-sidebar-layout":"no-sidebar","site-content-layout":"page-builder","ast-site-content-layout":"default","site-content-style":"default","site-sidebar-style":"default","ast-global-header-display":"","ast-banner-title-visibility":"","ast-main-header-display":"","ast-hfb-above-header-display":"","ast-hfb-below-header-display":"","ast-hfb-mobile-header-display":"","site-post-title":"disabled","ast-breadcrumbs-content":"","ast-featured-img":"disabled","footer-sml-layout":"","ast-disable-related-posts":"","theme-transparent-header-meta":"","adv-header-id-meta":"","stick-header-meta":"","header-above-stick-meta":"","header-main-stick-meta":"","header-below-stick-meta":"","astra-migrate-meta-layouts":"default","ast-page-background-enabled":"default","ast-page-background-meta":{"desktop":{"background-color":"var(--ast-global-color-4)","background-image":"","background-repeat":"repeat","background-position":"center center","background-size":"auto","background-attachment":"scroll","background-type":"","background-media":"","overlay-type":"","overlay-color":"","overlay-opacity":"","overlay-gradient":""},"tablet":{"background-color":"","background-image":"","background-repeat":"repeat","background-position":"center center","background-size":"auto","background-attachment":"scroll","background-type":"","background-media":"","overlay-type":"","overlay-color":"","overlay-opacity":"","overlay-gradient":""},"mobile":{"background-color":"","background-image":"","background-repeat":"repeat","background-position":"center center","background-size":"auto","background-attachment":"scroll","background-type":"","background-media":"","overlay-type":"","overlay-color":"","overlay-opacity":"","overlay-gradient":""}},"ast-content-background-meta":{"desktop":{"background-color":"var(--ast-global-color-5)","background-image":"","background-repeat":"repeat","background-position":"center center","background-size":"auto","background-attachment":"scroll","background-type":"","background-media":"","overlay-type":"","overlay-color":"","overlay-opacity":"","overlay-gradient":""},"tablet":{"background-color":"var(--ast-global-color-5)","background-image":"","background-repeat":"repeat","background-position":"center center","background-size":"auto","background-attachment":"scroll","background-type":"","background-media":"","overlay-type":"","overlay-color":"","overlay-opacity":"","overlay-gradient":""},"mobile":{"background-color":"var(--ast-global-color-5)","background-image":"","background-repeat":"repeat","background-position":"center center","background-size":"auto","background-attachment":"scroll","background-type":"","background-media":"","overlay-type":"","overlay-color":"","overlay-opacity":"","overlay-gradient":""}},"footnotes":""},"class_list":["post-5216","page","type-page","status-publish","hentry"],"acf":[],"_links":{"self":[{"href":"https:\/\/purenatural.eu\/es\/wp-json\/wp\/v2\/pages\/5216","targetHints":{"allow":["GET"]}}],"collection":[{"href":"https:\/\/purenatural.eu\/es\/wp-json\/wp\/v2\/pages"}],"about":[{"href":"https:\/\/purenatural.eu\/es\/wp-json\/wp\/v2\/types\/page"}],"author":[{"embeddable":true,"href":"https:\/\/purenatural.eu\/es\/wp-json\/wp\/v2\/users\/4519"}],"replies":[{"embeddable":true,"href":"https:\/\/purenatural.eu\/es\/wp-json\/wp\/v2\/comments?post=5216"}],"version-history":[{"count":3,"href":"https:\/\/purenatural.eu\/es\/wp-json\/wp\/v2\/pages\/5216\/revisions"}],"predecessor-version":[{"id":24149,"href":"https:\/\/purenatural.eu\/es\/wp-json\/wp\/v2\/pages\/5216\/revisions\/24149"}],"wp:attachment":[{"href":"https:\/\/purenatural.eu\/es\/wp-json\/wp\/v2\/media?parent=5216"}],"curies":[{"name":"wp","href":"https:\/\/api.w.org\/{rel}","templated":true}]}}