{"id":5218,"date":"2022-06-22T10:59:58","date_gmt":"2022-06-22T08:59:58","guid":{"rendered":"https:\/\/purenatural.eu\/politica-de-devoluciones-y-reembolsos\/"},"modified":"2023-06-27T20:06:15","modified_gmt":"2023-06-27T18:06:15","slug":"politica-de-devoluciones-y-reembolsos","status":"publish","type":"page","link":"https:\/\/purenatural.eu\/es\/politica-de-devoluciones-y-reembolsos\/","title":{"rendered":"Pol\u00edtica de devoluciones y reembolsos"},"content":{"rendered":"\t\t<div data-elementor-type=\"wp-page\" data-elementor-id=\"5218\" class=\"elementor elementor-5218 elementor-10\" data-elementor-post-type=\"page\">\n\t\t\t\t\t\t<section class=\"elementor-section elementor-top-section elementor-element elementor-element-504c7125 elementor-section-boxed elementor-section-height-default elementor-section-height-default\" data-id=\"504c7125\" data-element_type=\"section\" data-e-type=\"section\">\n\t\t\t\t\t\t<div class=\"elementor-container elementor-column-gap-default\">\n\t\t\t\t\t<div class=\"elementor-column elementor-col-100 elementor-top-column elementor-element elementor-element-2ef5ec2\" data-id=\"2ef5ec2\" data-element_type=\"column\" data-e-type=\"column\">\n\t\t\t<div class=\"elementor-widget-wrap elementor-element-populated\">\n\t\t\t\t\t\t<div class=\"elementor-element elementor-element-5cbb8c76 elementor-widget elementor-widget-text-editor\" data-id=\"5cbb8c76\" data-element_type=\"widget\" data-e-type=\"widget\" data-widget_type=\"text-editor.default\">\n\t\t\t\t<div class=\"elementor-widget-container\">\n\t\t\t\t\t\t\t\t\t<p><\/p>\n<h2>Confirmaci\u00f3n del pedido<\/h2>\n<p><\/p>\n<p>Le notificaremos por correo electr\u00f3nico lo antes posible para acusar recibo de su pedido y facilitarle un n\u00famero de pedido. Si necesita informaci\u00f3n sobre su pedido, env\u00edenos un correo electr\u00f3nico a:&nbsp;purenatural@antwoordnummer.nu&nbsp;indicando su n\u00famero de pedido.<\/p>\n<p><\/p>\n<h2>Reembolsos y devoluciones<\/h2>\n<p><\/p>\n<p>Debe inspeccionar la mercanc\u00eda cuando la reciba y comprobar que se incluye todo lo especificado en el albar\u00e1n de entrega. Se considerar\u00e1 que ha aceptado el pedido a menos que nos notifique, en un plazo de 14 d\u00edas a partir de la recepci\u00f3n del pedido, que hay alg\u00fan problema. Si no toma dichas medidas, no estamos obligados a aceptar el rechazo de la mercanc\u00eda por su parte en una fecha posterior.<\/p>\n<p><span style=\"font-style: inherit; font-weight: inherit; color: var( --e-global-color-text ); font-family: var( --e-global-typography-text-font-family ), Sans-serif; text-transform: var( --e-global-typography-text-text-transform ); background-color: var( --e-global-color-5ba0249 );\">S\u00f3lo aceptamos devoluciones en un plazo de 14 d\u00edas a partir de la recepci\u00f3n de su pedido cuando los productos son defectuosos o llegan da\u00f1ados y\/o cuando recibe otro producto que no hab\u00eda pedido.<\/span><br><\/p>\n<p>Si los productos est\u00e1n defectuosos o da\u00f1ados, env\u00edanos una foto n\u00edtida en un plazo de 14 d\u00edas a partir de la recepci\u00f3n del pedido a:&nbsp;purenatural@antwoordnummer.nu&nbsp;y determinaremos el nivel de da\u00f1os y abonaremos o sustituiremos el art\u00edculo en consecuencia. Por favor, no se deshaga del producto da\u00f1ado hasta que le hayamos contestado y determinado qu\u00e9 medidas tomar.<\/p>\n<p><span style=\"background-color: var( --e-global-color-5ba0249 ); color: var( --e-global-color-text ); font-family: var( --e-global-typography-text-font-family ), Sans-serif; font-style: inherit; font-weight: inherit; text-transform: var( --e-global-typography-text-text-transform );\">En caso de sustituci\u00f3n, tramitaremos la devoluci\u00f3n de los art\u00edculos sin coste alguno para usted y le volveremos a enviar la sustituci\u00f3n lo antes posible.<\/span><br><\/p>\n<p><span style=\"font-style: inherit; font-weight: inherit; color: var( --e-global-color-text ); font-family: var( --e-global-typography-text-font-family ), Sans-serif; text-transform: var( --e-global-typography-text-text-transform ); background-color: var( --e-global-color-5ba0249 );\">Lamentablemente, no podemos aceptar devoluciones de art\u00edculos que puedan haber provocado una reacci\u00f3n al\u00e9rgica, por lo que debe ser consciente de cualquier sensibilidad o alergia que pueda tener.<\/span><br><\/p>\n<p>No se aceptan devoluciones de muestras ni de productos comprados en rebajas.<\/p>\n<div><span style=\"color: rgb(115, 98, 49); font-family: \"Barlow Semi Condensed\", sans-serif; font-size: 2.23529rem; font-style: inherit; font-weight: inherit; text-transform: var( --e-global-typography-text-text-transform ); background-color: var( --e-global-color-5ba0249 );\"><br>Pedido pendiente<\/span><br><\/div>\n<p><\/p>\n<p>En ocasiones, la gran demanda hace que nos quedemos sin existencias de determinados productos. Si no tenemos en stock el art\u00edculo que ha pedido, se lo notificaremos lo antes posible. Se le preguntar\u00e1 si desea que le enviemos el art\u00edculo cuando lo recibamos, comprar un art\u00edculo similar de igual valor en su lugar o eliminar el art\u00edculo del pedido y obtener un reembolso.<\/p>\n<p><\/p>\n<h2>Anulaci\u00f3n de talleres<\/h2>\n<p><\/p>\n<p>La participaci\u00f3n en un Taller programado s\u00f3lo podr\u00e1 cancelarse por escrito.<\/p><p>Las cancelaciones pueden hacerse enviando un correo electr\u00f3nico a: info@purenatural.eu<\/p><p>Hasta un (1) mes antes de la fecha prevista para el Taller, el Participante podr\u00e1 cancelar su inscripci\u00f3n sin coste alguno.<\/p><p>Hasta dos (2) semanas antes de la fecha prevista para el Taller, el Participante podr\u00e1 cancelar su inscripci\u00f3n, en cuyo caso se le reembolsar\u00e1 la cuota de inscripci\u00f3n, menos 25 euros en concepto de gastos de tramitaci\u00f3n.<\/p><p>Si el Participante cancela su inscripci\u00f3n m\u00e1s de dos (2) semanas antes de la fecha prevista para el Taller, no se reembolsar\u00e1 la cuota de inscripci\u00f3n.<\/p>\n<p><\/p>\n<h2>\u00bfNecesitas ayuda?<\/h2>\n<p><\/p>\n<p>P\u00f3ngase en contacto con nosotros en&nbsp;<a href=\"mailto:purenatural@antwoordnummer.nu\" target=\"_blank\" style=\"font-family: var( --e-global-typography-text-font-family ), Sans-serif; font-size: var( --e-global-typography-text-font-size ); font-style: var( --e-global-typography-text-font-style ); font-weight: var( --e-global-typography-text-font-weight ); text-transform: var( --e-global-typography-text-text-transform ); background-color: rgb(255, 255, 255);\">purenatural@antwoordnummer.nu<\/a><span style=\"font-style: inherit; font-weight: inherit; color: var( --e-global-color-text ); font-family: var( --e-global-typography-text-font-family ), Sans-serif; text-transform: var( --e-global-typography-text-text-transform ); background-color: var( --e-global-color-5ba0249 );\">&nbsp;&nbsp;para cuestiones relacionadas con reembolsos y devoluciones.<\/span><\/p>\n<p><\/p>\t\t\t\t\t\t\t\t<\/div>\n\t\t\t\t<\/div>\n\t\t\t\t\t<\/div>\n\t\t<\/div>\n\t\t\t\t\t<\/div>\n\t\t<\/section>\n\t\t\t\t<\/div>\n\t\t<span class=\"et_bloom_bottom_trigger\"><\/span>","protected":false},"excerpt":{"rendered":"<p>Confirmaci\u00f3n del pedido Le notificaremos por correo electr\u00f3nico lo antes posible para acusar recibo de su pedido y facilitarle un n\u00famero de pedido. Si necesita informaci\u00f3n sobre su pedido, env\u00edenos [&hellip;]<\/p>\n","protected":false},"author":4519,"featured_media":0,"parent":0,"menu_order":114,"comment_status":"closed","ping_status":"closed","template":"","meta":{"_acf_changed":false,"site-sidebar-layout":"default","site-content-layout":"","ast-site-content-layout":"default","site-content-style":"default","site-sidebar-style":"default","ast-global-header-display":"","ast-banner-title-visibility":"","ast-main-header-display":"","ast-hfb-above-header-display":"","ast-hfb-below-header-display":"","ast-hfb-mobile-header-display":"","site-post-title":"","ast-breadcrumbs-content":"","ast-featured-img":"","footer-sml-layout":"","ast-disable-related-posts":"","theme-transparent-header-meta":"","adv-header-id-meta":"","stick-header-meta":"","header-above-stick-meta":"","header-main-stick-meta":"","header-below-stick-meta":"","astra-migrate-meta-layouts":"default","ast-page-background-enabled":"default","ast-page-background-meta":{"desktop":{"background-color":"var(--ast-global-color-4)","background-image":"","background-repeat":"repeat","background-position":"center center","background-size":"auto","background-attachment":"scroll","background-type":"","background-media":"","overlay-type":"","overlay-color":"","overlay-opacity":"","overlay-gradient":""},"tablet":{"background-color":"","background-image":"","background-repeat":"repeat","background-position":"center center","background-size":"auto","background-attachment":"scroll","background-type":"","background-media":"","overlay-type":"","overlay-color":"","overlay-opacity":"","overlay-gradient":""},"mobile":{"background-color":"","background-image":"","background-repeat":"repeat","background-position":"center center","background-size":"auto","background-attachment":"scroll","background-type":"","background-media":"","overlay-type":"","overlay-color":"","overlay-opacity":"","overlay-gradient":""}},"ast-content-background-meta":{"desktop":{"background-color":"var(--ast-global-color-5)","background-image":"","background-repeat":"repeat","background-position":"center center","background-size":"auto","background-attachment":"scroll","background-type":"","background-media":"","overlay-type":"","overlay-color":"","overlay-opacity":"","overlay-gradient":""},"tablet":{"background-color":"var(--ast-global-color-5)","background-image":"","background-repeat":"repeat","background-position":"center center","background-size":"auto","background-attachment":"scroll","background-type":"","background-media":"","overlay-type":"","overlay-color":"","overlay-opacity":"","overlay-gradient":""},"mobile":{"background-color":"var(--ast-global-color-5)","background-image":"","background-repeat":"repeat","background-position":"center center","background-size":"auto","background-attachment":"scroll","background-type":"","background-media":"","overlay-type":"","overlay-color":"","overlay-opacity":"","overlay-gradient":""}},"footnotes":""},"class_list":["post-5218","page","type-page","status-publish","hentry"],"acf":[],"_links":{"self":[{"href":"https:\/\/purenatural.eu\/es\/wp-json\/wp\/v2\/pages\/5218","targetHints":{"allow":["GET"]}}],"collection":[{"href":"https:\/\/purenatural.eu\/es\/wp-json\/wp\/v2\/pages"}],"about":[{"href":"https:\/\/purenatural.eu\/es\/wp-json\/wp\/v2\/types\/page"}],"author":[{"embeddable":true,"href":"https:\/\/purenatural.eu\/es\/wp-json\/wp\/v2\/users\/4519"}],"replies":[{"embeddable":true,"href":"https:\/\/purenatural.eu\/es\/wp-json\/wp\/v2\/comments?post=5218"}],"version-history":[{"count":0,"href":"https:\/\/purenatural.eu\/es\/wp-json\/wp\/v2\/pages\/5218\/revisions"}],"wp:attachment":[{"href":"https:\/\/purenatural.eu\/es\/wp-json\/wp\/v2\/media?parent=5218"}],"curies":[{"name":"wp","href":"https:\/\/api.w.org\/{rel}","templated":true}]}}