{"id":5249,"date":"2022-06-21T19:21:33","date_gmt":"2022-06-21T17:21:33","guid":{"rendered":"https:\/\/purenatural.eu\/venta\/"},"modified":"2023-06-27T20:04:03","modified_gmt":"2023-06-27T18:04:03","slug":"venta","status":"publish","type":"page","link":"https:\/\/purenatural.eu\/es\/venta\/","title":{"rendered":"Venta"},"content":{"rendered":"\t\t<div data-elementor-type=\"wp-page\" data-elementor-id=\"5249\" class=\"elementor elementor-5249 elementor-163\" data-elementor-post-type=\"page\">\n\t\t\t\t\t\t<section class=\"elementor-section elementor-top-section elementor-element elementor-element-3727c721 elementor-section-height-min-height elementor-section-boxed elementor-section-height-default elementor-section-items-middle\" data-id=\"3727c721\" data-element_type=\"section\" data-e-type=\"section\" data-settings=\"{&quot;background_background&quot;:&quot;classic&quot;}\">\n\t\t\t\t\t\t<div class=\"elementor-container elementor-column-gap-no\">\n\t\t\t\t\t<div class=\"elementor-column elementor-col-100 elementor-top-column elementor-element elementor-element-97040eb\" data-id=\"97040eb\" data-element_type=\"column\" data-e-type=\"column\">\n\t\t\t<div class=\"elementor-widget-wrap elementor-element-populated\">\n\t\t\t\t\t\t<div class=\"elementor-element elementor-element-6b322f5a elementor-widget elementor-widget-woocommerce-breadcrumb\" data-id=\"6b322f5a\" data-element_type=\"widget\" data-e-type=\"widget\" data-widget_type=\"woocommerce-breadcrumb.default\">\n\t\t\t\t<div class=\"elementor-widget-container\">\n\t\t\t\t\t<nav class=\"woocommerce-breadcrumb\" aria-label=\"Breadcrumb\">Inicio<\/nav>\t\t\t\t<\/div>\n\t\t\t\t<\/div>\n\t\t\t\t<div class=\"elementor-element elementor-element-44bded3a elementor-widget elementor-widget-heading\" data-id=\"44bded3a\" data-element_type=\"widget\" data-e-type=\"widget\" data-widget_type=\"heading.default\">\n\t\t\t\t<div class=\"elementor-widget-container\">\n\t\t\t\t\t<h1 class=\"elementor-heading-title elementor-size-default\">Venta<\/h1>\t\t\t\t<\/div>\n\t\t\t\t<\/div>\n\t\t\t\t<div class=\"elementor-element elementor-element-2827c537 elementor-widget elementor-widget-text-editor\" data-id=\"2827c537\" data-element_type=\"widget\" data-e-type=\"widget\" data-widget_type=\"text-editor.default\">\n\t\t\t\t<div class=\"elementor-widget-container\">\n\t\t\t\t\t\t\t\t\t<p>Lorem ipsum dolor sit amet, consectet adipiscing elit,sed do eiusm por incididunt ut labore et dolore magna aliqua.  <\/p>\n\t\t\t\t\t\t\t\t<\/div>\n\t\t\t\t<\/div>\n\t\t\t\t\t<\/div>\n\t\t<\/div>\n\t\t\t\t\t<\/div>\n\t\t<\/section>\n\t\t\t\t<section class=\"elementor-section elementor-top-section elementor-element elementor-element-2ca577ca elementor-section-boxed elementor-section-height-default elementor-section-height-default\" data-id=\"2ca577ca\" data-element_type=\"section\" data-e-type=\"section\">\n\t\t\t\t\t\t<div class=\"elementor-container elementor-column-gap-no\">\n\t\t\t\t\t<div class=\"elementor-column elementor-col-100 elementor-top-column elementor-element elementor-element-5da29abf\" data-id=\"5da29abf\" data-element_type=\"column\" data-e-type=\"column\">\n\t\t\t<div class=\"elementor-widget-wrap elementor-element-populated\">\n\t\t\t\t\t\t<div class=\"elementor-element elementor-element-17ca30f2 elementor-widget__width-initial elementor-align-center elementor-widget elementor-widget-lottie\" data-id=\"17ca30f2\" data-element_type=\"widget\" data-e-type=\"widget\" data-settings=\"{&quot;source_json&quot;:{&quot;url&quot;:&quot;https:\\\/\\\/purenatural.eu\\\/wp-content\\\/uploads\\\/2022\\\/06\\\/18110-common-arrow-white2.json&quot;,&quot;id&quot;:115,&quot;size&quot;:&quot;&quot;},&quot;link_to&quot;:&quot;custom&quot;,&quot;custom_link&quot;:{&quot;url&quot;:&quot;#productos&quot;,&quot;is_external&quot;:&quot;&quot;,&quot;nofollow&quot;:&quot;&quot;,&quot;custom_attributes&quot;:&quot;&quot;},&quot;loop&quot;:&quot;yes&quot;,&quot;play_speed&quot;:{&quot;unit&quot;:&quot;px&quot;,&quot;size&quot;:&quot;0.3&quot;,&quot;sizes&quot;:[]},&quot;lazyload&quot;:&quot;yes&quot;,&quot;source&quot;:&quot;media_file&quot;,&quot;caption_source&quot;:&quot;none&quot;,&quot;trigger&quot;:&quot;arriving_to_viewport&quot;,&quot;viewport&quot;:{&quot;unit&quot;:&quot;%&quot;,&quot;size&quot;:&quot;&quot;,&quot;sizes&quot;:{&quot;start&quot;:0,&quot;end&quot;:100}},&quot;start_point&quot;:{&quot;unit&quot;:&quot;%&quot;,&quot;size&quot;:0,&quot;sizes&quot;:[]},&quot;end_point&quot;:{&quot;unit&quot;:&quot;%&quot;,&quot;size&quot;:100,&quot;sizes&quot;:[]},&quot;renderer&quot;:&quot;svg&quot;}\" data-widget_type=\"lottie.default\">\n\t\t\t\t<div class=\"elementor-widget-container\">\n\t\t\t\t\t<a class=\"e-lottie__container__link\" href=\"#productos\"><div class=\"e-lottie__container\"><div class=\"e-lottie__animation\"><\/div><\/div><\/a>\t\t\t\t<\/div>\n\t\t\t\t<\/div>\n\t\t\t\t\t<\/div>\n\t\t<\/div>\n\t\t\t\t\t<\/div>\n\t\t<\/section>\n\t\t\t\t<section class=\"elementor-section elementor-top-section elementor-element elementor-element-968fc65 elementor-section-height-min-height elementor-section-content-middle elementor-section-boxed elementor-section-height-default elementor-section-items-middle\" data-id=\"968fc65\" data-element_type=\"section\" data-e-type=\"section\" data-settings=\"{&quot;background_background&quot;:&quot;classic&quot;}\">\n\t\t\t\t\t\t<div class=\"elementor-container elementor-column-gap-no\">\n\t\t\t\t\t<div class=\"elementor-column elementor-col-100 elementor-top-column elementor-element elementor-element-1f26980\" data-id=\"1f26980\" data-element_type=\"column\" data-e-type=\"column\">\n\t\t\t<div class=\"elementor-widget-wrap elementor-element-populated\">\n\t\t\t\t\t\t<div class=\"elementor-element elementor-element-73f6f8d2 elementor-grid-3 elementor-grid-tablet-2 elementor-grid-mobile-1 elementor-products-grid elementor-wc-products elementor-show-pagination-border-yes elementor-widget elementor-widget-woocommerce-products\" data-id=\"73f6f8d2\" data-element_type=\"widget\" data-e-type=\"widget\" data-widget_type=\"woocommerce-products.default\">\n\t\t\t\t<div class=\"elementor-widget-container\">\n\t\t\t\t\t<div class=\"woocommerce columns-3 \"><div class=\"woocommerce-notices-wrapper\"><\/div><p class=\"woocommerce-result-count\" role=\"alert\" aria-relevant=\"all\" >\n\tMostrando los 3 resultados<\/p>\n<ul class=\"products elementor-grid columns-3\">\n<li class=\"desktop-align-left tablet-align-left mobile-align-left ast-product-gallery-layout-horizontal-slider ast-product-tabs-layout-horizontal product type-product post-8141 status-publish first outofstock product_cat-impulsores-de-ventas product_cat-aceites product_cat-caida-y-debilitamiento-del-cabello product_cat-caspa product_cat-cuidado-del-cabello product_cat-encanecimiento-prematuro product_cat-equilibrio-pitta product_cat-equilibrio-vata product_cat-juicy-chemistry product_cat-sequedad-y-danos has-post-thumbnail sale taxable shipping-taxable purchasable product-type-simple\">\n\t<a href=\"https:\/\/purenatural.eu\/es\/producto\/hibiscus-amla-bhringaraj-aceite-cabello-organico-para-pelo-pre-maduro-canoso-danado-100-ml\/\" class=\"woocommerce-LoopProduct-link woocommerce-loop-product__link\">\n\t<span  class=\"onsale circle\" data-sale=\"[]\" data-notification=\"default\">\u00a1Oferta!<\/span>\n\t<img fetchpriority=\"high\" decoding=\"async\" width=\"300\" height=\"300\" src=\"https:\/\/purenatural.eu\/wp-content\/uploads\/2022\/11\/hibiscus-oil-box-white--300x300.jpg\" class=\"attachment-woocommerce_thumbnail size-woocommerce_thumbnail\" alt=\"Aceite capilar org\u00e1nico de hibisco, amla y bhringaraj para cabello pre-maduro canoso y da\u00f1ado 100 ml\" srcset=\"https:\/\/purenatural.eu\/wp-content\/uploads\/2022\/11\/hibiscus-oil-box-white--300x300.jpg 300w, https:\/\/purenatural.eu\/wp-content\/uploads\/2022\/11\/hibiscus-oil-box-white--1024x1024.jpg 1024w, https:\/\/purenatural.eu\/wp-content\/uploads\/2022\/11\/hibiscus-oil-box-white--150x150.jpg 150w, https:\/\/purenatural.eu\/wp-content\/uploads\/2022\/11\/hibiscus-oil-box-white--768x768.jpg 768w, https:\/\/purenatural.eu\/wp-content\/uploads\/2022\/11\/hibiscus-oil-box-white--610x610.jpg 610w, https:\/\/purenatural.eu\/wp-content\/uploads\/2022\/11\/hibiscus-oil-box-white--600x600.jpg 600w, https:\/\/purenatural.eu\/wp-content\/uploads\/2022\/11\/hibiscus-oil-box-white--100x100.jpg 100w, https:\/\/purenatural.eu\/wp-content\/uploads\/2022\/11\/hibiscus-oil-box-white-.jpg 1080w\" sizes=\"(max-width: 300px) 100vw, 300px\" title=\"\"><h2 class=\"woocommerce-loop-product__title\">Aceite capilar org\u00e1nico de hibisco, amla y bhringaraj para cabello pre-maduro canoso y da\u00f1ado 100 ml<\/h2>\n\t<span class=\"price\"><span class=\"woocommerce-Price-amount amount\"><bdi><span class=\"woocommerce-Price-currencySymbol\">&euro;<\/span>&nbsp;27,37<\/bdi><\/span> (Incl Tax)<\/span>\n<\/a><a href=\"https:\/\/purenatural.eu\/es\/producto\/hibiscus-amla-bhringaraj-aceite-cabello-organico-para-pelo-pre-maduro-canoso-danado-100-ml\/\" aria-describedby=\"woocommerce_loop_add_to_cart_link_describedby_8141\" data-quantity=\"1\" class=\"button product_type_simple \" data-product_id=\"8141\" data-product_sku=\"JC0712\" aria-label=\"Lee m\u00e1s sobre &ldquo;Aceite capilar org\u00e1nico de hibisco, amla y bhringaraj para cabello pre-maduro canoso y da\u00f1ado 100 ml&rdquo;\" rel=\"nofollow\" data-success_message=\"\">Leer m\u00e1s<\/a>\t<span id=\"woocommerce_loop_add_to_cart_link_describedby_8141\" class=\"screen-reader-text\">\n\t\t\t<\/span>\n<\/li>\n<li class=\"desktop-align-left tablet-align-left mobile-align-left ast-product-gallery-layout-horizontal-slider ast-product-tabs-layout-horizontal product type-product post-8217 status-publish outofstock product_cat-impulsores-de-ventas product_cat-cuidado-corporal product_cat-juicy-chemistry has-post-thumbnail sale taxable shipping-taxable purchasable product-type-simple\">\n\t<a href=\"https:\/\/purenatural.eu\/es\/producto\/grapefruit-patchouli-organic-deodorant-stick-70gr\/\" class=\"woocommerce-LoopProduct-link woocommerce-loop-product__link\">\n\t<span  class=\"onsale circle\" data-sale=\"[]\" data-notification=\"default\">\u00a1Oferta!<\/span>\n\t<img decoding=\"async\" width=\"300\" height=\"300\" src=\"https:\/\/purenatural.eu\/wp-content\/uploads\/2022\/11\/grapefruit-deo-certified-organic-scaled-300x300.jpg\" class=\"attachment-woocommerce_thumbnail size-woocommerce_thumbnail\" alt=\"Desodorante en barra bio pomelo y menta -70gr\" srcset=\"https:\/\/purenatural.eu\/wp-content\/uploads\/2022\/11\/grapefruit-deo-certified-organic-300x300.jpg 300w, https:\/\/purenatural.eu\/wp-content\/uploads\/2022\/11\/grapefruit-deo-certified-organic-scaled-100x100.jpg 100w, https:\/\/purenatural.eu\/wp-content\/uploads\/2022\/11\/grapefruit-deo-certified-organic-scaled-600x600.jpg 600w, https:\/\/purenatural.eu\/wp-content\/uploads\/2022\/11\/grapefruit-deo-certified-organic-1024x1024.jpg 1024w, https:\/\/purenatural.eu\/wp-content\/uploads\/2022\/11\/grapefruit-deo-certified-organic-150x150.jpg 150w, https:\/\/purenatural.eu\/wp-content\/uploads\/2022\/11\/grapefruit-deo-certified-organic-768x768.jpg 768w, https:\/\/purenatural.eu\/wp-content\/uploads\/2022\/11\/grapefruit-deo-certified-organic-1536x1536.jpg 1536w\" sizes=\"(max-width: 300px) 100vw, 300px\" title=\"\"><h2 class=\"woocommerce-loop-product__title\">Desodorante en barra bio pomelo y menta -70gr<\/h2>\n\t<span class=\"price\"><span class=\"woocommerce-Price-amount amount\"><bdi><span class=\"woocommerce-Price-currencySymbol\">&euro;<\/span>&nbsp;16,00<\/bdi><\/span> (Incl Tax)<\/span>\n<\/a><a href=\"https:\/\/purenatural.eu\/es\/producto\/grapefruit-patchouli-organic-deodorant-stick-70gr\/\" aria-describedby=\"woocommerce_loop_add_to_cart_link_describedby_8217\" data-quantity=\"1\" class=\"button product_type_simple \" data-product_id=\"8217\" data-product_sku=\"JC0301\" aria-label=\"Lee m\u00e1s sobre &ldquo;Desodorante en barra bio pomelo y menta -70gr&rdquo;\" rel=\"nofollow\" data-success_message=\"\">Leer m\u00e1s<\/a>\t<span id=\"woocommerce_loop_add_to_cart_link_describedby_8217\" class=\"screen-reader-text\">\n\t\t\t<\/span>\n<\/li>\n<li class=\"desktop-align-left tablet-align-left mobile-align-left ast-product-gallery-layout-horizontal-slider ast-product-tabs-layout-horizontal product type-product post-8244 status-publish last outofstock product_cat-impulsores-de-ventas product_cat-cuidado-corporal product_cat-juicy-chemistry has-post-thumbnail sale taxable shipping-taxable purchasable product-type-simple\">\n\t<a href=\"https:\/\/purenatural.eu\/es\/producto\/blood-orange-geranium-organic-deodorant-stick-70gr\/\" class=\"woocommerce-LoopProduct-link woocommerce-loop-product__link\">\n\t<span  class=\"onsale circle\" data-sale=\"[]\" data-notification=\"default\">\u00a1Oferta!<\/span>\n\t<img decoding=\"async\" width=\"300\" height=\"300\" src=\"https:\/\/purenatural.eu\/wp-content\/uploads\/2022\/11\/orange-deo-box-white-300x300.jpg\" class=\"attachment-woocommerce_thumbnail size-woocommerce_thumbnail\" alt=\"Desodorante en barra BIO Naranja sanguina y geranio - 70gr\" srcset=\"https:\/\/purenatural.eu\/wp-content\/uploads\/2022\/11\/orange-deo-box-white-300x300.jpg 300w, https:\/\/purenatural.eu\/wp-content\/uploads\/2022\/11\/orange-deo-box-white-1024x1024.jpg 1024w, https:\/\/purenatural.eu\/wp-content\/uploads\/2022\/11\/orange-deo-box-white-150x150.jpg 150w, https:\/\/purenatural.eu\/wp-content\/uploads\/2022\/11\/orange-deo-box-white-768x768.jpg 768w, https:\/\/purenatural.eu\/wp-content\/uploads\/2022\/11\/orange-deo-box-white-1536x1536.jpg 1536w, https:\/\/purenatural.eu\/wp-content\/uploads\/2022\/11\/orange-deo-box-white-2048x2048.jpg 2048w, https:\/\/purenatural.eu\/wp-content\/uploads\/2022\/11\/orange-deo-box-white-1080x1080.jpg 1080w, https:\/\/purenatural.eu\/wp-content\/uploads\/2022\/11\/orange-deo-box-white-610x610.jpg 610w, https:\/\/purenatural.eu\/wp-content\/uploads\/2022\/11\/orange-deo-box-white-600x600.jpg 600w, https:\/\/purenatural.eu\/wp-content\/uploads\/2022\/11\/orange-deo-box-white-100x100.jpg 100w\" sizes=\"(max-width: 300px) 100vw, 300px\" title=\"\"><h2 class=\"woocommerce-loop-product__title\">Desodorante en barra BIO Naranja sanguina y geranio &#8211; 70gr<\/h2>\n\t<span class=\"price\"><span class=\"woocommerce-Price-amount amount\"><bdi><span class=\"woocommerce-Price-currencySymbol\">&euro;<\/span>&nbsp;15,50<\/bdi><\/span> (Incl Tax)<\/span>\n<\/a><a href=\"https:\/\/purenatural.eu\/es\/producto\/blood-orange-geranium-organic-deodorant-stick-70gr\/\" aria-describedby=\"woocommerce_loop_add_to_cart_link_describedby_8244\" data-quantity=\"1\" class=\"button product_type_simple \" data-product_id=\"8244\" data-product_sku=\"JC0302\" aria-label=\"Lee m\u00e1s sobre &ldquo;Desodorante en barra BIO Naranja sanguina y geranio - 70gr&rdquo;\" rel=\"nofollow\" data-success_message=\"\">Leer m\u00e1s<\/a>\t<span id=\"woocommerce_loop_add_to_cart_link_describedby_8244\" class=\"screen-reader-text\">\n\t\t\t<\/span>\n<\/li>\n<\/ul>\n<\/div>\t\t\t\t<\/div>\n\t\t\t\t<\/div>\n\t\t\t\t\t<\/div>\n\t\t<\/div>\n\t\t\t\t\t<\/div>\n\t\t<\/section>\n\t\t\t\t<\/div>\n\t\t<span class=\"et_bloom_bottom_trigger\"><\/span>","protected":false},"excerpt":{"rendered":"<p>Lorem ipsum dolor sit amet, consectet adipiscing elit,sed do eiusm por incididunt ut labore et dolore magna aliqua.<\/p>\n","protected":false},"author":4519,"featured_media":0,"parent":0,"menu_order":123,"comment_status":"closed","ping_status":"closed","template":"elementor_header_footer","meta":{"_acf_changed":false,"site-sidebar-layout":"default","site-content-layout":"","ast-site-content-layout":"default","site-content-style":"default","site-sidebar-style":"default","ast-global-header-display":"","ast-banner-title-visibility":"","ast-main-header-display":"","ast-hfb-above-header-display":"","ast-hfb-below-header-display":"","ast-hfb-mobile-header-display":"","site-post-title":"","ast-breadcrumbs-content":"","ast-featured-img":"","footer-sml-layout":"","ast-disable-related-posts":"","theme-transparent-header-meta":"","adv-header-id-meta":"","stick-header-meta":"","header-above-stick-meta":"","header-main-stick-meta":"","header-below-stick-meta":"","astra-migrate-meta-layouts":"default","ast-page-background-enabled":"default","ast-page-background-meta":{"desktop":{"background-color":"var(--ast-global-color-4)","background-image":"","background-repeat":"repeat","background-position":"center center","background-size":"auto","background-attachment":"scroll","background-type":"","background-media":"","overlay-type":"","overlay-color":"","overlay-opacity":"","overlay-gradient":""},"tablet":{"background-color":"","background-image":"","background-repeat":"repeat","background-position":"center center","background-size":"auto","background-attachment":"scroll","background-type":"","background-media":"","overlay-type":"","overlay-color":"","overlay-opacity":"","overlay-gradient":""},"mobile":{"background-color":"","background-image":"","background-repeat":"repeat","background-position":"center center","background-size":"auto","background-attachment":"scroll","background-type":"","background-media":"","overlay-type":"","overlay-color":"","overlay-opacity":"","overlay-gradient":""}},"ast-content-background-meta":{"desktop":{"background-color":"var(--ast-global-color-5)","background-image":"","background-repeat":"repeat","background-position":"center center","background-size":"auto","background-attachment":"scroll","background-type":"","background-media":"","overlay-type":"","overlay-color":"","overlay-opacity":"","overlay-gradient":""},"tablet":{"background-color":"var(--ast-global-color-5)","background-image":"","background-repeat":"repeat","background-position":"center center","background-size":"auto","background-attachment":"scroll","background-type":"","background-media":"","overlay-type":"","overlay-color":"","overlay-opacity":"","overlay-gradient":""},"mobile":{"background-color":"var(--ast-global-color-5)","background-image":"","background-repeat":"repeat","background-position":"center center","background-size":"auto","background-attachment":"scroll","background-type":"","background-media":"","overlay-type":"","overlay-color":"","overlay-opacity":"","overlay-gradient":""}},"footnotes":""},"class_list":["post-5249","page","type-page","status-publish","hentry"],"acf":[],"_links":{"self":[{"href":"https:\/\/purenatural.eu\/es\/wp-json\/wp\/v2\/pages\/5249","targetHints":{"allow":["GET"]}}],"collection":[{"href":"https:\/\/purenatural.eu\/es\/wp-json\/wp\/v2\/pages"}],"about":[{"href":"https:\/\/purenatural.eu\/es\/wp-json\/wp\/v2\/types\/page"}],"author":[{"embeddable":true,"href":"https:\/\/purenatural.eu\/es\/wp-json\/wp\/v2\/users\/4519"}],"replies":[{"embeddable":true,"href":"https:\/\/purenatural.eu\/es\/wp-json\/wp\/v2\/comments?post=5249"}],"version-history":[{"count":0,"href":"https:\/\/purenatural.eu\/es\/wp-json\/wp\/v2\/pages\/5249\/revisions"}],"wp:attachment":[{"href":"https:\/\/purenatural.eu\/es\/wp-json\/wp\/v2\/media?parent=5249"}],"curies":[{"name":"wp","href":"https:\/\/api.w.org\/{rel}","templated":true}]}}