{"id":5264,"date":"2022-08-31T10:45:13","date_gmt":"2022-08-31T08:45:13","guid":{"rendered":"https:\/\/purenatural.eu\/pagina-de-registro-de-mayoristas\/"},"modified":"2023-06-27T20:06:07","modified_gmt":"2023-06-27T18:06:07","slug":"pagina-de-registro-de-mayoristas","status":"publish","type":"page","link":"https:\/\/purenatural.eu\/es\/pagina-de-registro-de-mayoristas\/","title":{"rendered":"P\u00e1gina de registro de mayoristas"},"content":{"rendered":"\n<div class=\"wp-block-columns is-layout-flex wp-container-core-columns-is-layout-28f84493 wp-block-columns-is-layout-flex\">\n<div class=\"wp-block-column wholesale-registration-content is-layout-flow wp-block-column-is-layout-flow\">\n<h1 class=\"wp-block-heading\">Crear una cuenta profesional<\/h1>\n\n\n\n<p>Gracias por su inter\u00e9s en PureNatural.eu para profesionales. Rellene el siguiente formulario y nos pondremos en contacto con usted lo antes posible. Recuerde que \u00e9ste ser\u00e1 su inicio de sesi\u00f3n en su cuenta profesional una vez que lo autoricemos.<\/p>\n\n\n\t\t\t<style type=\"text\/css\">\n\t\t\t.wholesale-registration-content { border: thin solid #E8E7E1; padding: 30px 30px; margin-bottom: 40px !important; } .wwp_wholesaler_registration_form .form-row label { font-weight: bold; } .wwp_wholesaler_registration_form .form-row input:not([type=button]):not([type=submit]) { background: #fff; border: 1px solid #c2c2c2 !important; height: 32px; line-height: 1.42857143; padding: 0 9px; vertical-align: baseline; width: 100%; box-sizing: border-box; } .wwp_wholesaler_registration_form .required { color: #e02b27; margin-left: 5px } .wwp_wholesaler_registration_form .woocomerce-FormRow input[type=submit] { background: #979077!important; border: 2px solid #979077 !important; color: #FFFFFF !important; cursor: pointer; display: inline-block; font-size: 1em!important; font-weight: 700!important; letter-spacing: 0.2em!important; line-height: 1em; outline: none; padding: 1em 0.7em; text-align: center; text-transform: uppercase; width: 100%; } .wwp_wholesaler_registration_form .form-row .woocommerce-link { text-decoration: none; display: block; margin-top: 20px; color: #d19636; text-align: center; width: 100%; } @media screen and (min-width: 768px) { .wwp_wholesaler_registration h2, .wwp_wholesaler_registration_form .woocomerce-FormRow { margin-left: 25.8%; } .wwp_wholesaler_registration_form .form-row input:not([type=button]):not([type=submit]) { width: 74.2%; } .wwp_wholesaler_registration_form .form-row label { padding: 6px 15px 0 0; text-align: right; width: 25.8%; box-sizing: border-box; float: left; } .wwp_wholesaler_registration_form .woocomerce-FormRow input[type=submit] { width: auto; } .wwp_wholesaler_registration_form .form-row .woocommerce-link { float: right; margin-top: 10px; display: inline; width: auto; } }\t\t\t<\/style>\n\t\t\t        <div class=\"wwp_wholesaler_registration\">\n            <h2 class=\"wholesaler-registration\">Personal Information<\/h2>\n            <form method=\"post\" class=\"wwp_wholesaler_registration_form\" action=\"\" enctype=\"multipart\/form-data\">\n\n                <input type=\"hidden\" id=\"wwp_wholesale_registrattion_nonce\" name=\"wwp_wholesale_registrattion_nonce\" value=\"90bf4357e1\" \/><input type=\"hidden\" name=\"_wp_http_referer\" value=\"\/es\/wp-json\/wp\/v2\/pages\/5264\" \/>                                    <p class=\" woocommerce-form-row woocommerce-form-row--wide form-row form-row-wide wwp_form_css_row \">\n                    <label for=\"wwp_wholesaler_fname\"> First Name <span class=\"required\">*<\/span><\/label>\n                    <input type=\"text\" name=\"wwp_wholesaler_fname\" id=\"wwp_wholesaler_fname\" value=\"\" required>\n                    <\/p>\n\n                                    <p class=\" woocommerce-form-row woocommerce-form-row--wide form-row form-row-wide wwp_form_css_row \">\n                    <label for=\"wwp_wholesaler_lname\">Last Name <span class=\"required\">*<\/span><\/label>\n                    <input type=\"text\" name=\"wwp_wholesaler_lname\" id=\"wwp_wholesaler_lname\" value=\"\" required>\n                    <\/p>\n\n                                \n                                    <h2>Company Information <\/h2>\n                    <p class=\"woocommerce-form-row wwp_form_css_row form-row\">\n                    <label for=\"text-1661942594314\" class=\"formbuilder-text-label\"><span>Company Website<\/span><\/label>\n                        <input type=\"text\" class=\"form-control\" name=\"text-1661942594314\" maxlength=\"100\" id=\"text-1661942594314\" aria-required=\"true\">\n                    <\/p>\n                                            <p class=\" woocommerce-form-row woocommerce-form-row--wide form-row form-row-wide wwp_form_css_row \">\n                            <label for=\"wwp_wholesaler_company\">Company<\/label>\n                            <input type=\"text\" name=\"wwp_wholesaler_company\" id=\"wwp_wholesaler_company\" value=\"\">\n                        <\/p>\n\n                                                <p class=\" woocommerce-form-row woocommerce-form-row--wide form-row form-row-wide wwp_form_css_row \">\n                        <label for=\"wwp_wholesaler_phone\">Phone Number <span class=\"required\">*<\/span><\/label>\n                        <input type=\"text\" name=\"wwp_wholesaler_phone\" id=\"wwp_wholesaler_phone\" value=\"\"  required>\n                        <\/p>\n\n                                                <p class=\" woocommerce-form-row woocommerce-form-row--wide form-row form-row-wide wwp_form_css_row \">\n                            <label for=\"wwp_wholesaler_address_line_1\">Street Address <span class=\"required\">*<\/span><\/label>\n                            <input type=\"text\" name=\"wwp_wholesaler_address_line_1\" id=\"wwp_wholesaler_address_line_1\" value=\"\" required>\n                        <\/p>\n\n                                            <p class=\" woocommerce-form-row woocommerce-form-row--wide form-row form-row-wide wwp_form_css_row \">\n                    <\/p>\n                                            <p class=\" woocommerce-form-row woocommerce-form-row--wide form-row form-row-wide wwp_form_css_row \">\n                            <label for=\"wwp_wholesaler_city\">City<span class=\"required\">*<\/span><\/label>\n                            <input type=\"text\" name=\"wwp_wholesaler_city\" id=\"wwp_wholesaler_city\" value=\"\" required>\n                        <\/p>\n\n                                                <p class=\" woocommerce-form-row woocommerce-form-row--wide form-row form-row-wide wwp_form_css_row \">\n                        <p class=\"form-row chzn-drop\" id=\"billing_state_field\" data-priority=\"\"><label for=\"billing_state\" class=\"\">State\/Province&nbsp;<span class=\"optional\">(opcional)<\/span><\/label><span class=\"woocommerce-input-wrapper\"><input type=\"text\" class=\"input-text \" value=\"\"  placeholder=\"\" name=\"billing_state\" id=\"billing_state\"  data-input-classes=\"\"\/><\/span><\/p>                        <\/p>\n\n                                                <p class=\" woocommerce-form-row woocommerce-form-row--wide form-row form-row-wide wwp_form_css_row \">\n                            <label for=\"wwp_wholesaler_post_code\">Zip\/Postal Code<\/label>\n                            <input type=\"text\" name=\"wwp_wholesaler_post_code\" id=\"wwp_wholesaler_post_code\" value=\"\">\n                        <\/p>\n\n                                            <div class=\"parent\">\n                                            <p class=\" woocommerce-form-row woocommerce-form-row--wide form-row form-row-wide wwp_form_css_row \">\n                        <p class=\"form-row chzn-drop\" id=\"billing_country_field\" data-priority=\"\"><label for=\"billing_country\" class=\"\">Countries&nbsp;<span class=\"optional\">(opcional)<\/span><\/label><span class=\"woocommerce-input-wrapper\"><select name=\"billing_country\" id=\"billing_country\" class=\"country_to_state country_select \"  data-placeholder=\"Selecciona un pa\u00eds\/regi\u00f3n&hellip;\" data-label=\"Countries\"><option value=\"\">Selecciona un pa\u00eds\/regi\u00f3n&hellip;<\/option><option value=\"AF\" >Afganist\u00e1n<\/option><option value=\"AL\" >Albania<\/option><option value=\"DE\" >Alemania<\/option><option value=\"AD\" >Andorra<\/option><option value=\"AO\" >Angola<\/option><option value=\"AI\" >Anguila<\/option><option value=\"AQ\" >Ant\u00e1rtida<\/option><option value=\"AG\" >Antigua y Barbuda<\/option><option value=\"SA\" >Arabia Saudita<\/option><option value=\"DZ\" >Argelia<\/option><option value=\"AR\" >Argentina<\/option><option value=\"AM\" >Armenia<\/option><option value=\"AW\" >Aruba<\/option><option value=\"AU\" >Australia<\/option><option value=\"AT\" >Austria<\/option><option value=\"AZ\" >Azerbaijan<\/option><option value=\"BS\" >Bahamas<\/option><option value=\"BH\" >Bahrain<\/option><option value=\"BD\" >Bangladesh<\/option><option value=\"BB\" >Barbados<\/option><option value=\"PW\" >Belau<\/option><option value=\"BE\" >B\u00e9lgica<\/option><option value=\"BZ\" >Belize<\/option><option value=\"BJ\" >Benin<\/option><option value=\"BM\" >Bermuda<\/option><option value=\"BT\" >Bhutan<\/option><option value=\"BY\" >Bielorrusia<\/option><option value=\"MM\" >Birmania<\/option><option value=\"BO\" >Bolivia<\/option><option value=\"BQ\" >Bonaire, San Eustaquio y Saba<\/option><option value=\"BA\" >Bosnia y Herzegovina<\/option><option value=\"BW\" >Botswana<\/option><option value=\"BR\" >Brasil<\/option><option value=\"BN\" >Brun\u00e9i<\/option><option value=\"BG\" >Bulgaria<\/option><option value=\"BF\" >Burkina Faso<\/option><option value=\"BI\" >Burundi<\/option><option value=\"CV\" >Cabo Verde<\/option><option value=\"KH\" >Camboya<\/option><option value=\"CM\" >Camer\u00fan<\/option><option value=\"CA\" >Canad\u00e1<\/option><option value=\"TD\" >Chad<\/option><option value=\"CL\" >Chile<\/option><option value=\"CN\" >China<\/option><option value=\"CY\" >Chipre<\/option><option value=\"VA\" >Ciudad del Vaticano<\/option><option value=\"CO\" >Colombia<\/option><option value=\"KM\" >Comoras<\/option><option value=\"CG\" >Congo (Brazzaville)<\/option><option value=\"CD\" >Congo (Kinshasa)<\/option><option value=\"KP\" >Corea del Norte<\/option><option value=\"KR\" >Corea del Sur<\/option><option value=\"CI\" >Costa de Marfil<\/option><option value=\"CR\" >Costa Rica<\/option><option value=\"HR\" >Croacia<\/option><option value=\"CU\" >Cuba<\/option><option value=\"CW\" >Cura&ccedil;ao<\/option><option value=\"DK\" >Dinamarca<\/option><option value=\"DJ\" >Djibouti<\/option><option value=\"DM\" >Dominica<\/option><option value=\"EC\" >Ecuador<\/option><option value=\"EG\" >Egipto<\/option><option value=\"SV\" >El Salvador<\/option><option value=\"AE\" >Emiratos \u00c1rabes Unidos<\/option><option value=\"ER\" >Eritrea<\/option><option value=\"SK\" >Eslovaquia<\/option><option value=\"SI\" >Eslovenia<\/option><option value=\"ES\" >Espa\u00f1a<\/option><option value=\"US\" >Estados Unidos (EEUU)<\/option><option value=\"EE\" >Estonia<\/option><option value=\"SZ\" >Esuatini<\/option><option value=\"ET\" >Etiop\u00eda<\/option><option value=\"PH\" >Filipinas<\/option><option value=\"FI\" >Finlandia<\/option><option value=\"FJ\" >Fiyi<\/option><option value=\"FR\" >Francia<\/option><option value=\"GA\" >Gab\u00f3n<\/option><option value=\"GM\" >Gambia<\/option><option value=\"GE\" >Georgia<\/option><option value=\"GH\" >Ghana<\/option><option value=\"GI\" >Gibraltar<\/option><option value=\"GD\" >Granada<\/option><option value=\"GR\" >Grecia<\/option><option value=\"GL\" >Groenlandia<\/option><option value=\"GP\" >Guadalupe<\/option><option value=\"GU\" >Guam<\/option><option value=\"GT\" >Guatemala<\/option><option value=\"GF\" >Guayana Francesa<\/option><option value=\"GG\" >Guernsey<\/option><option value=\"GN\" >Guinea<\/option><option value=\"GQ\" >Guinea Ecuatorial<\/option><option value=\"GW\" >Guinea-Bis\u00e1u<\/option><option value=\"GY\" >Guyana<\/option><option value=\"HT\" >Hait\u00ed<\/option><option value=\"HN\" >Honduras<\/option><option value=\"HK\" >Hong Kong<\/option><option value=\"HU\" >Hungr\u00eda<\/option><option value=\"IN\" >India<\/option><option value=\"ID\" >Indonesia<\/option><option value=\"IQ\" >Irak<\/option><option value=\"IR\" >Ir\u00e1n<\/option><option value=\"IE\" >Irlanda<\/option><option value=\"BV\" >Isla Bouvet<\/option><option value=\"IM\" >Isla de Man<\/option><option value=\"CX\" >Isla de Navidad<\/option><option value=\"NF\" >Isla Norfolk<\/option><option value=\"SH\" >Isla Santa Elena<\/option><option value=\"IS\" >Islandia<\/option><option value=\"AX\" >Islas \u00c5land<\/option><option value=\"KY\" >Islas Caim\u00e1n<\/option><option value=\"CC\" >Islas Cocos<\/option><option value=\"CK\" >Islas Cook<\/option><option value=\"UM\" >Islas de ultramar menores de Estados Unidos (EEUU)<\/option><option value=\"FO\" >Islas Feroe<\/option><option value=\"GS\" >Islas Georgias y Sandwich del Sur<\/option><option value=\"HM\" >Islas Heard y McDonald<\/option><option value=\"FK\" >Islas Malvinas<\/option><option value=\"MP\" >Islas Marianas del Norte<\/option><option value=\"MH\" >Islas Marshall<\/option><option value=\"SB\" >Islas Salom\u00f3n<\/option><option value=\"TC\" >Islas Turcas y Caicos<\/option><option value=\"VG\" >Islas V\u00edrgenes (Brit\u00e1nicas)<\/option><option value=\"VI\" >Islas V\u00edrgenes (EEUU)<\/option><option value=\"IL\" >Israel<\/option><option value=\"IT\" >Italia<\/option><option value=\"JM\" >Jamaica<\/option><option value=\"JP\" >Jap\u00f3n<\/option><option value=\"JE\" >Jersey<\/option><option value=\"JO\" >Jordania<\/option><option value=\"KZ\" >Kazajist\u00e1n<\/option><option value=\"KE\" >Kenia<\/option><option value=\"KG\" >Kirguist\u00e1n<\/option><option value=\"KI\" >Kiribati<\/option><option value=\"XK\" >Kosovo<\/option><option value=\"KW\" >Kuwait<\/option><option value=\"LA\" >Laos<\/option><option value=\"LS\" >Lesoto<\/option><option value=\"LV\" >Letonia<\/option><option value=\"LB\" >L\u00edbano<\/option><option value=\"LR\" >Liberia<\/option><option value=\"LY\" >Libia<\/option><option value=\"LI\" >Liechtenstein<\/option><option value=\"LT\" >Lituania<\/option><option value=\"LU\" >Luxemburgo<\/option><option value=\"MO\" >Macao<\/option><option value=\"MK\" >Macedonia del Norte<\/option><option value=\"MG\" >Madagascar<\/option><option value=\"MY\" >Malasia<\/option><option value=\"MW\" >Malaui<\/option><option value=\"MV\" >Maldivas<\/option><option value=\"ML\" >Mal\u00ed<\/option><option value=\"MT\" >Malta<\/option><option value=\"MA\" >Marruecos<\/option><option value=\"MQ\" >Martinica<\/option><option value=\"MU\" >Mauricio<\/option><option value=\"MR\" >Mauritania<\/option><option value=\"YT\" >Mayotte<\/option><option value=\"MX\" >M\u00e9xico<\/option><option value=\"FM\" >Micronesia<\/option><option value=\"MD\" >Moldavia<\/option><option value=\"MC\" >M\u00f3naco<\/option><option value=\"MN\" >Mongolia<\/option><option value=\"ME\" >Montenegro<\/option><option value=\"MS\" >Montserrat<\/option><option value=\"MZ\" >Mozambique<\/option><option value=\"NA\" >Namibia<\/option><option value=\"NR\" >Nauru<\/option><option value=\"NP\" >Nepal<\/option><option value=\"NI\" >Nicaragua<\/option><option value=\"NE\" >N\u00edger<\/option><option value=\"NG\" >Nigeria<\/option><option value=\"NU\" >Niue<\/option><option value=\"NO\" >Noruega<\/option><option value=\"NC\" >Nueva Caledonia<\/option><option value=\"NZ\" >Nueva Zelanda<\/option><option value=\"OM\" >Om\u00e1n<\/option><option value=\"NL\"  selected='selected'>Pa\u00edses Bajos<\/option><option value=\"PK\" >Pakist\u00e1n<\/option><option value=\"PA\" >Panam\u00e1<\/option><option value=\"PG\" >Pap\u00faa Nueva Guinea<\/option><option value=\"PY\" >Paraguay<\/option><option value=\"PE\" >Per\u00fa<\/option><option value=\"PN\" >Pitcairn<\/option><option value=\"PF\" >Polinesia Francesa<\/option><option value=\"PL\" >Polonia<\/option><option value=\"PT\" >Portugal<\/option><option value=\"PR\" >Puerto Rico<\/option><option value=\"QA\" >Qatar<\/option><option value=\"GB\" >Reino Unido (UK)<\/option><option value=\"CF\" >Rep\u00fablica Centroafricana<\/option><option value=\"CZ\" >Rep\u00fablica Checa<\/option><option value=\"DO\" >Rep\u00fablica Dominicana<\/option><option value=\"RE\" >Reuni\u00f3n<\/option><option value=\"RW\" >Ruanda<\/option><option value=\"RO\" >Rumania<\/option><option value=\"RU\" >Rusia<\/option><option value=\"EH\" >Sahara Occidental<\/option><option value=\"WS\" >Samoa<\/option><option value=\"AS\" >Samoa Americana<\/option><option value=\"BL\" >San Bartolom\u00e9<\/option><option value=\"KN\" >San Crist\u00f3bal y Nieves<\/option><option value=\"SM\" >San Marino<\/option><option value=\"SX\" >San Mart\u00edn (Pa\u00edses Bajos)<\/option><option value=\"MF\" >San Mart\u00edn (parte de Francia)<\/option><option value=\"PM\" >San Pedro y Miquel\u00f3n<\/option><option value=\"VC\" >San Vicente y las Granadinas<\/option><option value=\"LC\" >Santa Luc\u00eda<\/option><option value=\"ST\" >Santo Tom\u00e9 y Pr\u00edncipe<\/option><option value=\"SN\" >Senegal<\/option><option value=\"RS\" >Serbia<\/option><option value=\"SC\" >Seychelles<\/option><option value=\"SL\" >Sierra Leona<\/option><option value=\"SG\" >Singapur<\/option><option value=\"SY\" >Siria<\/option><option value=\"SO\" >Somalia<\/option><option value=\"LK\" >Sri Lanka<\/option><option value=\"ZA\" >Sud\u00e1frica<\/option><option value=\"SD\" >Sud\u00e1n<\/option><option value=\"SS\" >Sud\u00e1n del Sur<\/option><option value=\"SE\" >Suecia<\/option><option value=\"CH\" >Suiza<\/option><option value=\"SR\" >Surinam<\/option><option value=\"SJ\" >Svalbard y Jan Mayen<\/option><option value=\"TH\" >Tailandia<\/option><option value=\"TW\" >Taiw\u00e1n<\/option><option value=\"TZ\" >Tanzania<\/option><option value=\"TJ\" >Tayikist\u00e1n<\/option><option value=\"IO\" >Territorio Brit\u00e1nico del Oc\u00e9ano \u00cdndico<\/option><option value=\"TF\" >Territorios australes franceses<\/option><option value=\"PS\" >Territorios Palestinos<\/option><option value=\"TL\" >Timor Oriental<\/option><option value=\"TG\" >Togo<\/option><option value=\"TK\" >Tokelau<\/option><option value=\"TO\" >Tonga<\/option><option value=\"TT\" >Trinidad y Tobago<\/option><option value=\"TN\" >T\u00fanez<\/option><option value=\"TM\" >Turkmenist\u00e1n<\/option><option value=\"TR\" >Turqu\u00eda<\/option><option value=\"TV\" >Tuvalu<\/option><option value=\"UA\" >Ucrania<\/option><option value=\"UG\" >Uganda<\/option><option value=\"UY\" >Uruguay<\/option><option value=\"UZ\" >Uzbekist\u00e1n<\/option><option value=\"VU\" >Vanuatu<\/option><option value=\"VE\" >Venezuela<\/option><option value=\"VN\" >Vietnam<\/option><option value=\"WF\" >Wallis y Futuna<\/option><option value=\"YE\" >Yemen<\/option><option value=\"ZM\" >Zambia<\/option><option value=\"ZW\" >Zimbabue<\/option><\/select><noscript><button type=\"submit\" name=\"woocommerce_checkout_update_totals\" value=\"Actualizar pa\u00eds\/regi\u00f3n\">Actualizar pa\u00eds\/regi\u00f3n<\/button><\/noscript><\/span><\/p>                        <\/p>\n\n                                                <\/div>\n                                    <p class=\" woocommerce-form-row woocommerce-form-row--wide form-row form-row-wide wwp_form_css_row \">\n                        <label for=\"wwp_wholesaler_tax_id\">\n                            VAT number                                                    <\/label>\n                        <input type=\"text\" name=\"wwp_wholesaler_tax_id\" id=\"wwp_wholesaler_tax_id\" value=\"\" >\n                    <\/p>\n\n                    \n                <h2>Sign-in Information<\/h2>\n                <p class=\"hidden woocommerce-form-row woocommerce-form-row--wide form-row form-row-wide wwp_form_css_row \">\n                <label for=\"wwp_wholesaler_username\">Username<span class=\"required\">*<\/span><\/label>\n                <input type=\"text\" name=\"wwp_wholesaler_username\" id=\"wwp_wholesaler_username\" value=\"\" required>\n                <\/p>\n        \n                <p class=\" woocommerce-form-row woocommerce-form-row--wide form-row form-row-wide wwp_form_css_row \">\n                <label for=\"wwp_wholesaler_email\">Email<span class=\"required\">*<\/span><\/label>\n                <input type=\"email\" onchange=\"document.getElementById('wwp_wholesaler_username').value=this.value;\" name=\"wwp_wholesaler_email\" id=\"wwp_wholesaler_email\" value=\"\" required>\n                <\/p>\n        \n                <p class=\" woocommerce-form-row woocommerce-form-row--wide form-row form-row-wide wwp_form_css_row \">\n                <label for=\"wwp_wholesaler_password\">Password<span class=\"required\">*<\/span><\/label>\n                <input type=\"password\" name=\"wwp_wholesaler_password\" id=\"wwp_wholesaler_password\"  minlength=\"8\" required>\n                <\/p>\n                                    <p class=\" woocommerce-form-row woocommerce-form-row--wide form-row form-row-wide wwp_form_css_row \">\n                    <label for=\"reg_password2\">Confirm Password<span class=\"required\">*<\/span><\/label>\n                    <input type=\"password\" name=\"password2\" id=\"reg_password2\" minlength=\"8\" required value=\"\">\n                    <\/p>\n                <!--                 <p class=\"woocommerce-form-row wwp_form_css_row form-row\"><label for=\"text-1661942594314\" class=\"formbuilder-text-label\"><span>Your business website<\/span><\/label><input type=\"text\" class=\"form-control\" name=\"text-1661942594314\" maxlength=\"255\" id=\"text-1661942594314\"><\/p> -->\n        <p class=\" woocommerce-form-row woocommerce-form-row--wide form-row form-row-wide wwp_form_css_row \">\n                                <\/p>\n\n                <p class=\"woocomerce-FormRow form-row\">\n                    <input type=\"submit\" class=\"woocommerce-Button button\" id=\"register\" name=\"wwp_register\" value=\"Create an Account\">\n                    <a class=\"woocommerce-link link\" href=\"https:\/\/purenatural.eu\/es\/mi-cuenta\/\">Back<\/a>\n                <\/p>\n\n                            <\/form>\n        <\/div>\n         \n\t\t\t<script>\n\t\t\t\tjQuery('#billing_country').trigger('change');\n\t\t\t<\/script>\n\t\t\t\n<\/div>\n<\/div>\n<span class=\"et_bloom_bottom_trigger\"><\/span>","protected":false},"excerpt":{"rendered":"<p>Crear una cuenta profesional Gracias por su inter\u00e9s en PureNatural.eu para profesionales. Rellene el siguiente formulario y nos pondremos en contacto con usted lo antes posible. Recuerde que \u00e9ste ser\u00e1 [&hellip;]<\/p>\n","protected":false},"author":4519,"featured_media":0,"parent":0,"menu_order":142,"comment_status":"closed","ping_status":"closed","template":"","meta":{"_acf_changed":false,"site-sidebar-layout":"default","site-content-layout":"","ast-site-content-layout":"default","site-content-style":"default","site-sidebar-style":"default","ast-global-header-display":"","ast-banner-title-visibility":"","ast-main-header-display":"","ast-hfb-above-header-display":"","ast-hfb-below-header-display":"","ast-hfb-mobile-header-display":"","site-post-title":"","ast-breadcrumbs-content":"","ast-featured-img":"","footer-sml-layout":"","ast-disable-related-posts":"","theme-transparent-header-meta":"","adv-header-id-meta":"","stick-header-meta":"","header-above-stick-meta":"","header-main-stick-meta":"","header-below-stick-meta":"","astra-migrate-meta-layouts":"default","ast-page-background-enabled":"default","ast-page-background-meta":{"desktop":{"background-color":"var(--ast-global-color-4)","background-image":"","background-repeat":"repeat","background-position":"center center","background-size":"auto","background-attachment":"scroll","background-type":"","background-media":"","overlay-type":"","overlay-color":"","overlay-opacity":"","overlay-gradient":""},"tablet":{"background-color":"","background-image":"","background-repeat":"repeat","background-position":"center center","background-size":"auto","background-attachment":"scroll","background-type":"","background-media":"","overlay-type":"","overlay-color":"","overlay-opacity":"","overlay-gradient":""},"mobile":{"background-color":"","background-image":"","background-repeat":"repeat","background-position":"center center","background-size":"auto","background-attachment":"scroll","background-type":"","background-media":"","overlay-type":"","overlay-color":"","overlay-opacity":"","overlay-gradient":""}},"ast-content-background-meta":{"desktop":{"background-color":"var(--ast-global-color-5)","background-image":"","background-repeat":"repeat","background-position":"center center","background-size":"auto","background-attachment":"scroll","background-type":"","background-media":"","overlay-type":"","overlay-color":"","overlay-opacity":"","overlay-gradient":""},"tablet":{"background-color":"var(--ast-global-color-5)","background-image":"","background-repeat":"repeat","background-position":"center center","background-size":"auto","background-attachment":"scroll","background-type":"","background-media":"","overlay-type":"","overlay-color":"","overlay-opacity":"","overlay-gradient":""},"mobile":{"background-color":"var(--ast-global-color-5)","background-image":"","background-repeat":"repeat","background-position":"center center","background-size":"auto","background-attachment":"scroll","background-type":"","background-media":"","overlay-type":"","overlay-color":"","overlay-opacity":"","overlay-gradient":""}},"footnotes":""},"class_list":["post-5264","page","type-page","status-publish","hentry"],"acf":[],"_links":{"self":[{"href":"https:\/\/purenatural.eu\/es\/wp-json\/wp\/v2\/pages\/5264","targetHints":{"allow":["GET"]}}],"collection":[{"href":"https:\/\/purenatural.eu\/es\/wp-json\/wp\/v2\/pages"}],"about":[{"href":"https:\/\/purenatural.eu\/es\/wp-json\/wp\/v2\/types\/page"}],"author":[{"embeddable":true,"href":"https:\/\/purenatural.eu\/es\/wp-json\/wp\/v2\/users\/4519"}],"replies":[{"embeddable":true,"href":"https:\/\/purenatural.eu\/es\/wp-json\/wp\/v2\/comments?post=5264"}],"version-history":[{"count":0,"href":"https:\/\/purenatural.eu\/es\/wp-json\/wp\/v2\/pages\/5264\/revisions"}],"wp:attachment":[{"href":"https:\/\/purenatural.eu\/es\/wp-json\/wp\/v2\/media?parent=5264"}],"curies":[{"name":"wp","href":"https:\/\/api.w.org\/{rel}","templated":true}]}}