{"id":5315,"date":"2022-10-28T09:50:08","date_gmt":"2022-10-28T07:50:08","guid":{"rendered":"https:\/\/purenatural.eu\/mi-lengua-feliz\/"},"modified":"2023-06-30T14:29:36","modified_gmt":"2023-06-30T12:29:36","slug":"mi-lengua-feliz","status":"publish","type":"page","link":"https:\/\/purenatural.eu\/es\/mi-lengua-feliz\/","title":{"rendered":"MI LENGUA FELIZ"},"content":{"rendered":"\t\t<div data-elementor-type=\"wp-page\" data-elementor-id=\"5315\" class=\"elementor elementor-5315 elementor-1750\" data-elementor-post-type=\"page\">\n\t\t\t\t\t\t<section class=\"elementor-section elementor-top-section elementor-element elementor-element-ff24b09 elementor-section-boxed elementor-section-height-default elementor-section-height-default elementor-invisible\" data-id=\"ff24b09\" data-element_type=\"section\" data-e-type=\"section\" data-settings=\"{&quot;background_background&quot;:&quot;classic&quot;,&quot;animation&quot;:&quot;fadeIn&quot;}\">\n\t\t\t\t\t\t<div class=\"elementor-container elementor-column-gap-default\">\n\t\t\t\t\t<div class=\"elementor-column elementor-col-100 elementor-top-column elementor-element elementor-element-4149e46\" data-id=\"4149e46\" data-element_type=\"column\" data-e-type=\"column\">\n\t\t\t<div class=\"elementor-widget-wrap elementor-element-populated\">\n\t\t\t\t\t\t<div class=\"elementor-element elementor-element-afc5a4d elementor-widget elementor-widget-heading\" data-id=\"afc5a4d\" data-element_type=\"widget\" data-e-type=\"widget\" data-widget_type=\"heading.default\">\n\t\t\t\t<div class=\"elementor-widget-container\">\n\t\t\t\t\t<h2 class=\"elementor-heading-title elementor-size-default\">MI LENGUA FELIZ<\/h2>\t\t\t\t<\/div>\n\t\t\t\t<\/div>\n\t\t\t\t<div class=\"elementor-element elementor-element-8899005 elementor-widget elementor-widget-image\" data-id=\"8899005\" data-element_type=\"widget\" data-e-type=\"widget\" data-widget_type=\"image.default\">\n\t\t\t\t<div class=\"elementor-widget-container\">\n\t\t\t\t\t\t\t\t\t\t\t\t\t\t\t<img fetchpriority=\"high\" decoding=\"async\" width=\"498\" height=\"109\" src=\"https:\/\/purenatural.eu\/wp-content\/uploads\/2022\/06\/pn-logo-22.png\" class=\"attachment-large size-large wp-image-13111\" alt=\"Logo Pure Natural\" srcset=\"https:\/\/purenatural.eu\/wp-content\/uploads\/2022\/06\/pn-logo-22.png 498w, https:\/\/purenatural.eu\/wp-content\/uploads\/2022\/06\/pn-logo-22-300x66.png 300w\" sizes=\"(max-width: 498px) 100vw, 498px\" title=\"\">\t\t\t\t\t\t\t\t\t\t\t\t\t\t\t<\/div>\n\t\t\t\t<\/div>\n\t\t\t\t<div class=\"elementor-element elementor-element-7e9f313e elementor-widget elementor-widget-text-editor\" data-id=\"7e9f313e\" data-element_type=\"widget\" data-e-type=\"widget\" data-widget_type=\"text-editor.default\">\n\t\t\t\t<div class=\"elementor-widget-container\">\n\t\t\t\t\t\t\t\t\t<p><a href=\"https:\/\/www.purenatural.eu\"><strong>www.purenatural.eu<\/strong><\/a><\/p>\n\t\t\t\t\t\t\t\t<\/div>\n\t\t\t\t<\/div>\n\t\t\t\t<div class=\"elementor-element elementor-element-a8d9a4a elementor-widget elementor-widget-image\" data-id=\"a8d9a4a\" data-element_type=\"widget\" data-e-type=\"widget\" data-widget_type=\"image.default\">\n\t\t\t\t<div class=\"elementor-widget-container\">\n\t\t\t\t\t\t\t\t\t\t\t\t\t\t\t<img decoding=\"async\" src=\"https:\/\/purenatural.eu\/wp-content\/uploads\/\" title=\"\" alt=\"\" loading=\"lazy\">\t\t\t\t\t\t\t\t\t\t\t\t\t\t\t<\/div>\n\t\t\t\t<\/div>\n\t\t\t\t<div class=\"elementor-element elementor-element-6a50660f elementor-widget elementor-widget-text-editor\" data-id=\"6a50660f\" data-element_type=\"widget\" data-e-type=\"widget\" data-widget_type=\"text-editor.default\">\n\t\t\t\t<div class=\"elementor-widget-container\">\n\t\t\t\t\t\t\t\t\t<p style=\"text-align: left;\">En PureNatural.eu estamos encantados de ofrecerle los mejores productos ayurv\u00e9dicos de belleza y estilo de vida directamente desde la India.<\/p>\n<p>Los seleccionamos con cuidado y cari\u00f1o para que marquen la diferencia.<\/p>\n<p>Elegimos exclusivamente productos de primera calidad que hemos probado y utilizamos nosotros mismos.<\/p>\n<p>Nos encanta compartir la sabidur\u00eda ayurv\u00e9dica e inspirarle para que adapte su estilo de vida incorporando a su rutina diaria ciertos peque\u00f1os pasos sencillos que pueden marcar una gran diferencia en su bienestar cotidiano.<\/p>\n<p>Por eso hemos seleccionado para usted este aut\u00e9ntico limpiador lingual ayurv\u00e9dico de cobre de primera calidad.<\/p>\n<p>M\u00e1s grueso, m\u00e1s fuerte y m\u00e1s bonito que otros del mercado. Y con una preciosa bolsa de algod\u00f3n org\u00e1nico, ideal para la higiene, los viajes o para regalar.<\/p>\n<p>Esta peque\u00f1a herramienta de cobre, My Happy Tongue, conocida como limpiador lingual o raspador lingual, es la forma m\u00e1s eficaz de eliminar las bacterias orales de la lengua, un dispositivo esencial para una Lengua Feliz y Sana.<\/p>\n<p>M\u00e1s eficaz que la limpieza con cepillo de dientes, que tiende a devolver las bacterias a la boca.<\/p>\n<p>En el Ayurveda, la limpieza de la lengua es una parte importante de la higiene diaria, de la que se puede aprender mucho sobre la salud y los h\u00e1bitos.<\/p>\n<p>Todas las ma\u00f1anas, al levantarte, f\u00edjate en lo cubierta que tienes la lengua y en c\u00f3mo huele tu aliento. Si hay mucha capa en la lengua puede significar que no has digerido bien la cena o que has comido demasiado tarde y todav\u00eda hay muchas toxinas en el organismo.<\/p>\n<p>Siguiendo este r\u00e9gimen entras en contacto con tu cuerpo y tomas conciencia de lo que ocurre.<\/p>\n<p>Este conocimiento te da el poder de crear una mejor salud alterando tu comportamiento.<\/p>\n<p>My Happy Tongue est\u00e1 fabricado al 100% con cobre puro antimicrobiano, un material resistente a las bacterias, el m\u00e1s adecuado para realizar esta tarea. Los productos de pl\u00e1stico y acero inoxidable del mercado no son tan higi\u00e9nicos y son menos duraderos.<\/p>\n<p>Los higienistas dentales recomiendan el limpiador lingual.<\/p>\n<p>Esta pr\u00e1ctica supersencilla es barata y puede ahorrarle algunas visitas al dentista, al tiempo que mejora su bienestar general y aumenta su confianza a la hora de abrir la boca.<\/p>\n<p>Te sorprender\u00e1 la diferencia que un h\u00e1bito diario tan sencillo tendr\u00e1 en tu vida.<\/p>\n\t\t\t\t\t\t\t\t<\/div>\n\t\t\t\t<\/div>\n\t\t\t\t<div class=\"elementor-element elementor-element-8d46a8c elementor-widget elementor-widget-image\" data-id=\"8d46a8c\" data-element_type=\"widget\" data-e-type=\"widget\" data-widget_type=\"image.default\">\n\t\t\t\t<div class=\"elementor-widget-container\">\n\t\t\t\t\t\t\t\t\t\t\t\t\t\t\t<img decoding=\"async\" width=\"767\" height=\"1024\" src=\"https:\/\/purenatural.eu\/wp-content\/uploads\/2023\/06\/demo2-768x1025-2.webp\" class=\"attachment-large size-large wp-image-5839\" alt=\"\" srcset=\"https:\/\/purenatural.eu\/wp-content\/uploads\/2023\/06\/demo2-768x1025-2.webp 768w, https:\/\/purenatural.eu\/wp-content\/uploads\/2023\/06\/demo2-768x1025-2-225x300.webp 225w, https:\/\/purenatural.eu\/wp-content\/uploads\/2023\/06\/demo2-768x1025-2-610x814.webp 610w, https:\/\/purenatural.eu\/wp-content\/uploads\/2023\/06\/demo2-768x1025-2-600x801.webp 600w\" sizes=\"(max-width: 767px) 100vw, 767px\" title=\"\">\t\t\t\t\t\t\t\t\t\t\t\t\t\t\t<\/div>\n\t\t\t\t<\/div>\n\t\t\t\t<div class=\"elementor-element elementor-element-3ebc3ce elementor-align-center elementor-widget elementor-widget-button\" data-id=\"3ebc3ce\" data-element_type=\"widget\" data-e-type=\"widget\" data-widget_type=\"button.default\">\n\t\t\t\t<div class=\"elementor-widget-container\">\n\t\t\t\t\t\t\t\t\t<div class=\"elementor-button-wrapper\">\n\t\t\t\t\t<a class=\"elementor-button elementor-button-link elementor-size-md\" href=\"\/?product_cat=mi-lengua-feliz\">\n\t\t\t\t\t\t<span class=\"elementor-button-content-wrapper\">\n\t\t\t\t\t\t<span class=\"elementor-button-icon\">\n\t\t\t\t<i aria-hidden=\"true\" class=\"fas fa-shopping-basket\"><\/i>\t\t\t<\/span>\n\t\t\t\t\t\t\t\t\t<span class=\"elementor-button-text\">Comprar productos MY HAPPY TONGUE  <\/span>\n\t\t\t\t\t<\/span>\n\t\t\t\t\t<\/a>\n\t\t\t\t<\/div>\n\t\t\t\t\t\t\t\t<\/div>\n\t\t\t\t<\/div>\n\t\t\t\t\t<\/div>\n\t\t<\/div>\n\t\t\t\t\t<\/div>\n\t\t<\/section>\n\t\t\t\t<\/div>\n\t\t<span class=\"et_bloom_bottom_trigger\"><\/span>","protected":false},"excerpt":{"rendered":"<p>MI LENGUA FELIZ www.purenatural.eu En PureNatural.eu estamos encantados de ofrecerle los mejores productos ayurv\u00e9dicos de belleza y estilo de vida directamente desde la India. Los seleccionamos con cuidado y cari\u00f1o [&hellip;]<\/p>\n","protected":false},"author":4519,"featured_media":0,"parent":0,"menu_order":94,"comment_status":"closed","ping_status":"closed","template":"","meta":{"_acf_changed":false,"site-sidebar-layout":"no-sidebar","site-content-layout":"page-builder","ast-site-content-layout":"default","site-content-style":"default","site-sidebar-style":"default","ast-global-header-display":"","ast-banner-title-visibility":"","ast-main-header-display":"","ast-hfb-above-header-display":"","ast-hfb-below-header-display":"","ast-hfb-mobile-header-display":"","site-post-title":"disabled","ast-breadcrumbs-content":"","ast-featured-img":"disabled","footer-sml-layout":"","ast-disable-related-posts":"","theme-transparent-header-meta":"","adv-header-id-meta":"","stick-header-meta":"","header-above-stick-meta":"","header-main-stick-meta":"","header-below-stick-meta":"","astra-migrate-meta-layouts":"default","ast-page-background-enabled":"default","ast-page-background-meta":{"desktop":{"background-color":"var(--ast-global-color-4)","background-image":"","background-repeat":"repeat","background-position":"center center","background-size":"auto","background-attachment":"scroll","background-type":"","background-media":"","overlay-type":"","overlay-color":"","overlay-opacity":"","overlay-gradient":""},"tablet":{"background-color":"","background-image":"","background-repeat":"repeat","background-position":"center center","background-size":"auto","background-attachment":"scroll","background-type":"","background-media":"","overlay-type":"","overlay-color":"","overlay-opacity":"","overlay-gradient":""},"mobile":{"background-color":"","background-image":"","background-repeat":"repeat","background-position":"center center","background-size":"auto","background-attachment":"scroll","background-type":"","background-media":"","overlay-type":"","overlay-color":"","overlay-opacity":"","overlay-gradient":""}},"ast-content-background-meta":{"desktop":{"background-color":"var(--ast-global-color-5)","background-image":"","background-repeat":"repeat","background-position":"center center","background-size":"auto","background-attachment":"scroll","background-type":"","background-media":"","overlay-type":"","overlay-color":"","overlay-opacity":"","overlay-gradient":""},"tablet":{"background-color":"var(--ast-global-color-5)","background-image":"","background-repeat":"repeat","background-position":"center center","background-size":"auto","background-attachment":"scroll","background-type":"","background-media":"","overlay-type":"","overlay-color":"","overlay-opacity":"","overlay-gradient":""},"mobile":{"background-color":"var(--ast-global-color-5)","background-image":"","background-repeat":"repeat","background-position":"center center","background-size":"auto","background-attachment":"scroll","background-type":"","background-media":"","overlay-type":"","overlay-color":"","overlay-opacity":"","overlay-gradient":""}},"footnotes":""},"class_list":["post-5315","page","type-page","status-publish","hentry"],"acf":[],"_links":{"self":[{"href":"https:\/\/purenatural.eu\/es\/wp-json\/wp\/v2\/pages\/5315","targetHints":{"allow":["GET"]}}],"collection":[{"href":"https:\/\/purenatural.eu\/es\/wp-json\/wp\/v2\/pages"}],"about":[{"href":"https:\/\/purenatural.eu\/es\/wp-json\/wp\/v2\/types\/page"}],"author":[{"embeddable":true,"href":"https:\/\/purenatural.eu\/es\/wp-json\/wp\/v2\/users\/4519"}],"replies":[{"embeddable":true,"href":"https:\/\/purenatural.eu\/es\/wp-json\/wp\/v2\/comments?post=5315"}],"version-history":[{"count":0,"href":"https:\/\/purenatural.eu\/es\/wp-json\/wp\/v2\/pages\/5315\/revisions"}],"wp:attachment":[{"href":"https:\/\/purenatural.eu\/es\/wp-json\/wp\/v2\/media?parent=5315"}],"curies":[{"name":"wp","href":"https:\/\/api.w.org\/{rel}","templated":true}]}}