{"id":5340,"date":"2022-09-07T09:52:23","date_gmt":"2022-09-07T07:52:23","guid":{"rendered":"https:\/\/purenatural.eu\/sobre-el-ayurveda\/"},"modified":"2023-06-24T12:32:46","modified_gmt":"2023-06-24T10:32:46","slug":"sobre-el-ayurveda","status":"publish","type":"page","link":"https:\/\/purenatural.eu\/es\/sobre-el-ayurveda\/","title":{"rendered":"Sobre el Ayurveda"},"content":{"rendered":"\t\t<div data-elementor-type=\"wp-page\" data-elementor-id=\"5340\" class=\"elementor elementor-5340 elementor-964\" data-elementor-post-type=\"page\">\n\t\t\t\t\t\t<section class=\"elementor-section elementor-top-section elementor-element elementor-element-a896498 elementor-section-boxed elementor-section-height-default elementor-section-height-default\" data-id=\"a896498\" data-element_type=\"section\" data-e-type=\"section\">\n\t\t\t\t\t\t<div class=\"elementor-container elementor-column-gap-default\">\n\t\t\t\t\t<div class=\"elementor-column elementor-col-50 elementor-top-column elementor-element elementor-element-c3f712b\" data-id=\"c3f712b\" data-element_type=\"column\" data-e-type=\"column\">\n\t\t\t<div class=\"elementor-widget-wrap elementor-element-populated\">\n\t\t\t\t\t\t<div class=\"elementor-element elementor-element-928f406 elementor-widget elementor-widget-heading\" data-id=\"928f406\" data-element_type=\"widget\" data-e-type=\"widget\" data-widget_type=\"heading.default\">\n\t\t\t\t<div class=\"elementor-widget-container\">\n\t\t\t\t\t<h2 class=\"elementor-heading-title elementor-size-default\">\u00bfQu\u00e9 es el ayurveda?<\/h2>\t\t\t\t<\/div>\n\t\t\t\t<\/div>\n\t\t\t\t<div class=\"elementor-element elementor-element-657e565 elementor-widget elementor-widget-video\" data-id=\"657e565\" data-element_type=\"widget\" data-e-type=\"widget\" data-settings=\"{&quot;youtube_url&quot;:&quot;https:\\\/\\\/www.youtube.com\\\/watch?v=IwEI69xV5Lw&quot;,&quot;video_type&quot;:&quot;youtube&quot;,&quot;controls&quot;:&quot;yes&quot;}\" data-widget_type=\"video.default\">\n\t\t\t\t<div class=\"elementor-widget-container\">\n\t\t\t\t\t\t\t<div class=\"elementor-wrapper elementor-open-inline\">\n\t\t\t<div class=\"elementor-video\"><\/div>\t\t<\/div>\n\t\t\t\t\t\t<\/div>\n\t\t\t\t<\/div>\n\t\t\t\t<div class=\"elementor-element elementor-element-ed45795 elementor-widget elementor-widget-text-editor\" data-id=\"ed45795\" data-element_type=\"widget\" data-e-type=\"widget\" data-widget_type=\"text-editor.default\">\n\t\t\t\t<div class=\"elementor-widget-container\">\n\t\t\t\t\t\t\t\t\t<h3 class=\"heading\">El Ayurveda es la ciencia de la vida y el bienestar.<\/h3>\n<p><strong>Se trata de un sistema de plantas, aceites y hierbas que se origin\u00f3 en la India hace m\u00e1s de 6.000 a\u00f1os.<\/strong><\/p>\n<p>El Ayurveda fue codificado en un texto llamado Charaka Samhita por el legendario m\u00e9dico Charaka en el siglo II a.C. El Charaka Samhita viaj\u00f3 con comerciantes y eruditos a China, Egipto, Arabia y Europa, influyendo y sentando las bases de la curaci\u00f3n a base de plantas en todo el mundo.<\/p>\n<p>Tras siglos de pruebas, la ciencia ayurv\u00e9dica ha demostrado su eficacia. Los tratamientos ayurv\u00e9dicos satisfacen todos los aspectos del bienestar de una persona: f\u00edsico, mental y espiritual.<br \/>Ayurveda es el Conocimiento de la Vida.<\/p>\n<p>Hoy en d\u00eda, en la b\u00fasqueda de una curaci\u00f3n m\u00e1s completa y un bienestar armonioso, la sabidur\u00eda hol\u00edstica del Ayurveda est\u00e1 ganando popularidad internacional como alternativa y complemento a la medicina alop\u00e1tica moderna.<\/p>\n\t\t\t\t\t\t\t\t<\/div>\n\t\t\t\t<\/div>\n\t\t\t\t<div class=\"elementor-element elementor-element-071f6c8 elementor-widget elementor-widget-image\" data-id=\"071f6c8\" data-element_type=\"widget\" data-e-type=\"widget\" data-widget_type=\"image.default\">\n\t\t\t\t<div class=\"elementor-widget-container\">\n\t\t\t\t\t\t\t\t\t\t\t\t\t\t\t<img decoding=\"async\" src=\"https:\/\/purenatural.eu\/wp-content\/uploads\/2022\/11\/card_treatments.jpeg\" title=\"\" alt=\"\" loading=\"lazy\">\t\t\t\t\t\t\t\t\t\t\t\t\t\t\t<\/div>\n\t\t\t\t<\/div>\n\t\t\t\t\t<\/div>\n\t\t<\/div>\n\t\t\t\t<div class=\"elementor-column elementor-col-50 elementor-top-column elementor-element elementor-element-35a9683\" data-id=\"35a9683\" data-element_type=\"column\" data-e-type=\"column\" data-settings=\"{&quot;background_background&quot;:&quot;classic&quot;}\">\n\t\t\t<div class=\"elementor-widget-wrap elementor-element-populated\">\n\t\t\t\t\t\t<div class=\"elementor-element elementor-element-72ee438 elementor-widget elementor-widget-heading\" data-id=\"72ee438\" data-element_type=\"widget\" data-e-type=\"widget\" data-widget_type=\"heading.default\">\n\t\t\t\t<div class=\"elementor-widget-container\">\n\t\t\t\t\t<h2 class=\"elementor-heading-title elementor-size-default\">\u00bfQuieres saber m\u00e1s sobre el ayurveda?<\/h2>\t\t\t\t<\/div>\n\t\t\t\t<\/div>\n\t\t\t\t<div class=\"elementor-element elementor-element-26025bd elementor-widget elementor-widget-text-editor\" data-id=\"26025bd\" data-element_type=\"widget\" data-e-type=\"widget\" data-widget_type=\"text-editor.default\">\n\t\t\t\t<div class=\"elementor-widget-container\">\n\t\t\t\t\t\t\t\t\t<p><b>HAY MUCHO DE LO QUE APRENDER:<\/b><\/p>\n<ul class=\"bullet\">\n<li><a href=\"https:\/\/delightyoga.com\/nl\/academy\/\" target=\"_blank\" rel=\"noopener\">Delight Academie | Delight Yoga<\/a><\/li>\n<li><a href=\"https:\/\/delightyoga.com\/nl\/about\/staff\/victoria-hyndman\" target=\"_blank\" rel=\"noopener\">Victoria (Tory) Hyndman | Delight Yoga<\/a><\/li>\n<li><a href=\"https:\/\/drclaudiawelch.com\/\" target=\"_blank\" rel=\"noopener\">Dra. Claudia Welch &#8211; Ayurveda, Salud y Medicina Oriental<\/a><\/li>\n<li><a href=\"https:\/\/purenatural.eu\/en\/www.drsvoboda.com\/\">Dr. Robert Svoboda<\/a><\/li>\n<li><a href=\"https:\/\/atma-ayurveda.com\/\" target=\"_blank\" rel=\"noopener\">Atma Ayurveda con Susan Pulley &#8211; Atma Ayurveda<\/a><\/li>\n<li><a href=\"http:\/\/www.ayurfreddy.nl\/\" target=\"_blank\" rel=\"noopener\">Centro de Ayurveda<\/a><\/li>\n<\/ul>\n\t\t\t\t\t\t\t\t<\/div>\n\t\t\t\t<\/div>\n\t\t\t\t<div class=\"elementor-element elementor-element-d8e4eee elementor-widget elementor-widget-text-editor\" data-id=\"d8e4eee\" data-element_type=\"widget\" data-e-type=\"widget\" data-widget_type=\"text-editor.default\">\n\t\t\t\t<div class=\"elementor-widget-container\">\n\t\t\t\t\t\t\t\t\t<h3>\u00bfDISFRUTA LEYENDO?<\/h3>\n<p><b>RECOMENDAMOS EMPEZAR A APRENDER AYURVEDA:<\/b><\/p>\n<ul class=\"bullet\">\n<li>El Libro del Ayurveda: Un enfoque hol\u00edstico de la salud y la longevidad por Judith H. Morrison.<\/li>\n<li>Ayurveda: Vida, Salud y Longevidad por el Dr. Robert E. Svoboda.<\/li>\n<li>El secreto oculto del Ayurveda por Robert E. Svoboda.<\/li>\n<li>Ayurvedic Cooking for Self Healing por Usha y el Dr. Vasant Lad.<\/li>\n<li>Belleza absoluta por Pratima Raichur<\/li>\n<li>La ciencia de la autocuraci\u00f3n por el Dr. Vasant Lad<\/li>\n<li>Ayurveda para mujeres por el Dr. Robert Svoboda<\/li>\n<li>Vida sana con Ayurveda por Anuradha Singh<\/li>\n<li>La salud perfecta por Deepak Chopra<\/li>\n<li>Cuidados de belleza ayurv\u00e9dicos por Melanie Sachs<\/li>\n<li>No s\u00f3lo una cara bonita por Stacy Malka<\/li>\n<li>Equilibra tus hormonas, equilibra tu vida por la Dra. Claudia Welch, MSOM<\/li>\n<\/ul>\n\t\t\t\t\t\t\t\t<\/div>\n\t\t\t\t<\/div>\n\t\t\t\t\t<\/div>\n\t\t<\/div>\n\t\t\t\t\t<\/div>\n\t\t<\/section>\n\t\t\t\t<\/div>\n\t\t<span class=\"et_bloom_bottom_trigger\"><\/span>","protected":false},"excerpt":{"rendered":"<p>\u00bfQu\u00e9 es el ayurveda? https:\/\/www.youtube.com\/watch?v=IwEI69xV5Lw El Ayurveda es la ciencia de la vida y el bienestar. Se trata de un sistema de plantas, aceites y hierbas que se origin\u00f3 en [&hellip;]<\/p>\n","protected":false},"author":6593,"featured_media":0,"parent":0,"menu_order":24,"comment_status":"closed","ping_status":"closed","template":"","meta":{"_acf_changed":false,"site-sidebar-layout":"no-sidebar","site-content-layout":"page-builder","ast-site-content-layout":"default","site-content-style":"default","site-sidebar-style":"default","ast-global-header-display":"","ast-banner-title-visibility":"","ast-main-header-display":"","ast-hfb-above-header-display":"","ast-hfb-below-header-display":"","ast-hfb-mobile-header-display":"","site-post-title":"disabled","ast-breadcrumbs-content":"","ast-featured-img":"disabled","footer-sml-layout":"","ast-disable-related-posts":"","theme-transparent-header-meta":"","adv-header-id-meta":"","stick-header-meta":"","header-above-stick-meta":"","header-main-stick-meta":"","header-below-stick-meta":"","astra-migrate-meta-layouts":"default","ast-page-background-enabled":"default","ast-page-background-meta":{"desktop":{"background-color":"var(--ast-global-color-4)","background-image":"","background-repeat":"repeat","background-position":"center center","background-size":"auto","background-attachment":"scroll","background-type":"","background-media":"","overlay-type":"","overlay-color":"","overlay-opacity":"","overlay-gradient":""},"tablet":{"background-color":"","background-image":"","background-repeat":"repeat","background-position":"center center","background-size":"auto","background-attachment":"scroll","background-type":"","background-media":"","overlay-type":"","overlay-color":"","overlay-opacity":"","overlay-gradient":""},"mobile":{"background-color":"","background-image":"","background-repeat":"repeat","background-position":"center center","background-size":"auto","background-attachment":"scroll","background-type":"","background-media":"","overlay-type":"","overlay-color":"","overlay-opacity":"","overlay-gradient":""}},"ast-content-background-meta":{"desktop":{"background-color":"var(--ast-global-color-5)","background-image":"","background-repeat":"repeat","background-position":"center center","background-size":"auto","background-attachment":"scroll","background-type":"","background-media":"","overlay-type":"","overlay-color":"","overlay-opacity":"","overlay-gradient":""},"tablet":{"background-color":"var(--ast-global-color-5)","background-image":"","background-repeat":"repeat","background-position":"center center","background-size":"auto","background-attachment":"scroll","background-type":"","background-media":"","overlay-type":"","overlay-color":"","overlay-opacity":"","overlay-gradient":""},"mobile":{"background-color":"var(--ast-global-color-5)","background-image":"","background-repeat":"repeat","background-position":"center center","background-size":"auto","background-attachment":"scroll","background-type":"","background-media":"","overlay-type":"","overlay-color":"","overlay-opacity":"","overlay-gradient":""}},"footnotes":""},"class_list":["post-5340","page","type-page","status-publish","hentry"],"acf":[],"_links":{"self":[{"href":"https:\/\/purenatural.eu\/es\/wp-json\/wp\/v2\/pages\/5340","targetHints":{"allow":["GET"]}}],"collection":[{"href":"https:\/\/purenatural.eu\/es\/wp-json\/wp\/v2\/pages"}],"about":[{"href":"https:\/\/purenatural.eu\/es\/wp-json\/wp\/v2\/types\/page"}],"author":[{"embeddable":true,"href":"https:\/\/purenatural.eu\/es\/wp-json\/wp\/v2\/users\/6593"}],"replies":[{"embeddable":true,"href":"https:\/\/purenatural.eu\/es\/wp-json\/wp\/v2\/comments?post=5340"}],"version-history":[{"count":0,"href":"https:\/\/purenatural.eu\/es\/wp-json\/wp\/v2\/pages\/5340\/revisions"}],"wp:attachment":[{"href":"https:\/\/purenatural.eu\/es\/wp-json\/wp\/v2\/media?parent=5340"}],"curies":[{"name":"wp","href":"https:\/\/api.w.org\/{rel}","templated":true}]}}