{"id":5351,"date":"2022-06-29T18:34:33","date_gmt":"2022-06-29T16:34:33","guid":{"rendered":"https:\/\/purenatural.eu\/kama-ayurveda\/"},"modified":"2023-06-30T12:13:20","modified_gmt":"2023-06-30T10:13:20","slug":"kama-ayurveda","status":"publish","type":"page","link":"https:\/\/purenatural.eu\/es\/kama-ayurveda\/","title":{"rendered":"Kama Ayurveda"},"content":{"rendered":"\t\t<div data-elementor-type=\"wp-page\" data-elementor-id=\"5351\" class=\"elementor elementor-5351 elementor-416\" data-elementor-post-type=\"page\">\n\t\t\t\t\t\t<section class=\"elementor-section elementor-top-section elementor-element elementor-element-4802361 elementor-section-boxed elementor-section-height-default elementor-section-height-default elementor-invisible\" data-id=\"4802361\" data-element_type=\"section\" data-e-type=\"section\" data-settings=\"{&quot;background_background&quot;:&quot;classic&quot;,&quot;animation&quot;:&quot;fadeIn&quot;}\">\n\t\t\t\t\t\t<div class=\"elementor-container elementor-column-gap-default\">\n\t\t\t\t\t<div class=\"elementor-column elementor-col-100 elementor-top-column elementor-element elementor-element-842e405\" data-id=\"842e405\" data-element_type=\"column\" data-e-type=\"column\">\n\t\t\t<div class=\"elementor-widget-wrap elementor-element-populated\">\n\t\t\t\t\t\t<div class=\"elementor-element elementor-element-ae09d9d elementor-widget elementor-widget-heading\" data-id=\"ae09d9d\" data-element_type=\"widget\" data-e-type=\"widget\" data-widget_type=\"heading.default\">\n\t\t\t\t<div class=\"elementor-widget-container\">\n\t\t\t\t\t<h2 class=\"elementor-heading-title elementor-size-default\">Acerca de Kama Ayurveda<\/h2>\t\t\t\t<\/div>\n\t\t\t\t<\/div>\n\t\t\t\t<div class=\"elementor-element elementor-element-3ad6ecb elementor-widget elementor-widget-image\" data-id=\"3ad6ecb\" data-element_type=\"widget\" data-e-type=\"widget\" data-widget_type=\"image.default\">\n\t\t\t\t<div class=\"elementor-widget-container\">\n\t\t\t\t\t\t\t\t\t\t\t\t\t\t\t<img fetchpriority=\"high\" decoding=\"async\" width=\"600\" height=\"95\" src=\"https:\/\/purenatural.eu\/wp-content\/uploads\/2022\/06\/kama-ayurveda-pure-desire-pure-harmony.png\" class=\"attachment-large size-large wp-image-13120\" alt=\"\" srcset=\"https:\/\/purenatural.eu\/wp-content\/uploads\/2022\/06\/kama-ayurveda-pure-desire-pure-harmony.png 600w, https:\/\/purenatural.eu\/wp-content\/uploads\/2022\/06\/kama-ayurveda-pure-desire-pure-harmony-300x48.png 300w\" sizes=\"(max-width: 600px) 100vw, 600px\" title=\"\">\t\t\t\t\t\t\t\t\t\t\t\t\t\t\t<\/div>\n\t\t\t\t<\/div>\n\t\t\t\t<div class=\"elementor-element elementor-element-cf810bf elementor-widget elementor-widget-text-editor\" data-id=\"cf810bf\" data-element_type=\"widget\" data-e-type=\"widget\" data-widget_type=\"text-editor.default\">\n\t\t\t\t<div class=\"elementor-widget-container\">\n\t\t\t\t\t\t\t\t\t<p>Kama Ayurveda se fund\u00f3 en 2002 en la India para promover el mensaje del aut\u00e9ntico Ayurveda en todo el mundo. Desde entonces, la creaci\u00f3n de productos ayurv\u00e9dicos puros seg\u00fan recetas aut\u00e9nticas ha sido el prop\u00f3sito \u00fanico de la marca.<\/p>\n<p>En la actualidad, los productos Kama Ayurveda, de gran calidad y bellamente envasados, se venden en todo el mundo y son utilizados por algunos de los principales hoteles y balnearios del planeta. Nuestros productos han recibido una amplia cobertura y reconocimiento en diversas publicaciones mundiales e indias, como US Vogue, French Vogue, Japan Vogue, Harpers Bazaar y Tatler, entre otras.<\/p>\n<p>Conocida por sus tratamientos de belleza emblem\u00e1ticos, como el tratamiento capilar intensivo Bringadi, el fluido de belleza milagroso Kumkumadi y el aceite de coco org\u00e1nico, Kama Ayurveda ha adquirido un culto mundial entre los compradores de productos de belleza exigentes que buscan tratamientos de belleza seguros, suaves y eficaces, arraigados en la antigua ciencia del Ayurveda.<\/p>\n\t\t\t\t\t\t\t\t<\/div>\n\t\t\t\t<\/div>\n\t\t\t\t<div class=\"elementor-element elementor-element-ac40f12 elementor-widget elementor-widget-heading\" data-id=\"ac40f12\" data-element_type=\"widget\" data-e-type=\"widget\" data-widget_type=\"heading.default\">\n\t\t\t\t<div class=\"elementor-widget-container\">\n\t\t\t\t\t<h2 class=\"elementor-heading-title elementor-size-default\">Nuestros valores\n\n<\/h2>\t\t\t\t<\/div>\n\t\t\t\t<\/div>\n\t\t\t\t<div class=\"elementor-element elementor-element-62a7650 elementor-widget elementor-widget-text-editor\" data-id=\"62a7650\" data-element_type=\"widget\" data-e-type=\"widget\" data-widget_type=\"text-editor.default\">\n\t\t\t\t<div class=\"elementor-widget-container\">\n\t\t\t\t\t\t\t\t\t<p><strong>Kama Ayurveda es Real.<\/strong><br \/>Aut\u00e9nticos productos ayurv\u00e9dicos, con recetas originales, probadas en el tiempo y equilibradas. Aunque muchas marcas se basan en ingredientes ayurv\u00e9dicos, Kama Ayurveda crea el remedio natural completo.<\/p>\n<p><strong>Kama Ayurveda es Puro.<\/strong><br \/>Nuestros tratamientos son 100% naturales, vegetarianos y utilizan ingredientes naturales de la m\u00e1s alta calidad. Esto significa: Sin colorantes artificiales. Sin fragancias artificiales. Sin productos petroqu\u00edmicos, parabenos, urea, propilenglicol ni otros aditivos nocivos. Todos nuestros productos ecol\u00f3gicos cuentan con certificaci\u00f3n internacional.<\/p>\n<p><strong>Kama Ayurveda es Verdad.<\/strong><br \/>Nuestro socio es una instituci\u00f3n ayurv\u00e9dica original, la respetada Arya Vaidya Pharmacy (AVP) de Coimbatore, con hospitales y cl\u00ednicas ayurv\u00e9dicas en toda la India. Los laboratorios AVP -uno de los tres centros de pruebas de Kerala aprobados por el Departamento de Ciencia y Tecnolog\u00eda- garantizan un estricto control de calidad, una eficacia probada y los m\u00e1s altos niveles de investigaci\u00f3n y desarrollo, al tiempo que siguen y ampl\u00edan los antiguos textos ayurv\u00e9dicos.<\/p>\n<p><strong>Kama Ayurveda es amable.<\/strong><br \/>Nuestros productos, que cumplen las normas internacionales, no se prueban en animales.<\/p>\n\t\t\t\t\t\t\t\t<\/div>\n\t\t\t\t<\/div>\n\t\t\t\t<div class=\"elementor-element elementor-element-f1f87c6 elementor-align-center elementor-widget elementor-widget-button\" data-id=\"f1f87c6\" data-element_type=\"widget\" data-e-type=\"widget\" data-widget_type=\"button.default\">\n\t\t\t\t<div class=\"elementor-widget-container\">\n\t\t\t\t\t\t\t\t\t<div class=\"elementor-button-wrapper\">\n\t\t\t\t\t<a class=\"elementor-button elementor-button-link elementor-size-md\" href=\"https:\/\/purenatural.eu\/es\/categoria-producto\/shop-by-brand-es\/kama-ayurveda-es\/\">\n\t\t\t\t\t\t<span class=\"elementor-button-content-wrapper\">\n\t\t\t\t\t\t<span class=\"elementor-button-icon\">\n\t\t\t\t<i aria-hidden=\"true\" class=\"fas fa-shopping-basket\"><\/i>\t\t\t<\/span>\n\t\t\t\t\t\t\t\t\t<span class=\"elementor-button-text\">Comprar productos KAMA  <\/span>\n\t\t\t\t\t<\/span>\n\t\t\t\t\t<\/a>\n\t\t\t\t<\/div>\n\t\t\t\t\t\t\t\t<\/div>\n\t\t\t\t<\/div>\n\t\t\t\t\t<\/div>\n\t\t<\/div>\n\t\t\t\t\t<\/div>\n\t\t<\/section>\n\t\t\t\t<\/div>\n\t\t<span class=\"et_bloom_bottom_trigger\"><\/span>","protected":false},"excerpt":{"rendered":"<p>Acerca de Kama Ayurveda Kama Ayurveda se fund\u00f3 en 2002 en la India para promover el mensaje del aut\u00e9ntico Ayurveda en todo el mundo. Desde entonces, la creaci\u00f3n de productos [&hellip;]<\/p>\n","protected":false},"author":4519,"featured_media":0,"parent":0,"menu_order":81,"comment_status":"closed","ping_status":"closed","template":"","meta":{"_acf_changed":false,"site-sidebar-layout":"no-sidebar","site-content-layout":"page-builder","ast-site-content-layout":"default","site-content-style":"default","site-sidebar-style":"default","ast-global-header-display":"","ast-banner-title-visibility":"","ast-main-header-display":"","ast-hfb-above-header-display":"","ast-hfb-below-header-display":"","ast-hfb-mobile-header-display":"","site-post-title":"disabled","ast-breadcrumbs-content":"","ast-featured-img":"disabled","footer-sml-layout":"","ast-disable-related-posts":"","theme-transparent-header-meta":"","adv-header-id-meta":"","stick-header-meta":"","header-above-stick-meta":"","header-main-stick-meta":"","header-below-stick-meta":"","astra-migrate-meta-layouts":"default","ast-page-background-enabled":"default","ast-page-background-meta":{"desktop":{"background-color":"var(--ast-global-color-4)","background-image":"","background-repeat":"repeat","background-position":"center center","background-size":"auto","background-attachment":"scroll","background-type":"","background-media":"","overlay-type":"","overlay-color":"","overlay-opacity":"","overlay-gradient":""},"tablet":{"background-color":"","background-image":"","background-repeat":"repeat","background-position":"center center","background-size":"auto","background-attachment":"scroll","background-type":"","background-media":"","overlay-type":"","overlay-color":"","overlay-opacity":"","overlay-gradient":""},"mobile":{"background-color":"","background-image":"","background-repeat":"repeat","background-position":"center center","background-size":"auto","background-attachment":"scroll","background-type":"","background-media":"","overlay-type":"","overlay-color":"","overlay-opacity":"","overlay-gradient":""}},"ast-content-background-meta":{"desktop":{"background-color":"var(--ast-global-color-5)","background-image":"","background-repeat":"repeat","background-position":"center center","background-size":"auto","background-attachment":"scroll","background-type":"","background-media":"","overlay-type":"","overlay-color":"","overlay-opacity":"","overlay-gradient":""},"tablet":{"background-color":"var(--ast-global-color-5)","background-image":"","background-repeat":"repeat","background-position":"center center","background-size":"auto","background-attachment":"scroll","background-type":"","background-media":"","overlay-type":"","overlay-color":"","overlay-opacity":"","overlay-gradient":""},"mobile":{"background-color":"var(--ast-global-color-5)","background-image":"","background-repeat":"repeat","background-position":"center center","background-size":"auto","background-attachment":"scroll","background-type":"","background-media":"","overlay-type":"","overlay-color":"","overlay-opacity":"","overlay-gradient":""}},"footnotes":""},"class_list":["post-5351","page","type-page","status-publish","hentry"],"acf":[],"_links":{"self":[{"href":"https:\/\/purenatural.eu\/es\/wp-json\/wp\/v2\/pages\/5351","targetHints":{"allow":["GET"]}}],"collection":[{"href":"https:\/\/purenatural.eu\/es\/wp-json\/wp\/v2\/pages"}],"about":[{"href":"https:\/\/purenatural.eu\/es\/wp-json\/wp\/v2\/types\/page"}],"author":[{"embeddable":true,"href":"https:\/\/purenatural.eu\/es\/wp-json\/wp\/v2\/users\/4519"}],"replies":[{"embeddable":true,"href":"https:\/\/purenatural.eu\/es\/wp-json\/wp\/v2\/comments?post=5351"}],"version-history":[{"count":0,"href":"https:\/\/purenatural.eu\/es\/wp-json\/wp\/v2\/pages\/5351\/revisions"}],"wp:attachment":[{"href":"https:\/\/purenatural.eu\/es\/wp-json\/wp\/v2\/media?parent=5351"}],"curies":[{"name":"wp","href":"https:\/\/api.w.org\/{rel}","templated":true}]}}