{"id":5384,"date":"2022-07-08T15:13:16","date_gmt":"2022-07-08T13:13:16","guid":{"rendered":"https:\/\/purenatural.eu\/envio\/"},"modified":"2023-06-27T20:06:10","modified_gmt":"2023-06-27T18:06:10","slug":"envio","status":"publish","type":"page","link":"https:\/\/purenatural.eu\/es\/envio\/","title":{"rendered":"Env\u00edo"},"content":{"rendered":"\t\t<div data-elementor-type=\"wp-page\" data-elementor-id=\"5384\" class=\"elementor elementor-5384 elementor-451\" data-elementor-post-type=\"page\">\n\t\t\t\t\t\t<section class=\"elementor-section elementor-top-section elementor-element elementor-element-9c2b4f7 elementor-section-boxed elementor-section-height-default elementor-section-height-default\" data-id=\"9c2b4f7\" data-element_type=\"section\" data-e-type=\"section\">\n\t\t\t\t\t\t<div class=\"elementor-container elementor-column-gap-default\">\n\t\t\t\t\t<div class=\"elementor-column elementor-col-100 elementor-top-column elementor-element elementor-element-f0938f2\" data-id=\"f0938f2\" data-element_type=\"column\" data-e-type=\"column\">\n\t\t\t<div class=\"elementor-widget-wrap elementor-element-populated\">\n\t\t\t\t\t\t<div class=\"elementor-element elementor-element-a5cc459 elementor-widget elementor-widget-text-editor\" data-id=\"a5cc459\" data-element_type=\"widget\" data-e-type=\"widget\" data-widget_type=\"text-editor.default\">\n\t\t\t\t<div class=\"elementor-widget-container\">\n\t\t\t\t\t\t\t\t\t<h2>Env\u00edo<\/h2>\n<p><span style=\"font-weight: 400;\">Realizamos env\u00edos a la Uni\u00f3n Europea, Noruega, Islandia, Suiza, Liechtenstein, M\u00f3naco y Andorra.<\/span><\/p>\n<p><span style=\"font-weight: 400;\">Trabajamos con socios de confianza (DHL,DPD, UPS, FEDEX, GLS) y siempre elegimos la forma m\u00e1s econ\u00f3mica de transportar su pedido en funci\u00f3n de los diferentes destinos. Tenga en cuenta que estos transportistas s\u00f3lo operan en d\u00edas laborables.  <\/span><\/p>\n<p><span style=\"font-weight: 400;\">El coste del env\u00edo se mostrar\u00e1 en la caja antes de confirmar su pedido.  <\/span><\/p>\n<p><span style=\"font-weight: 400;\">Los derechos de aduana o impuestos adicionales que pudieran cobrarse al entrar en el pa\u00eds de destino correr\u00e1n a cargo del comprador. No podemos incluir estos gastos en el art\u00edculo, por lo que le recomendamos que consulte con la autoridad aduanera del pa\u00eds de destino para determinar estos costes adicionales.<\/span><\/p>\n<p><span style=\"font-weight: 400;\">Una vez enviado su pedido, recibir\u00e1 un correo electr\u00f3nico con el enlace de seguimiento y localizaci\u00f3n del env\u00edo para que pueda seguir su pedido.<\/span><\/p>\n<p><span style=\"font-weight: 400;\">Nuestro objetivo es enviar los pedidos lo antes posible, normalmente el d\u00eda laborable siguiente a la recepci\u00f3n del pedido (si se realiza antes de las 17.00). Los plazos de entrega estimados son:<\/span><\/p>\n<ul>\n<li style=\"font-weight: 400;\" aria-level=\"1\"><b>Para entregas en el Benelux (Pa\u00edses Bajos, B\u00e9lgica, Luxemburgo):<\/b><span style=\"font-weight: 400;\"> 3-4 d\u00edas laborables.<\/span><\/li>\n<\/ul>\n<ul>\n<li style=\"font-weight: 400;\" aria-level=\"1\"><b>Para entregas en el resto de Europa:<\/b><span style=\"font-weight: 400;\"> 5-7 d\u00edas laborables (a excepci\u00f3n de destinos como islas o lugares remotos).<\/span><\/li>\n<\/ul>\n<p><span style=\"font-weight: 400;\">Una vez que su pedido ha sido procesado a trav\u00e9s de nuestro sistema, no podemos realizar ning\u00fan cambio ni proporcionar devoluciones de env\u00edo. Esto se debe a la rapidez de las compras en l\u00ednea, en las que los pedidos se procesan inmediatamente para que el paquete se env\u00ede lo antes posible.<\/span><\/p>\n<p><span style=\"font-weight: 400;\">Si no se encuentra en casa en el momento de la entrega del pedido, compruebe con el transportista la ubicaci\u00f3n del mismo. A veces volver\u00e1n a intentar entregarlo un par de veces m\u00e1s, o se lo dejar\u00e1n a sus vecinos o se lo dejar\u00e1n para que lo recoja en el dep\u00f3sito m\u00e1s cercano de la direcci\u00f3n de destino. Si no recoge su pedido, \u00e9ste nos ser\u00e1 devuelto. Como parte de nuestro servicio, cubriremos el coste de la devoluci\u00f3n y el coste de reenviarlo de nuevo. Cualquier gasto adicional posterior ser\u00e1 responsabilidad del comprador.  <\/span><\/p>\n<p><span style=\"font-weight: 400;\">Si su pedido se extrav\u00eda, despu\u00e9s de que el transportista lleve a cabo una investigaci\u00f3n de paquete extraviado, se lo volveremos a enviar sin coste alguno.<\/span><\/p>\n<p><span style=\"font-weight: 400;\">Lamentablemente, los pedidos no pueden recogerse en el almac\u00e9n ni en la direcci\u00f3n de la oficina.<\/span><\/p>\n\t\t\t\t\t\t\t\t<\/div>\n\t\t\t\t<\/div>\n\t\t\t\t\t<\/div>\n\t\t<\/div>\n\t\t\t\t\t<\/div>\n\t\t<\/section>\n\t\t\t\t<\/div>\n\t\t<span class=\"et_bloom_bottom_trigger\"><\/span>","protected":false},"excerpt":{"rendered":"<p>Env\u00edo Realizamos env\u00edos a la Uni\u00f3n Europea, Noruega, Islandia, Suiza, Liechtenstein, M\u00f3naco y Andorra. Trabajamos con socios de confianza (DHL,DPD, UPS, FEDEX, GLS) y siempre elegimos la forma m\u00e1s econ\u00f3mica [&hellip;]<\/p>\n","protected":false},"author":4519,"featured_media":0,"parent":0,"menu_order":131,"comment_status":"closed","ping_status":"closed","template":"","meta":{"_acf_changed":false,"site-sidebar-layout":"no-sidebar","site-content-layout":"page-builder","ast-site-content-layout":"default","site-content-style":"default","site-sidebar-style":"default","ast-global-header-display":"","ast-banner-title-visibility":"","ast-main-header-display":"","ast-hfb-above-header-display":"","ast-hfb-below-header-display":"","ast-hfb-mobile-header-display":"","site-post-title":"disabled","ast-breadcrumbs-content":"","ast-featured-img":"disabled","footer-sml-layout":"","ast-disable-related-posts":"","theme-transparent-header-meta":"","adv-header-id-meta":"","stick-header-meta":"","header-above-stick-meta":"","header-main-stick-meta":"","header-below-stick-meta":"","astra-migrate-meta-layouts":"default","ast-page-background-enabled":"default","ast-page-background-meta":{"desktop":{"background-color":"var(--ast-global-color-4)","background-image":"","background-repeat":"repeat","background-position":"center center","background-size":"auto","background-attachment":"scroll","background-type":"","background-media":"","overlay-type":"","overlay-color":"","overlay-opacity":"","overlay-gradient":""},"tablet":{"background-color":"","background-image":"","background-repeat":"repeat","background-position":"center center","background-size":"auto","background-attachment":"scroll","background-type":"","background-media":"","overlay-type":"","overlay-color":"","overlay-opacity":"","overlay-gradient":""},"mobile":{"background-color":"","background-image":"","background-repeat":"repeat","background-position":"center center","background-size":"auto","background-attachment":"scroll","background-type":"","background-media":"","overlay-type":"","overlay-color":"","overlay-opacity":"","overlay-gradient":""}},"ast-content-background-meta":{"desktop":{"background-color":"var(--ast-global-color-5)","background-image":"","background-repeat":"repeat","background-position":"center center","background-size":"auto","background-attachment":"scroll","background-type":"","background-media":"","overlay-type":"","overlay-color":"","overlay-opacity":"","overlay-gradient":""},"tablet":{"background-color":"var(--ast-global-color-5)","background-image":"","background-repeat":"repeat","background-position":"center center","background-size":"auto","background-attachment":"scroll","background-type":"","background-media":"","overlay-type":"","overlay-color":"","overlay-opacity":"","overlay-gradient":""},"mobile":{"background-color":"var(--ast-global-color-5)","background-image":"","background-repeat":"repeat","background-position":"center center","background-size":"auto","background-attachment":"scroll","background-type":"","background-media":"","overlay-type":"","overlay-color":"","overlay-opacity":"","overlay-gradient":""}},"footnotes":""},"class_list":["post-5384","page","type-page","status-publish","hentry"],"acf":[],"_links":{"self":[{"href":"https:\/\/purenatural.eu\/es\/wp-json\/wp\/v2\/pages\/5384","targetHints":{"allow":["GET"]}}],"collection":[{"href":"https:\/\/purenatural.eu\/es\/wp-json\/wp\/v2\/pages"}],"about":[{"href":"https:\/\/purenatural.eu\/es\/wp-json\/wp\/v2\/types\/page"}],"author":[{"embeddable":true,"href":"https:\/\/purenatural.eu\/es\/wp-json\/wp\/v2\/users\/4519"}],"replies":[{"embeddable":true,"href":"https:\/\/purenatural.eu\/es\/wp-json\/wp\/v2\/comments?post=5384"}],"version-history":[{"count":0,"href":"https:\/\/purenatural.eu\/es\/wp-json\/wp\/v2\/pages\/5384\/revisions"}],"wp:attachment":[{"href":"https:\/\/purenatural.eu\/es\/wp-json\/wp\/v2\/media?parent=5384"}],"curies":[{"name":"wp","href":"https:\/\/api.w.org\/{rel}","templated":true}]}}