{"id":5390,"date":"2022-11-10T06:39:36","date_gmt":"2022-11-10T05:39:36","guid":{"rendered":"https:\/\/purenatural.eu\/asmi-ayurveda\/"},"modified":"2024-06-20T15:20:44","modified_gmt":"2024-06-20T13:20:44","slug":"asmi-ayurveda","status":"publish","type":"page","link":"https:\/\/purenatural.eu\/es\/asmi-ayurveda\/","title":{"rendered":"\u0100SMI AYURVEDA"},"content":{"rendered":"\t\t<div data-elementor-type=\"wp-page\" data-elementor-id=\"5390\" class=\"elementor elementor-5390 elementor-2007\" data-elementor-post-type=\"page\">\n\t\t\t\t\t\t<section class=\"elementor-section elementor-top-section elementor-element elementor-element-af07034 elementor-section-boxed elementor-section-height-default elementor-section-height-default elementor-invisible\" data-id=\"af07034\" data-element_type=\"section\" data-e-type=\"section\" data-settings=\"{&quot;background_background&quot;:&quot;classic&quot;,&quot;animation&quot;:&quot;fadeIn&quot;}\">\n\t\t\t\t\t\t<div class=\"elementor-container elementor-column-gap-default\">\n\t\t\t\t\t<div class=\"elementor-column elementor-col-100 elementor-top-column elementor-element elementor-element-513be19b\" data-id=\"513be19b\" data-element_type=\"column\" data-e-type=\"column\">\n\t\t\t<div class=\"elementor-widget-wrap elementor-element-populated\">\n\t\t\t\t\t\t<div class=\"elementor-element elementor-element-59b18714 elementor-widget elementor-widget-heading\" data-id=\"59b18714\" data-element_type=\"widget\" data-e-type=\"widget\" data-widget_type=\"heading.default\">\n\t\t\t\t<div class=\"elementor-widget-container\">\n\t\t\t\t\t<h2 class=\"elementor-heading-title elementor-size-default\">\n\n\u0100SMI AYURVEDA<\/h2>\t\t\t\t<\/div>\n\t\t\t\t<\/div>\n\t\t\t\t<div class=\"elementor-element elementor-element-17dc776 elementor-widget elementor-widget-text-editor\" data-id=\"17dc776\" data-element_type=\"widget\" data-e-type=\"widget\" data-widget_type=\"text-editor.default\">\n\t\t\t\t<div class=\"elementor-widget-container\">\n\t\t\t\t\t\t\t\t\t<p><strong>El Ayurveda reimaginado<\/strong><\/p>\n\t\t\t\t\t\t\t\t<\/div>\n\t\t\t\t<\/div>\n\t\t\t\t<div class=\"elementor-element elementor-element-2a3cf90f elementor-widget elementor-widget-image\" data-id=\"2a3cf90f\" data-element_type=\"widget\" data-e-type=\"widget\" data-widget_type=\"image.default\">\n\t\t\t\t<div class=\"elementor-widget-container\">\n\t\t\t\t\t\t\t\t\t\t\t\t\t\t\t<img fetchpriority=\"high\" decoding=\"async\" width=\"1024\" height=\"446\" src=\"https:\/\/purenatural.eu\/wp-content\/uploads\/2022\/11\/logo-asmi-1024x446.png\" class=\"attachment-large size-large wp-image-16237\" alt=\"\" srcset=\"https:\/\/purenatural.eu\/wp-content\/uploads\/2022\/11\/logo-asmi-1024x446.png 1024w, https:\/\/purenatural.eu\/wp-content\/uploads\/2022\/11\/logo-asmi-600x261.png 600w, https:\/\/purenatural.eu\/wp-content\/uploads\/2022\/11\/logo-asmi-300x131.png 300w, https:\/\/purenatural.eu\/wp-content\/uploads\/2022\/11\/logo-asmi-768x335.png 768w, https:\/\/purenatural.eu\/wp-content\/uploads\/2022\/11\/logo-asmi-1320x575.png 1320w, https:\/\/purenatural.eu\/wp-content\/uploads\/2022\/11\/logo-asmi.png 1455w\" sizes=\"(max-width: 1024px) 100vw, 1024px\" title=\"\">\t\t\t\t\t\t\t\t\t\t\t\t\t\t\t<\/div>\n\t\t\t\t<\/div>\n\t\t\t\t<div class=\"elementor-element elementor-element-3f40c6d elementor-widget elementor-widget-text-editor\" data-id=\"3f40c6d\" data-element_type=\"widget\" data-e-type=\"widget\" data-widget_type=\"text-editor.default\">\n\t\t\t\t<div class=\"elementor-widget-container\">\n\t\t\t\t\t\t\t\t\t<p class=\"MsoNormal\" align=\"center\"><strong>Exquisitos aceites de masaje arom\u00e1ticos ayurv\u00e9dicos arraigados en la tradici\u00f3n, ecol\u00f3gicos, sostenibles, envasados de forma atractiva con dise\u00f1o n\u00f3rdico y socialmente integradores.<\/strong><\/p>\n\t\t\t\t\t\t\t\t<\/div>\n\t\t\t\t<\/div>\n\t\t\t\t<div class=\"elementor-element elementor-element-0ba3823 elementor-widget elementor-widget-image\" data-id=\"0ba3823\" data-element_type=\"widget\" data-e-type=\"widget\" data-widget_type=\"image.default\">\n\t\t\t\t<div class=\"elementor-widget-container\">\n\t\t\t\t\t\t\t\t\t\t\t\t\t\t\t<img decoding=\"async\" src=\"https:\/\/purenatural.eu\/wp-content\/uploads\/elementor\/thumbs\/ami-data-q6n74inel15gw8r0o4i0p2g75n1ges7bbvmstq9kw0.jpg\" title=\"ami-data\" alt=\"asmi\" loading=\"lazy\" \/>\t\t\t\t\t\t\t\t\t\t\t\t\t\t\t<\/div>\n\t\t\t\t<\/div>\n\t\t\t\t<div class=\"elementor-element elementor-element-35449e23 elementor-widget elementor-widget-heading\" data-id=\"35449e23\" data-element_type=\"widget\" data-e-type=\"widget\" data-widget_type=\"heading.default\">\n\t\t\t\t<div class=\"elementor-widget-container\">\n\t\t\t\t\t<h2 class=\"elementor-heading-title elementor-size-default\">Nuestros valores\n\n<\/h2>\t\t\t\t<\/div>\n\t\t\t\t<\/div>\n\t\t\t\t<div class=\"elementor-element elementor-element-7378b83f elementor-widget elementor-widget-text-editor\" data-id=\"7378b83f\" data-element_type=\"widget\" data-e-type=\"widget\" data-widget_type=\"text-editor.default\">\n\t\t\t\t<div class=\"elementor-widget-container\">\n\t\t\t\t\t\t\t\t\t<p><strong>\u0100smi significa \u00abYo soy\u00bb y representa el estilo de vida ayurv\u00e9dico moderno: puro, cercano a la naturaleza, individual y oportuno.<\/strong><\/p>\n<p><strong>\u0100smi es AYURVEDA VERDADERA, CLIMA POSITIVO e INCLUSIVO.<\/strong><\/p>\n\t\t\t\t\t\t\t\t<\/div>\n\t\t\t\t<\/div>\n\t\t\t\t<div class=\"elementor-element elementor-element-2ebc380 elementor-widget elementor-widget-image\" data-id=\"2ebc380\" data-element_type=\"widget\" data-e-type=\"widget\" data-widget_type=\"image.default\">\n\t\t\t\t<div class=\"elementor-widget-container\">\n\t\t\t\t\t\t\t\t\t\t\t\t\t\t\t<img decoding=\"async\" width=\"240\" height=\"240\" src=\"https:\/\/purenatural.eu\/wp-content\/uploads\/2022\/11\/aruve.png\" class=\"attachment-large size-large wp-image-16241\" alt=\"\" srcset=\"https:\/\/purenatural.eu\/wp-content\/uploads\/2022\/11\/aruve.png 240w, https:\/\/purenatural.eu\/wp-content\/uploads\/2022\/11\/aruve-100x100.png 100w, https:\/\/purenatural.eu\/wp-content\/uploads\/2022\/11\/aruve-150x150.png 150w\" sizes=\"(max-width: 240px) 100vw, 240px\" title=\"\">\t\t\t\t\t\t\t\t\t\t\t\t\t\t\t<\/div>\n\t\t\t\t<\/div>\n\t\t\t\t<div class=\"elementor-element elementor-element-29306e6 elementor-widget elementor-widget-text-editor\" data-id=\"29306e6\" data-element_type=\"widget\" data-e-type=\"widget\" data-widget_type=\"text-editor.default\">\n\t\t\t\t<div class=\"elementor-widget-container\">\n\t\t\t\t\t\t\t\t\t<p>En el centro de nuestra filosof\u00eda se encuentra el arte curativo indio del Ayurveda, de 5.000 a\u00f1os de antig\u00fcedad. Se basa en los cinco elementos de la naturaleza y los tres doshas individuales de cada persona. Trabajamos exclusivamente con renombrados expertos en Ayurveda para trasladar las ense\u00f1anzas hol\u00edsticas a nuestros productos.<\/p>\n\t\t\t\t\t\t\t\t<\/div>\n\t\t\t\t<\/div>\n\t\t\t\t<div class=\"elementor-element elementor-element-3a34f1f elementor-widget elementor-widget-image\" data-id=\"3a34f1f\" data-element_type=\"widget\" data-e-type=\"widget\" data-widget_type=\"image.default\">\n\t\t\t\t<div class=\"elementor-widget-container\">\n\t\t\t\t\t\t\t\t\t\t\t\t\t\t\t<img decoding=\"async\" width=\"240\" height=\"240\" src=\"https:\/\/purenatural.eu\/wp-content\/uploads\/2022\/11\/climate.png\" class=\"attachment-large size-large wp-image-16243\" alt=\"\" srcset=\"https:\/\/purenatural.eu\/wp-content\/uploads\/2022\/11\/climate.png 240w, https:\/\/purenatural.eu\/wp-content\/uploads\/2022\/11\/climate-100x100.png 100w, https:\/\/purenatural.eu\/wp-content\/uploads\/2022\/11\/climate-150x150.png 150w\" sizes=\"(max-width: 240px) 100vw, 240px\" title=\"\">\t\t\t\t\t\t\t\t\t\t\t\t\t\t\t<\/div>\n\t\t\t\t<\/div>\n\t\t\t\t<div class=\"elementor-element elementor-element-c81b589 elementor-widget elementor-widget-text-editor\" data-id=\"c81b589\" data-element_type=\"widget\" data-e-type=\"widget\" data-widget_type=\"text-editor.default\">\n\t\t\t\t<div class=\"elementor-widget-container\">\n\t\t\t\t\t\t\t\t\t<p>Adem\u00e1s de un enfoque consciente de nosotros mismos, para nosotros es importante un enfoque consciente de los recursos. Nuestras acciones son hol\u00edsticas, justas y positivas para el clima. La producci\u00f3n con ahorro de recursos es especialmente importante para nosotros. Nuestros materiales de envasado son vegetales y de origen local.<\/p>\n<p>Compartimos los mismos valores con nuestros socios, cuidadosamente seleccionados, para garantizar una cadena de suministro transparente con menos emisiones de CO2.<\/p>\n<p>Pero no s\u00f3lo queremos compensar las emisiones de CO2, tambi\u00e9n apoyamos la construcci\u00f3n de una planta de biog\u00e1s en la India. Permite a la poblaci\u00f3n local cocinar sin le\u00f1a y pretende acabar deliberadamente con la deforestaci\u00f3n de los bosques circundantes.<\/p>\n<p>As\u00ed protegemos el medio ambiente y al mismo tiempo mejoramos de forma sostenible la calidad de vida. Una situaci\u00f3n beneficiosa para todos, que se corresponde exactamente con los valores de \u0100smi.<\/p>\n\t\t\t\t\t\t\t\t<\/div>\n\t\t\t\t<\/div>\n\t\t\t\t<div class=\"elementor-element elementor-element-58075d4 elementor-widget elementor-widget-image\" data-id=\"58075d4\" data-element_type=\"widget\" data-e-type=\"widget\" data-widget_type=\"image.default\">\n\t\t\t\t<div class=\"elementor-widget-container\">\n\t\t\t\t\t\t\t\t\t\t\t\t\t\t\t<img loading=\"lazy\" decoding=\"async\" width=\"240\" height=\"240\" src=\"https:\/\/purenatural.eu\/wp-content\/uploads\/2022\/11\/inclusive.png\" class=\"attachment-large size-large wp-image-16245\" alt=\"\" srcset=\"https:\/\/purenatural.eu\/wp-content\/uploads\/2022\/11\/inclusive.png 240w, https:\/\/purenatural.eu\/wp-content\/uploads\/2022\/11\/inclusive-100x100.png 100w, https:\/\/purenatural.eu\/wp-content\/uploads\/2022\/11\/inclusive-150x150.png 150w\" sizes=\"(max-width: 240px) 100vw, 240px\" title=\"\">\t\t\t\t\t\t\t\t\t\t\t\t\t\t\t<\/div>\n\t\t\t\t<\/div>\n\t\t\t\t<div class=\"elementor-element elementor-element-6c7d91f elementor-widget elementor-widget-text-editor\" data-id=\"6c7d91f\" data-element_type=\"widget\" data-e-type=\"widget\" data-widget_type=\"text-editor.default\">\n\t\t\t\t<div class=\"elementor-widget-container\">\n\t\t\t\t\t\t\t\t\t<p>Todos formamos parte de una comunidad. Somos conscientes de ello y queremos vivirlo. Por eso la inclusi\u00f3n forma parte natural de nuestro ADN corporativo. Nuestro equipo est\u00e1 formado por 2.500 personas con y sin discapacidad. Nuestro lema es &nbsp;\u00ab\u00a1La diversidad es nuestra fuerza!\u00bb.<\/p>\n<p><\/p>\n<p>LAS PERSONAS QUE HAY DETR\u00c1S<\/p>\n<p><\/p>\n<p><strong>Murali Nair, Fundador<\/strong><\/p>\n<p>En la India, crec\u00ed en una regi\u00f3n llamada Kerala. All\u00ed viv\u00eda con mi familia en una granja con cientos de cocoteros y enormes arrozales. Kerala es el lugar de origen del ayurveda y, por tanto, tambi\u00e9n formaba parte de mi vida cotidiana. Cuando estaba enfermo, mi madre recog\u00eda hojas de tulsi del jard\u00edn para hacerme un t\u00e9. Utilizamos pasta fresca de hibisco casera como champ\u00fa.<br>Nosotros mismos formamos parte de la naturaleza y descubrimos en ella nuestros tesoros. Nos ense\u00f1aron a cuidarlo siempre. Tan importante como el amor por la naturaleza era siempre el amor por nuestros semejantes: Mi padre, que ten\u00eda el \u00fanico coche del pueblo, llevaba a todos los ni\u00f1os del barrio a la escuela cuando llov\u00eda, el m\u00e9dico de la familia atend\u00eda gratis a los pobres.<br>Tras trasladarme a Alemania para investigar y ense\u00f1ar sobre sostenibilidad y \u00e9tica econ\u00f3mica, puse en pr\u00e1ctica lo que ense\u00f1o y cre\u00e9 \u0100smi Ayurveda, una marca de estilo de vida con productos aut\u00e9nticos, desarrollados con expertos ayurv\u00e9dicos, que tiene un efecto positivo para el clima.<\/p>\n<p><strong>Sophia Cara Hahn, Cofundadora<\/strong><\/p>\n<p>Soy Sophia Cara Hahn, psic\u00f3loga empresarial (M.Sc.), profesora de yoga y en formaci\u00f3n para convertirme en consejera de salud ayurv\u00e9dica. Mi deseo es crear una base sana para las personas sobre la que puedan construirse la resiliencia y el equilibrio.<\/p>\n<p><\/p>\n<p><strong>Dr. Sreekrishnan, Mentor de Ayurveda<\/strong><\/p>\n<p>El Dr. Sreekrishnan es m\u00e9dico ayurv\u00e9dico de segunda generaci\u00f3n. Investig\u00f3 y ense\u00f1\u00f3 Ayurveda durante m\u00e1s de 35 a\u00f1os antes de crear su propia cl\u00ednica en Kerala. Su especialidad es la dermatolog\u00eda . Es el m\u00e9dico de cabecera de Murali y desarrolla las f\u00f3rmulas de los productos asmi.<\/p>\n<p>El Dr. Sreekrishnan fue seleccionado por el Ministerio indio de Ayurveda para formar a la pr\u00f3xima generaci\u00f3n de m\u00e9dicos. Su cl\u00ednica recibe pacientes de Asia, Europa y Estados Unidos. Todos los viernes, los pacientes que no pueden pagar la consulta son atendidos gratuitamente.<\/p>\n<p><\/p>\n<p><strong>&nbsp;<\/strong><strong style=\"font-style: inherit; color: var( --e-global-color-197cfdc ); font-family: var( --e-global-typography-text-font-family ), Sans-serif; text-transform: var( --e-global-typography-text-text-transform ); background-color: var( --e-global-color-48f25f1 );\">Nina Bruun, Dise\u00f1o<\/strong><\/p>\n<p>Nina Bruun es una consumada dise\u00f1adora danesa, ha recibido el premio Red Dot Design Award y su obra se ha incluido en la colecci\u00f3n permanente del Museo de Arte y Dise\u00f1o de Nueva York.<\/p>\t\t\t\t\t\t\t\t<\/div>\n\t\t\t\t<\/div>\n\t\t\t\t<div class=\"elementor-element elementor-element-879ff2b elementor-align-center elementor-widget elementor-widget-button\" data-id=\"879ff2b\" data-element_type=\"widget\" data-e-type=\"widget\" data-widget_type=\"button.default\">\n\t\t\t\t<div class=\"elementor-widget-container\">\n\t\t\t\t\t\t\t\t\t<div class=\"elementor-button-wrapper\">\n\t\t\t\t\t<a class=\"elementor-button elementor-button-link elementor-size-md\" href=\"https:\/\/purenatural.eu\/product-category\/shop-by-brand\/asmi\/\">\n\t\t\t\t\t\t<span class=\"elementor-button-content-wrapper\">\n\t\t\t\t\t\t<span class=\"elementor-button-icon\">\n\t\t\t\t<i aria-hidden=\"true\" class=\"fas fa-shopping-basket\"><\/i>\t\t\t<\/span>\n\t\t\t\t\t\t\t\t\t<span class=\"elementor-button-text\">Comprar productos ASMI  <\/span>\n\t\t\t\t\t<\/span>\n\t\t\t\t\t<\/a>\n\t\t\t\t<\/div>\n\t\t\t\t\t\t\t\t<\/div>\n\t\t\t\t<\/div>\n\t\t\t\t\t<\/div>\n\t\t<\/div>\n\t\t\t\t\t<\/div>\n\t\t<\/section>\n\t\t\t\t<\/div>\n\t\t<span class=\"et_bloom_bottom_trigger\"><\/span>","protected":false},"excerpt":{"rendered":"<p>\u0100SMI AYURVEDA El Ayurveda reimaginado Exquisitos aceites de masaje arom\u00e1ticos ayurv\u00e9dicos arraigados en la tradici\u00f3n, ecol\u00f3gicos, sostenibles, envasados de forma atractiva con dise\u00f1o n\u00f3rdico y socialmente integradores. Nuestros valores \u0100smi [&hellip;]<\/p>\n","protected":false},"author":4519,"featured_media":0,"parent":0,"menu_order":30,"comment_status":"closed","ping_status":"closed","template":"","meta":{"_acf_changed":false,"site-sidebar-layout":"no-sidebar","site-content-layout":"page-builder","ast-site-content-layout":"default","site-content-style":"default","site-sidebar-style":"default","ast-global-header-display":"","ast-banner-title-visibility":"","ast-main-header-display":"","ast-hfb-above-header-display":"","ast-hfb-below-header-display":"","ast-hfb-mobile-header-display":"","site-post-title":"disabled","ast-breadcrumbs-content":"","ast-featured-img":"disabled","footer-sml-layout":"","ast-disable-related-posts":"","theme-transparent-header-meta":"","adv-header-id-meta":"","stick-header-meta":"","header-above-stick-meta":"","header-main-stick-meta":"","header-below-stick-meta":"","astra-migrate-meta-layouts":"default","ast-page-background-enabled":"default","ast-page-background-meta":{"desktop":{"background-color":"var(--ast-global-color-4)","background-image":"","background-repeat":"repeat","background-position":"center center","background-size":"auto","background-attachment":"scroll","background-type":"","background-media":"","overlay-type":"","overlay-color":"","overlay-opacity":"","overlay-gradient":""},"tablet":{"background-color":"","background-image":"","background-repeat":"repeat","background-position":"center center","background-size":"auto","background-attachment":"scroll","background-type":"","background-media":"","overlay-type":"","overlay-color":"","overlay-opacity":"","overlay-gradient":""},"mobile":{"background-color":"","background-image":"","background-repeat":"repeat","background-position":"center center","background-size":"auto","background-attachment":"scroll","background-type":"","background-media":"","overlay-type":"","overlay-color":"","overlay-opacity":"","overlay-gradient":""}},"ast-content-background-meta":{"desktop":{"background-color":"var(--ast-global-color-5)","background-image":"","background-repeat":"repeat","background-position":"center center","background-size":"auto","background-attachment":"scroll","background-type":"","background-media":"","overlay-type":"","overlay-color":"","overlay-opacity":"","overlay-gradient":""},"tablet":{"background-color":"var(--ast-global-color-5)","background-image":"","background-repeat":"repeat","background-position":"center center","background-size":"auto","background-attachment":"scroll","background-type":"","background-media":"","overlay-type":"","overlay-color":"","overlay-opacity":"","overlay-gradient":""},"mobile":{"background-color":"var(--ast-global-color-5)","background-image":"","background-repeat":"repeat","background-position":"center center","background-size":"auto","background-attachment":"scroll","background-type":"","background-media":"","overlay-type":"","overlay-color":"","overlay-opacity":"","overlay-gradient":""}},"footnotes":""},"class_list":["post-5390","page","type-page","status-publish","hentry"],"acf":[],"_links":{"self":[{"href":"https:\/\/purenatural.eu\/es\/wp-json\/wp\/v2\/pages\/5390","targetHints":{"allow":["GET"]}}],"collection":[{"href":"https:\/\/purenatural.eu\/es\/wp-json\/wp\/v2\/pages"}],"about":[{"href":"https:\/\/purenatural.eu\/es\/wp-json\/wp\/v2\/types\/page"}],"author":[{"embeddable":true,"href":"https:\/\/purenatural.eu\/es\/wp-json\/wp\/v2\/users\/4519"}],"replies":[{"embeddable":true,"href":"https:\/\/purenatural.eu\/es\/wp-json\/wp\/v2\/comments?post=5390"}],"version-history":[{"count":0,"href":"https:\/\/purenatural.eu\/es\/wp-json\/wp\/v2\/pages\/5390\/revisions"}],"wp:attachment":[{"href":"https:\/\/purenatural.eu\/es\/wp-json\/wp\/v2\/media?parent=5390"}],"curies":[{"name":"wp","href":"https:\/\/api.w.org\/{rel}","templated":true}]}}