{"id":5410,"date":"2022-06-21T19:21:36","date_gmt":"2022-06-21T17:21:36","guid":{"rendered":"https:\/\/purenatural.eu\/acerca-de\/"},"modified":"2025-11-26T07:40:23","modified_gmt":"2025-11-26T06:40:23","slug":"acerca-de","status":"publish","type":"page","link":"https:\/\/purenatural.eu\/es\/acerca-de\/","title":{"rendered":"Acerca de"},"content":{"rendered":"\t\t<div data-elementor-type=\"wp-page\" data-elementor-id=\"5410\" class=\"elementor elementor-5410 elementor-185\" data-elementor-post-type=\"page\">\n\t\t\t\t\t\t<section class=\"elementor-section elementor-top-section elementor-element elementor-element-68b5a74 elementor-section-boxed elementor-section-height-default elementor-section-height-default\" data-id=\"68b5a74\" data-element_type=\"section\" data-e-type=\"section\">\n\t\t\t\t\t\t<div class=\"elementor-container elementor-column-gap-default\">\n\t\t\t\t\t<div class=\"elementor-column elementor-col-100 elementor-top-column elementor-element elementor-element-a960168\" data-id=\"a960168\" data-element_type=\"column\" data-e-type=\"column\">\n\t\t\t<div class=\"elementor-widget-wrap elementor-element-populated\">\n\t\t\t\t\t\t<section class=\"elementor-section elementor-inner-section elementor-element elementor-element-8f72219 elementor-section-boxed elementor-section-height-default elementor-section-height-default\" data-id=\"8f72219\" data-element_type=\"section\" data-e-type=\"section\">\n\t\t\t\t\t\t<div class=\"elementor-container elementor-column-gap-default\">\n\t\t\t\t\t<div class=\"elementor-column elementor-col-50 elementor-inner-column elementor-element elementor-element-30ba70a\" data-id=\"30ba70a\" data-element_type=\"column\" data-e-type=\"column\">\n\t\t\t<div class=\"elementor-widget-wrap elementor-element-populated\">\n\t\t\t\t\t\t<div class=\"elementor-element elementor-element-a47cfae elementor-widget elementor-widget-image\" data-id=\"a47cfae\" data-element_type=\"widget\" data-e-type=\"widget\" data-widget_type=\"image.default\">\n\t\t\t\t<div class=\"elementor-widget-container\">\n\t\t\t\t\t\t\t\t\t\t\t\t\t\t\t<img fetchpriority=\"high\" decoding=\"async\" width=\"682\" height=\"1024\" src=\"https:\/\/purenatural.eu\/wp-content\/uploads\/2023\/02\/gabriela-2022-682x1024.jpg\" class=\"attachment-large size-large wp-image-13633\" alt=\"\" srcset=\"https:\/\/purenatural.eu\/wp-content\/uploads\/2023\/02\/gabriela-2022-682x1024.jpg 682w, https:\/\/purenatural.eu\/wp-content\/uploads\/2023\/02\/gabriela-2022-600x901.jpg 600w, https:\/\/purenatural.eu\/wp-content\/uploads\/2023\/02\/gabriela-2022-200x300.jpg 200w, https:\/\/purenatural.eu\/wp-content\/uploads\/2023\/02\/gabriela-2022-768x1153.jpg 768w, https:\/\/purenatural.eu\/wp-content\/uploads\/2023\/02\/gabriela-2022.jpg 852w\" sizes=\"(max-width: 682px) 100vw, 682px\" title=\"\">\t\t\t\t\t\t\t\t\t\t\t\t\t\t\t<\/div>\n\t\t\t\t<\/div>\n\t\t\t\t\t<\/div>\n\t\t<\/div>\n\t\t\t\t<div class=\"elementor-column elementor-col-50 elementor-inner-column elementor-element elementor-element-a5aa8d4\" data-id=\"a5aa8d4\" data-element_type=\"column\" data-e-type=\"column\">\n\t\t\t<div class=\"elementor-widget-wrap elementor-element-populated\">\n\t\t\t\t\t\t<div class=\"elementor-element elementor-element-6aab8f7 elementor-widget elementor-widget-text-editor\" data-id=\"6aab8f7\" data-element_type=\"widget\" data-e-type=\"widget\" data-widget_type=\"text-editor.default\">\n\t\t\t\t<div class=\"elementor-widget-container\">\n\t\t\t\t\t\t\t\t\t<p><b>Gabriela Esteruelas Berlinguer<\/b><\/p>\n<p><b>Fundador de PureNatural.eu<\/b><\/p>\n<p>Gabriela, apasionada del Ayurveda y la naturaleza, trae a Europa las mejores marcas de belleza y estilo de vida ayurv\u00e9dicos de la India.<\/p>\n<p>Tras 20 a\u00f1os de experiencia en belleza y estilo de vida ayurv\u00e9dicos, a Gabriela le encanta compartir la sabidur\u00eda ayurv\u00e9dica y los maravillosos beneficios que una forma m\u00e1s natural de cuidarse puede aportar a su vida y al planeta Tierra.<\/p>\n<p>En una clase muy pr\u00e1ctica, Gabriela te guiar\u00e1 paso a paso a trav\u00e9s de rutinas naturales de cuidado facial y capilar que probar\u00e1s en ti mismo mientras aprendes sencillos trucos naturales para una piel y un cabello radiantes.<\/p>\n<p><a href=\"https:\/\/purenatural.eu\/es\/\">PureNatural.eu<\/a> ofrece formaciones aut\u00e9nticas y profundas en la ciencia del Ayurveda.  &nbsp;<\/p>\n<p>Nos encanta acercarte el aut\u00e9ntico conocimiento del Ayurveda.<\/p>\n<p><a href=\"https:\/\/purenatural.eu\/es\/talleres\/\">Talleres<\/a><\/p>\t\t\t\t\t\t\t\t<\/div>\n\t\t\t\t<\/div>\n\t\t\t\t\t<\/div>\n\t\t<\/div>\n\t\t\t\t\t<\/div>\n\t\t<\/section>\n\t\t\t\t\t<\/div>\n\t\t<\/div>\n\t\t\t\t\t<\/div>\n\t\t<\/section>\n\t\t\t\t<section class=\"elementor-section elementor-top-section elementor-element elementor-element-42a2c88 elementor-section-boxed elementor-section-height-default elementor-section-height-default\" data-id=\"42a2c88\" data-element_type=\"section\" data-e-type=\"section\">\n\t\t\t\t\t\t<div class=\"elementor-container elementor-column-gap-default\">\n\t\t\t\t\t<div class=\"elementor-column elementor-col-100 elementor-top-column elementor-element elementor-element-d270a80\" data-id=\"d270a80\" data-element_type=\"column\" data-e-type=\"column\">\n\t\t\t<div class=\"elementor-widget-wrap elementor-element-populated\">\n\t\t\t\t\t\t<div class=\"elementor-element elementor-element-675801ac elementor-widget elementor-widget-heading\" data-id=\"675801ac\" data-element_type=\"widget\" data-e-type=\"widget\" data-widget_type=\"heading.default\">\n\t\t\t\t<div class=\"elementor-widget-container\">\n\t\t\t\t\t<h3 class=\"elementor-heading-title elementor-size-default\">Acerca de PureNatural<\/h3>\t\t\t\t<\/div>\n\t\t\t\t<\/div>\n\t\t\t\t<div class=\"elementor-element elementor-element-7afdcfc elementor-widget elementor-widget-heading\" data-id=\"7afdcfc\" data-element_type=\"widget\" data-e-type=\"widget\" data-widget_type=\"heading.default\">\n\t\t\t\t<div class=\"elementor-widget-container\">\n\t\t\t\t\t<h3 class=\"elementor-heading-title elementor-size-default\">ESTAMOS ORGULLOSOS DE NUESTRA EXCLUSIVA SELECCI\u00d3N DE MARCAS DE BELLEZA AYURV\u00c9DICA Y NATURAL DE PRIMERA\nY PRODUCTOS DE ESTILO DE VIDA<br><\/h3>\t\t\t\t<\/div>\n\t\t\t\t<\/div>\n\t\t\t\t<div class=\"elementor-element elementor-element-d1f30e9 elementor-widget elementor-widget-image\" data-id=\"d1f30e9\" data-element_type=\"widget\" data-e-type=\"widget\" data-widget_type=\"image.default\">\n\t\t\t\t<div class=\"elementor-widget-container\">\n\t\t\t\t\t\t\t\t\t\t\t\t\t\t\t<img decoding=\"async\" src=\"https:\/\/purenatural.eu\/wp-content\/uploads\/\" title=\"\" alt=\"\" loading=\"lazy\">\t\t\t\t\t\t\t\t\t\t\t\t\t\t\t<\/div>\n\t\t\t\t<\/div>\n\t\t\t\t<div class=\"elementor-element elementor-element-5ce5a1fa elementor-widget elementor-widget-text-editor\" data-id=\"5ce5a1fa\" data-element_type=\"widget\" data-e-type=\"widget\" data-widget_type=\"text-editor.default\">\n\t\t\t\t<div class=\"elementor-widget-container\">\n\t\t\t\t\t\t\t\t\t<p>De acuerdo con nuestra filosof\u00eda \u00abS\u00e9 el cambio que quieres ver en el mundo\u00bb, s\u00f3lo te ofrecemos productos fabricados de forma socialmente responsable, utilizando ingredientes naturales, envases respetuosos con el medio ambiente o apoyando proyectos ben\u00e9ficos, al tiempo que mantienen un equilibrio entre ser deseables, elegantes y eficaces. En otras palabras, estamos especializados en productos de cuidado corporal PUROS, AUT\u00c9NTICOS y ELEGANTES.<\/p><p>El ayurveda es nuestra pasi\u00f3n y nuestra gu\u00eda diaria para estar cerca de la naturaleza. Nos hace muy felices compartir la sabidur\u00eda ayurv\u00e9dica con usted y, al mismo tiempo, promover el mercado de productos naturales para el cuidado del cuerpo. Es nuestra forma de contribuir a un planeta m\u00e1s limpio.<\/p><p>Nuestra sede est\u00e1 en los Pa\u00edses Bajos, un lugar excelente para los servicios log\u00edsticos y el transporte internacional.<\/p><p>Desde aqu\u00ed distribuimos por toda Europa a spas, salones, boutiques y consumidores finales.<\/p><p><strong>PARA NUESTROS CLIENTES PROFESIONALES OFRECEMOS:<\/strong><\/p><ul><li>una forma sencilla y eficaz de realizar pedidos a trav\u00e9s de nuestra tienda en l\u00ednea para profesionales,<\/li><li>entregas intraeuropeas eficaces,<\/li><li>ense\u00f1anzas aut\u00e9nticas y profundas sobre la ciencia del Ayurveda<\/li><\/ul><p style=\"font-size: 16px; font-style: normal; font-weight: 400;\">DEVOLVER: Estamos encantados de apoyar a dos hermosas fundaciones que ayudan a ni\u00f1os peque\u00f1os:<\/p><ul style=\"font-size: 16px; font-style: normal; font-weight: 400;\"><li style=\"font-size: 16px; font-weight: 400;\" aria-level=\"1\"><a style=\"color: #736232; transition-property: all;\" href=\"https:\/\/wearethevillage.nl\/\" target=\"_blank\" rel=\"noopener\">Wearethevillage.nl<\/a><br>Una fundaci\u00f3n creada por padres para padres con el fin de ayudar a los ni\u00f1os que sufren depresi\u00f3n y soledad.<\/li><\/ul>\t\t\t\t\t\t\t\t<\/div>\n\t\t\t\t<\/div>\n\t\t\t\t<div class=\"elementor-element elementor-element-f66b274 elementor-widget elementor-widget-image\" data-id=\"f66b274\" data-element_type=\"widget\" data-e-type=\"widget\" data-widget_type=\"image.default\">\n\t\t\t\t<div class=\"elementor-widget-container\">\n\t\t\t\t\t\t\t\t\t\t\t\t\t\t\t<img decoding=\"async\" width=\"414\" height=\"144\" src=\"https:\/\/purenatural.eu\/wp-content\/uploads\/2025\/11\/logo-donker.png\" class=\"attachment-large size-large wp-image-22890\" alt=\"\" title=\"\">\t\t\t\t\t\t\t\t\t\t\t\t\t\t\t<\/div>\n\t\t\t\t<\/div>\n\t\t\t\t<div class=\"elementor-element elementor-element-3111ba6 elementor-widget elementor-widget-text-editor\" data-id=\"3111ba6\" data-element_type=\"widget\" data-e-type=\"widget\" data-widget_type=\"text-editor.default\">\n\t\t\t\t<div class=\"elementor-widget-container\">\n\t\t\t\t\t\t\t\t\t<ul style=\"font-size: 16px; font-style: normal; font-weight: 400;\"><li style=\"font-size: 16px;\"><a style=\"color: #736232; transition-property: all;\" href=\"https:\/\/theblueturtlecentre.com\/WordPress3\/\" target=\"_blank\" rel=\"noopener\">The Blue Turtle Centre<\/a> <br>Una ONG con un centro educativo en Calcuta, una de las zonas m\u00e1s pobres del mundo, que ense\u00f1a a los ni\u00f1os a aprender, que es el primer paso para salir de la pobreza.<\/li><\/ul>\t\t\t\t\t\t\t\t<\/div>\n\t\t\t\t<\/div>\n\t\t\t\t<div class=\"elementor-element elementor-element-a22a9b9 elementor-widget elementor-widget-image\" data-id=\"a22a9b9\" data-element_type=\"widget\" data-e-type=\"widget\" data-widget_type=\"image.default\">\n\t\t\t\t<div class=\"elementor-widget-container\">\n\t\t\t\t\t\t\t\t\t\t\t\t\t\t\t<img decoding=\"async\" width=\"800\" height=\"479\" src=\"https:\/\/purenatural.eu\/wp-content\/uploads\/2022\/10\/blue-turtle.jpg\" class=\"attachment-large size-large wp-image-13207\" alt=\"\" srcset=\"https:\/\/purenatural.eu\/wp-content\/uploads\/2022\/10\/blue-turtle.jpg 800w, https:\/\/purenatural.eu\/wp-content\/uploads\/2022\/10\/blue-turtle-600x359.jpg 600w, https:\/\/purenatural.eu\/wp-content\/uploads\/2022\/10\/blue-turtle-300x180.jpg 300w, https:\/\/purenatural.eu\/wp-content\/uploads\/2022\/10\/blue-turtle-768x460.jpg 768w\" sizes=\"(max-width: 800px) 100vw, 800px\" title=\"\">\t\t\t\t\t\t\t\t\t\t\t\t\t\t\t<\/div>\n\t\t\t\t<\/div>\n\t\t\t\t<div class=\"elementor-element elementor-element-2917811 elementor-widget elementor-widget-image\" data-id=\"2917811\" data-element_type=\"widget\" data-e-type=\"widget\" data-widget_type=\"image.default\">\n\t\t\t\t<div class=\"elementor-widget-container\">\n\t\t\t\t\t\t\t\t\t\t\t\t\t\t\t<img loading=\"lazy\" decoding=\"async\" width=\"1024\" height=\"181\" src=\"https:\/\/purenatural.eu\/wp-content\/uploads\/2022\/10\/cropped-banner-blueturtle2-1024x181.png\" class=\"attachment-large size-large wp-image-13208\" alt=\"\" srcset=\"https:\/\/purenatural.eu\/wp-content\/uploads\/2022\/10\/cropped-banner-blueturtle2-1024x181.png 1024w, https:\/\/purenatural.eu\/wp-content\/uploads\/2022\/10\/cropped-banner-blueturtle2-600x106.png 600w, https:\/\/purenatural.eu\/wp-content\/uploads\/2022\/10\/cropped-banner-blueturtle2-300x53.png 300w, https:\/\/purenatural.eu\/wp-content\/uploads\/2022\/10\/cropped-banner-blueturtle2-768x135.png 768w, https:\/\/purenatural.eu\/wp-content\/uploads\/2022\/10\/cropped-banner-blueturtle2.png 1140w\" sizes=\"(max-width: 1024px) 100vw, 1024px\" title=\"\">\t\t\t\t\t\t\t\t\t\t\t\t\t\t\t<\/div>\n\t\t\t\t<\/div>\n\t\t\t\t\t<\/div>\n\t\t<\/div>\n\t\t\t\t\t<\/div>\n\t\t<\/section>\n\t\t\t\t<\/div>\n\t\t<span class=\"et_bloom_bottom_trigger\"><\/span>","protected":false},"excerpt":{"rendered":"<p>Gabriela Esteruelas Berlinguer Fundador de PureNatural.eu Gabriela, apasionada del Ayurveda y la naturaleza, trae a Europa las mejores marcas de belleza y estilo de vida ayurv\u00e9dicos de la India. Tras [&hellip;]<\/p>\n","protected":false},"author":4519,"featured_media":0,"parent":0,"menu_order":9,"comment_status":"closed","ping_status":"closed","template":"elementor_header_footer","meta":{"_acf_changed":false,"site-sidebar-layout":"default","site-content-layout":"","ast-site-content-layout":"default","site-content-style":"default","site-sidebar-style":"default","ast-global-header-display":"","ast-banner-title-visibility":"","ast-main-header-display":"","ast-hfb-above-header-display":"","ast-hfb-below-header-display":"","ast-hfb-mobile-header-display":"","site-post-title":"","ast-breadcrumbs-content":"","ast-featured-img":"","footer-sml-layout":"","ast-disable-related-posts":"","theme-transparent-header-meta":"","adv-header-id-meta":"","stick-header-meta":"","header-above-stick-meta":"","header-main-stick-meta":"","header-below-stick-meta":"","astra-migrate-meta-layouts":"default","ast-page-background-enabled":"default","ast-page-background-meta":{"desktop":{"background-color":"var(--ast-global-color-4)","background-image":"","background-repeat":"repeat","background-position":"center center","background-size":"auto","background-attachment":"scroll","background-type":"","background-media":"","overlay-type":"","overlay-color":"","overlay-opacity":"","overlay-gradient":""},"tablet":{"background-color":"","background-image":"","background-repeat":"repeat","background-position":"center center","background-size":"auto","background-attachment":"scroll","background-type":"","background-media":"","overlay-type":"","overlay-color":"","overlay-opacity":"","overlay-gradient":""},"mobile":{"background-color":"","background-image":"","background-repeat":"repeat","background-position":"center center","background-size":"auto","background-attachment":"scroll","background-type":"","background-media":"","overlay-type":"","overlay-color":"","overlay-opacity":"","overlay-gradient":""}},"ast-content-background-meta":{"desktop":{"background-color":"var(--ast-global-color-5)","background-image":"","background-repeat":"repeat","background-position":"center center","background-size":"auto","background-attachment":"scroll","background-type":"","background-media":"","overlay-type":"","overlay-color":"","overlay-opacity":"","overlay-gradient":""},"tablet":{"background-color":"var(--ast-global-color-5)","background-image":"","background-repeat":"repeat","background-position":"center center","background-size":"auto","background-attachment":"scroll","background-type":"","background-media":"","overlay-type":"","overlay-color":"","overlay-opacity":"","overlay-gradient":""},"mobile":{"background-color":"var(--ast-global-color-5)","background-image":"","background-repeat":"repeat","background-position":"center center","background-size":"auto","background-attachment":"scroll","background-type":"","background-media":"","overlay-type":"","overlay-color":"","overlay-opacity":"","overlay-gradient":""}},"footnotes":""},"class_list":["post-5410","page","type-page","status-publish","hentry"],"acf":[],"_links":{"self":[{"href":"https:\/\/purenatural.eu\/es\/wp-json\/wp\/v2\/pages\/5410","targetHints":{"allow":["GET"]}}],"collection":[{"href":"https:\/\/purenatural.eu\/es\/wp-json\/wp\/v2\/pages"}],"about":[{"href":"https:\/\/purenatural.eu\/es\/wp-json\/wp\/v2\/types\/page"}],"author":[{"embeddable":true,"href":"https:\/\/purenatural.eu\/es\/wp-json\/wp\/v2\/users\/4519"}],"replies":[{"embeddable":true,"href":"https:\/\/purenatural.eu\/es\/wp-json\/wp\/v2\/comments?post=5410"}],"version-history":[{"count":0,"href":"https:\/\/purenatural.eu\/es\/wp-json\/wp\/v2\/pages\/5410\/revisions"}],"wp:attachment":[{"href":"https:\/\/purenatural.eu\/es\/wp-json\/wp\/v2\/media?parent=5410"}],"curies":[{"name":"wp","href":"https:\/\/api.w.org\/{rel}","templated":true}]}}