{"id":5745,"date":"2023-03-31T12:34:37","date_gmt":"2023-03-31T10:34:37","guid":{"rendered":"https:\/\/purenatural.eu\/amanda-dries\/"},"modified":"2023-06-27T20:06:31","modified_gmt":"2023-06-27T18:06:31","slug":"amanda-dries","status":"publish","type":"page","link":"https:\/\/purenatural.eu\/es\/amanda-dries\/","title":{"rendered":"Amanda Dries"},"content":{"rendered":"\t\t<div data-elementor-type=\"wp-page\" data-elementor-id=\"5745\" class=\"elementor elementor-5745 elementor-4638\" data-elementor-post-type=\"page\">\n\t\t\t\t\t\t<section class=\"elementor-section elementor-top-section elementor-element elementor-element-d1b625c elementor-section-boxed elementor-section-height-default elementor-section-height-default\" data-id=\"d1b625c\" data-element_type=\"section\" data-e-type=\"section\">\n\t\t\t\t\t\t<div class=\"elementor-container elementor-column-gap-default\">\n\t\t\t\t\t<div class=\"elementor-column elementor-col-100 elementor-top-column elementor-element elementor-element-abe9c22\" data-id=\"abe9c22\" data-element_type=\"column\" data-e-type=\"column\">\n\t\t\t<div class=\"elementor-widget-wrap elementor-element-populated\">\n\t\t\t\t\t\t<div class=\"elementor-element elementor-element-d702bad elementor-widget elementor-widget-heading\" data-id=\"d702bad\" data-element_type=\"widget\" data-e-type=\"widget\" data-widget_type=\"heading.default\">\n\t\t\t\t<div class=\"elementor-widget-container\">\n\t\t\t\t\t<h2 class=\"elementor-heading-title elementor-size-default\">Amanda Dries<\/h2>\t\t\t\t<\/div>\n\t\t\t\t<\/div>\n\t\t\t\t\t<\/div>\n\t\t<\/div>\n\t\t\t\t\t<\/div>\n\t\t<\/section>\n\t\t\t\t<section class=\"elementor-section elementor-top-section elementor-element elementor-element-843bfb6 elementor-section-boxed elementor-section-height-default elementor-section-height-default\" data-id=\"843bfb6\" data-element_type=\"section\" data-e-type=\"section\">\n\t\t\t\t\t\t<div class=\"elementor-container elementor-column-gap-default\">\n\t\t\t\t\t<div class=\"elementor-column elementor-col-33 elementor-top-column elementor-element elementor-element-601e84f\" data-id=\"601e84f\" data-element_type=\"column\" data-e-type=\"column\">\n\t\t\t<div class=\"elementor-widget-wrap elementor-element-populated\">\n\t\t\t\t\t\t<div class=\"elementor-element elementor-element-f6ce476 elementor-widget elementor-widget-image\" data-id=\"f6ce476\" data-element_type=\"widget\" data-e-type=\"widget\" data-widget_type=\"image.default\">\n\t\t\t\t<div class=\"elementor-widget-container\">\n\t\t\t\t\t\t\t\t\t\t\t\t\t\t\t<img fetchpriority=\"high\" decoding=\"async\" width=\"521\" height=\"349\" src=\"https:\/\/purenatural.eu\/wp-content\/uploads\/2022\/08\/1_2_1_amanda-dries.jpeg\" class=\"attachment-large size-large wp-image-13179\" alt=\"\" srcset=\"https:\/\/purenatural.eu\/wp-content\/uploads\/2022\/08\/1_2_1_amanda-dries.jpeg 521w, https:\/\/purenatural.eu\/wp-content\/uploads\/2022\/08\/1_2_1_amanda-dries-300x201.jpeg 300w\" sizes=\"(max-width: 521px) 100vw, 521px\" title=\"\">\t\t\t\t\t\t\t\t\t\t\t\t\t\t\t<\/div>\n\t\t\t\t<\/div>\n\t\t\t\t\t<\/div>\n\t\t<\/div>\n\t\t\t\t<div class=\"elementor-column elementor-col-66 elementor-top-column elementor-element elementor-element-8fe3097\" data-id=\"8fe3097\" data-element_type=\"column\" data-e-type=\"column\">\n\t\t\t<div class=\"elementor-widget-wrap elementor-element-populated\">\n\t\t\t\t\t\t<div class=\"elementor-element elementor-element-b2d3c6d elementor-widget elementor-widget-text-editor\" data-id=\"b2d3c6d\" data-element_type=\"widget\" data-e-type=\"widget\" data-widget_type=\"text-editor.default\">\n\t\t\t\t<div class=\"elementor-widget-container\">\n\t\t\t\t\t\t\t\t\t<div>\n<p class=\"font8\"><span lang=\"EN-US\">Amanda, nacida en Gales, es una masajista ayurv\u00e9dica experimentada y practicante y tambi\u00e9n profesora de Yoga con su propia pr\u00e1ctica en Wassenaar en <\/span><a href=\"http:\/\/www.innersenses.nl\/\" target=\"_blank\" rel=\"noopener\">\n  <span lang=\"EN-US\">www.innersenses.nl<\/span>\n<\/a><span lang=\"EN-US\">.<\/span><\/p><\/div>\n<div>\n<p class=\"font8\"><span lang=\"EN-US\">Comenz\u00f3 <\/span> <span lang=\"EN-US\">sus<\/span> estudios para convertirse en m\u00e9dico ayurv\u00e9dico en la Academia de Estudios Ayurv\u00e9dicos<span lang=\"EN-US\"> en 2010<\/span>, donde se centraron en el texto v\u00e9dico cl\u00e1sico.<\/p>\n<\/div>\n<div>\n<p class=\"font8\">\n<\/p><\/div>\n<div>\n<p class=\"font8\">Tras conocer al maestro de yoga Yogi Shivan<span class=\"apple-converted-space\">&nbsp;<\/span>y a\u00f1os m\u00e1s tarde entrando en contacto con la practicante Tory Hyndman, se inspir\u00f3 en&nbsp;para estudiar Ayurveda y est\u00e1 muy agradecida a&nbsp;que&nbsp;la ayud\u00f3 a orientarse en esta direcci\u00f3n. Ayurveda era todo lo que hab\u00eda estado buscando. El estudio consisti\u00f3 en Ciencia Nutricional, Medicina herbal, tratamientos, yoga y t\u00e9cnicas de respiraci\u00f3n y c\u00f3mo ayudar y aconsejar a otros a llevar un estilo de vida m\u00e1s equilibrado. Lleg\u00f3 a su vida como<span lang=\"EN-US\">ten\u00eda<\/span>que llegar y le apasiona transmitir sus conocimientos a los dem\u00e1s.<\/p>\n<\/div>\n<div>\n<p class=\"font8\">\n<\/p><\/div>\n<div>\n<p class=\"font8\"><span lang=\"EN-US\">En<\/span> 2015 hizo sus pr\u00e1cticas en Kerela India, donde el doctor Vijith y la doctora Vidya tienen su cl\u00ednica y<span lang=\"EN-US\">hospital<\/span>(Sreekrishna Ayurveda Chikitsa Kendram).<span lang=\"EN-US\">. Aqu\u00ed  <\/span>los estudiantes tuvieron una intensa formaci\u00f3n pr\u00e1ctica y te\u00f3rica con pacientes, observando las preparaciones de remedios herbales y decocciones <span lang=\"EN-US\">ayurv\u00e9dicas <\/span>que se cultivaban en sus tierras.<\/p>\n<\/div>\n<div>\n<p class=\"font8\">\n<\/p><\/div>\n<div>\n<p class=\"font8\">Ayurveda es un estudio para toda la vida, Amanda desea seguir aprendiendo y creciendo con su propio desarrollo personal,&nbsp; ella espera dar a la gente la conciencia y proporcionar tratamientos curativos que ha aprendido a trav\u00e9s de sus maestros y Masters.<\/p>\n<\/div>\t\t\t\t\t\t\t\t<\/div>\n\t\t\t\t<\/div>\n\t\t\t\t\t<\/div>\n\t\t<\/div>\n\t\t\t\t\t<\/div>\n\t\t<\/section>\n\t\t\t\t<\/div>\n\t\t<span class=\"et_bloom_bottom_trigger\"><\/span>","protected":false},"excerpt":{"rendered":"<p>Amanda Dries Amanda, nacida en Gales, es una masajista ayurv\u00e9dica experimentada y practicante y tambi\u00e9n profesora de Yoga con su propia pr\u00e1ctica en Wassenaar en www.innersenses.nl . Comenz\u00f3 sus estudios [&hellip;]<\/p>\n","protected":false},"author":4519,"featured_media":0,"parent":0,"menu_order":33,"comment_status":"closed","ping_status":"closed","template":"","meta":{"_acf_changed":false,"site-sidebar-layout":"no-sidebar","site-content-layout":"page-builder","ast-site-content-layout":"default","site-content-style":"default","site-sidebar-style":"default","ast-global-header-display":"","ast-banner-title-visibility":"","ast-main-header-display":"","ast-hfb-above-header-display":"","ast-hfb-below-header-display":"","ast-hfb-mobile-header-display":"","site-post-title":"disabled","ast-breadcrumbs-content":"","ast-featured-img":"disabled","footer-sml-layout":"","ast-disable-related-posts":"","theme-transparent-header-meta":"","adv-header-id-meta":"","stick-header-meta":"","header-above-stick-meta":"","header-main-stick-meta":"","header-below-stick-meta":"","astra-migrate-meta-layouts":"default","ast-page-background-enabled":"default","ast-page-background-meta":{"desktop":{"background-color":"var(--ast-global-color-4)","background-image":"","background-repeat":"repeat","background-position":"center center","background-size":"auto","background-attachment":"scroll","background-type":"","background-media":"","overlay-type":"","overlay-color":"","overlay-opacity":"","overlay-gradient":""},"tablet":{"background-color":"","background-image":"","background-repeat":"repeat","background-position":"center center","background-size":"auto","background-attachment":"scroll","background-type":"","background-media":"","overlay-type":"","overlay-color":"","overlay-opacity":"","overlay-gradient":""},"mobile":{"background-color":"","background-image":"","background-repeat":"repeat","background-position":"center center","background-size":"auto","background-attachment":"scroll","background-type":"","background-media":"","overlay-type":"","overlay-color":"","overlay-opacity":"","overlay-gradient":""}},"ast-content-background-meta":{"desktop":{"background-color":"var(--ast-global-color-5)","background-image":"","background-repeat":"repeat","background-position":"center center","background-size":"auto","background-attachment":"scroll","background-type":"","background-media":"","overlay-type":"","overlay-color":"","overlay-opacity":"","overlay-gradient":""},"tablet":{"background-color":"var(--ast-global-color-5)","background-image":"","background-repeat":"repeat","background-position":"center center","background-size":"auto","background-attachment":"scroll","background-type":"","background-media":"","overlay-type":"","overlay-color":"","overlay-opacity":"","overlay-gradient":""},"mobile":{"background-color":"var(--ast-global-color-5)","background-image":"","background-repeat":"repeat","background-position":"center center","background-size":"auto","background-attachment":"scroll","background-type":"","background-media":"","overlay-type":"","overlay-color":"","overlay-opacity":"","overlay-gradient":""}},"footnotes":""},"class_list":["post-5745","page","type-page","status-publish","hentry"],"acf":[],"_links":{"self":[{"href":"https:\/\/purenatural.eu\/es\/wp-json\/wp\/v2\/pages\/5745","targetHints":{"allow":["GET"]}}],"collection":[{"href":"https:\/\/purenatural.eu\/es\/wp-json\/wp\/v2\/pages"}],"about":[{"href":"https:\/\/purenatural.eu\/es\/wp-json\/wp\/v2\/types\/page"}],"author":[{"embeddable":true,"href":"https:\/\/purenatural.eu\/es\/wp-json\/wp\/v2\/users\/4519"}],"replies":[{"embeddable":true,"href":"https:\/\/purenatural.eu\/es\/wp-json\/wp\/v2\/comments?post=5745"}],"version-history":[{"count":0,"href":"https:\/\/purenatural.eu\/es\/wp-json\/wp\/v2\/pages\/5745\/revisions"}],"wp:attachment":[{"href":"https:\/\/purenatural.eu\/es\/wp-json\/wp\/v2\/media?parent=5745"}],"curies":[{"name":"wp","href":"https:\/\/api.w.org\/{rel}","templated":true}]}}