{"id":14728,"date":"2023-06-26T16:28:29","date_gmt":"2023-06-26T14:28:29","guid":{"rendered":"https:\/\/purenatural.eu\/?post_type=product&#038;p=14728"},"modified":"2025-12-31T00:36:23","modified_gmt":"2025-12-30T23:36:23","slug":"brass-kindi-medium","status":"publish","type":"product","link":"https:\/\/purenatural.eu\/es\/producto\/brass-kindi-medium\/","title":{"rendered":"BRASS KINDI MEDIUM"},"content":{"rendered":"<h3>DETALLES<\/h3>\n<p>Este kindi tradicional de lat\u00f3n es un hermoso recipiente artesanal utilizado com\u00fanmente en el Ayurveda y en los hogares indios durante siglos. Fabricado en lat\u00f3n macizo, tiene un c\u00e1lido tono dorado y un dise\u00f1o sencillo y atemporal que refleja la artesan\u00eda tradicional. <\/p>\n<p>El kindi es un tipo de jarra que suele encontrarse en las casas antiguas de Kerala y que tradicionalmente se utiliza como recipiente sagrado en los rituales de culto hind\u00fa para dispensar agua bendita sin que las manos del usuario ensucien el agua.<\/p>\n<p>En la pr\u00e1ctica ayurv\u00e9dica, el kindi se utiliza tradicionalmente para verter aceites de masaje de hierbas calientes durante tratamientos como el Abhyanga (masaje de todo el cuerpo) o terapias corporales profesionales. El dise\u00f1o con pico permite un flujo suave y controlado del aceite, lo que ayuda a mantener la temperatura adecuada y garantiza una aplicaci\u00f3n suave y uniforme sobre la piel.<br \/>\nM\u00e1s all\u00e1 de su uso pr\u00e1ctico, el kindi de lat\u00f3n tambi\u00e9n tiene un valor simb\u00f3lico: representa la pureza, el cuidado y la atenci\u00f3n en los rituales diarios. Puede utilizarse para rutinas de autocuidado, rituales de limpieza o simplemente como un bello elemento decorativo en su hogar o espacio de tratamiento.  <\/p>\n<p>Sencillo, elegante y lleno de herencia: un amable recordatorio de la vida consciente y las tradiciones ancestrales.<\/p>\n<span class=\"et_bloom_bottom_trigger\"><\/span>","protected":false},"excerpt":{"rendered":"<p>Este kindi tradicional de lat\u00f3n es un hermoso recipiente artesanal utilizado com\u00fanmente en el Ayurveda y en los hogares indios durante siglos. Fabricado en lat\u00f3n macizo, tiene un c\u00e1lido tono dorado y un dise\u00f1o sencillo y atemporal que refleja la artesan\u00eda tradicional. <\/p>\n<p>El kindi es un tipo de jarra que suele encontrarse en las casas antiguas de Kerala y que tradicionalmente se utiliza como recipiente sagrado en los rituales de culto hind\u00fa para dispensar agua bendita sin que las manos del usuario ensucien el agua.<\/p>\n<p>En Ayurveda se utiliza para verter suavemente el aceite de hierbas caliente sobre el cuerpo para realizar el masaje.<\/p>\n","protected":false},"featured_media":22796,"comment_status":"open","ping_status":"closed","template":"","meta":{"_acf_changed":false,"site-sidebar-layout":"default","site-content-layout":"default","ast-site-content-layout":"default","site-content-style":"default","site-sidebar-style":"default","ast-global-header-display":"","ast-banner-title-visibility":"","ast-main-header-display":"","ast-hfb-above-header-display":"","ast-hfb-below-header-display":"","ast-hfb-mobile-header-display":"","site-post-title":"","ast-breadcrumbs-content":"","ast-featured-img":"","footer-sml-layout":"","ast-disable-related-posts":"","theme-transparent-header-meta":"default","adv-header-id-meta":"","stick-header-meta":"default","header-above-stick-meta":"","header-main-stick-meta":"","header-below-stick-meta":"","astra-migrate-meta-layouts":"set","ast-page-background-enabled":"default","ast-page-background-meta":{"desktop":{"background-color":"var(--ast-global-color-4)","background-image":"","background-repeat":"repeat","background-position":"center center","background-size":"auto","background-attachment":"scroll","background-type":"","background-media":"","overlay-type":"","overlay-color":"","overlay-opacity":"","overlay-gradient":""},"tablet":{"background-color":"","background-image":"","background-repeat":"repeat","background-position":"center center","background-size":"auto","background-attachment":"scroll","background-type":"","background-media":"","overlay-type":"","overlay-color":"","overlay-opacity":"","overlay-gradient":""},"mobile":{"background-color":"","background-image":"","background-repeat":"repeat","background-position":"center center","background-size":"auto","background-attachment":"scroll","background-type":"","background-media":"","overlay-type":"","overlay-color":"","overlay-opacity":"","overlay-gradient":""}},"ast-content-background-meta":{"desktop":{"background-color":"var(--ast-global-color-5)","background-image":"","background-repeat":"repeat","background-position":"center center","background-size":"auto","background-attachment":"scroll","background-type":"","background-media":"","overlay-type":"","overlay-color":"","overlay-opacity":"","overlay-gradient":""},"tablet":{"background-color":"var(--ast-global-color-5)","background-image":"","background-repeat":"repeat","background-position":"center center","background-size":"auto","background-attachment":"scroll","background-type":"","background-media":"","overlay-type":"","overlay-color":"","overlay-opacity":"","overlay-gradient":""},"mobile":{"background-color":"var(--ast-global-color-5)","background-image":"","background-repeat":"repeat","background-position":"center center","background-size":"auto","background-attachment":"scroll","background-type":"","background-media":"","overlay-type":"","overlay-color":"","overlay-opacity":"","overlay-gradient":""}}},"product_brand":[],"product_cat":[142,113,123,127,146,117,194],"product_tag":[],"class_list":{"0":"post-14728","1":"product","2":"type-product","3":"status-publish","4":"has-post-thumbnail","6":"product_cat-aceites","7":"product_cat-cuidado-corporal","8":"product_cat-cuidado-de-la-piel","9":"product_cat-cuidado-del-cabello","10":"product_cat-ideas-para-regalar","11":"product_cat-kama-ayurveda-es","12":"product_cat-material-de-marketing","13":"product_shipping_class-shipping_rate_01","14":"desktop-align-left","15":"tablet-align-left","16":"mobile-align-left","17":"ast-product-gallery-layout-horizontal-slider","18":"ast-product-tabs-layout-horizontal","20":"first","21":"outofstock","22":"taxable","23":"shipping-taxable","24":"purchasable","25":"product-type-simple"},"acf":[],"_links":{"self":[{"href":"https:\/\/purenatural.eu\/es\/wp-json\/wp\/v2\/product\/14728","targetHints":{"allow":["GET"]}}],"collection":[{"href":"https:\/\/purenatural.eu\/es\/wp-json\/wp\/v2\/product"}],"about":[{"href":"https:\/\/purenatural.eu\/es\/wp-json\/wp\/v2\/types\/product"}],"replies":[{"embeddable":true,"href":"https:\/\/purenatural.eu\/es\/wp-json\/wp\/v2\/comments?post=14728"}],"version-history":[{"count":0,"href":"https:\/\/purenatural.eu\/es\/wp-json\/wp\/v2\/product\/14728\/revisions"}],"wp:featuredmedia":[{"embeddable":true,"href":"https:\/\/purenatural.eu\/es\/wp-json\/wp\/v2\/media\/22796"}],"wp:attachment":[{"href":"https:\/\/purenatural.eu\/es\/wp-json\/wp\/v2\/media?parent=14728"}],"wp:term":[{"taxonomy":"product_brand","embeddable":true,"href":"https:\/\/purenatural.eu\/es\/wp-json\/wp\/v2\/product_brand?post=14728"},{"taxonomy":"product_cat","embeddable":true,"href":"https:\/\/purenatural.eu\/es\/wp-json\/wp\/v2\/product_cat?post=14728"},{"taxonomy":"product_tag","embeddable":true,"href":"https:\/\/purenatural.eu\/es\/wp-json\/wp\/v2\/product_tag?post=14728"}],"curies":[{"name":"wp","href":"https:\/\/api.w.org\/{rel}","templated":true}]}}