{"id":17124,"date":"2023-09-28T11:50:40","date_gmt":"2023-09-28T09:50:40","guid":{"rendered":"https:\/\/purenatural.eu\/product\/auntyb-toiletry-bag-anokhi-pink\/"},"modified":"2025-10-03T10:06:19","modified_gmt":"2025-10-03T08:06:19","slug":"aunty-b-toiletry-bags-anokhi-pink","status":"publish","type":"product","link":"https:\/\/purenatural.eu\/es\/producto\/aunty-b-toiletry-bags-anokhi-pink\/","title":{"rendered":"Aunty B &#8211; Toiletry Bag Anokhi Pink"},"content":{"rendered":"<p>Estamos encantados de traerte estos preciosos neceseres indios de algod\u00f3n estampado con bloques de Aunty B. Hechos a mano siguiendo el proceso tradicional t\u00edpico de la regi\u00f3n de Rajast\u00e1n en la India. Verde Kerala, Rosa Anokhi, Cal\u00e9ndula sobre Morado, Amarillo Anabelle,&#8230;. un oasis de flores, colores y vibraciones capaz de transportarnos al coraz\u00f3n de la India. Ideal neceser acolchado, neceser de maquillaje, perfecto para viajar o como bonito regalo \u00e9tico 100% algod\u00f3n en el exterior. Impreso a mano con tintes naturales. Interior bien acabado con pl\u00e1stico reciclable y compartimentos internos.<\/p>\n<span class=\"et_bloom_bottom_trigger\"><\/span>","protected":false},"excerpt":{"rendered":"<p>Preciosos neceseres de algod\u00f3n con estampado de bloques de la India. Verde Kerala, Rosa Anokhi, Cal\u00e9ndula sobre Morado, Amarillo Anabelle,&#8230;. un oasis de flores, colores y vibraciones capaz de transportarnos al coraz\u00f3n de la India. Ideal como neceser acolchado, neceser de maquillaje, perfecto para viajar o como bonito regalo \u00e9tico. 100% algod\u00f3n en el exterior. Impreso a mano con tintes naturales. Interior bien acabado con pl\u00e1stico reciclable y compartimentos internos. El tejido est\u00e1 estampado con la t\u00e9cnica tradicional del \u00abblock-print\u00bb, t\u00edpica de la regi\u00f3n india de Rajast\u00e1n. El block-print es un proceso artesanal tradicional en el que s\u00f3lo se utilizan tintes naturales. Mediante sellos tallados en madera, (uno para cada color del dibujo) se empapan en los tintes y se crea cada dibujo. El interior est\u00e1 forrado de pl\u00e1stico reciclable. Los tama\u00f1os mediano y grande tienen bolsillos interiores. Tres tama\u00f1os disponibles: Grande: Largo 28 cm. Alto 16 cm. Fondo 14 cm. Mediana: Largo 22 cm. Altura 14. Profundidad 12 cm. Peque\u00f1o: Largo 17 cm. Altura 12 cm. Profundidad 10 cm.<\/p>\n","protected":false},"featured_media":17098,"comment_status":"closed","ping_status":"closed","template":"","meta":{"_acf_changed":false,"site-sidebar-layout":"default","site-content-layout":"","ast-site-content-layout":"default","site-content-style":"default","site-sidebar-style":"default","ast-global-header-display":"","ast-banner-title-visibility":"","ast-main-header-display":"","ast-hfb-above-header-display":"","ast-hfb-below-header-display":"","ast-hfb-mobile-header-display":"","site-post-title":"","ast-breadcrumbs-content":"","ast-featured-img":"","footer-sml-layout":"","ast-disable-related-posts":"","theme-transparent-header-meta":"default","adv-header-id-meta":"","stick-header-meta":"default","header-above-stick-meta":"","header-main-stick-meta":"","header-below-stick-meta":"","astra-migrate-meta-layouts":"default","ast-page-background-enabled":"default","ast-page-background-meta":{"desktop":{"background-color":"var(--ast-global-color-4)","background-image":"","background-repeat":"repeat","background-position":"center center","background-size":"auto","background-attachment":"scroll","background-type":"","background-media":"","overlay-type":"","overlay-color":"","overlay-opacity":"","overlay-gradient":""},"tablet":{"background-color":"","background-image":"","background-repeat":"repeat","background-position":"center center","background-size":"auto","background-attachment":"scroll","background-type":"","background-media":"","overlay-type":"","overlay-color":"","overlay-opacity":"","overlay-gradient":""},"mobile":{"background-color":"","background-image":"","background-repeat":"repeat","background-position":"center center","background-size":"auto","background-attachment":"scroll","background-type":"","background-media":"","overlay-type":"","overlay-color":"","overlay-opacity":"","overlay-gradient":""}},"ast-content-background-meta":{"desktop":{"background-color":"var(--ast-global-color-5)","background-image":"","background-repeat":"repeat","background-position":"center center","background-size":"auto","background-attachment":"scroll","background-type":"","background-media":"","overlay-type":"","overlay-color":"","overlay-opacity":"","overlay-gradient":""},"tablet":{"background-color":"var(--ast-global-color-5)","background-image":"","background-repeat":"repeat","background-position":"center center","background-size":"auto","background-attachment":"scroll","background-type":"","background-media":"","overlay-type":"","overlay-color":"","overlay-opacity":"","overlay-gradient":""},"mobile":{"background-color":"var(--ast-global-color-5)","background-image":"","background-repeat":"repeat","background-position":"center center","background-size":"auto","background-attachment":"scroll","background-type":"","background-media":"","overlay-type":"","overlay-color":"","overlay-opacity":"","overlay-gradient":""}}},"product_brand":[],"product_cat":[257,255,240,113,172,123,196,127,114,143,146,150,139],"product_tag":[],"class_list":{"0":"post-17124","1":"product","2":"type-product","3":"status-publish","4":"has-post-thumbnail","6":"product_cat-aunty-b-es","7":"product_cat-toiletry-bags-es","8":"product_cat-shop-by-brand-es","9":"product_cat-cuidado-corporal","10":"product_cat-cuidado-de-la-boca","11":"product_cat-cuidado-de-la-piel","12":"product_cat-cuidado-de-las-unas","13":"product_cat-cuidado-del-cabello","14":"product_cat-cuidado-del-sol","15":"product_cat-cuidado-del-sueno","16":"product_cat-ideas-para-regalar","17":"product_cat-los-mas-vendidos","18":"product_cat-muestras-2","19":"product_shipping_class-shipping_rate_01","20":"desktop-align-left","21":"tablet-align-left","22":"mobile-align-left","23":"ast-product-gallery-layout-horizontal-slider","24":"ast-product-single-variable","25":"ast-product-tabs-layout-horizontal","27":"first","28":"instock","29":"taxable","30":"shipping-taxable","31":"purchasable","32":"product-type-variable","33":"has-default-attributes"},"acf":[],"_links":{"self":[{"href":"https:\/\/purenatural.eu\/es\/wp-json\/wp\/v2\/product\/17124","targetHints":{"allow":["GET"]}}],"collection":[{"href":"https:\/\/purenatural.eu\/es\/wp-json\/wp\/v2\/product"}],"about":[{"href":"https:\/\/purenatural.eu\/es\/wp-json\/wp\/v2\/types\/product"}],"replies":[{"embeddable":true,"href":"https:\/\/purenatural.eu\/es\/wp-json\/wp\/v2\/comments?post=17124"}],"version-history":[{"count":0,"href":"https:\/\/purenatural.eu\/es\/wp-json\/wp\/v2\/product\/17124\/revisions"}],"wp:featuredmedia":[{"embeddable":true,"href":"https:\/\/purenatural.eu\/es\/wp-json\/wp\/v2\/media\/17098"}],"wp:attachment":[{"href":"https:\/\/purenatural.eu\/es\/wp-json\/wp\/v2\/media?parent=17124"}],"wp:term":[{"taxonomy":"product_brand","embeddable":true,"href":"https:\/\/purenatural.eu\/es\/wp-json\/wp\/v2\/product_brand?post=17124"},{"taxonomy":"product_cat","embeddable":true,"href":"https:\/\/purenatural.eu\/es\/wp-json\/wp\/v2\/product_cat?post=17124"},{"taxonomy":"product_tag","embeddable":true,"href":"https:\/\/purenatural.eu\/es\/wp-json\/wp\/v2\/product_tag?post=17124"}],"curies":[{"name":"wp","href":"https:\/\/api.w.org\/{rel}","templated":true}]}}