{"id":17851,"date":"2023-10-18T18:49:54","date_gmt":"2023-10-18T16:49:54","guid":{"rendered":"https:\/\/purenatural.eu\/product\/kumkumadi-tailam-oil-with-additional-dispenser-10ml\/"},"modified":"2026-01-02T00:58:57","modified_gmt":"2026-01-01T23:58:57","slug":"kumkumadi-tailam-oil-10-ml","status":"publish","type":"product","link":"https:\/\/purenatural.eu\/es\/producto\/kumkumadi-tailam-oil-10-ml\/","title":{"rendered":"KUMKUMADI TAILAM OIL WITH ADDITIONAL DISPENSER 10ml"},"content":{"rendered":"<h3 style=\"margin-bottom: 10px;\">RESUMEN<\/h3>\n<p>Prescrita en Ayurveda para una tez resplandeciente y un tono de piel uniforme. Esta mezcla \u00fanica de aceites y hierbas est\u00e1 formulada para ayudar a que la piel luzca joven y sana.<\/p>\n<div>\n<p>El azafr\u00e1n era un preciado secreto de belleza utilizado por Rani Samyukta, la reina de Prithiviraj Chauhan, conocida por su embriagadora belleza. La leyenda cuenta que la reina se abastec\u00eda en secreto de un rico y raro ingrediente de los valles de Cachemira. El encantador azafr\u00e1n rojo le serv\u00eda para crear una poci\u00f3n m\u00e1gica que utilizaba como parte de su ritual de belleza nocturno.<\/p>\n<\/div>\n<p>En Ayurveda, el azafr\u00e1n puro poco com\u00fan ayuda a iluminar la tez. Los extractos de Indian Madder y Banyan tree ayudan a suavizar las l\u00edneas de expresi\u00f3n y a reparar los primeros signos del envejecimiento. El s\u00e1ndalo, el vetiver y el loto tienen un efecto refrescante y limpiador a la vez que eliminan las manchas. El regaliz, antis\u00e9ptico, protege contra las infecciones bacterianas y f\u00fangicas y tambi\u00e9n ayuda a mejorar la textura de la piel. Un tratamiento de belleza esencial para la noche.<\/p>\n<h3 style=\"margin-bottom: 10px;\">PRESTACIONES<\/h3>\n<ul class=\"bullet\">\n<li>100% natural<\/li>\n<li>Ilumina la piel apagada y repara la pigmentaci\u00f3n<\/li>\n<li>Minimiza las l\u00edneas de expresi\u00f3n y los signos del envejecimiento y protege de los da\u00f1os solares<\/li>\n<li>Alivia las ojeras<\/li>\n<li>Ayuda a nutrir e hidratar la piel de forma natural<\/li>\n<li>Ayuda a reafirmar la piel y a prevenir el acn\u00e9<\/li>\n<\/ul>\n<h3 style=\"margin-bottom: 10px;\">QU\u00c9 ESPERAR<\/h3>\n<div id=\"description\" class=\"data item content\" role=\"tabpanel\" data-role=\"content\" aria-labelledby=\"tab-label-description\" aria-hidden=\"false\">\n<div class=\"product attribute description\">\n<div class=\"value\">\n<div id=\"description\" class=\"data item content\" role=\"tabpanel\" data-role=\"content\" aria-labelledby=\"tab-label-description\" aria-hidden=\"false\">\n<div class=\"product attribute description\">\n<div class=\"value\">\n<div id=\"description\" class=\"data item content\" role=\"tabpanel\" data-role=\"content\" aria-labelledby=\"tab-label-description\" aria-hidden=\"false\">\n<div class=\"product attribute description\">\n<div class=\"value\">\n<div id=\"description\" class=\"data item content\" role=\"tabpanel\" data-role=\"content\" aria-labelledby=\"tab-label-description\" aria-hidden=\"false\">\n<div class=\"product attribute description\">\n<div class=\"value\">\n<div id=\"description\" class=\"data item content\" role=\"tabpanel\" data-role=\"content\" aria-labelledby=\"tab-label-description\" aria-hidden=\"false\">\n<div class=\"product attribute description\">\n<div class=\"value\">\n<div id=\"description\" class=\"data item content\" role=\"tabpanel\" data-role=\"content\" aria-labelledby=\"tab-label-description\" aria-hidden=\"false\">\n<div class=\"product attribute description\">\n<div class=\"value\">\n<p>Un aceite facial no pegajoso con un rico tinte anaranjado que se absorbe r\u00e1pidamente en la piel h\u00fameda. Ideal para uso nocturno, pero tambi\u00e9n puede utilizarse durante el d\u00eda siempre que no haya exposici\u00f3n directa al sol, sobre todo en los meses de verano.<\/p>\n<\/div>\n<\/div>\n<\/div>\n<\/div>\n<\/div>\n<\/div>\n<\/div>\n<\/div>\n<\/div>\n<\/div>\n<\/div>\n<\/div>\n<\/div>\n<\/div>\n<\/div>\n<\/div>\n<\/div>\n<\/div>\n<span class=\"et_bloom_bottom_trigger\"><\/span>","protected":false},"excerpt":{"rendered":"<div class=\"product attribute overview\">\n<p>10 ML<\/p>\n<div class=\"product attribute overview\">\n<div class=\"value\">\n<div class=\"product attribute overview\">\n<div class=\"value\">\n<p>Este cl\u00e1sico suero de noche ayurv\u00e9dico elaborado con el legendario aceite de Kumkumadi se prescribe en Ayurveda para pieles apagadas, pigmentadas, da\u00f1adas y envejecidas.<\/p>\n<div>\n<p>Kumkumadi Tailam de Sadhev es un ex\u00f3tico suero nocturno que proporciona un brillo dorado v\u00e9dico mediante una delicada combinaci\u00f3n de ricos ingredientes como el azafr\u00e1n, el aloe vera, el s\u00e1ndalo y el vetiver, junto con la esencia de una sabidur\u00eda ayurv\u00e9dica de 200 a\u00f1os de antig\u00fcedad.<\/p>\n<p>&nbsp;<\/p>\n<\/div>\n<\/div>\n<\/div>\n<\/div>\n<\/div>\n<\/div>\n","protected":false},"featured_media":17716,"comment_status":"open","ping_status":"closed","template":"","meta":{"_acf_changed":false,"site-sidebar-layout":"default","site-content-layout":"","ast-site-content-layout":"default","site-content-style":"default","site-sidebar-style":"default","ast-global-header-display":"","ast-banner-title-visibility":"","ast-main-header-display":"","ast-hfb-above-header-display":"","ast-hfb-below-header-display":"","ast-hfb-mobile-header-display":"","site-post-title":"","ast-breadcrumbs-content":"","ast-featured-img":"","footer-sml-layout":"","ast-disable-related-posts":"","theme-transparent-header-meta":"default","adv-header-id-meta":"","stick-header-meta":"default","header-above-stick-meta":"","header-main-stick-meta":"","header-below-stick-meta":"","astra-migrate-meta-layouts":"default","ast-page-background-enabled":"default","ast-page-background-meta":{"desktop":{"background-color":"var(--ast-global-color-4)","background-image":"","background-repeat":"repeat","background-position":"center center","background-size":"auto","background-attachment":"scroll","background-type":"","background-media":"","overlay-type":"","overlay-color":"","overlay-opacity":"","overlay-gradient":""},"tablet":{"background-color":"","background-image":"","background-repeat":"repeat","background-position":"center center","background-size":"auto","background-attachment":"scroll","background-type":"","background-media":"","overlay-type":"","overlay-color":"","overlay-opacity":"","overlay-gradient":""},"mobile":{"background-color":"","background-image":"","background-repeat":"repeat","background-position":"center center","background-size":"auto","background-attachment":"scroll","background-type":"","background-media":"","overlay-type":"","overlay-color":"","overlay-opacity":"","overlay-gradient":""}},"ast-content-background-meta":{"desktop":{"background-color":"var(--ast-global-color-5)","background-image":"","background-repeat":"repeat","background-position":"center center","background-size":"auto","background-attachment":"scroll","background-type":"","background-media":"","overlay-type":"","overlay-color":"","overlay-opacity":"","overlay-gradient":""},"tablet":{"background-color":"var(--ast-global-color-5)","background-image":"","background-repeat":"repeat","background-position":"center center","background-size":"auto","background-attachment":"scroll","background-type":"","background-media":"","overlay-type":"","overlay-color":"","overlay-opacity":"","overlay-gradient":""},"mobile":{"background-color":"var(--ast-global-color-5)","background-image":"","background-repeat":"repeat","background-position":"center center","background-size":"auto","background-attachment":"scroll","background-type":"","background-media":"","overlay-type":"","overlay-color":"","overlay-opacity":"","overlay-gradient":""}}},"product_brand":[],"product_cat":[159,135,123,115,185,168],"product_tag":[],"class_list":{"0":"post-17851","1":"product","2":"type-product","3":"status-publish","4":"has-post-thumbnail","6":"product_cat-abrillantador","7":"product_cat-antiedad","8":"product_cat-cuidado-de-la-piel","9":"product_cat-equilibrio-vata","10":"product_cat-sadhev-es","11":"product_cat-sueros","12":"product_shipping_class-shipping_rate_01","13":"desktop-align-left","14":"tablet-align-left","15":"mobile-align-left","16":"ast-product-gallery-layout-horizontal-slider","17":"ast-product-tabs-layout-horizontal","19":"first","20":"outofstock","21":"taxable","22":"shipping-taxable","23":"purchasable","24":"product-type-simple"},"acf":[],"_links":{"self":[{"href":"https:\/\/purenatural.eu\/es\/wp-json\/wp\/v2\/product\/17851","targetHints":{"allow":["GET"]}}],"collection":[{"href":"https:\/\/purenatural.eu\/es\/wp-json\/wp\/v2\/product"}],"about":[{"href":"https:\/\/purenatural.eu\/es\/wp-json\/wp\/v2\/types\/product"}],"replies":[{"embeddable":true,"href":"https:\/\/purenatural.eu\/es\/wp-json\/wp\/v2\/comments?post=17851"}],"version-history":[{"count":0,"href":"https:\/\/purenatural.eu\/es\/wp-json\/wp\/v2\/product\/17851\/revisions"}],"wp:featuredmedia":[{"embeddable":true,"href":"https:\/\/purenatural.eu\/es\/wp-json\/wp\/v2\/media\/17716"}],"wp:attachment":[{"href":"https:\/\/purenatural.eu\/es\/wp-json\/wp\/v2\/media?parent=17851"}],"wp:term":[{"taxonomy":"product_brand","embeddable":true,"href":"https:\/\/purenatural.eu\/es\/wp-json\/wp\/v2\/product_brand?post=17851"},{"taxonomy":"product_cat","embeddable":true,"href":"https:\/\/purenatural.eu\/es\/wp-json\/wp\/v2\/product_cat?post=17851"},{"taxonomy":"product_tag","embeddable":true,"href":"https:\/\/purenatural.eu\/es\/wp-json\/wp\/v2\/product_tag?post=17851"}],"curies":[{"name":"wp","href":"https:\/\/api.w.org\/{rel}","templated":true}]}}