{"id":19803,"date":"2023-10-25T20:07:17","date_gmt":"2023-10-25T18:07:17","guid":{"rendered":"https:\/\/purenatural.eu\/product\/aloe-vera-gel-with-saffron-and-kumkumadi-thailam-50gr\/"},"modified":"2026-01-02T00:59:11","modified_gmt":"2026-01-01T23:59:11","slug":"aloe-vera-gel-with-saffron-and-kumkumadi-thailam-50gr","status":"publish","type":"product","link":"https:\/\/purenatural.eu\/es\/producto\/aloe-vera-gel-with-saffron-and-kumkumadi-thailam-50gr\/","title":{"rendered":"Gel de Aloe Vera con &amp; Azafr\u00e1n y Kumkumadi Thailam 50gr"},"content":{"rendered":"<p>La belleza intemporal de la emperatriz mogol Nur Jahan era la fuente constante de envidias susurradas en los pasillos reales. La luz del mundo\u00bb, como su nombre indica, era una mujer de una belleza embriagadora que cre\u00eda en las recetas de belleza tradicionales persas para mantener su piel sensual y resplandeciente. Su r\u00e9gimen diario inclu\u00eda el uso de ricos ingredientes como el azafr\u00e1n y el aloe vera verde que crec\u00eda en sus jardines reales.<\/p>\n<p>El Gel de Aloe Vera y Azafr\u00e1n con Kumkumadi Thailam de Sadhev es una fusi\u00f3n milagrosa de Aloe, Azafr\u00e1n y el amor puro de nuestros antepasados que proporciona a la piel un brillo exquisito y una belleza duradera.<\/p>\n<h3><strong>\u00bfA qui\u00e9n va dirigido?  <\/strong><\/h3>\n<p>El Gel de Aloe Vera y Azafr\u00e1n con Kumkumadi Thailam de Sadhev es un elixir milagroso que humecta la piel, la hidrata y la protege del sol y del polvo. Nutre la piel en profundidad, la regenera, mejora la tez, reduce las manchas y la deja suave como un p\u00e9talo.<\/p>\n<h3><strong>La ventaja Sadhev:<\/strong><\/h3>\n<p>El Gel de Aloe Vera y Azafr\u00e1n con Kumkumadi Thailam de Sadhev mezcla aloe, azafr\u00e1n, kumkumadi tailam y la esencia de una sabidur\u00eda ancestral de 200 a\u00f1os. Utiliza Aloe vera cultivado con amor y cuidado, en la granja ayurv\u00e9dica 100% org\u00e1nica Sadhevana de Sadhev. Contiene ex\u00f3tico azafr\u00e1n rojo que se extrae cuidadosamente en las 24 horas siguientes a su recolecci\u00f3n en los valles de Cachemira para dar un resplandor natural a la piel.<\/p>\n<p>Suave con la tierra y con nuestra piel, este producto es 100% natural, vegano, sin crueldad, a base de plantas, sin petroqu\u00edmicos, parabenos, ftalatos, sulfatos, colorantes sint\u00e9ticos, fragancias artificiales, aditivos y otras sustancias sint\u00e9ticas.<\/p>\n<p>Nos enorgullecemos de dedicar tiempo y elaborar a mano cada uno de nuestros productos para encantarle con un Ayurveda de la m\u00e1xima calidad. Todos nuestros envases son de la m\u00e1xima calidad para garantizar que la biopotencia de nuestros ingredientes se mantenga intacta a lo largo de su viaje con nuestro producto.<\/p>\n<p>Tu compra nos ayuda a devolverle algo a la madre naturaleza. Plantaremos un \u00e1rbol con cada compra de Sadhev.<\/p>\n<span class=\"et_bloom_bottom_trigger\"><\/span>","protected":false},"excerpt":{"rendered":"<p>100 gr<\/p>\n<p>El Gel de Aloe Vera y Azafr\u00e1n de Sadhev con Kumkumadi Thailam es una fusi\u00f3n milagrosa de Aloe, Azafr\u00e1n y el amor puro de nuestros antepasados que proporciona a la piel un brillo exquisito y una belleza duradera.<\/p>\n","protected":false},"featured_media":17901,"comment_status":"open","ping_status":"closed","template":"","meta":{"_acf_changed":false,"site-sidebar-layout":"default","site-content-layout":"","ast-site-content-layout":"default","site-content-style":"default","site-sidebar-style":"default","ast-global-header-display":"","ast-banner-title-visibility":"","ast-main-header-display":"","ast-hfb-above-header-display":"","ast-hfb-below-header-display":"","ast-hfb-mobile-header-display":"","site-post-title":"","ast-breadcrumbs-content":"","ast-featured-img":"","footer-sml-layout":"","ast-disable-related-posts":"","theme-transparent-header-meta":"default","adv-header-id-meta":"","stick-header-meta":"default","header-above-stick-meta":"","header-main-stick-meta":"","header-below-stick-meta":"","astra-migrate-meta-layouts":"default","ast-page-background-enabled":"default","ast-page-background-meta":{"desktop":{"background-color":"var(--ast-global-color-4)","background-image":"","background-repeat":"repeat","background-position":"center center","background-size":"auto","background-attachment":"scroll","background-type":"","background-media":"","overlay-type":"","overlay-color":"","overlay-opacity":"","overlay-gradient":""},"tablet":{"background-color":"","background-image":"","background-repeat":"repeat","background-position":"center center","background-size":"auto","background-attachment":"scroll","background-type":"","background-media":"","overlay-type":"","overlay-color":"","overlay-opacity":"","overlay-gradient":""},"mobile":{"background-color":"","background-image":"","background-repeat":"repeat","background-position":"center center","background-size":"auto","background-attachment":"scroll","background-type":"","background-media":"","overlay-type":"","overlay-color":"","overlay-opacity":"","overlay-gradient":""}},"ast-content-background-meta":{"desktop":{"background-color":"var(--ast-global-color-5)","background-image":"","background-repeat":"repeat","background-position":"center center","background-size":"auto","background-attachment":"scroll","background-type":"","background-media":"","overlay-type":"","overlay-color":"","overlay-opacity":"","overlay-gradient":""},"tablet":{"background-color":"var(--ast-global-color-5)","background-image":"","background-repeat":"repeat","background-position":"center center","background-size":"auto","background-attachment":"scroll","background-type":"","background-media":"","overlay-type":"","overlay-color":"","overlay-opacity":"","overlay-gradient":""},"mobile":{"background-color":"var(--ast-global-color-5)","background-image":"","background-repeat":"repeat","background-position":"center center","background-size":"auto","background-attachment":"scroll","background-type":"","background-media":"","overlay-type":"","overlay-color":"","overlay-opacity":"","overlay-gradient":""}}},"product_brand":[],"product_cat":[240,159,186,135,187,123,114,116,131,139,185,137,168],"product_tag":[],"class_list":{"0":"post-19803","1":"product","2":"type-product","3":"status-publish","4":"has-post-thumbnail","6":"product_cat-shop-by-brand-es","7":"product_cat-abrillantador","8":"product_cat-antiacne","9":"product_cat-antiedad","10":"product_cat-control-de-aceite","11":"product_cat-cuidado-de-la-piel","12":"product_cat-cuidado-del-sol","13":"product_cat-equilibrio-pitta","14":"product_cat-hidratantes","15":"product_cat-muestras-2","16":"product_cat-sadhev-es","17":"product_cat-sequedad","18":"product_cat-sueros","19":"product_shipping_class-shipping_rate_01","20":"desktop-align-left","21":"tablet-align-left","22":"mobile-align-left","23":"ast-product-gallery-layout-horizontal-slider","24":"ast-product-tabs-layout-horizontal","26":"first","27":"instock","28":"taxable","29":"shipping-taxable","30":"purchasable","31":"product-type-simple"},"acf":[],"_links":{"self":[{"href":"https:\/\/purenatural.eu\/es\/wp-json\/wp\/v2\/product\/19803","targetHints":{"allow":["GET"]}}],"collection":[{"href":"https:\/\/purenatural.eu\/es\/wp-json\/wp\/v2\/product"}],"about":[{"href":"https:\/\/purenatural.eu\/es\/wp-json\/wp\/v2\/types\/product"}],"replies":[{"embeddable":true,"href":"https:\/\/purenatural.eu\/es\/wp-json\/wp\/v2\/comments?post=19803"}],"version-history":[{"count":0,"href":"https:\/\/purenatural.eu\/es\/wp-json\/wp\/v2\/product\/19803\/revisions"}],"wp:featuredmedia":[{"embeddable":true,"href":"https:\/\/purenatural.eu\/es\/wp-json\/wp\/v2\/media\/17901"}],"wp:attachment":[{"href":"https:\/\/purenatural.eu\/es\/wp-json\/wp\/v2\/media?parent=19803"}],"wp:term":[{"taxonomy":"product_brand","embeddable":true,"href":"https:\/\/purenatural.eu\/es\/wp-json\/wp\/v2\/product_brand?post=19803"},{"taxonomy":"product_cat","embeddable":true,"href":"https:\/\/purenatural.eu\/es\/wp-json\/wp\/v2\/product_cat?post=19803"},{"taxonomy":"product_tag","embeddable":true,"href":"https:\/\/purenatural.eu\/es\/wp-json\/wp\/v2\/product_tag?post=19803"}],"curies":[{"name":"wp","href":"https:\/\/api.w.org\/{rel}","templated":true}]}}