{"id":19835,"date":"2024-04-24T16:00:54","date_gmt":"2024-04-24T14:00:54","guid":{"rendered":"https:\/\/purenatural.eu\/product\/ayurvedic-shampoo-8-ml\/"},"modified":"2026-01-02T00:59:27","modified_gmt":"2026-01-01T23:59:27","slug":"ayurvedic-shampoo-8-ml","status":"publish","type":"product","link":"https:\/\/purenatural.eu\/es\/producto\/ayurvedic-shampoo-8-ml\/","title":{"rendered":"Champ\u00fa ayurv\u00e9dico 8 ml"},"content":{"rendered":"<p>Bhringraj era una hierba m\u00e1gica utilizada por Helena, emperatriz del Imperio Mauryan. Descubri\u00f3 los extraordinarios beneficios de este rey de las hierbas y lo utiliz\u00f3 a diario para hacer crecer un cabello largo y lustroso; un secreto que se guardaba en las c\u00e1maras de ba\u00f1o reales durante su estancia en la India.<\/p>\n<p>El Champ\u00fa Ayurv\u00e9dico de Sadhev es una mezcla de incre\u00edbles ingredientes bot\u00e1nicos arraigados en la sabidur\u00eda ayurv\u00e9dica. Repara, restaura y rejuvenece el cabello d\u00e1ndole un aspecto visiblemente m\u00e1s voluminoso y un brillo sensual.<\/p>\n<h3><strong>\u00bfA qui\u00e9n va dirigido?<\/strong><\/h3>\n<p>El champ\u00fa ayurv\u00e9dico de Sadhev est\u00e1 destinado a las personas que buscan un remedio natural contra la ca\u00edda del cabello. Tambi\u00e9n favorece el crecimiento del cabello, controla la caspa, detiene el encanecimiento prematuro y aporta brillo a un cabello que, de otro modo, estar\u00eda apagado, seco y cansado.<\/p>\n<h3><strong>La ventaja Sadhev:<\/strong><\/h3>\n<p>Los ingredientes seleccionados a mano se cultivan de forma ecol\u00f3gica y se obtienen de forma \u00e9tica en nuestra propia granja Sadhevana.<\/p>\n<p>Suave con la tierra y con nuestro cabello, este producto es 100% natural, vegano, sin crueldad, a base de plantas, sin petroqu\u00edmicos, parabenos, ftalatos, sulfatos, colorantes sint\u00e9ticos, fragancias artificiales, aditivos y otras sustancias sint\u00e9ticas.<\/p>\n<p>Nos enorgullecemos de dedicar tiempo y elaborar a mano cada uno de nuestros productos para encantarle con un Ayurveda de la m\u00e1xima calidad. Todos nuestros envases son de la m\u00e1xima calidad para garantizar que la biopotencia de nuestros ingredientes se mantenga intacta a lo largo de su viaje con nuestro producto. Tu compra nos ayuda a devolverle algo a la madre naturaleza. Plantaremos un \u00e1rbol con cada compra de Sadhev.<\/p>\n<span class=\"et_bloom_bottom_trigger\"><\/span>","protected":false},"excerpt":{"rendered":"<p>8 ml<\/p>\n<p>El Champ\u00fa Ayurv\u00e9dico de Sadhev es una mezcla de incre\u00edbles ingredientes bot\u00e1nicos arraigados en la sabidur\u00eda ayurv\u00e9dica. Repara, restaura y rejuvenece el cabello d\u00e1ndole un aspecto visiblemente m\u00e1s voluminoso y un brillo sensual.<\/p>\n","protected":false},"featured_media":19652,"comment_status":"open","ping_status":"closed","template":"","meta":{"_acf_changed":false,"site-sidebar-layout":"default","site-content-layout":"","ast-site-content-layout":"default","site-content-style":"default","site-sidebar-style":"default","ast-global-header-display":"","ast-banner-title-visibility":"","ast-main-header-display":"","ast-hfb-above-header-display":"","ast-hfb-below-header-display":"","ast-hfb-mobile-header-display":"","site-post-title":"","ast-breadcrumbs-content":"","ast-featured-img":"","footer-sml-layout":"","ast-disable-related-posts":"","theme-transparent-header-meta":"default","adv-header-id-meta":"","stick-header-meta":"default","header-above-stick-meta":"","header-main-stick-meta":"","header-below-stick-meta":"","astra-migrate-meta-layouts":"default","ast-page-background-enabled":"default","ast-page-background-meta":{"desktop":{"background-color":"var(--ast-global-color-4)","background-image":"","background-repeat":"repeat","background-position":"center center","background-size":"auto","background-attachment":"scroll","background-type":"","background-media":"","overlay-type":"","overlay-color":"","overlay-opacity":"","overlay-gradient":""},"tablet":{"background-color":"","background-image":"","background-repeat":"repeat","background-position":"center center","background-size":"auto","background-attachment":"scroll","background-type":"","background-media":"","overlay-type":"","overlay-color":"","overlay-opacity":"","overlay-gradient":""},"mobile":{"background-color":"","background-image":"","background-repeat":"repeat","background-position":"center center","background-size":"auto","background-attachment":"scroll","background-type":"","background-media":"","overlay-type":"","overlay-color":"","overlay-opacity":"","overlay-gradient":""}},"ast-content-background-meta":{"desktop":{"background-color":"var(--ast-global-color-5)","background-image":"","background-repeat":"repeat","background-position":"center center","background-size":"auto","background-attachment":"scroll","background-type":"","background-media":"","overlay-type":"","overlay-color":"","overlay-opacity":"","overlay-gradient":""},"tablet":{"background-color":"var(--ast-global-color-5)","background-image":"","background-repeat":"repeat","background-position":"center center","background-size":"auto","background-attachment":"scroll","background-type":"","background-media":"","overlay-type":"","overlay-color":"","overlay-opacity":"","overlay-gradient":""},"mobile":{"background-color":"var(--ast-global-color-5)","background-image":"","background-repeat":"repeat","background-position":"center center","background-size":"auto","background-attachment":"scroll","background-type":"","background-media":"","overlay-type":"","overlay-color":"","overlay-opacity":"","overlay-gradient":""}}},"product_brand":[],"product_cat":[127,169,139,185,160],"product_tag":[],"class_list":{"0":"post-19835","1":"product","2":"type-product","3":"status-publish","4":"has-post-thumbnail","6":"product_cat-cuidado-del-cabello","7":"product_cat-limpiadores","8":"product_cat-muestras-2","9":"product_cat-sadhev-es","10":"product_cat-sequedad-y-danos","11":"product_shipping_class-shipping_rate_01","12":"desktop-align-left","13":"tablet-align-left","14":"mobile-align-left","15":"ast-product-gallery-layout-horizontal-slider","16":"ast-product-gallery-with-no-image","17":"ast-product-tabs-layout-horizontal","19":"first","20":"instock","21":"taxable","22":"shipping-taxable","23":"purchasable","24":"product-type-simple"},"acf":[],"_links":{"self":[{"href":"https:\/\/purenatural.eu\/es\/wp-json\/wp\/v2\/product\/19835","targetHints":{"allow":["GET"]}}],"collection":[{"href":"https:\/\/purenatural.eu\/es\/wp-json\/wp\/v2\/product"}],"about":[{"href":"https:\/\/purenatural.eu\/es\/wp-json\/wp\/v2\/types\/product"}],"replies":[{"embeddable":true,"href":"https:\/\/purenatural.eu\/es\/wp-json\/wp\/v2\/comments?post=19835"}],"version-history":[{"count":0,"href":"https:\/\/purenatural.eu\/es\/wp-json\/wp\/v2\/product\/19835\/revisions"}],"wp:featuredmedia":[{"embeddable":true,"href":"https:\/\/purenatural.eu\/es\/wp-json\/wp\/v2\/media\/19652"}],"wp:attachment":[{"href":"https:\/\/purenatural.eu\/es\/wp-json\/wp\/v2\/media?parent=19835"}],"wp:term":[{"taxonomy":"product_brand","embeddable":true,"href":"https:\/\/purenatural.eu\/es\/wp-json\/wp\/v2\/product_brand?post=19835"},{"taxonomy":"product_cat","embeddable":true,"href":"https:\/\/purenatural.eu\/es\/wp-json\/wp\/v2\/product_cat?post=19835"},{"taxonomy":"product_tag","embeddable":true,"href":"https:\/\/purenatural.eu\/es\/wp-json\/wp\/v2\/product_tag?post=19835"}],"curies":[{"name":"wp","href":"https:\/\/api.w.org\/{rel}","templated":true}]}}