{"id":19839,"date":"2024-04-24T15:41:39","date_gmt":"2024-04-24T13:41:39","guid":{"rendered":"https:\/\/purenatural.eu\/product\/ayurvedic-hair-conditioner-8ml\/"},"modified":"2026-01-02T00:59:28","modified_gmt":"2026-01-01T23:59:28","slug":"ayurvedic-hair-conditioner-8ml","status":"publish","type":"product","link":"https:\/\/purenatural.eu\/es\/producto\/ayurvedic-hair-conditioner-8ml\/","title":{"rendered":"Acondicionador capilar ayurv\u00e9dico 8ml"},"content":{"rendered":"<p>La encantadora flor roja y ardiente del hibisco posee opulentas propiedades rejuvenecedoras que descubrieron las reinas de la dinast\u00eda Vijayanagara en el siglo XIV en el sur de la India. Se elaboraban ex\u00f3ticas mascarillas y pastas capilares con hibisco como parte de sus lujosas ceremonias de cuidado del cabello.<\/p>\n<p>El Acondicionador Capilar Ayurv\u00e9dico de Sadhev es una alquimia ex\u00f3tica que combina la esencia del Hibisco rojo junto con Aloe Vera fresco para acondicionar y nutrir el cabello en profundidad. La nuez de jab\u00f3n o reetha, con sus incre\u00edbles propiedades limpiadoras y suavizantes, se mezcla con la rubia india para mejorar la textura y dar un rico tono ex\u00f3tico al cabello.<\/p>\n<h3>\u00bfA qui\u00e9n va dirigido?<\/h3>\n<p>Este acondicionador capilar artesanal es una feliz mezcla de encantadores ingredientes ayurv\u00e9dicos que repara el cabello seco y da\u00f1ado y le aporta brillo natural. Sus ingredientes \u00fanicos ayudan a fortalecer los fol\u00edculos pilosos y tambi\u00e9n a prevenir los da\u00f1os causados por las toallas en el cabello.<\/p>\n<h3>La ventaja Sadhev<\/h3>\n<p>El Acondicionador Capilar Ayurv\u00e9dico de Sadhev es ligero con el cabello y lo suaviza con ternura d\u00e1ndole una textura aterciopelada y una delicada luminosidad.<\/p>\n<p>Suave con la tierra y con nuestro cabello, este producto es 100% natural, vegano, sin crueldad, a base de plantas, sin petroqu\u00edmicos, parabenos, ftalatos, sulfatos, colorantes sint\u00e9ticos, fragancias artificiales, aditivos y otras sustancias sint\u00e9ticas.<\/p>\n<p>Nos enorgullecemos de dedicar tiempo y elaborar a mano cada uno de nuestros productos para encantarle con un Ayurveda de la m\u00e1xima calidad. Todos nuestros envases son de la m\u00e1xima calidad para garantizar que la biopotencia de nuestros ingredientes se mantenga intacta a lo largo de su viaje con nuestro producto.<\/p>\n<p>Tu compra nos ayuda a devolverle algo a la madre naturaleza. Plantaremos un \u00e1rbol con cada compra de Sadhev.<\/p>\n<span class=\"et_bloom_bottom_trigger\"><\/span>","protected":false},"excerpt":{"rendered":"<p>8 ml<\/p>\n<p>El Acondicionador Capilar Ayurv\u00e9dico de Sadhev es una alquimia ex\u00f3tica que combina la esencia del Hibisco rojo junto con Aloe Vera fresco para acondicionar y nutrir el cabello en profundidad. La nuez de jab\u00f3n o reetha, con sus incre\u00edbles propiedades limpiadoras y suavizantes, se mezcla con la rubia india para mejorar la textura y dar un rico tono ex\u00f3tico al cabello.<\/p>\n","protected":false},"featured_media":19646,"comment_status":"open","ping_status":"closed","template":"","meta":{"_acf_changed":false,"site-sidebar-layout":"default","site-content-layout":"","ast-site-content-layout":"default","site-content-style":"default","site-sidebar-style":"default","ast-global-header-display":"","ast-banner-title-visibility":"","ast-main-header-display":"","ast-hfb-above-header-display":"","ast-hfb-below-header-display":"","ast-hfb-mobile-header-display":"","site-post-title":"","ast-breadcrumbs-content":"","ast-featured-img":"","footer-sml-layout":"","ast-disable-related-posts":"","theme-transparent-header-meta":"default","adv-header-id-meta":"","stick-header-meta":"default","header-above-stick-meta":"","header-main-stick-meta":"","header-below-stick-meta":"","astra-migrate-meta-layouts":"default","ast-page-background-enabled":"default","ast-page-background-meta":{"desktop":{"background-color":"var(--ast-global-color-4)","background-image":"","background-repeat":"repeat","background-position":"center center","background-size":"auto","background-attachment":"scroll","background-type":"","background-media":"","overlay-type":"","overlay-color":"","overlay-opacity":"","overlay-gradient":""},"tablet":{"background-color":"","background-image":"","background-repeat":"repeat","background-position":"center center","background-size":"auto","background-attachment":"scroll","background-type":"","background-media":"","overlay-type":"","overlay-color":"","overlay-opacity":"","overlay-gradient":""},"mobile":{"background-color":"","background-image":"","background-repeat":"repeat","background-position":"center center","background-size":"auto","background-attachment":"scroll","background-type":"","background-media":"","overlay-type":"","overlay-color":"","overlay-opacity":"","overlay-gradient":""}},"ast-content-background-meta":{"desktop":{"background-color":"var(--ast-global-color-5)","background-image":"","background-repeat":"repeat","background-position":"center center","background-size":"auto","background-attachment":"scroll","background-type":"","background-media":"","overlay-type":"","overlay-color":"","overlay-opacity":"","overlay-gradient":""},"tablet":{"background-color":"var(--ast-global-color-5)","background-image":"","background-repeat":"repeat","background-position":"center center","background-size":"auto","background-attachment":"scroll","background-type":"","background-media":"","overlay-type":"","overlay-color":"","overlay-opacity":"","overlay-gradient":""},"mobile":{"background-color":"var(--ast-global-color-5)","background-image":"","background-repeat":"repeat","background-position":"center center","background-size":"auto","background-attachment":"scroll","background-type":"","background-media":"","overlay-type":"","overlay-color":"","overlay-opacity":"","overlay-gradient":""}}},"product_brand":[],"product_cat":[183,127,139,185,160],"product_tag":[],"class_list":{"0":"post-19839","1":"product","2":"type-product","3":"status-publish","4":"has-post-thumbnail","6":"product_cat-acondicionadores","7":"product_cat-cuidado-del-cabello","8":"product_cat-muestras-2","9":"product_cat-sadhev-es","10":"product_cat-sequedad-y-danos","11":"product_shipping_class-shipping_rate_01","12":"desktop-align-left","13":"tablet-align-left","14":"mobile-align-left","15":"ast-product-gallery-layout-horizontal-slider","16":"ast-product-tabs-layout-horizontal","18":"first","19":"instock","20":"taxable","21":"shipping-taxable","22":"purchasable","23":"product-type-simple"},"acf":[],"_links":{"self":[{"href":"https:\/\/purenatural.eu\/es\/wp-json\/wp\/v2\/product\/19839","targetHints":{"allow":["GET"]}}],"collection":[{"href":"https:\/\/purenatural.eu\/es\/wp-json\/wp\/v2\/product"}],"about":[{"href":"https:\/\/purenatural.eu\/es\/wp-json\/wp\/v2\/types\/product"}],"replies":[{"embeddable":true,"href":"https:\/\/purenatural.eu\/es\/wp-json\/wp\/v2\/comments?post=19839"}],"version-history":[{"count":0,"href":"https:\/\/purenatural.eu\/es\/wp-json\/wp\/v2\/product\/19839\/revisions"}],"wp:featuredmedia":[{"embeddable":true,"href":"https:\/\/purenatural.eu\/es\/wp-json\/wp\/v2\/media\/19646"}],"wp:attachment":[{"href":"https:\/\/purenatural.eu\/es\/wp-json\/wp\/v2\/media?parent=19839"}],"wp:term":[{"taxonomy":"product_brand","embeddable":true,"href":"https:\/\/purenatural.eu\/es\/wp-json\/wp\/v2\/product_brand?post=19839"},{"taxonomy":"product_cat","embeddable":true,"href":"https:\/\/purenatural.eu\/es\/wp-json\/wp\/v2\/product_cat?post=19839"},{"taxonomy":"product_tag","embeddable":true,"href":"https:\/\/purenatural.eu\/es\/wp-json\/wp\/v2\/product_tag?post=19839"}],"curies":[{"name":"wp","href":"https:\/\/api.w.org\/{rel}","templated":true}]}}