{"id":19879,"date":"2023-10-19T19:42:44","date_gmt":"2023-10-19T17:42:44","guid":{"rendered":"https:\/\/purenatural.eu\/product\/bringadi-intensive-hair-treatment-herbal-oil-100ml\/"},"modified":"2026-01-02T00:59:01","modified_gmt":"2026-01-01T23:59:01","slug":"bringadi-intensive-hair-treatment-herbal-oil-100ml","status":"publish","type":"product","link":"https:\/\/purenatural.eu\/es\/producto\/bringadi-intensive-hair-treatment-herbal-oil-100ml\/","title":{"rendered":"BRINGADI INTENSIVE HAIR TREATMENT HERBAL OIL 100ml"},"content":{"rendered":"<h3 style=\"margin-bottom: 10px;\">RESUMEN<\/h3>\n<p>Un tratamiento capilar intensivo para prevenir la ca\u00edda del cabello, la caspa y el encanecimiento prematuro. El secreto del cabello exuberante y brillante de los indios: esta receta ayurv\u00e9dica tradicional consiste en potentes hierbas extra\u00eddas en aceite puro de s\u00e9samo y leche. Un acondicionador natural para el crecimiento del cabello que nutre en profundidad a la vez que refresca el cuero cabelludo. Tambi\u00e9n incluye \u00edndigo, Eclipta Alba y grosella espinosa para favorecer el crecimiento del cabello. El Regaliz antif\u00fangico y la Vid de globo antibacteriana previenen las infecciones del cuero cabelludo. El aroma terroso del aceite tiene un efecto calmante y meditativo que alivia los nervios alterados, levanta el \u00e1nimo y ayuda a descansar bien por la noche.<\/p>\n<h3 style=\"margin-bottom: 10px;\">PRESTACIONES<\/h3>\n<ul class=\"bullet\">\n<li>100% natural<\/li>\n<li>Alivia la ca\u00edda del cabello<\/li>\n<li>Favorece el crecimiento del cabello<\/li>\n<li>Previene la caspa<\/li>\n<li>Acondicionador natural<\/li>\n<li>Previene las infecciones del cuero cabelludo<\/li>\n<li>Refresca y eleva<\/li>\n<\/ul>\n<h3 style=\"margin-bottom: 10px;\">QU\u00c9 ESPERAR<\/h3>\n<div id=\"description\" class=\"data item content\" role=\"tabpanel\" data-role=\"content\" aria-labelledby=\"tab-label-description\" aria-hidden=\"false\">\n<div class=\"product attribute description\">\n<div class=\"value\">\n<div id=\"description\" class=\"data item content\" role=\"tabpanel\" data-role=\"content\" aria-labelledby=\"tab-label-description\" aria-hidden=\"false\">\n<div class=\"product attribute description\">\n<div class=\"value\">\n<div id=\"description\" class=\"data item content\" role=\"tabpanel\" data-role=\"content\" aria-labelledby=\"tab-label-description\" aria-hidden=\"false\">\n<div class=\"product attribute description\">\n<div class=\"value\">\n<div id=\"description\" class=\"data item content\" role=\"tabpanel\" data-role=\"content\" aria-labelledby=\"tab-label-description\" aria-hidden=\"false\">\n<div class=\"product attribute description\">\n<div class=\"value\">\n<div id=\"description\" class=\"data item content\" role=\"tabpanel\" data-role=\"content\" aria-labelledby=\"tab-label-description\" aria-hidden=\"false\">\n<div class=\"product attribute description\">\n<div class=\"value\">\n<p>Un aceite nutritivo, fuerte y terroso que requiere masajes en el cabello y el cuero cabelludo para obtener mejores resultados.<\/p>\n<\/div>\n<\/div>\n<\/div>\n<\/div>\n<\/div>\n<\/div>\n<\/div>\n<\/div>\n<\/div>\n<\/div>\n<\/div>\n<\/div>\n<\/div>\n<\/div>\n<\/div>\n<span class=\"et_bloom_bottom_trigger\"><\/span>","protected":false},"excerpt":{"rendered":"<div class=\"product attribute overview\">\n<p>100 ML<\/p>\n<div class=\"product attribute overview\">\n<div class=\"value\">\n<div class=\"product attribute overview\">\n<div class=\"value\">\n<p>Un tratamiento capilar todo en uno contra la ca\u00edda del cabello, las canas prematuras y la caspa que restaura y nutre el cabello da\u00f1ado.<\/p>\n<\/div>\n<p style=\"font-weight: 400;\">It is formulated to nourish and condition the hair and scalp, reducing dryness and hair fall, promoting hair growth, and maintaining overall hair vitality and scalp health.<\/p>\n<div class=\"value\">\n<p>&nbsp;<\/p>\n<\/div>\n<\/div>\n<\/div>\n<\/div>\n<\/div>\n","protected":false},"featured_media":22095,"comment_status":"open","ping_status":"closed","template":"","meta":{"_acf_changed":false,"site-sidebar-layout":"default","site-content-layout":"","ast-site-content-layout":"default","site-content-style":"default","site-sidebar-style":"default","ast-global-header-display":"","ast-banner-title-visibility":"","ast-main-header-display":"","ast-hfb-above-header-display":"","ast-hfb-below-header-display":"","ast-hfb-mobile-header-display":"","site-post-title":"","ast-breadcrumbs-content":"","ast-featured-img":"","footer-sml-layout":"","ast-disable-related-posts":"","theme-transparent-header-meta":"default","adv-header-id-meta":"","stick-header-meta":"default","header-above-stick-meta":"","header-main-stick-meta":"","header-below-stick-meta":"","astra-migrate-meta-layouts":"default","ast-page-background-enabled":"default","ast-page-background-meta":{"desktop":{"background-color":"var(--ast-global-color-4)","background-image":"","background-repeat":"repeat","background-position":"center center","background-size":"auto","background-attachment":"scroll","background-type":"","background-media":"","overlay-type":"","overlay-color":"","overlay-opacity":"","overlay-gradient":""},"tablet":{"background-color":"","background-image":"","background-repeat":"repeat","background-position":"center center","background-size":"auto","background-attachment":"scroll","background-type":"","background-media":"","overlay-type":"","overlay-color":"","overlay-opacity":"","overlay-gradient":""},"mobile":{"background-color":"","background-image":"","background-repeat":"repeat","background-position":"center center","background-size":"auto","background-attachment":"scroll","background-type":"","background-media":"","overlay-type":"","overlay-color":"","overlay-opacity":"","overlay-gradient":""}},"ast-content-background-meta":{"desktop":{"background-color":"var(--ast-global-color-5)","background-image":"","background-repeat":"repeat","background-position":"center center","background-size":"auto","background-attachment":"scroll","background-type":"","background-media":"","overlay-type":"","overlay-color":"","overlay-opacity":"","overlay-gradient":""},"tablet":{"background-color":"var(--ast-global-color-5)","background-image":"","background-repeat":"repeat","background-position":"center center","background-size":"auto","background-attachment":"scroll","background-type":"","background-media":"","overlay-type":"","overlay-color":"","overlay-opacity":"","overlay-gradient":""},"mobile":{"background-color":"var(--ast-global-color-5)","background-image":"","background-repeat":"repeat","background-position":"center center","background-size":"auto","background-attachment":"scroll","background-type":"","background-media":"","overlay-type":"","overlay-color":"","overlay-opacity":"","overlay-gradient":""}}},"product_brand":[],"product_cat":[210,142,183,144,145,127,147,116,115,160],"product_tag":[],"class_list":{"0":"post-19879","1":"product","2":"type-product","3":"status-publish","4":"has-post-thumbnail","6":"product_cat-kami-herbals-es","7":"product_cat-aceites","8":"product_cat-acondicionadores","9":"product_cat-caida-y-debilitamiento-del-cabello","10":"product_cat-caspa","11":"product_cat-cuidado-del-cabello","12":"product_cat-encanecimiento-prematuro","13":"product_cat-equilibrio-pitta","14":"product_cat-equilibrio-vata","15":"product_cat-sequedad-y-danos","16":"product_shipping_class-shipping_rate_01","17":"desktop-align-left","18":"tablet-align-left","19":"mobile-align-left","20":"ast-product-gallery-layout-horizontal-slider","21":"ast-product-tabs-layout-horizontal","23":"first","24":"instock","25":"taxable","26":"shipping-taxable","27":"purchasable","28":"product-type-simple"},"acf":[],"_links":{"self":[{"href":"https:\/\/purenatural.eu\/es\/wp-json\/wp\/v2\/product\/19879","targetHints":{"allow":["GET"]}}],"collection":[{"href":"https:\/\/purenatural.eu\/es\/wp-json\/wp\/v2\/product"}],"about":[{"href":"https:\/\/purenatural.eu\/es\/wp-json\/wp\/v2\/types\/product"}],"replies":[{"embeddable":true,"href":"https:\/\/purenatural.eu\/es\/wp-json\/wp\/v2\/comments?post=19879"}],"version-history":[{"count":0,"href":"https:\/\/purenatural.eu\/es\/wp-json\/wp\/v2\/product\/19879\/revisions"}],"wp:featuredmedia":[{"embeddable":true,"href":"https:\/\/purenatural.eu\/es\/wp-json\/wp\/v2\/media\/22095"}],"wp:attachment":[{"href":"https:\/\/purenatural.eu\/es\/wp-json\/wp\/v2\/media?parent=19879"}],"wp:term":[{"taxonomy":"product_brand","embeddable":true,"href":"https:\/\/purenatural.eu\/es\/wp-json\/wp\/v2\/product_brand?post=19879"},{"taxonomy":"product_cat","embeddable":true,"href":"https:\/\/purenatural.eu\/es\/wp-json\/wp\/v2\/product_cat?post=19879"},{"taxonomy":"product_tag","embeddable":true,"href":"https:\/\/purenatural.eu\/es\/wp-json\/wp\/v2\/product_tag?post=19879"}],"curies":[{"name":"wp","href":"https:\/\/api.w.org\/{rel}","templated":true}]}}