{"id":20316,"date":"2022-08-09T08:32:25","date_gmt":"2022-08-09T06:32:25","guid":{"rendered":"https:\/\/purenatural.eu\/product\/taller-online-pregrabado-taller-de-masaje-ayurvedico-con-tory-hyndman-4-horas\/"},"modified":"2024-06-29T11:08:23","modified_gmt":"2024-06-29T09:08:23","slug":"taller-online-pregrabado-taller-de-masaje-ayurvedico-con-tory-hyndman-4-horas","status":"publish","type":"product","link":"https:\/\/purenatural.eu\/es\/producto\/taller-online-pregrabado-taller-de-masaje-ayurvedico-con-tory-hyndman-4-horas\/","title":{"rendered":"TALLER ONLINE PREGRABADO: TALLER DE MASAJE AYURV\u00c9DICO CON TORY HYNDMAN (4 HORAS)"},"content":{"rendered":"\t\t<div data-elementor-type=\"product-post\" data-elementor-id=\"20316\" class=\"elementor elementor-20316 elementor-763\" data-elementor-post-type=\"product\">\n\t\t\t\t\t\t<section class=\"elementor-section elementor-top-section elementor-element elementor-element-5549b619 elementor-section-boxed elementor-section-height-default elementor-section-height-default\" data-id=\"5549b619\" data-element_type=\"section\" data-e-type=\"section\">\n\t\t\t\t\t\t<div class=\"elementor-container elementor-column-gap-default\">\n\t\t\t\t\t<div class=\"elementor-column elementor-col-100 elementor-top-column elementor-element elementor-element-5e1c5ba\" data-id=\"5e1c5ba\" data-element_type=\"column\" data-e-type=\"column\">\n\t\t\t<div class=\"elementor-widget-wrap elementor-element-populated\">\n\t\t\t\t\t\t<div class=\"elementor-element elementor-element-c37306d elementor-widget elementor-widget-text-editor\" data-id=\"c37306d\" data-element_type=\"widget\" data-e-type=\"widget\" data-widget_type=\"text-editor.default\">\n\t\t\t\t<div class=\"elementor-widget-container\">\n\t\t\t\t\t\t\t\t\t<h3 style=\"font-weight: 300;\">\n            <strong>CONTENIDO:<\/strong><br \/>\n          <\/h3>\n<\/p>\n<div class=\"field downloads downloads-no-separately\">\n<div id=\"downloadable-links-list\" class=\"control\" data-container-for=\"downloadable-links\">\n<div class=\"field choice\" data-role=\"link\">\n                <label class=\"label\" for=\"links_1\">1. Discurso de bienvenida &#8230; 9 min<\/label>\n              <\/div>\n<div class=\"field choice\" data-role=\"link\">\n                <label class=\"label\" for=\"links_2\">2. Principios b\u00e1sicos Ayurveda &#8230; 38 min<\/label>\n              <\/div>\n<div class=\"field choice\" data-role=\"link\">\n                <label class=\"label\" for=\"links_3\">3. Estilo de vida ayurv\u00e9dico &#8230;. 20 minutos<\/label>\n              <\/div>\n<div class=\"field choice\" data-role=\"link\">\n                <label class=\"label\" for=\"links_4\">4. Productos e ingredientes Kama Ayurveda &#8230; 30 min<\/label>\n              <\/div>\n<div class=\"field choice\" data-role=\"link\">\n                <label class=\"label\" for=\"links_5\">5. Gu\u00eda para una experiencia de bienestar \u00fanica &#8230;.. 8 minutos<\/label>\n              <\/div>\n<div class=\"field choice\" data-role=\"link\">\n                <label class=\"label\" for=\"links_6\">6. Ritual Kama Ayurveda &#8230;. 5 minutos<\/label>\n              <\/div>\n<div class=\"field choice\" data-role=\"link\">\n                <label class=\"label\" for=\"links_7\">7. Tratamiento ayurv\u00e9dico tradicional de cara y cabeza &#8230;. 55 min<\/label>\n              <\/div>\n<div class=\"field choice\" data-role=\"link\">\n                <label class=\"label\" for=\"links_8\">8. Tratamientos corporales ayurv\u00e9dicos tradicionales Parte 1 (anverso) &#8230;. 26 minutos<\/label>\n              <\/div>\n<div class=\"field choice\" data-role=\"link\">\n                <label class=\"label\" for=\"links_9\">9. Tratamientos corporales ayurv\u00e9dicos tradicionales, parte 2 (vuelta). &#8230; 16 min<\/label>\n              <\/div>\n<div data-role=\"link\"> <\/div>\n<\/p><\/div>\n<\/p><\/div>\n<\/p>\n<h3 style=\"font-weight: 300;\">\n            <strong>APRENDER\u00c1S<\/strong><br \/>\n          <\/h3>\n<\/p>\n<ul style=\"font-weight: 300;\">\n<li>Los principios b\u00e1sicos del Ayurveda,<\/li>\n<li>C\u00f3mo incorporar los tres Doshas ayurv\u00e9dicos (Vata. Pitta. Kapha) en su pr\u00e1ctica,<\/li>\n<li>C\u00f3mo incorporar las estaciones a su consulta,<\/li>\n<li>T\u00e9cnicas b\u00e1sicas de masaje ayurv\u00e9dico,<\/li>\n<li>Beneficios de los ingredientes ayurv\u00e9dicos de los productos Kama Ayurveda,<\/li>\n<li>Tipo de productos y vol\u00famenes que mejor se adaptan a su pr\u00e1ctica,<\/li>\n<li>C\u00f3mo hacerlo:<br \/>&#8211; Tratamiento facial ayurv\u00e9dico tradicional MUKHA ABHYANGA<br \/>&#8211; Tratamiento corporal ayurv\u00e9dico tradicional MARMA ABHYANGA<br \/>&#8211; Tratamiento ayurv\u00e9dico tradicional de desintoxicaci\u00f3n UDWARTANA<br \/>&#8211; Tratamiento ayurv\u00e9dico tradicional de la cabeza SIRO ABHYANGA<\/li>\n<\/ul>\n<h3 style=\"font-weight: 300;\">\n            <strong><br \/>PROFESORA<\/strong><br \/>\n          <\/h3>\n<p style=\"font-weight: 300;\">Tenemos el honor de contar con la conocida profesora y practicante de Ayurveda, Tory Hyndman, que ense\u00f1a Ayurveda de una forma sencilla e inspiradora que llega a la vida de todos.<\/p>\n<div>\n<p>\n              <span lang=\"EN-US\">Nacida en Canad\u00e1 y criada en \u00c1msterdam, Tory se mud\u00f3 a Los \u00c1ngeles en 1997 para descubrir el mundo del Ayurveda, y luego se traslad\u00f3 a Nuevo M\u00e9xico en 2005 para estudiar en el Instituto Ayurv\u00e9dico bajo la direcci\u00f3n de su maestro principal, el Doctor Vasant Lad.<\/span>\n            <\/p>\n<\/p><\/div>\n<div>\n<p>\n              <span lang=\"EN-US\">Ahora, de vuelta en \u00c1msterdam, Tory practica yoga y salud ayurv\u00e9dica en Delight Yoga Studio. Sus clases son tan desafiantes como nutritivas, fortalecedoras y a la vez suavizantes, llevando a los estudiantes a un lugar dentro de s\u00ed mismos donde pueden encontrar un equilibrio entre fuerza y suavidad.<\/span>\n            <\/p>\n<\/p><\/div>\n<h3 style=\"font-weight: 300;\">\n            <strong><br \/>IDIOMA DEL V\u00cdDEO<\/strong><br \/>\n          <\/h3>\n<p style=\"font-weight: 300;\">Ingl\u00e9s<\/p>\n<p style=\"font-weight: 300;\">Derechos de autor PureNatural International BV.<\/p>\n<p style=\"font-weight: 300;\">ESTE VIDEO ESTA HECHO CON EL PROPOSITO EXCLUSIVO DE ENSE\u00d1AR A LOS CLIENTES DE PURENATURAL. NO PODR\u00c1 REALIZAR COPIAS NI DISTRIBUIRLAS A TERCEROS DE NINGUNA FORMA SIN AUTORIZACI\u00d3N POR ESCRITO<\/p>\n\t\t\t\t\t\t\t\t<\/div>\n\t\t\t\t<\/div>\n\t\t\t\t\t<\/div>\n\t\t<\/div>\n\t\t\t\t\t<\/div>\n\t\t<\/section>\n\t\t\t\t<\/div>\n\t\t<span class=\"et_bloom_bottom_trigger\"><\/span>","protected":false},"excerpt":{"rendered":"<p style=\"font-weight: 300;\"><strong>VIDEO DE MUESTRA<br \/>\n<\/strong><a href=\"https:\/\/s3-eu-west-1.amazonaws.com\/purenatural\/Teaser_Kama_Workshop.mov\">Descargar una introducci\u00f3n a los talleres de masaje<\/a><\/p>\n<p>\u00bfNo puede venir a nuestros talleres de masaje? No se preocupe, hemos filmado el taller para usted.<\/p>\n<p style=\"font-weight: 300;\">V\u00eddeo del taller de masaje de PureNatural.eu (4 horas)<\/p>\n<ul style=\"font-weight: 300;\">\n<li>Para descargar desde la secci\u00f3n Mis productos descargables de su cuenta en nuestra tienda en l\u00ednea (no se env\u00edan dvds)<\/li>\n<li>S\u00f3lo disponible en ingl\u00e9s<\/li>\n<\/ul>\n","protected":false},"featured_media":13177,"comment_status":"closed","ping_status":"closed","template":"","meta":{"_acf_changed":false,"site-sidebar-layout":"default","site-content-layout":"default","ast-site-content-layout":"default","site-content-style":"default","site-sidebar-style":"default","ast-global-header-display":"","ast-banner-title-visibility":"","ast-main-header-display":"","ast-hfb-above-header-display":"","ast-hfb-below-header-display":"","ast-hfb-mobile-header-display":"","site-post-title":"","ast-breadcrumbs-content":"","ast-featured-img":"","footer-sml-layout":"","ast-disable-related-posts":"","theme-transparent-header-meta":"default","adv-header-id-meta":"","stick-header-meta":"default","header-above-stick-meta":"","header-main-stick-meta":"","header-below-stick-meta":"","astra-migrate-meta-layouts":"default","ast-page-background-enabled":"default","ast-page-background-meta":{"desktop":{"background-color":"var(--ast-global-color-4)","background-image":"","background-repeat":"repeat","background-position":"center center","background-size":"auto","background-attachment":"scroll","background-type":"","background-media":"","overlay-type":"","overlay-color":"","overlay-opacity":"","overlay-gradient":""},"tablet":{"background-color":"","background-image":"","background-repeat":"repeat","background-position":"center center","background-size":"auto","background-attachment":"scroll","background-type":"","background-media":"","overlay-type":"","overlay-color":"","overlay-opacity":"","overlay-gradient":""},"mobile":{"background-color":"","background-image":"","background-repeat":"repeat","background-position":"center center","background-size":"auto","background-attachment":"scroll","background-type":"","background-media":"","overlay-type":"","overlay-color":"","overlay-opacity":"","overlay-gradient":""}},"ast-content-background-meta":{"desktop":{"background-color":"var(--ast-global-color-5)","background-image":"","background-repeat":"repeat","background-position":"center center","background-size":"auto","background-attachment":"scroll","background-type":"","background-media":"","overlay-type":"","overlay-color":"","overlay-opacity":"","overlay-gradient":""},"tablet":{"background-color":"var(--ast-global-color-5)","background-image":"","background-repeat":"repeat","background-position":"center center","background-size":"auto","background-attachment":"scroll","background-type":"","background-media":"","overlay-type":"","overlay-color":"","overlay-opacity":"","overlay-gradient":""},"mobile":{"background-color":"var(--ast-global-color-5)","background-image":"","background-repeat":"repeat","background-position":"center center","background-size":"auto","background-attachment":"scroll","background-type":"","background-media":"","overlay-type":"","overlay-color":"","overlay-opacity":"","overlay-gradient":""}}},"product_brand":[],"product_cat":[242,243],"product_tag":[],"class_list":{"0":"post-20316","1":"product","2":"type-product","3":"status-publish","4":"has-post-thumbnail","6":"product_cat-online-workshop-es","7":"product_cat-workshops-en-es","8":"product_shipping_class-shipping_rate_01","9":"desktop-align-left","10":"tablet-align-left","11":"mobile-align-left","12":"ast-product-gallery-layout-horizontal-slider","13":"ast-product-tabs-layout-horizontal","15":"first","16":"instock","17":"downloadable","18":"virtual","19":"taxable","20":"purchasable","21":"product-type-simple"},"acf":[],"_links":{"self":[{"href":"https:\/\/purenatural.eu\/es\/wp-json\/wp\/v2\/product\/20316","targetHints":{"allow":["GET"]}}],"collection":[{"href":"https:\/\/purenatural.eu\/es\/wp-json\/wp\/v2\/product"}],"about":[{"href":"https:\/\/purenatural.eu\/es\/wp-json\/wp\/v2\/types\/product"}],"replies":[{"embeddable":true,"href":"https:\/\/purenatural.eu\/es\/wp-json\/wp\/v2\/comments?post=20316"}],"version-history":[{"count":0,"href":"https:\/\/purenatural.eu\/es\/wp-json\/wp\/v2\/product\/20316\/revisions"}],"wp:featuredmedia":[{"embeddable":true,"href":"https:\/\/purenatural.eu\/es\/wp-json\/wp\/v2\/media\/13177"}],"wp:attachment":[{"href":"https:\/\/purenatural.eu\/es\/wp-json\/wp\/v2\/media?parent=20316"}],"wp:term":[{"taxonomy":"product_brand","embeddable":true,"href":"https:\/\/purenatural.eu\/es\/wp-json\/wp\/v2\/product_brand?post=20316"},{"taxonomy":"product_cat","embeddable":true,"href":"https:\/\/purenatural.eu\/es\/wp-json\/wp\/v2\/product_cat?post=20316"},{"taxonomy":"product_tag","embeddable":true,"href":"https:\/\/purenatural.eu\/es\/wp-json\/wp\/v2\/product_tag?post=20316"}],"curies":[{"name":"wp","href":"https:\/\/api.w.org\/{rel}","templated":true}]}}