{"id":20631,"date":"2024-01-12T17:41:13","date_gmt":"2024-01-12T16:41:13","guid":{"rendered":"https:\/\/purenatural.eu\/product\/taller-de-3-dias-masaje-ayurvedico-del-viernes-20-al-domingo-22-de-septiembre-de-2024\/"},"modified":"2025-12-17T21:03:48","modified_gmt":"2025-12-17T20:03:48","slug":"taller-de-3-dias-masaje-ayurvedico-del-viernes-20-al-domingo-22-de-septiembre-de-2024","status":"publish","type":"product","link":"https:\/\/purenatural.eu\/es\/producto\/taller-de-3-dias-masaje-ayurvedico-del-viernes-20-al-domingo-22-de-septiembre-de-2024\/","title":{"rendered":"Taller de 3 d\u00edas Masaje Ayurv\u00e9dico: 20,21,22 Marzo 2026"},"content":{"rendered":"\t\t<div data-elementor-type=\"product-post\" data-elementor-id=\"20631\" class=\"elementor elementor-20631 elementor-18609\" data-elementor-post-type=\"product\">\n\t\t\t\t\t\t<section class=\"elementor-section elementor-top-section elementor-element elementor-element-70089e34 elementor-section-boxed elementor-section-height-default elementor-section-height-default\" data-id=\"70089e34\" data-element_type=\"section\" data-e-type=\"section\">\n\t\t\t\t\t\t<div class=\"elementor-container elementor-column-gap-default\">\n\t\t\t\t\t<div class=\"elementor-column elementor-col-100 elementor-top-column elementor-element elementor-element-5f739ef2\" data-id=\"5f739ef2\" data-element_type=\"column\" data-e-type=\"column\">\n\t\t\t<div class=\"elementor-widget-wrap elementor-element-populated\">\n\t\t\t\t\t\t<div class=\"elementor-element elementor-element-ee3603e elementor-widget elementor-widget-text-editor\" data-id=\"ee3603e\" data-element_type=\"widget\" data-e-type=\"widget\" data-widget_type=\"text-editor.default\">\n\t\t\t\t<div class=\"elementor-widget-container\">\n\t\t\t\t\t\t\t\t\t<h2>Taller de masaje ayurv\u00e9dico de 3 d\u00edas  <\/h2><p>Sum\u00e9rjase en los principios del Ayurveda y del masaje ayurv\u00e9dico y aprenda a incorporar a su vida diaria las t\u00e9cnicas b\u00e1sicas y los m\u00faltiples beneficios de este tipo de masaje.<\/p><h2>OBJETIVO DEL TALLER<\/h2><p>Si est\u00e1 interesado en utilizar aut\u00e9nticos productos ayurv\u00e9dicos a base de hierbas y desea saber m\u00e1s sobre la ciencia ancestral del Ayurveda y sus t\u00e9cnicas de masaje, le invitamos a unirse a nosotros.<\/p><p>Durante este curso de 3 d\u00edas, aprender\u00e1s el antiguo sistema curativo ayurv\u00e9dico, explorando el masaje Abhyanga de cuerpo entero y el profundo impacto del tacto. El componente te\u00f3rico abarca los principios b\u00e1sicos del Ayurveda, incluidos los elementos, los 20 gunas y los beneficios del masaje y los aceites. <\/p><p>La mayor parte del curso es pr\u00e1ctica y se centra en dar y recibir masajes.\nEst\u00e1 dirigido a terapeutas, sanadores, yoguis o cualquier persona con curiosidad por mejorar el bienestar de amigos y familiares. <\/p><p>Una vez finalizado el curso, dominar\u00e1 las t\u00e9cnicas de masaje que pueden ayudar a sus clientes o amigos a controlar el estr\u00e9s y la ansiedad, aliviar el dolor corporal, prevenir enfermedades y fomentar una mayor felicidad y un mejor sue\u00f1o.<\/p><p>Se entregar\u00e1 un certificado y un libro digital del curso.<\/p><h2>PROFESORA<\/h2><p><a href=\"https:\/\/purenatural.eu\/es\/amanda-dries\/\">Amanda Dries<\/a><br>PureNatural ofrece formaciones aut\u00e9nticas y profundas en la ciencia del Ayurveda. Cada taller ser\u00e1 impartido por nuestro personal de asesores ayurv\u00e9dicos cualificados con amplia experiencia profesional en consultas y masajes ayurv\u00e9dicos.<\/p><p>Queremos acercarle el aut\u00e9ntico conocimiento del Ayurveda trabajando con expertos en la materia.<\/p><p>Nuestra gente disfruta y cree en lo que hace e inspira a quienes les rodean.<\/p><h2>IDIOMA<\/h2><p>Ingl\u00e9s (Amanda tambi\u00e9n habla y entiende neerland\u00e9s)<\/p><h2>INCLUYE<\/h2><ul><li>BONIFICACI\u00d3N: bolsa con bonitos productos ayurv\u00e9dicos para probar<\/li><li>Posibilidad de adquirir productos ayurv\u00e9dicos para masajes y estilo de vida con un descuento especial en purenatural.eu.<\/li><\/ul><h2>Inscripci\u00f3n<\/h2><p>Inscripci\u00f3n a trav\u00e9s de https:\/\/www.innerembassy.com\/events-workshops\/<\/p><h2>Cancelaci\u00f3n de la inscripci\u00f3n al taller<\/h2><p>Cancelaciones posibles hasta 14 d\u00edas antes del inicio de la sesi\u00f3n.<\/p>\t\t\t\t\t\t\t\t<\/div>\n\t\t\t\t<\/div>\n\t\t\t\t\t<\/div>\n\t\t<\/div>\n\t\t\t\t\t<\/div>\n\t\t<\/section>\n\t\t\t\t<\/div>\n\t\t<span class=\"et_bloom_bottom_trigger\"><\/span>","protected":false},"excerpt":{"rendered":"<div class=\"event-info-field event-time\">\n<div class=\"event-info-label\">\n<div class=\"event-info-field event-time\">\n<div class=\"event-info-label\"><strong><label>HORA<\/label><\/strong><\/div>\n<div>Viernes 20 de marzo 15:00 &#8211; 19:00<\/div>\n<div>S\u00e1bado 21 de marzo 13:00 &#8211; 17:00<\/div>\n<div>Domingo 22 de marzo 13:00 &#8211; 17:00<\/div>\n<div><\/div>\n<div><strong style=\"font-size: 16px;\"><span class=\"event-info-label\"><label>Ubicaci\u00f3n<\/label><\/span><\/strong><\/div>\n<\/div>\n<div class=\"event-info-field event-location\"><span class=\"event-info-content\">Inner Embassy Yoga Studio<br \/>\nScheveningseweg 14<br \/>\n2517 KT Den Haag<br \/>\nPa\u00edses Bajos<\/span><\/div>\n<div><\/div>\n<div class=\"event-info-field event-price\">\n<div class=\"event-info-label\"><strong><label>Precio<\/label><\/strong><\/div>\n<div class=\"event-info-content\">\u20ac375.00<\/div>\n<\/div>\n<div>Puede inscribirse a trav\u00e9s de Inner Embassy en este enlace: https:\/\/www.innerembassy.com\/events-workshops\/<\/div>\n<div><\/div>\n<p><strong><label> <\/label><\/strong><\/p>\n<\/div>\n<\/div>\n","protected":false},"featured_media":19286,"comment_status":"open","ping_status":"closed","template":"","meta":{"_acf_changed":false,"site-sidebar-layout":"default","site-content-layout":"","ast-site-content-layout":"default","site-content-style":"default","site-sidebar-style":"default","ast-global-header-display":"","ast-banner-title-visibility":"","ast-main-header-display":"","ast-hfb-above-header-display":"","ast-hfb-below-header-display":"","ast-hfb-mobile-header-display":"","site-post-title":"","ast-breadcrumbs-content":"","ast-featured-img":"","footer-sml-layout":"","ast-disable-related-posts":"","theme-transparent-header-meta":"default","adv-header-id-meta":"","stick-header-meta":"default","header-above-stick-meta":"","header-main-stick-meta":"","header-below-stick-meta":"","astra-migrate-meta-layouts":"set","ast-page-background-enabled":"default","ast-page-background-meta":{"desktop":{"background-color":"var(--ast-global-color-4)","background-image":"","background-repeat":"repeat","background-position":"center center","background-size":"auto","background-attachment":"scroll","background-type":"","background-media":"","overlay-type":"","overlay-color":"","overlay-opacity":"","overlay-gradient":""},"tablet":{"background-color":"","background-image":"","background-repeat":"repeat","background-position":"center center","background-size":"auto","background-attachment":"scroll","background-type":"","background-media":"","overlay-type":"","overlay-color":"","overlay-opacity":"","overlay-gradient":""},"mobile":{"background-color":"","background-image":"","background-repeat":"repeat","background-position":"center center","background-size":"auto","background-attachment":"scroll","background-type":"","background-media":"","overlay-type":"","overlay-color":"","overlay-opacity":"","overlay-gradient":""}},"ast-content-background-meta":{"desktop":{"background-color":"var(--ast-global-color-5)","background-image":"","background-repeat":"repeat","background-position":"center center","background-size":"auto","background-attachment":"scroll","background-type":"","background-media":"","overlay-type":"","overlay-color":"","overlay-opacity":"","overlay-gradient":""},"tablet":{"background-color":"var(--ast-global-color-5)","background-image":"","background-repeat":"repeat","background-position":"center center","background-size":"auto","background-attachment":"scroll","background-type":"","background-media":"","overlay-type":"","overlay-color":"","overlay-opacity":"","overlay-gradient":""},"mobile":{"background-color":"var(--ast-global-color-5)","background-image":"","background-repeat":"repeat","background-position":"center center","background-size":"auto","background-attachment":"scroll","background-type":"","background-media":"","overlay-type":"","overlay-color":"","overlay-opacity":"","overlay-gradient":""}}},"product_brand":[],"product_cat":[152,243],"product_tag":[],"class_list":{"0":"post-20631","1":"product","2":"type-product","3":"status-publish","4":"has-post-thumbnail","6":"product_cat-talleres-in-situ","7":"product_cat-workshops-en-es","8":"product_shipping_class-shipping_rate_01","9":"desktop-align-left","10":"tablet-align-left","11":"mobile-align-left","12":"ast-product-gallery-layout-horizontal-slider","13":"ast-product-tabs-layout-horizontal","15":"first","16":"onbackorder","17":"virtual","18":"taxable","19":"purchasable","20":"product-type-simple"},"acf":[],"_links":{"self":[{"href":"https:\/\/purenatural.eu\/es\/wp-json\/wp\/v2\/product\/20631","targetHints":{"allow":["GET"]}}],"collection":[{"href":"https:\/\/purenatural.eu\/es\/wp-json\/wp\/v2\/product"}],"about":[{"href":"https:\/\/purenatural.eu\/es\/wp-json\/wp\/v2\/types\/product"}],"replies":[{"embeddable":true,"href":"https:\/\/purenatural.eu\/es\/wp-json\/wp\/v2\/comments?post=20631"}],"version-history":[{"count":0,"href":"https:\/\/purenatural.eu\/es\/wp-json\/wp\/v2\/product\/20631\/revisions"}],"wp:featuredmedia":[{"embeddable":true,"href":"https:\/\/purenatural.eu\/es\/wp-json\/wp\/v2\/media\/19286"}],"wp:attachment":[{"href":"https:\/\/purenatural.eu\/es\/wp-json\/wp\/v2\/media?parent=20631"}],"wp:term":[{"taxonomy":"product_brand","embeddable":true,"href":"https:\/\/purenatural.eu\/es\/wp-json\/wp\/v2\/product_brand?post=20631"},{"taxonomy":"product_cat","embeddable":true,"href":"https:\/\/purenatural.eu\/es\/wp-json\/wp\/v2\/product_cat?post=20631"},{"taxonomy":"product_tag","embeddable":true,"href":"https:\/\/purenatural.eu\/es\/wp-json\/wp\/v2\/product_tag?post=20631"}],"curies":[{"name":"wp","href":"https:\/\/api.w.org\/{rel}","templated":true}]}}