{"id":21335,"date":"2025-03-14T15:24:12","date_gmt":"2025-03-14T14:24:12","guid":{"rendered":"https:\/\/purenatural.eu\/?post_type=product&#038;p=21335"},"modified":"2026-05-16T00:38:07","modified_gmt":"2026-05-15T22:38:07","slug":"desodorante-en-barra-bio-naranja-sanguina-y-geranio-70gr-copy","status":"publish","type":"product","link":"https:\/\/purenatural.eu\/es\/producto\/desodorante-en-barra-bio-naranja-sanguina-y-geranio-70gr-copy\/","title":{"rendered":"Desodorante en barra naranja sanguina y geranio bio &#8211; 40gr"},"content":{"rendered":"\t\t<div data-elementor-type=\"product-post\" data-elementor-id=\"21335\" class=\"elementor elementor-21335 elementor-21334\" data-elementor-post-type=\"product\">\n\t\t\t\t\t\t<section class=\"elementor-section elementor-top-section elementor-element elementor-element-5b34a57d elementor-section-boxed elementor-section-height-default elementor-section-height-default\" data-id=\"5b34a57d\" data-element_type=\"section\" data-e-type=\"section\">\n\t\t\t\t\t\t<div class=\"elementor-container elementor-column-gap-default\">\n\t\t\t\t\t<div class=\"elementor-column elementor-col-100 elementor-top-column elementor-element elementor-element-4ce0d5d1\" data-id=\"4ce0d5d1\" data-element_type=\"column\" data-e-type=\"column\">\n\t\t\t<div class=\"elementor-widget-wrap elementor-element-populated\">\n\t\t\t\t\t\t<div class=\"elementor-element elementor-element-203614b1 elementor-widget elementor-widget-text-editor\" data-id=\"203614b1\" data-element_type=\"widget\" data-e-type=\"widget\" data-widget_type=\"text-editor.default\">\n\t\t\t\t<div class=\"elementor-widget-container\">\n\t\t\t\t\t\t\t\t\t<p style=\"font-weight: 400;\">Descubra el desodorante natural Juicy Chemistry, un desodorante org\u00e1nico revolucionario que combina arcillas purificantes, aceites vegetales nutritivos y aromas deliciosos para mantenerle fresco todo el d\u00eda con frescor y protecci\u00f3n duraderos.<\/p><p style=\"font-weight: 400;\">Esta mezcla \u00fanica de arcillas purificantes y aceites vegetales nutritivos neutraliza el olor corporal en su origen, proporcionando frescor y protecci\u00f3n duraderos. Enriquecido con \u00e1cidos grasos esenciales y vitaminas, este desodorante natural ayuda a reducir la pigmentaci\u00f3n de las axilas con un uso regular. <\/p><p>Este desodorante ecol\u00f3gico es 100% natural y est\u00e1 certificado COSMOS por Ecocert Francia. Esta f\u00f3rmula no contiene alcohol, aluminio, parabenos, toxinas, colorantes artificiales ni fragancias, lo que garantiza una experiencia segura y suave para su piel. <\/p><p style=\"font-weight: 400;\">Esta suave f\u00f3rmula calma y nutre la delicada piel de las axilas. Disfrute de un delicioso y vigorizante aroma con cada aplicaci\u00f3n. <\/p><p style=\"font-weight: 400;\">Mejora tu desodorante con Juicy Chemistry Desodorante Natural. Experimenta el poder de los ingredientes org\u00e1nicos, y la frescura de larga duraci\u00f3n, y disfrutar de un aroma verdaderamente refrescante. <\/p><p style=\"font-weight: 400;\">Beneficios clave:<\/p><p>&#8211; Neutraliza el olor corporal<br>&#8211; Mejora el tono, la textura y la tonicidad de la piel<br>&#8211; Previene la obstrucci\u00f3n de los conductos sudor\u00edparos<br>&#8211; Propiedades antibacterianas y antiinflamatorias<\/p><p> <\/p><p> <\/p>\t\t\t\t\t\t\t\t<\/div>\n\t\t\t\t<\/div>\n\t\t\t\t\t<\/div>\n\t\t<\/div>\n\t\t\t\t\t<\/div>\n\t\t<\/section>\n\t\t\t\t<\/div>\n\t\t<span class=\"et_bloom_bottom_trigger\"><\/span>","protected":false},"excerpt":{"rendered":"<p style=\"font-weight: 400;\">Descubra el desodorante natural Juicy Chemistry, un desodorante org\u00e1nico revolucionario que combina arcillas purificantes, aceites vegetales nutritivos y aromas deliciosos para mantenerle fresco todo el d\u00eda con frescor y protecci\u00f3n duraderos.<\/p>\n<p>Este desodorante ecol\u00f3gico ayuda a mantener frescas las axilas neutralizando el olor corporal. Sus arcillas naturales ayudan a desintoxicar los poros, mientras que sus aceites vegetales favorecen una piel m\u00e1s uniforme. Este desodorante tiene un aroma c\u00edtrico con suaves notas florales.<\/p>\n","protected":false},"featured_media":21339,"comment_status":"open","ping_status":"closed","template":"","meta":{"_acf_changed":false,"site-sidebar-layout":"default","site-content-layout":"default","ast-site-content-layout":"default","site-content-style":"default","site-sidebar-style":"default","ast-global-header-display":"","ast-banner-title-visibility":"","ast-main-header-display":"","ast-hfb-above-header-display":"","ast-hfb-below-header-display":"","ast-hfb-mobile-header-display":"","site-post-title":"","ast-breadcrumbs-content":"","ast-featured-img":"","footer-sml-layout":"","ast-disable-related-posts":"","theme-transparent-header-meta":"default","adv-header-id-meta":"","stick-header-meta":"default","header-above-stick-meta":"","header-main-stick-meta":"","header-below-stick-meta":"","astra-migrate-meta-layouts":"set","ast-page-background-enabled":"default","ast-page-background-meta":{"desktop":{"background-color":"var(--ast-global-color-4)","background-image":"","background-repeat":"repeat","background-position":"center center","background-size":"auto","background-attachment":"scroll","background-type":"","background-media":"","overlay-type":"","overlay-color":"","overlay-opacity":"","overlay-gradient":""},"tablet":{"background-color":"","background-image":"","background-repeat":"repeat","background-position":"center center","background-size":"auto","background-attachment":"scroll","background-type":"","background-media":"","overlay-type":"","overlay-color":"","overlay-opacity":"","overlay-gradient":""},"mobile":{"background-color":"","background-image":"","background-repeat":"repeat","background-position":"center center","background-size":"auto","background-attachment":"scroll","background-type":"","background-media":"","overlay-type":"","overlay-color":"","overlay-opacity":"","overlay-gradient":""}},"ast-content-background-meta":{"desktop":{"background-color":"var(--ast-global-color-5)","background-image":"","background-repeat":"repeat","background-position":"center center","background-size":"auto","background-attachment":"scroll","background-type":"","background-media":"","overlay-type":"","overlay-color":"","overlay-opacity":"","overlay-gradient":""},"tablet":{"background-color":"var(--ast-global-color-5)","background-image":"","background-repeat":"repeat","background-position":"center center","background-size":"auto","background-attachment":"scroll","background-type":"","background-media":"","overlay-type":"","overlay-color":"","overlay-opacity":"","overlay-gradient":""},"mobile":{"background-color":"var(--ast-global-color-5)","background-image":"","background-repeat":"repeat","background-position":"center center","background-size":"auto","background-attachment":"scroll","background-type":"","background-media":"","overlay-type":"","overlay-color":"","overlay-opacity":"","overlay-gradient":""}}},"product_brand":[],"product_cat":[247,113,188],"product_tag":[],"class_list":{"0":"post-21335","1":"product","2":"type-product","3":"status-publish","4":"has-post-thumbnail","6":"product_cat-impulsores-de-ventas","7":"product_cat-cuidado-corporal","8":"product_cat-juicy-chemistry","9":"product_shipping_class-shipping_rate_01","10":"desktop-align-left","11":"tablet-align-left","12":"mobile-align-left","13":"ast-product-gallery-layout-horizontal-slider","14":"ast-product-tabs-layout-horizontal","16":"first","17":"instock","18":"taxable","19":"shipping-taxable","20":"purchasable","21":"product-type-simple"},"acf":[],"_links":{"self":[{"href":"https:\/\/purenatural.eu\/es\/wp-json\/wp\/v2\/product\/21335","targetHints":{"allow":["GET"]}}],"collection":[{"href":"https:\/\/purenatural.eu\/es\/wp-json\/wp\/v2\/product"}],"about":[{"href":"https:\/\/purenatural.eu\/es\/wp-json\/wp\/v2\/types\/product"}],"replies":[{"embeddable":true,"href":"https:\/\/purenatural.eu\/es\/wp-json\/wp\/v2\/comments?post=21335"}],"version-history":[{"count":1,"href":"https:\/\/purenatural.eu\/es\/wp-json\/wp\/v2\/product\/21335\/revisions"}],"predecessor-version":[{"id":24060,"href":"https:\/\/purenatural.eu\/es\/wp-json\/wp\/v2\/product\/21335\/revisions\/24060"}],"wp:featuredmedia":[{"embeddable":true,"href":"https:\/\/purenatural.eu\/es\/wp-json\/wp\/v2\/media\/21339"}],"wp:attachment":[{"href":"https:\/\/purenatural.eu\/es\/wp-json\/wp\/v2\/media?parent=21335"}],"wp:term":[{"taxonomy":"product_brand","embeddable":true,"href":"https:\/\/purenatural.eu\/es\/wp-json\/wp\/v2\/product_brand?post=21335"},{"taxonomy":"product_cat","embeddable":true,"href":"https:\/\/purenatural.eu\/es\/wp-json\/wp\/v2\/product_cat?post=21335"},{"taxonomy":"product_tag","embeddable":true,"href":"https:\/\/purenatural.eu\/es\/wp-json\/wp\/v2\/product_tag?post=21335"}],"curies":[{"name":"wp","href":"https:\/\/api.w.org\/{rel}","templated":true}]}}