{"id":21424,"date":"2025-03-17T15:18:49","date_gmt":"2025-03-17T14:18:49","guid":{"rendered":"https:\/\/purenatural.eu\/?post_type=product&#038;p=21424"},"modified":"2026-02-07T11:23:14","modified_gmt":"2026-02-07T10:23:14","slug":"limpiador-facial-biologico-de-canamo-arbol-del-te-y-neem-100ml-copy","status":"publish","type":"product","link":"https:\/\/purenatural.eu\/es\/producto\/limpiador-facial-biologico-de-canamo-arbol-del-te-y-neem-100ml-copy\/","title":{"rendered":"UBTAN Limpiador sin jab\u00f3n 500 gr"},"content":{"rendered":"<p>Un limpiador completo a base de hierbas org\u00e1nicas y pulidor de la piel.<\/p>\n<p>Este vigorizante limpiador de la piel est\u00e1 repleto de hierbas y minerales esenciales que favorecen la salud de la piel.<\/p>\n<p>Utilizado tradicionalmente en tratamientos ayurv\u00e9dicos para limpiar la piel, puede emplearse como alternativa al jab\u00f3n. Una combinaci\u00f3n de hierbas, cereales, legumbres y frutos secos finamente pulverizados sin lauril sulfatos nocivos ni otros ingredientes qu\u00edmicos. 100% natural. Entre sus potentes ingredientes se encuentran el neem, el frijol mungo, la c\u00farcuma, el s\u00e1ndalo, la corteza de nalpamara, la triphala y el regaliz.   <\/p>\n<p>Esta f\u00f3rmula suaviza y alisa la piel a la vez que la limpia y exfolia eficazmente. Su uso regular equilibrar\u00e1 y retexturizar\u00e1 la piel, ayudando a eliminar la apariencia de celulitis, minimizar cicatrices y trastornos de pigmentaci\u00f3n y otras imperfecciones cut\u00e1neas en pieles da\u00f1adas por el sol. <\/p>\n<p>No se seca. Ideal para uso diario.<\/p>\n<p>&#8211; Deja la piel limpia y vibrante.<\/p>\n<p>-Elimina las c\u00e9lulas muertas y otros contaminantes de la piel dej\u00e1ndola suave como un p\u00e9talo.<\/p>\n<p>&#8211; Desobstruye los poros del exceso de grasa, elimina la suciedad y otras bacterias causantes del acn\u00e9.<\/p>\n<p>&#8211; Minimiza las cicatrices del acn\u00e9 y otras imperfecciones cut\u00e1neas.<\/p>\n<p>&#8211; Minimiza los trastornos pigmentarios derivados de la exposici\u00f3n al sol.<\/p>\n<p>&#8211; Conserva la hidrataci\u00f3n natural de la piel<\/p>\n<p>&nbsp;<\/p>\n<span class=\"et_bloom_bottom_trigger\"><\/span>","protected":false},"excerpt":{"rendered":"<p>500 gr<\/p>\n<p>Un limpiador completo a base de hierbas org\u00e1nicas y pulidor de la piel. Ideal para uso diario. No seca la piel.<\/p>\n<p style=\"font-weight: 400;\">Un tratamiento ayurv\u00e9dico para pulir la piel, exfoliarla suavemente y limpiarla en profundidad.<\/p>\n<p style=\"font-weight: 400;\">Una mezcla tradicional de hierbas, legumbres y frutos secos finamente potenciados (neem, frijol mungo, c\u00farcuma, triphala y m\u00e1s) que puede utilizarse como alternativa 100% natural al jab\u00f3n diario.<\/p>\n<p style=\"font-weight: 400;\">Muy beneficioso para la piel (rostro y cuerpo), elimina de forma natural las c\u00e9lulas muertas y otros contaminantes de la piel dej\u00e1ndola suave como un p\u00e9talo.<\/p>\n<p style=\"font-weight: 400;\">Usando Ubtan regularmente puede mantener su piel libre de acn\u00e9, manchas y puntos oscuros.<\/p>\n<p style=\"font-weight: 400;\">  Minimiza las cicatrices del acn\u00e9, las manchas, los trastornos de la pigmentaci\u00f3n y otras imperfecciones cut\u00e1neas presentes con frecuencia en la piel da\u00f1ada por el sol, al tiempo que proporciona un brillo natural.<\/p>\n<p>&nbsp;<\/p>\n<p style=\"font-weight: 400;\">\n","protected":false},"featured_media":21434,"comment_status":"open","ping_status":"closed","template":"","meta":{"_acf_changed":false,"site-sidebar-layout":"default","site-content-layout":"default","ast-site-content-layout":"default","site-content-style":"default","site-sidebar-style":"default","ast-global-header-display":"","ast-banner-title-visibility":"","ast-main-header-display":"","ast-hfb-above-header-display":"","ast-hfb-below-header-display":"","ast-hfb-mobile-header-display":"","site-post-title":"","ast-breadcrumbs-content":"","ast-featured-img":"","footer-sml-layout":"","ast-disable-related-posts":"","theme-transparent-header-meta":"default","adv-header-id-meta":"","stick-header-meta":"default","header-above-stick-meta":"","header-main-stick-meta":"","header-below-stick-meta":"","astra-migrate-meta-layouts":"set","ast-page-background-enabled":"default","ast-page-background-meta":{"desktop":{"background-color":"var(--ast-global-color-4)","background-image":"","background-repeat":"repeat","background-position":"center center","background-size":"auto","background-attachment":"scroll","background-type":"","background-media":"","overlay-type":"","overlay-color":"","overlay-opacity":"","overlay-gradient":""},"tablet":{"background-color":"","background-image":"","background-repeat":"repeat","background-position":"center center","background-size":"auto","background-attachment":"scroll","background-type":"","background-media":"","overlay-type":"","overlay-color":"","overlay-opacity":"","overlay-gradient":""},"mobile":{"background-color":"","background-image":"","background-repeat":"repeat","background-position":"center center","background-size":"auto","background-attachment":"scroll","background-type":"","background-media":"","overlay-type":"","overlay-color":"","overlay-opacity":"","overlay-gradient":""}},"ast-content-background-meta":{"desktop":{"background-color":"var(--ast-global-color-5)","background-image":"","background-repeat":"repeat","background-position":"center center","background-size":"auto","background-attachment":"scroll","background-type":"","background-media":"","overlay-type":"","overlay-color":"","overlay-opacity":"","overlay-gradient":""},"tablet":{"background-color":"var(--ast-global-color-5)","background-image":"","background-repeat":"repeat","background-position":"center center","background-size":"auto","background-attachment":"scroll","background-type":"","background-media":"","overlay-type":"","overlay-color":"","overlay-opacity":"","overlay-gradient":""},"mobile":{"background-color":"var(--ast-global-color-5)","background-image":"","background-repeat":"repeat","background-position":"center center","background-size":"auto","background-attachment":"scroll","background-type":"","background-media":"","overlay-type":"","overlay-color":"","overlay-opacity":"","overlay-gradient":""}}},"product_brand":[],"product_cat":[210,186,187,113,123,155,192],"product_tag":[],"class_list":{"0":"post-21424","1":"product","2":"type-product","3":"status-publish","4":"has-post-thumbnail","6":"product_cat-kami-herbals-es","7":"product_cat-antiacne","8":"product_cat-control-de-aceite","9":"product_cat-cuidado-corporal","10":"product_cat-cuidado-de-la-piel","11":"product_cat-equilibrio-kapha","12":"product_cat-limpiadores-es","13":"product_shipping_class-shipping_rate_01","14":"desktop-align-left","15":"tablet-align-left","16":"mobile-align-left","17":"ast-product-gallery-layout-horizontal-slider","18":"ast-product-tabs-layout-horizontal","20":"first","21":"onbackorder","22":"taxable","23":"shipping-taxable","24":"purchasable","25":"product-type-simple"},"acf":[],"_links":{"self":[{"href":"https:\/\/purenatural.eu\/es\/wp-json\/wp\/v2\/product\/21424","targetHints":{"allow":["GET"]}}],"collection":[{"href":"https:\/\/purenatural.eu\/es\/wp-json\/wp\/v2\/product"}],"about":[{"href":"https:\/\/purenatural.eu\/es\/wp-json\/wp\/v2\/types\/product"}],"replies":[{"embeddable":true,"href":"https:\/\/purenatural.eu\/es\/wp-json\/wp\/v2\/comments?post=21424"}],"version-history":[{"count":1,"href":"https:\/\/purenatural.eu\/es\/wp-json\/wp\/v2\/product\/21424\/revisions"}],"predecessor-version":[{"id":24185,"href":"https:\/\/purenatural.eu\/es\/wp-json\/wp\/v2\/product\/21424\/revisions\/24185"}],"wp:featuredmedia":[{"embeddable":true,"href":"https:\/\/purenatural.eu\/es\/wp-json\/wp\/v2\/media\/21434"}],"wp:attachment":[{"href":"https:\/\/purenatural.eu\/es\/wp-json\/wp\/v2\/media?parent=21424"}],"wp:term":[{"taxonomy":"product_brand","embeddable":true,"href":"https:\/\/purenatural.eu\/es\/wp-json\/wp\/v2\/product_brand?post=21424"},{"taxonomy":"product_cat","embeddable":true,"href":"https:\/\/purenatural.eu\/es\/wp-json\/wp\/v2\/product_cat?post=21424"},{"taxonomy":"product_tag","embeddable":true,"href":"https:\/\/purenatural.eu\/es\/wp-json\/wp\/v2\/product_tag?post=21424"}],"curies":[{"name":"wp","href":"https:\/\/api.w.org\/{rel}","templated":true}]}}