{"id":22713,"date":"2025-11-04T16:58:38","date_gmt":"2025-11-04T15:58:38","guid":{"rendered":"https:\/\/purenatural.eu\/?post_type=product&#038;p=22713"},"modified":"2026-01-02T01:00:47","modified_gmt":"2026-01-02T00:00:47","slug":"brass-kindi-medium-copy","status":"publish","type":"product","link":"https:\/\/purenatural.eu\/es\/producto\/brass-kindi-medium-copy\/","title":{"rendered":"URULI DE LAT\u00d3N GRANDE"},"content":{"rendered":"<h3 style=\"margin-bottom: 10px;\">DETALLES<\/h3>\n<p data-start=\"55\" data-end=\"363\">Fabricado a mano en Kerala (India), este Uruli tradicional de lat\u00f3n encarna siglos de arte del sur de la India.<\/p>\n<p data-start=\"55\" data-end=\"363\">Utilizado originalmente en las pr\u00e1cticas ayurv\u00e9dicas y los rituales de los templos, el Uruli es conocido por su capacidad para retener el calor de forma uniforme, lo que lo hace perfecto para cocinar aceites de hierbas, infusiones o simplemente como cuenco decorativo.<\/p>\n<p data-start=\"365\" data-end=\"550\">Hoy en d\u00eda, se utiliza a menudo para hacer una pasta con polvos de hierbas como el Ubtan, o como pieza decorativa, llena de agua y adornada con flores flotantes o velas para crear una atm\u00f3sfera serena y acogedora en hogares y espacios de bienestar.<\/p>\n<p data-start=\"365\" data-end=\"550\">Tambi\u00e9n puede utilizarse con fines de aromaterapia si se llena de agua caliente con unas gotas de aceite esencial, como el de lavanda.<\/p>\n<p data-start=\"365\" data-end=\"550\">Cada Uruli est\u00e1 hecho a mano de forma \u00fanica y lleva el encanto y la calidez del rico patrimonio cultural de Kerala.<\/p>\n<span class=\"et_bloom_bottom_trigger\"><\/span>","protected":false},"excerpt":{"rendered":"<p data-start=\"0\" data-end=\"282\">Fabricado a mano en Kerala, India, este Uruli tradicional de lat\u00f3n refleja siglos de arte del sur de la India. Utilizado anta\u00f1o en pr\u00e1cticas ayurv\u00e9dicas y rituales en templos, es conocido por su retenci\u00f3n uniforme del calor, ideal para preparar aceites de hierbas, infusiones o pastas con polvos como Ubtan. <\/p>\n<p data-start=\"284\" data-end=\"588\" data-is-last-node=\"\" data-is-only-node=\"\">Hoy en d\u00eda, el Uruli tambi\u00e9n aporta serenidad a los espacios modernos. Ll\u00e9nelo de agua caliente y unas gotas de aceite esencial para aromaterapia, o dec\u00f3relo con flores flotantes o velas para crear un ambiente tranquilo y acogedor. Cada pieza est\u00e1 hecha a mano de forma \u00fanica y lleva la calidez de la rica herencia de Kerala.  <\/p>\n","protected":false},"featured_media":22724,"comment_status":"open","ping_status":"closed","template":"","meta":{"_acf_changed":false,"site-sidebar-layout":"default","site-content-layout":"default","ast-site-content-layout":"default","site-content-style":"default","site-sidebar-style":"default","ast-global-header-display":"","ast-banner-title-visibility":"","ast-main-header-display":"","ast-hfb-above-header-display":"","ast-hfb-below-header-display":"","ast-hfb-mobile-header-display":"","site-post-title":"","ast-breadcrumbs-content":"","ast-featured-img":"","footer-sml-layout":"","ast-disable-related-posts":"","theme-transparent-header-meta":"default","adv-header-id-meta":"","stick-header-meta":"default","header-above-stick-meta":"","header-main-stick-meta":"","header-below-stick-meta":"","astra-migrate-meta-layouts":"set","ast-page-background-enabled":"default","ast-page-background-meta":{"desktop":{"background-color":"var(--ast-global-color-4)","background-image":"","background-repeat":"repeat","background-position":"center center","background-size":"auto","background-attachment":"scroll","background-type":"","background-media":"","overlay-type":"","overlay-color":"","overlay-opacity":"","overlay-gradient":""},"tablet":{"background-color":"","background-image":"","background-repeat":"repeat","background-position":"center center","background-size":"auto","background-attachment":"scroll","background-type":"","background-media":"","overlay-type":"","overlay-color":"","overlay-opacity":"","overlay-gradient":""},"mobile":{"background-color":"","background-image":"","background-repeat":"repeat","background-position":"center center","background-size":"auto","background-attachment":"scroll","background-type":"","background-media":"","overlay-type":"","overlay-color":"","overlay-opacity":"","overlay-gradient":""}},"ast-content-background-meta":{"desktop":{"background-color":"var(--ast-global-color-5)","background-image":"","background-repeat":"repeat","background-position":"center center","background-size":"auto","background-attachment":"scroll","background-type":"","background-media":"","overlay-type":"","overlay-color":"","overlay-opacity":"","overlay-gradient":""},"tablet":{"background-color":"var(--ast-global-color-5)","background-image":"","background-repeat":"repeat","background-position":"center center","background-size":"auto","background-attachment":"scroll","background-type":"","background-media":"","overlay-type":"","overlay-color":"","overlay-opacity":"","overlay-gradient":""},"mobile":{"background-color":"var(--ast-global-color-5)","background-image":"","background-repeat":"repeat","background-position":"center center","background-size":"auto","background-attachment":"scroll","background-type":"","background-media":"","overlay-type":"","overlay-color":"","overlay-opacity":"","overlay-gradient":""}}},"product_brand":[],"product_cat":[142,113,123,127,143,146,117,194],"product_tag":[],"class_list":{"0":"post-22713","1":"product","2":"type-product","3":"status-publish","4":"has-post-thumbnail","6":"product_cat-aceites","7":"product_cat-cuidado-corporal","8":"product_cat-cuidado-de-la-piel","9":"product_cat-cuidado-del-cabello","10":"product_cat-cuidado-del-sueno","11":"product_cat-ideas-para-regalar","12":"product_cat-kama-ayurveda-es","13":"product_cat-material-de-marketing","14":"product_shipping_class-shipping_rate_01","15":"desktop-align-left","16":"tablet-align-left","17":"mobile-align-left","18":"ast-product-gallery-layout-horizontal-slider","19":"ast-product-tabs-layout-horizontal","21":"first","22":"instock","23":"taxable","24":"shipping-taxable","25":"purchasable","26":"product-type-simple"},"acf":[],"_links":{"self":[{"href":"https:\/\/purenatural.eu\/es\/wp-json\/wp\/v2\/product\/22713","targetHints":{"allow":["GET"]}}],"collection":[{"href":"https:\/\/purenatural.eu\/es\/wp-json\/wp\/v2\/product"}],"about":[{"href":"https:\/\/purenatural.eu\/es\/wp-json\/wp\/v2\/types\/product"}],"replies":[{"embeddable":true,"href":"https:\/\/purenatural.eu\/es\/wp-json\/wp\/v2\/comments?post=22713"}],"version-history":[{"count":0,"href":"https:\/\/purenatural.eu\/es\/wp-json\/wp\/v2\/product\/22713\/revisions"}],"wp:featuredmedia":[{"embeddable":true,"href":"https:\/\/purenatural.eu\/es\/wp-json\/wp\/v2\/media\/22724"}],"wp:attachment":[{"href":"https:\/\/purenatural.eu\/es\/wp-json\/wp\/v2\/media?parent=22713"}],"wp:term":[{"taxonomy":"product_brand","embeddable":true,"href":"https:\/\/purenatural.eu\/es\/wp-json\/wp\/v2\/product_brand?post=22713"},{"taxonomy":"product_cat","embeddable":true,"href":"https:\/\/purenatural.eu\/es\/wp-json\/wp\/v2\/product_cat?post=22713"},{"taxonomy":"product_tag","embeddable":true,"href":"https:\/\/purenatural.eu\/es\/wp-json\/wp\/v2\/product_tag?post=22713"}],"curies":[{"name":"wp","href":"https:\/\/api.w.org\/{rel}","templated":true}]}}