{"id":23165,"date":"2023-11-22T15:52:15","date_gmt":"2023-11-22T14:52:15","guid":{"rendered":"https:\/\/purenatural.eu\/product\/bliss-de-ojos\/"},"modified":"2023-11-22T15:52:15","modified_gmt":"2023-11-22T14:52:15","slug":"bliss-de-ojos","status":"publish","type":"product","link":"https:\/\/purenatural.eu\/es\/producto\/bliss-de-ojos\/","title":{"rendered":"BLISS DE OJOS"},"content":{"rendered":"<span class=\"et_bloom_bottom_trigger\"><\/span>","protected":false},"excerpt":{"rendered":"<p><iframe width=\"315\" height=\"560\" src=\"https:\/\/www.youtube.com\/embed\/dbOHzysq-iU\" title=\"Reproductor de v\u00eddeo YouTube\" frameborder=\"0\" allow=\"accelerometer; autoplay; clipboard-write; encrypted-media; gyroscope; picture-in-picture; web-share\" allowfullscreen=\"\"><\/iframe><\/p>\n<ul>\n<li style=\"font-weight: 400;\" aria-level=\"1\"><span style=\"font-weight: 400;\">Contorno de Ojos de Higo Chumbo, Ch\u00eda y Tamanu &#8211; 7 ml  <\/span><\/li>\n<li><a title=\"\u200c\" href=\"https:\/\/purenatural.eu\/es\/categoria-producto\/shop-by-brand-es\/kimono-infinit\/\" target=\"_blank\" rel=\"nofollow noopener noreferrer ugc\">Almohada ocular Infinit Kimono a elegir<\/a><\/li>\n<li><a title=\"\u200c\" href=\"https:\/\/purenatural.eu\/es\/categoria-producto\/shop-by-brand-es\/aunty-b-es\/\" target=\"_blank\" rel=\"nofollow noopener noreferrer ugc\">Un delicioso neceser de su elecci\u00f3n<\/a><\/li>\n<\/ul>\n<p><span style=\"font-weight: 400;\">En Ayurveda, el higo chumbo ecol\u00f3gico, la ch\u00eda y una buena noche de sue\u00f1o son herramientas eficaces para favorecer la felicidad ocular.<\/span><\/p>\n<p><span style=\"font-weight: 400;\">Antes de acostarse, masajee suavemente el contorno de ojos con el roll-on. Repleto de aceites ricos en antioxidantes, ayuda a hidratar las ojeras, reducir las bolsas y minimizar las ojeras. <\/span><\/p>\n<p><span style=\"font-weight: 400;\">Acabe el d\u00eda con la almohada Infinit Kimono Eye Pillow, la compa\u00f1era perfecta para dormir. \u00bfCu\u00e1l es el secreto? Esta almohada para los ojos ejerce una ligera presi\u00f3n sobre los globos oculares estimulando el nervio vago y activando el sistema nervioso parasimp\u00e1tico, relajando as\u00ed todo el cuerpo y la mente y llev\u00e1ndote a un espacio tranquilo, tu espacio de descanso.<\/span><\/p>\n<p><span style=\"font-weight: 400;\">M\u00edmate con un delicioso neceser Aunty B para guardar todos estos regalos.<\/span><\/p>\n<p><span style=\"font-weight: 400;\">Bundle &amp; Save: Selecciona todos los productos de este lote y disfruta de un descuento de 10 euros con el cup\u00f3n: <strong>consciousgifts10<\/strong> <\/span><\/p>\n<h2><span style=\"font-weight: 400;\"><a href=\"https:\/\/purenatural.eu\/es\/categoria-producto\/shop-by-brand-es\/kimono-infinit\/\" target=\"_blank\" rel=\"noopener\"><span style=\"color: #d9a428;\">Haga clic aqu\u00ed para elegir la <strong>almohada<\/strong> Infinit <strong>Kimono Eye Pillow<\/strong> que prefiera<\/span><\/a><\/span><\/h2>\n","protected":false},"featured_media":18125,"comment_status":"open","ping_status":"closed","template":"","meta":{"_acf_changed":false,"site-sidebar-layout":"default","site-content-layout":"","ast-site-content-layout":"default","site-content-style":"default","site-sidebar-style":"default","ast-global-header-display":"","ast-banner-title-visibility":"","ast-main-header-display":"","ast-hfb-above-header-display":"","ast-hfb-below-header-display":"","ast-hfb-mobile-header-display":"","site-post-title":"","ast-breadcrumbs-content":"","ast-featured-img":"","footer-sml-layout":"","ast-disable-related-posts":"","theme-transparent-header-meta":"default","adv-header-id-meta":"","stick-header-meta":"default","header-above-stick-meta":"","header-main-stick-meta":"","header-below-stick-meta":"","astra-migrate-meta-layouts":"default","ast-page-background-enabled":"default","ast-page-background-meta":{"desktop":{"background-color":"var(--ast-global-color-4)","background-image":"","background-repeat":"repeat","background-position":"center center","background-size":"auto","background-attachment":"scroll","background-type":"","background-media":"","overlay-type":"","overlay-color":"","overlay-opacity":"","overlay-gradient":""},"tablet":{"background-color":"","background-image":"","background-repeat":"repeat","background-position":"center center","background-size":"auto","background-attachment":"scroll","background-type":"","background-media":"","overlay-type":"","overlay-color":"","overlay-opacity":"","overlay-gradient":""},"mobile":{"background-color":"","background-image":"","background-repeat":"repeat","background-position":"center center","background-size":"auto","background-attachment":"scroll","background-type":"","background-media":"","overlay-type":"","overlay-color":"","overlay-opacity":"","overlay-gradient":""}},"ast-content-background-meta":{"desktop":{"background-color":"var(--ast-global-color-5)","background-image":"","background-repeat":"repeat","background-position":"center center","background-size":"auto","background-attachment":"scroll","background-type":"","background-media":"","overlay-type":"","overlay-color":"","overlay-opacity":"","overlay-gradient":""},"tablet":{"background-color":"var(--ast-global-color-5)","background-image":"","background-repeat":"repeat","background-position":"center center","background-size":"auto","background-attachment":"scroll","background-type":"","background-media":"","overlay-type":"","overlay-color":"","overlay-opacity":"","overlay-gradient":""},"mobile":{"background-color":"var(--ast-global-color-5)","background-image":"","background-repeat":"repeat","background-position":"center center","background-size":"auto","background-attachment":"scroll","background-type":"","background-media":"","overlay-type":"","overlay-color":"","overlay-opacity":"","overlay-gradient":""}}},"product_brand":[],"product_cat":[123,143,146],"product_tag":[],"class_list":{"0":"post-23165","1":"product","2":"type-product","3":"status-publish","4":"has-post-thumbnail","6":"product_cat-cuidado-de-la-piel","7":"product_cat-cuidado-del-sueno","8":"product_cat-ideas-para-regalar","9":"product_shipping_class-shipping_rate_01","10":"desktop-align-left","11":"tablet-align-left","12":"mobile-align-left","13":"ast-product-gallery-layout-horizontal-slider","14":"ast-product-gallery-with-no-image","15":"ast-product-tabs-layout-horizontal","17":"first","18":"instock","19":"taxable","20":"shipping-taxable","21":"product-type-grouped"},"acf":[],"_links":{"self":[{"href":"https:\/\/purenatural.eu\/es\/wp-json\/wp\/v2\/product\/23165","targetHints":{"allow":["GET"]}}],"collection":[{"href":"https:\/\/purenatural.eu\/es\/wp-json\/wp\/v2\/product"}],"about":[{"href":"https:\/\/purenatural.eu\/es\/wp-json\/wp\/v2\/types\/product"}],"replies":[{"embeddable":true,"href":"https:\/\/purenatural.eu\/es\/wp-json\/wp\/v2\/comments?post=23165"}],"version-history":[{"count":0,"href":"https:\/\/purenatural.eu\/es\/wp-json\/wp\/v2\/product\/23165\/revisions"}],"wp:featuredmedia":[{"embeddable":true,"href":"https:\/\/purenatural.eu\/es\/wp-json\/wp\/v2\/media\/18125"}],"wp:attachment":[{"href":"https:\/\/purenatural.eu\/es\/wp-json\/wp\/v2\/media?parent=23165"}],"wp:term":[{"taxonomy":"product_brand","embeddable":true,"href":"https:\/\/purenatural.eu\/es\/wp-json\/wp\/v2\/product_brand?post=23165"},{"taxonomy":"product_cat","embeddable":true,"href":"https:\/\/purenatural.eu\/es\/wp-json\/wp\/v2\/product_cat?post=23165"},{"taxonomy":"product_tag","embeddable":true,"href":"https:\/\/purenatural.eu\/es\/wp-json\/wp\/v2\/product_tag?post=23165"}],"curies":[{"name":"wp","href":"https:\/\/api.w.org\/{rel}","templated":true}]}}