{"id":23167,"date":"2023-11-22T15:45:56","date_gmt":"2023-11-22T14:45:56","guid":{"rendered":"https:\/\/purenatural.eu\/product\/buenos-dias-belleza\/"},"modified":"2023-11-22T15:45:56","modified_gmt":"2023-11-22T14:45:56","slug":"buenos-dias-belleza","status":"publish","type":"product","link":"https:\/\/purenatural.eu\/es\/producto\/buenos-dias-belleza\/","title":{"rendered":"BUENOS D\u00cdAS BELLEZA"},"content":{"rendered":"<span class=\"et_bloom_bottom_trigger\"><\/span>","protected":false},"excerpt":{"rendered":"<p><iframe title=\"Reproductor de v\u00eddeo YouTube\" src=\"https:\/\/www.youtube.com\/embed\/kwO73HWs15k\" width=\"315\" height=\"560\" frameborder=\"0\" allowfullscreen=\"allowfullscreen\"><\/iframe><\/p>\n<ul>\n<li style=\"font-weight: 400;\" aria-level=\"1\"><span style=\"font-weight: 400;\">MY HAPPY TONGUE limpiador lingual<\/span><\/li>\n<li style=\"font-weight: 400;\" aria-level=\"1\"><span style=\"font-weight: 400;\">Bruma tonificante de agua de rosas de Bulgaria 50 ml<\/span><\/li>\n<li style=\"font-weight: 400;\" aria-level=\"1\"><span style=\"font-weight: 400;\">Crema de D\u00eda Hidratante Ayurv\u00e9dica con FPS 15 50 gr  <\/span><\/li>\n<li><a title=\"\u200c\" href=\"https:\/\/purenatural.eu\/es\/categoria-producto\/shop-by-brand-es\/aunty-b-es\/\" target=\"_blank\" rel=\"nofollow noopener noreferrer ugc\">Un delicioso neceser de su elecci\u00f3n<\/a><\/li>\n<\/ul>\n<p><span style=\"font-weight: 400;\">Empieza el d\u00eda rasc\u00e1ndote la lengua con el limpiador lingual MY HAPPY TONGUE, la forma m\u00e1s eficaz de eliminar las bacterias y, al mismo tiempo, mejorar tu bienestar bucal y tu confianza a la hora de abrir la boca.<\/span><\/p>\n<p><span style=\"font-weight: 400;\">Pulverizar agua de rosas pura sobre el rostro, un incre\u00edble t\u00f3nico facial y astringente natural, equilibra y restaura el nivel de pH de la piel y ayuda a cerrar los poros. Act\u00faa como el t\u00f3nico perfecto sin alcohol con una ligera acci\u00f3n limpiadora y clarificante que ayuda a eliminar los residuos acumulados durante la noche mientras prepara para el tratamiento posterior del cuidado de la piel. <\/span><\/p>\n<p><span style=\"font-weight: 400;\">Aumente la hidrataci\u00f3n, estimule la producci\u00f3n de col\u00e1geno y prot\u00e9jase del polvo y el sol con esta crema de d\u00eda de f\u00e1cil absorci\u00f3n que deja la piel suave y flexible.<\/span><\/p>\n<p><span style=\"font-weight: 400;\">M\u00edmate con un delicioso neceser Aunty B para guardar todos estos regalos.<\/span><\/p>\n<p><span style=\"font-weight: 400;\">Bundle &amp; Save: Selecciona todos los productos de este lote y disfruta de un descuento de 10 euros con el cup\u00f3n: consciousgifts10  <\/span><\/p>\n","protected":false},"featured_media":18120,"comment_status":"open","ping_status":"closed","template":"","meta":{"_acf_changed":false,"site-sidebar-layout":"default","site-content-layout":"","ast-site-content-layout":"default","site-content-style":"default","site-sidebar-style":"default","ast-global-header-display":"","ast-banner-title-visibility":"","ast-main-header-display":"","ast-hfb-above-header-display":"","ast-hfb-below-header-display":"","ast-hfb-mobile-header-display":"","site-post-title":"","ast-breadcrumbs-content":"","ast-featured-img":"","footer-sml-layout":"","ast-disable-related-posts":"","theme-transparent-header-meta":"default","adv-header-id-meta":"","stick-header-meta":"default","header-above-stick-meta":"","header-main-stick-meta":"","header-below-stick-meta":"","astra-migrate-meta-layouts":"default","ast-page-background-enabled":"default","ast-page-background-meta":{"desktop":{"background-color":"var(--ast-global-color-4)","background-image":"","background-repeat":"repeat","background-position":"center center","background-size":"auto","background-attachment":"scroll","background-type":"","background-media":"","overlay-type":"","overlay-color":"","overlay-opacity":"","overlay-gradient":""},"tablet":{"background-color":"","background-image":"","background-repeat":"repeat","background-position":"center center","background-size":"auto","background-attachment":"scroll","background-type":"","background-media":"","overlay-type":"","overlay-color":"","overlay-opacity":"","overlay-gradient":""},"mobile":{"background-color":"","background-image":"","background-repeat":"repeat","background-position":"center center","background-size":"auto","background-attachment":"scroll","background-type":"","background-media":"","overlay-type":"","overlay-color":"","overlay-opacity":"","overlay-gradient":""}},"ast-content-background-meta":{"desktop":{"background-color":"var(--ast-global-color-5)","background-image":"","background-repeat":"repeat","background-position":"center center","background-size":"auto","background-attachment":"scroll","background-type":"","background-media":"","overlay-type":"","overlay-color":"","overlay-opacity":"","overlay-gradient":""},"tablet":{"background-color":"var(--ast-global-color-5)","background-image":"","background-repeat":"repeat","background-position":"center center","background-size":"auto","background-attachment":"scroll","background-type":"","background-media":"","overlay-type":"","overlay-color":"","overlay-opacity":"","overlay-gradient":""},"mobile":{"background-color":"var(--ast-global-color-5)","background-image":"","background-repeat":"repeat","background-position":"center center","background-size":"auto","background-attachment":"scroll","background-type":"","background-media":"","overlay-type":"","overlay-color":"","overlay-opacity":"","overlay-gradient":""}}},"product_brand":[],"product_cat":[123,146],"product_tag":[],"class_list":{"0":"post-23167","1":"product","2":"type-product","3":"status-publish","4":"has-post-thumbnail","6":"product_cat-cuidado-de-la-piel","7":"product_cat-ideas-para-regalar","8":"product_shipping_class-shipping_rate_01","9":"desktop-align-left","10":"tablet-align-left","11":"mobile-align-left","12":"ast-product-gallery-layout-horizontal-slider","13":"ast-product-gallery-with-no-image","14":"ast-product-tabs-layout-horizontal","16":"first","17":"instock","18":"taxable","19":"shipping-taxable","20":"product-type-grouped"},"acf":[],"_links":{"self":[{"href":"https:\/\/purenatural.eu\/es\/wp-json\/wp\/v2\/product\/23167","targetHints":{"allow":["GET"]}}],"collection":[{"href":"https:\/\/purenatural.eu\/es\/wp-json\/wp\/v2\/product"}],"about":[{"href":"https:\/\/purenatural.eu\/es\/wp-json\/wp\/v2\/types\/product"}],"replies":[{"embeddable":true,"href":"https:\/\/purenatural.eu\/es\/wp-json\/wp\/v2\/comments?post=23167"}],"version-history":[{"count":0,"href":"https:\/\/purenatural.eu\/es\/wp-json\/wp\/v2\/product\/23167\/revisions"}],"wp:featuredmedia":[{"embeddable":true,"href":"https:\/\/purenatural.eu\/es\/wp-json\/wp\/v2\/media\/18120"}],"wp:attachment":[{"href":"https:\/\/purenatural.eu\/es\/wp-json\/wp\/v2\/media?parent=23167"}],"wp:term":[{"taxonomy":"product_brand","embeddable":true,"href":"https:\/\/purenatural.eu\/es\/wp-json\/wp\/v2\/product_brand?post=23167"},{"taxonomy":"product_cat","embeddable":true,"href":"https:\/\/purenatural.eu\/es\/wp-json\/wp\/v2\/product_cat?post=23167"},{"taxonomy":"product_tag","embeddable":true,"href":"https:\/\/purenatural.eu\/es\/wp-json\/wp\/v2\/product_tag?post=23167"}],"curies":[{"name":"wp","href":"https:\/\/api.w.org\/{rel}","templated":true}]}}