{"id":23170,"date":"2023-11-22T16:27:28","date_gmt":"2023-11-22T15:27:28","guid":{"rendered":"https:\/\/purenatural.eu\/product\/ayurveda-para-el\/"},"modified":"2023-11-22T16:27:28","modified_gmt":"2023-11-22T15:27:28","slug":"ayurveda-para-el","status":"publish","type":"product","link":"https:\/\/purenatural.eu\/es\/producto\/ayurveda-para-el\/","title":{"rendered":"AYURVEDA PARA \u00c9L"},"content":{"rendered":"<span class=\"et_bloom_bottom_trigger\"><\/span>","protected":false},"excerpt":{"rendered":"<p><iframe title=\"Reproductor de v\u00eddeo YouTube\" src=\"https:\/\/www.youtube.com\/embed\/qREQGHKsrDQ\" width=\"315\" height=\"560\" frameborder=\"0\" allowfullscreen=\"allowfullscreen\"><\/iframe><\/p>\n<ul>\n<li style=\"font-weight: 400;\" aria-level=\"1\"><span style=\"font-weight: 400;\">Limpiador lingual My Happy Tongue<\/span><\/li>\n<li style=\"font-weight: 400;\" aria-level=\"1\"><span style=\"font-weight: 400;\">Gel de Aloe Vera con Azafr\u00e1n y Kumkumadi Tailam 100 gr  <\/span><\/li>\n<li style=\"font-weight: 400;\" aria-level=\"1\"><span style=\"font-weight: 400;\">Bruma tonificante de agua de rosas de Bulgaria 50 ml<\/span><\/li>\n<li><a title=\"\u200c\" href=\"https:\/\/purenatural.eu\/es\/categoria-producto\/shop-by-brand-es\/kimono-infinit\/\" target=\"_blank\" rel=\"nofollow noopener noreferrer ugc\">Almohada ocular Infinit Kimono a elegir<\/a><\/li>\n<li><a title=\"\u200c\" href=\"https:\/\/purenatural.eu\/es\/categoria-producto\/shop-by-brand-es\/aunty-b-es\/\" target=\"_blank\" rel=\"nofollow noopener noreferrer ugc\">Un delicioso neceser de su elecci\u00f3n<\/a><\/li>\n<\/ul>\n<p><span style=\"font-weight: 400;\">El regalo de un aliento fresco, un afeitado natural y reparador y un sue\u00f1o reparador.<\/span><\/p>\n<p><span style=\"font-weight: 400;\">Empieza el d\u00eda rasc\u00e1ndote la lengua con el limpiador lingual MY HAPPY TONGUE, la forma m\u00e1s eficaz de eliminar las bacterias y, al mismo tiempo, mejorar tu bienestar bucal y tu confianza a la hora de abrir la boca.<\/span><\/p>\n<p><span style=\"font-weight: 400;\">Siga con ingredientes naturales y frescos para despu\u00e9s del afeitado para proteger la piel despu\u00e9s del afeitado. Comience rezando agua de rosas pura, un incre\u00edble t\u00f3nico facial y astringente natural, equilibra y restaura el nivel de pH de la piel y ayuda a cerrar los poros. Act\u00faa como el perfecto t\u00f3nico sin alcohol para despu\u00e9s del afeitado.    <\/span><\/p>\n<p><span style=\"font-weight: 400;\">Finaliza el ritual de afeitado aplicando Gel de Aloe Vera con Azafr\u00e1n y Kumkumadi para fijar la hidrataci\u00f3n y reforzar el brillo.<\/span><\/p>\n<p><span style=\"font-weight: 400;\">Acabe el d\u00eda con la almohada Infinit Kimono Eye Pillow, la compa\u00f1era perfecta para dormir. \u00bfCu\u00e1l es el secreto? Esta almohada para los ojos ejerce una ligera presi\u00f3n sobre los globos oculares estimulando el nervio vago y activando el sistema nervioso parasimp\u00e1tico, relajando as\u00ed todo el cuerpo y la mente y llev\u00e1ndote a un espacio tranquilo, tu espacio de descanso.<\/span><\/p>\n<p><span style=\"font-weight: 400;\">M\u00edmate con un delicioso neceser Aunty B para guardar todos estos regalos.<\/span><\/p>\n<p><span style=\"font-weight: 400;\">Bundle &amp; Save: Selecciona todos los productos de este lote y disfruta de un descuento de 10 euros con el cup\u00f3n: <strong>consciousgifts10<\/strong> <\/span><\/p>\n<h2><span style=\"font-weight: 400;\"><a href=\"https:\/\/purenatural.eu\/es\/categoria-producto\/shop-by-brand-es\/kimono-infinit\/\" target=\"_blank\" rel=\"noopener\"><span style=\"color: #d9a428;\">Haga clic aqu\u00ed para elegir la <strong>almohada<\/strong> Infinit <strong>Kimono Eye Pillow<\/strong> que prefiera<\/span><\/a><\/span><\/h2>\n","protected":false},"featured_media":18138,"comment_status":"open","ping_status":"closed","template":"","meta":{"_acf_changed":false,"site-sidebar-layout":"default","site-content-layout":"","ast-site-content-layout":"default","site-content-style":"default","site-sidebar-style":"default","ast-global-header-display":"","ast-banner-title-visibility":"","ast-main-header-display":"","ast-hfb-above-header-display":"","ast-hfb-below-header-display":"","ast-hfb-mobile-header-display":"","site-post-title":"","ast-breadcrumbs-content":"","ast-featured-img":"","footer-sml-layout":"","ast-disable-related-posts":"","theme-transparent-header-meta":"default","adv-header-id-meta":"","stick-header-meta":"default","header-above-stick-meta":"","header-main-stick-meta":"","header-below-stick-meta":"","astra-migrate-meta-layouts":"default","ast-page-background-enabled":"default","ast-page-background-meta":{"desktop":{"background-color":"var(--ast-global-color-4)","background-image":"","background-repeat":"repeat","background-position":"center center","background-size":"auto","background-attachment":"scroll","background-type":"","background-media":"","overlay-type":"","overlay-color":"","overlay-opacity":"","overlay-gradient":""},"tablet":{"background-color":"","background-image":"","background-repeat":"repeat","background-position":"center center","background-size":"auto","background-attachment":"scroll","background-type":"","background-media":"","overlay-type":"","overlay-color":"","overlay-opacity":"","overlay-gradient":""},"mobile":{"background-color":"","background-image":"","background-repeat":"repeat","background-position":"center center","background-size":"auto","background-attachment":"scroll","background-type":"","background-media":"","overlay-type":"","overlay-color":"","overlay-opacity":"","overlay-gradient":""}},"ast-content-background-meta":{"desktop":{"background-color":"var(--ast-global-color-5)","background-image":"","background-repeat":"repeat","background-position":"center center","background-size":"auto","background-attachment":"scroll","background-type":"","background-media":"","overlay-type":"","overlay-color":"","overlay-opacity":"","overlay-gradient":""},"tablet":{"background-color":"var(--ast-global-color-5)","background-image":"","background-repeat":"repeat","background-position":"center center","background-size":"auto","background-attachment":"scroll","background-type":"","background-media":"","overlay-type":"","overlay-color":"","overlay-opacity":"","overlay-gradient":""},"mobile":{"background-color":"var(--ast-global-color-5)","background-image":"","background-repeat":"repeat","background-position":"center center","background-size":"auto","background-attachment":"scroll","background-type":"","background-media":"","overlay-type":"","overlay-color":"","overlay-opacity":"","overlay-gradient":""}}},"product_brand":[],"product_cat":[123,146],"product_tag":[],"class_list":{"0":"post-23170","1":"product","2":"type-product","3":"status-publish","4":"has-post-thumbnail","6":"product_cat-cuidado-de-la-piel","7":"product_cat-ideas-para-regalar","8":"product_shipping_class-shipping_rate_01","9":"desktop-align-left","10":"tablet-align-left","11":"mobile-align-left","12":"ast-product-gallery-layout-horizontal-slider","13":"ast-product-tabs-layout-horizontal","15":"first","16":"instock","17":"taxable","18":"shipping-taxable","19":"product-type-grouped"},"acf":[],"_links":{"self":[{"href":"https:\/\/purenatural.eu\/es\/wp-json\/wp\/v2\/product\/23170","targetHints":{"allow":["GET"]}}],"collection":[{"href":"https:\/\/purenatural.eu\/es\/wp-json\/wp\/v2\/product"}],"about":[{"href":"https:\/\/purenatural.eu\/es\/wp-json\/wp\/v2\/types\/product"}],"replies":[{"embeddable":true,"href":"https:\/\/purenatural.eu\/es\/wp-json\/wp\/v2\/comments?post=23170"}],"version-history":[{"count":0,"href":"https:\/\/purenatural.eu\/es\/wp-json\/wp\/v2\/product\/23170\/revisions"}],"wp:featuredmedia":[{"embeddable":true,"href":"https:\/\/purenatural.eu\/es\/wp-json\/wp\/v2\/media\/18138"}],"wp:attachment":[{"href":"https:\/\/purenatural.eu\/es\/wp-json\/wp\/v2\/media?parent=23170"}],"wp:term":[{"taxonomy":"product_brand","embeddable":true,"href":"https:\/\/purenatural.eu\/es\/wp-json\/wp\/v2\/product_brand?post=23170"},{"taxonomy":"product_cat","embeddable":true,"href":"https:\/\/purenatural.eu\/es\/wp-json\/wp\/v2\/product_cat?post=23170"},{"taxonomy":"product_tag","embeddable":true,"href":"https:\/\/purenatural.eu\/es\/wp-json\/wp\/v2\/product_tag?post=23170"}],"curies":[{"name":"wp","href":"https:\/\/api.w.org\/{rel}","templated":true}]}}