{"id":8016,"date":"2022-10-28T10:05:50","date_gmt":"2022-10-28T08:05:50","guid":{"rendered":"https:\/\/purenatural.eu\/product\/limpiador-lingual-my-happy-tongue\/"},"modified":"2025-12-31T00:36:28","modified_gmt":"2025-12-30T23:36:28","slug":"mi-limpiador-de-lenguas-feliz","status":"publish","type":"product","link":"https:\/\/purenatural.eu\/es\/producto\/mi-limpiador-de-lenguas-feliz\/","title":{"rendered":"limpiador lingual MY HAPPY TONGUE"},"content":{"rendered":"<p><strong><em>\u00bfQuieres un aliento fresco y unos dientes m\u00e1s blancos?<\/em><\/strong> Esta peque\u00f1a herramienta de cobre, My Happy Tongue, conocida como <em>limpiador lingual <\/em>o <em>raspador lingual<\/em>, es la forma m\u00e1s eficaz de eliminar las bacterias orales de tu lengua, un dispositivo esencial para una Lengua Feliz y Sana.<\/p>\n<p>Este limpiador lingual es m\u00e1s grueso, resistente y bonito que otros del mercado.<\/p>\n<p>Fabricado en cobre puro 100% de alta calidad.<\/p>\n<p>M\u00e1s eficaz que la limpieza con cepillo de dientes, que tiende a devolver las bacterias a la boca.<\/p>\n<p>Este limpiador lingual est\u00e1 recomendado por dentistas e higienistas dentales.<\/p>\n<p>\u00bfSab\u00eda que podemos acumular hasta 20 millones de bacterias en la boca?<\/p>\n<p>Rascarse la lengua todas las ma\u00f1anas previene la acumulaci\u00f3n de bacterias y placa bucal y, como resultado, conduce a una mejor salud bucal, un aliento m\u00e1s fresco y un cuerpo m\u00e1s limpio, ya que todas esas bacterias ser\u00e1n eliminadas y no volver\u00e1n a digerirse en el sistema.<\/p>\n<p>Esta pr\u00e1ctica supersencilla es barata y puede ahorrarle algunas visitas al dentista, al tiempo que mejora su bienestar general y aumenta su confianza a la hora de abrir la boca.<\/p>\n<p>Te sorprender\u00e1 la diferencia que un h\u00e1bito diario tan sencillo tendr\u00e1 en tu vida.<\/p>\n<p><strong><em>Un ritual de higiene ayurv\u00e9dico tradicional<\/em><\/strong>. En el Ayurveda, la limpieza de la lengua es una parte importante de la higiene diaria, de la que se puede aprender mucho sobre la salud y los h\u00e1bitos. Todas las ma\u00f1anas, al levantarte, f\u00edjate en lo cubierta que tienes la lengua y en c\u00f3mo huele tu aliento. Si hay mucha capa en la lengua puede significar que no has digerido bien la cena o que has comido demasiado tarde y todav\u00eda hay muchas toxinas en el organismo. Siguiendo este r\u00e9gimen entras en contacto con tu cuerpo y tomas conciencia de lo que ocurre. Este conocimiento te da el poder de crear una mejor salud alterando tu comportamiento.<\/p>\n<p><strong><em>\u00bfPor qu\u00e9 un limpiador de cobre?<\/em><\/strong> Los productos de pl\u00e1stico y acero inoxidable del mercado no son tan higi\u00e9nicos y son menos duraderos. My Happy Tongue est\u00e1 fabricado al 100% con cobre puro antimicrobiano, un material resistente a las bacterias, el m\u00e1s adecuado para realizar esta tarea.<\/p>\n<p><strong><em>\u00bfCu\u00e1les son los beneficios de limpiarse la lengua?<\/em><\/strong><\/p>\n<ul>\n<li>Elimina las bacterias orales no deseadas.<\/li>\n<li>Refresca el aliento y mejora la higiene bucal.<\/li>\n<li>Blanquea los dientes gracias a que minimiza la placa y la caries en la boca.<\/li>\n<li>Aumenta la sensibilidad de las papilas gustativas al eliminar el exceso de toxinas que las obstruyen.<\/li>\n<li>Mejora la digesti\u00f3n ya que el raspado env\u00eda un mensaje indirecto a los \u00f3rganos digestivos estimulando el fuego g\u00e1strico y las enzimas digestivas.<\/li>\n<li>Mantiene el cuerpo m\u00e1s limpio ya que todas esas toxinas no se volver\u00e1n a digerir en el sistema de nuevo.<\/li>\n<li>Le permite escuchar a su cuerpo y dar pasos hacia h\u00e1bitos m\u00e1s saludables.<\/li>\n<\/ul>\n<p><strong><em>\u00bfQu\u00e9 dicen los dentistas?<\/em><\/strong>  \u00abLa lengua es como una alfombra: acumula mucha basura y debe limpiarse todos los d\u00edas\u00bb, seg\u00fan el Dr. Plotnick. Dice que lo que en realidad se est\u00e1 limpiando son las \u00abpapilas\u00bb o peque\u00f1as estructuras carnosas que cubren la superficie de la lengua, donde se acumulan c\u00e9lulas muertas, restos de comida y bacterias que pueden causar mal aliento. Un rascador puede aliviar realmente el mal aliento. Se\u00f1ala que los rascadores de pl\u00e1stico son menos duraderos y m\u00e1s dif\u00edciles de esterilizar. Para sacar el m\u00e1ximo partido de la limpieza lingual, Plotnick anima a los pacientes a utilizar la herramienta a primera hora de la ma\u00f1ana. Enjuaga el raspador despu\u00e9s de cada pasada para evitar que los restos vuelvan a depositarse en la lengua. Contin\u00fae hasta que el raspador no recoja nada y la lengua adquiera un color rosado carnoso\u00bb.<\/p>\n<p><strong><br \/>\n  <em>Bonificaci\u00f3n especial<\/em><br \/>\n<\/strong><strong>:<\/strong><\/p>\n<ul>\n<li>Bonita bolsa de viaje higi\u00e9nica y lavable. 100% algod\u00f3n org\u00e1nico puro.<\/li>\n<li>Instrucciones de uso en el interior.<\/li>\n<\/ul>\n<span class=\"et_bloom_bottom_trigger\"><\/span>","protected":false},"excerpt":{"rendered":"<p>\u00bfQuieres un aliento fresco y unos dientes m\u00e1s blancos? Esta peque\u00f1a herramienta de cobre, My Happy Tongue, conocida como limpiador lingual o raspador lingual, es la forma m\u00e1s eficaz de [&hellip;]<\/p>\n","protected":false},"featured_media":16234,"comment_status":"open","ping_status":"closed","template":"","meta":{"_acf_changed":false,"site-sidebar-layout":"default","site-content-layout":"default","ast-site-content-layout":"default","site-content-style":"default","site-sidebar-style":"default","ast-global-header-display":"","ast-banner-title-visibility":"","ast-main-header-display":"","ast-hfb-above-header-display":"","ast-hfb-below-header-display":"","ast-hfb-mobile-header-display":"","site-post-title":"","ast-breadcrumbs-content":"","ast-featured-img":"","footer-sml-layout":"","ast-disable-related-posts":"","theme-transparent-header-meta":"default","adv-header-id-meta":"","stick-header-meta":"default","header-above-stick-meta":"","header-main-stick-meta":"","header-below-stick-meta":"","astra-migrate-meta-layouts":"default","ast-page-background-enabled":"default","ast-page-background-meta":{"desktop":{"background-color":"var(--ast-global-color-4)","background-image":"","background-repeat":"repeat","background-position":"center center","background-size":"auto","background-attachment":"scroll","background-type":"","background-media":"","overlay-type":"","overlay-color":"","overlay-opacity":"","overlay-gradient":""},"tablet":{"background-color":"","background-image":"","background-repeat":"repeat","background-position":"center center","background-size":"auto","background-attachment":"scroll","background-type":"","background-media":"","overlay-type":"","overlay-color":"","overlay-opacity":"","overlay-gradient":""},"mobile":{"background-color":"","background-image":"","background-repeat":"repeat","background-position":"center center","background-size":"auto","background-attachment":"scroll","background-type":"","background-media":"","overlay-type":"","overlay-color":"","overlay-opacity":"","overlay-gradient":""}},"ast-content-background-meta":{"desktop":{"background-color":"var(--ast-global-color-5)","background-image":"","background-repeat":"repeat","background-position":"center center","background-size":"auto","background-attachment":"scroll","background-type":"","background-media":"","overlay-type":"","overlay-color":"","overlay-opacity":"","overlay-gradient":""},"tablet":{"background-color":"var(--ast-global-color-5)","background-image":"","background-repeat":"repeat","background-position":"center center","background-size":"auto","background-attachment":"scroll","background-type":"","background-media":"","overlay-type":"","overlay-color":"","overlay-opacity":"","overlay-gradient":""},"mobile":{"background-color":"var(--ast-global-color-5)","background-image":"","background-repeat":"repeat","background-position":"center center","background-size":"auto","background-attachment":"scroll","background-type":"","background-media":"","overlay-type":"","overlay-color":"","overlay-opacity":"","overlay-gradient":""}}},"product_brand":[],"product_cat":[247,172,146,150,174],"product_tag":[],"class_list":{"0":"post-8016","1":"product","2":"type-product","3":"status-publish","4":"has-post-thumbnail","6":"product_cat-impulsores-de-ventas","7":"product_cat-cuidado-de-la-boca","8":"product_cat-ideas-para-regalar","9":"product_cat-los-mas-vendidos","10":"product_cat-my-happy-tongue","11":"product_shipping_class-shipping_rate_01","12":"desktop-align-left","13":"tablet-align-left","14":"mobile-align-left","15":"ast-product-gallery-layout-horizontal-slider","16":"ast-product-tabs-layout-horizontal","18":"first","19":"instock","20":"taxable","21":"shipping-taxable","22":"purchasable","23":"product-type-simple"},"acf":[],"_links":{"self":[{"href":"https:\/\/purenatural.eu\/es\/wp-json\/wp\/v2\/product\/8016","targetHints":{"allow":["GET"]}}],"collection":[{"href":"https:\/\/purenatural.eu\/es\/wp-json\/wp\/v2\/product"}],"about":[{"href":"https:\/\/purenatural.eu\/es\/wp-json\/wp\/v2\/types\/product"}],"replies":[{"embeddable":true,"href":"https:\/\/purenatural.eu\/es\/wp-json\/wp\/v2\/comments?post=8016"}],"version-history":[{"count":0,"href":"https:\/\/purenatural.eu\/es\/wp-json\/wp\/v2\/product\/8016\/revisions"}],"wp:featuredmedia":[{"embeddable":true,"href":"https:\/\/purenatural.eu\/es\/wp-json\/wp\/v2\/media\/16234"}],"wp:attachment":[{"href":"https:\/\/purenatural.eu\/es\/wp-json\/wp\/v2\/media?parent=8016"}],"wp:term":[{"taxonomy":"product_brand","embeddable":true,"href":"https:\/\/purenatural.eu\/es\/wp-json\/wp\/v2\/product_brand?post=8016"},{"taxonomy":"product_cat","embeddable":true,"href":"https:\/\/purenatural.eu\/es\/wp-json\/wp\/v2\/product_cat?post=8016"},{"taxonomy":"product_tag","embeddable":true,"href":"https:\/\/purenatural.eu\/es\/wp-json\/wp\/v2\/product_tag?post=8016"}],"curies":[{"name":"wp","href":"https:\/\/api.w.org\/{rel}","templated":true}]}}