{"id":8045,"date":"2022-11-10T04:31:23","date_gmt":"2022-11-10T03:31:23","guid":{"rendered":"https:\/\/purenatural.eu\/product\/aceite-corporal-de-masaje-aromatico-de-sandalo-y-mirra-100ml-aceite-equilibrante-vata\/"},"modified":"2026-01-01T00:37:19","modified_gmt":"2025-12-31T23:37:19","slug":"aceite-corporal-de-masaje-aromatico-de-sandalo-y-mirra-100ml","status":"publish","type":"product","link":"https:\/\/purenatural.eu\/es\/producto\/aceite-corporal-de-masaje-aromatico-de-sandalo-y-mirra-100ml\/","title":{"rendered":"Aceite corporal de masaje arom\u00e1tico de s\u00e1ndalo y mirra 100ml | Aceite equilibrante VATA"},"content":{"rendered":"<p>Este aceite corporal enraizante tiene como base aceite de s\u00e9samo ecol\u00f3gico. El aceite de s\u00e9samo contiene vitamina E, que puede ayudar a proteger las c\u00e9lulas de la piel de los da\u00f1os causados por factores ambientales como los rayos UV, la contaminaci\u00f3n y las toxinas. El aceite de s\u00e9samo contiene \u00e1cidos grasos y linoleicos que lo convierten en un hidratante perfecto para la piel y muy eficaz contra las cicatrices y la inflamaci\u00f3n.<\/p>\n<p>Las notas enraizantes del s\u00e1ndalo, la mirra y el cedro ayudan a calmar y equilibrar las emociones.<\/p>\n<p>El aceite se envasa en una botella especial de cristal morado que protege los ingredientes de los rayos UV y la luz solar. El embalaje exterior de papel de lino est\u00e1 hecho a mano en Italia con papel sostenible certificado.<\/p>\n<span class=\"et_bloom_bottom_trigger\"><\/span>","protected":false},"excerpt":{"rendered":"<p>100 ml<\/p>\n<p>Las notas enraizantes del s\u00e1ndalo, la mirra y la madera de cedro de este incre\u00edble aceite corporal ayudan a calmarte y a equilibrar tus emociones.<\/p>\n","protected":false},"featured_media":18415,"comment_status":"open","ping_status":"closed","template":"","meta":{"_acf_changed":false,"site-sidebar-layout":"default","site-content-layout":"default","ast-site-content-layout":"default","site-content-style":"default","site-sidebar-style":"default","ast-global-header-display":"","ast-banner-title-visibility":"","ast-main-header-display":"","ast-hfb-above-header-display":"","ast-hfb-below-header-display":"","ast-hfb-mobile-header-display":"","site-post-title":"","ast-breadcrumbs-content":"","ast-featured-img":"","footer-sml-layout":"","ast-disable-related-posts":"","theme-transparent-header-meta":"default","adv-header-id-meta":"","stick-header-meta":"default","header-above-stick-meta":"","header-main-stick-meta":"","header-below-stick-meta":"","astra-migrate-meta-layouts":"default","ast-page-background-enabled":"default","ast-page-background-meta":{"desktop":{"background-color":"var(--ast-global-color-4)","background-image":"","background-repeat":"repeat","background-position":"center center","background-size":"auto","background-attachment":"scroll","background-type":"","background-media":"","overlay-type":"","overlay-color":"","overlay-opacity":"","overlay-gradient":""},"tablet":{"background-color":"","background-image":"","background-repeat":"repeat","background-position":"center center","background-size":"auto","background-attachment":"scroll","background-type":"","background-media":"","overlay-type":"","overlay-color":"","overlay-opacity":"","overlay-gradient":""},"mobile":{"background-color":"","background-image":"","background-repeat":"repeat","background-position":"center center","background-size":"auto","background-attachment":"scroll","background-type":"","background-media":"","overlay-type":"","overlay-color":"","overlay-opacity":"","overlay-gradient":""}},"ast-content-background-meta":{"desktop":{"background-color":"var(--ast-global-color-5)","background-image":"","background-repeat":"repeat","background-position":"center center","background-size":"auto","background-attachment":"scroll","background-type":"","background-media":"","overlay-type":"","overlay-color":"","overlay-opacity":"","overlay-gradient":""},"tablet":{"background-color":"var(--ast-global-color-5)","background-image":"","background-repeat":"repeat","background-position":"center center","background-size":"auto","background-attachment":"scroll","background-type":"","background-media":"","overlay-type":"","overlay-color":"","overlay-opacity":"","overlay-gradient":""},"mobile":{"background-color":"var(--ast-global-color-5)","background-image":"","background-repeat":"repeat","background-position":"center center","background-size":"auto","background-attachment":"scroll","background-type":"","background-media":"","overlay-type":"","overlay-color":"","overlay-opacity":"","overlay-gradient":""}}},"product_brand":[],"product_cat":[179,157,113,143,115,146,150],"product_tag":[],"class_list":{"0":"post-8045","1":"product","2":"type-product","3":"status-publish","4":"has-post-thumbnail","6":"product_cat-asmi-es","7":"product_cat-brumas-y-aceites-calmantes","8":"product_cat-cuidado-corporal","9":"product_cat-cuidado-del-sueno","10":"product_cat-equilibrio-vata","11":"product_cat-ideas-para-regalar","12":"product_cat-los-mas-vendidos","13":"product_shipping_class-shipping_rate_01","14":"desktop-align-left","15":"tablet-align-left","16":"mobile-align-left","17":"ast-product-gallery-layout-horizontal-slider","18":"ast-product-gallery-with-no-image","19":"ast-product-tabs-layout-horizontal","21":"first","22":"instock","23":"taxable","24":"shipping-taxable","25":"purchasable","26":"product-type-simple"},"acf":[],"_links":{"self":[{"href":"https:\/\/purenatural.eu\/es\/wp-json\/wp\/v2\/product\/8045","targetHints":{"allow":["GET"]}}],"collection":[{"href":"https:\/\/purenatural.eu\/es\/wp-json\/wp\/v2\/product"}],"about":[{"href":"https:\/\/purenatural.eu\/es\/wp-json\/wp\/v2\/types\/product"}],"replies":[{"embeddable":true,"href":"https:\/\/purenatural.eu\/es\/wp-json\/wp\/v2\/comments?post=8045"}],"version-history":[{"count":0,"href":"https:\/\/purenatural.eu\/es\/wp-json\/wp\/v2\/product\/8045\/revisions"}],"wp:featuredmedia":[{"embeddable":true,"href":"https:\/\/purenatural.eu\/es\/wp-json\/wp\/v2\/media\/18415"}],"wp:attachment":[{"href":"https:\/\/purenatural.eu\/es\/wp-json\/wp\/v2\/media?parent=8045"}],"wp:term":[{"taxonomy":"product_brand","embeddable":true,"href":"https:\/\/purenatural.eu\/es\/wp-json\/wp\/v2\/product_brand?post=8045"},{"taxonomy":"product_cat","embeddable":true,"href":"https:\/\/purenatural.eu\/es\/wp-json\/wp\/v2\/product_cat?post=8045"},{"taxonomy":"product_tag","embeddable":true,"href":"https:\/\/purenatural.eu\/es\/wp-json\/wp\/v2\/product_tag?post=8045"}],"curies":[{"name":"wp","href":"https:\/\/api.w.org\/{rel}","templated":true}]}}