{"id":8066,"date":"2022-10-13T03:49:53","date_gmt":"2022-10-13T01:49:53","guid":{"rendered":"https:\/\/purenatural.eu\/product\/la-almohada-para-los-ojos-sueno-fucsia\/"},"modified":"2025-10-22T00:37:41","modified_gmt":"2025-10-21T22:37:41","slug":"fucsia-sueno","status":"publish","type":"product","link":"https:\/\/purenatural.eu\/es\/producto\/fucsia-sueno\/","title":{"rendered":"La almohada para los ojos &#8211; Sue\u00f1o fucsia"},"content":{"rendered":"<p>Esta almohada para los ojos, rellena de arroz para aumentar su peso y flores de lavanda calmantes para perfumar, relaja y rejuvenece el cuerpo, la mente y el esp\u00edritu.<\/p>\n<p>Cada almohada de ojos es una pieza \u00fanica elaborada con impresionantes kimonos vintage de seda tejida a mano con motivos tradicionales japoneses como bamb\u00fa, hojas rojas de acer, flores de cerezo, olas marinas, flores ex\u00f3ticas y motivos de arroz.<\/p>\n<p>\u00bfCu\u00e1l es el secreto? Ejerce una ligera presi\u00f3n sobre los globos oculares estimulando el nervio vago y activando el sistema nervioso parasimp\u00e1tico, relajando as\u00ed todo el cuerpo y la mente y llev\u00e1ndote a un espacio tranquilo, tu espacio.<\/p>\n<p>Ya sea para viajar, hacer yoga o simplemente para ayudarle a relajarse, es un compa\u00f1ero perfecto para su vida diaria.<\/p>\n<p><strong>Las mujeres detr\u00e1s<\/strong><\/p>\n<p>Dos mujeres, Daphne y Kasia, una profesora y una estudiante de yoga, crean Infinit Kimono para compartir con el mundo lo que m\u00e1s les gusta: Uni\u00f3n, Conexi\u00f3n y Feminidad.<\/p>\n<p>Tras a\u00f1os en Jap\u00f3n, Daphne decidi\u00f3 enviar a \u00c1msterdam preciosos kimonos vintage hechos a mano que nunca se volver\u00edan a poner y darles una nueva vida. Junto con Kasia, las transforman en impresionantes almohadones para los ojos y otras hermosas prendas.<\/p>\n<p>La almohada ocular se crea a partir de un Kimono o parte de \u00e9l, remodelado en un nuevo producto, un proceso sostenible y respetuoso con el medio ambiente tambi\u00e9n conocido como upcycling. El upcycling es la reutilizaci\u00f3n creativa, que tiene como resultado la creaci\u00f3n de un producto de mayor calidad, como el valor art\u00edstico o el valor medioambiental.<\/p>\n<p>RECICLADO &#8211; LAVANDA ECOL\u00d3GICA &#8211; ENVASES VEGETALES &#8211; WE LOVE THE PLANET<\/p>\n<span class=\"et_bloom_bottom_trigger\"><\/span>","protected":false},"excerpt":{"rendered":"<p>250 gr<\/p>\n<p>El compa\u00f1ero perfecto para dormir, viajar y relajarse.<br \/>\nEl mejor sue\u00f1o nocturno y la relajaci\u00f3n total del cuerpo y la mente est\u00e1n a s\u00f3lo una almohada de distancia.<\/p>\n","protected":false},"featured_media":13310,"comment_status":"open","ping_status":"closed","template":"","meta":{"_acf_changed":false,"site-sidebar-layout":"default","site-content-layout":"default","ast-site-content-layout":"default","site-content-style":"default","site-sidebar-style":"default","ast-global-header-display":"","ast-banner-title-visibility":"","ast-main-header-display":"","ast-hfb-above-header-display":"","ast-hfb-below-header-display":"","ast-hfb-mobile-header-display":"","site-post-title":"","ast-breadcrumbs-content":"","ast-featured-img":"","footer-sml-layout":"","ast-disable-related-posts":"","theme-transparent-header-meta":"default","adv-header-id-meta":"","stick-header-meta":"default","header-above-stick-meta":"","header-main-stick-meta":"","header-below-stick-meta":"","astra-migrate-meta-layouts":"default","ast-page-background-enabled":"default","ast-page-background-meta":{"desktop":{"background-color":"var(--ast-global-color-4)","background-image":"","background-repeat":"repeat","background-position":"center center","background-size":"auto","background-attachment":"scroll","background-type":"","background-media":"","overlay-type":"","overlay-color":"","overlay-opacity":"","overlay-gradient":""},"tablet":{"background-color":"","background-image":"","background-repeat":"repeat","background-position":"center center","background-size":"auto","background-attachment":"scroll","background-type":"","background-media":"","overlay-type":"","overlay-color":"","overlay-opacity":"","overlay-gradient":""},"mobile":{"background-color":"","background-image":"","background-repeat":"repeat","background-position":"center center","background-size":"auto","background-attachment":"scroll","background-type":"","background-media":"","overlay-type":"","overlay-color":"","overlay-opacity":"","overlay-gradient":""}},"ast-content-background-meta":{"desktop":{"background-color":"var(--ast-global-color-5)","background-image":"","background-repeat":"repeat","background-position":"center center","background-size":"auto","background-attachment":"scroll","background-type":"","background-media":"","overlay-type":"","overlay-color":"","overlay-opacity":"","overlay-gradient":""},"tablet":{"background-color":"var(--ast-global-color-5)","background-image":"","background-repeat":"repeat","background-position":"center center","background-size":"auto","background-attachment":"scroll","background-type":"","background-media":"","overlay-type":"","overlay-color":"","overlay-opacity":"","overlay-gradient":""},"mobile":{"background-color":"var(--ast-global-color-5)","background-image":"","background-repeat":"repeat","background-position":"center center","background-size":"auto","background-attachment":"scroll","background-type":"","background-media":"","overlay-type":"","overlay-color":"","overlay-opacity":"","overlay-gradient":""}}},"product_brand":[],"product_cat":[149,143,115,146,148],"product_tag":[],"class_list":{"0":"post-8066","1":"product","2":"type-product","3":"status-publish","4":"has-post-thumbnail","6":"product_cat-almohada-de-ojos","7":"product_cat-cuidado-del-sueno","8":"product_cat-equilibrio-vata","9":"product_cat-ideas-para-regalar","10":"product_cat-kimono-infinit","11":"product_shipping_class-shipping_rate_01","12":"desktop-align-left","13":"tablet-align-left","14":"mobile-align-left","15":"ast-product-gallery-layout-horizontal-slider","16":"ast-product-tabs-layout-horizontal","18":"first","19":"outofstock","20":"taxable","21":"shipping-taxable","22":"purchasable","23":"product-type-simple"},"acf":[],"_links":{"self":[{"href":"https:\/\/purenatural.eu\/es\/wp-json\/wp\/v2\/product\/8066","targetHints":{"allow":["GET"]}}],"collection":[{"href":"https:\/\/purenatural.eu\/es\/wp-json\/wp\/v2\/product"}],"about":[{"href":"https:\/\/purenatural.eu\/es\/wp-json\/wp\/v2\/types\/product"}],"replies":[{"embeddable":true,"href":"https:\/\/purenatural.eu\/es\/wp-json\/wp\/v2\/comments?post=8066"}],"version-history":[{"count":0,"href":"https:\/\/purenatural.eu\/es\/wp-json\/wp\/v2\/product\/8066\/revisions"}],"wp:featuredmedia":[{"embeddable":true,"href":"https:\/\/purenatural.eu\/es\/wp-json\/wp\/v2\/media\/13310"}],"wp:attachment":[{"href":"https:\/\/purenatural.eu\/es\/wp-json\/wp\/v2\/media?parent=8066"}],"wp:term":[{"taxonomy":"product_brand","embeddable":true,"href":"https:\/\/purenatural.eu\/es\/wp-json\/wp\/v2\/product_brand?post=8066"},{"taxonomy":"product_cat","embeddable":true,"href":"https:\/\/purenatural.eu\/es\/wp-json\/wp\/v2\/product_cat?post=8066"},{"taxonomy":"product_tag","embeddable":true,"href":"https:\/\/purenatural.eu\/es\/wp-json\/wp\/v2\/product_tag?post=8066"}],"curies":[{"name":"wp","href":"https:\/\/api.w.org\/{rel}","templated":true}]}}