{"id":8084,"date":"2022-10-13T04:33:32","date_gmt":"2022-10-13T02:33:32","guid":{"rendered":"https:\/\/purenatural.eu\/product\/almohada-para-los-ojos-night-garden\/"},"modified":"2024-09-12T13:45:58","modified_gmt":"2024-09-12T11:45:58","slug":"jardin-nocturno","status":"publish","type":"product","link":"https:\/\/purenatural.eu\/es\/producto\/jardin-nocturno\/","title":{"rendered":"Almohada para los ojos &#8211; Night Garden"},"content":{"rendered":"<p>Esta almohada para los ojos, rellena de arroz para aumentar su peso y flores de lavanda calmantes para perfumar, relaja y rejuvenece el cuerpo, la mente y el esp\u00edritu.<br \/>\nCada almohada para los ojos es una pieza \u00fanica hecha de impresionantes kimonos de seda vintage tejidos a mano con motivos tradicionales japoneses como bamb\u00fa, hojas rojas de acer, flores de cerezo, olas del mar, flores ex\u00f3ticas y patrones de arroz.  \u00bfCu\u00e1l es el secreto? Ejerce una ligera presi\u00f3n sobre los globos oculares estimulando el nervio vago y activando el sistema nervioso parasimp\u00e1tico, relajando as\u00ed todo el cuerpo y la mente y llev\u00e1ndote a un espacio tranquilo, tu espacio. Ya sea para viajar, hacer yoga o simplemente para ayudarte a relajarte, es un compa\u00f1ero perfecto para tu vida diaria. <strong>Las mujeres detr\u00e1s<\/strong> Dos mujeres, Daphne y Kasia, una profesora de yoga y una estudiante, crean Infinit Kimono para compartir con el mundo lo que m\u00e1s les gusta: Uni\u00f3n, Conexi\u00f3n y Feminidad. Tras a\u00f1os en Jap\u00f3n, Daphne decidi\u00f3 enviar a \u00c1msterdam preciosos kimonos vintage hechos a mano que nunca se volver\u00edan a poner y darles una nueva vida. Junto con Kasia, los transforman en impresionantes almohadas para los ojos y otras hermosas prendas. <span data-sanitized-data-mce-fragment=\"1\">El coj\u00edn ocular<\/span> se crea a partir de un kimono o parte de \u00e9l, remodelado en un nuevo producto, un proceso sostenible y respetuoso con el medio ambiente tambi\u00e9n conocido como upcycling.  <span data-sanitized-data-mce-fragment=\"1\"> <\/span>El <span data-sanitized-data-mce-fragment=\"1\">upcycling es la reutilizaci\u00f3n creativa, que tiene como resultado la creaci\u00f3n de <\/span>un producto de <span data-sanitized-data-mce-fragment=\"1\">mayor calidad, como el valor art\u00edstico o el valor medioambiental.<\/span><span data-sanitized-data-mce-fragment=\"1\"> <\/span>  RECICLADO &#8211; LAVANDA ECOL\u00d3GICA &#8211; ENVASES VEGETALES &#8211; WE LOVE THE PLANET<\/p>\n<span class=\"et_bloom_bottom_trigger\"><\/span>","protected":false},"excerpt":{"rendered":"<p>250 gr El compa\u00f1ero perfecto para dormir, viajar y relajarse. La mejor noche de sue\u00f1o y relajaci\u00f3n corporal y mental est\u00e1 a s\u00f3lo una almohada de distancia.<\/p>\n","protected":false},"featured_media":13321,"comment_status":"open","ping_status":"closed","template":"","meta":{"_acf_changed":false,"site-sidebar-layout":"default","site-content-layout":"default","ast-site-content-layout":"default","site-content-style":"default","site-sidebar-style":"default","ast-global-header-display":"","ast-banner-title-visibility":"","ast-main-header-display":"","ast-hfb-above-header-display":"","ast-hfb-below-header-display":"","ast-hfb-mobile-header-display":"","site-post-title":"","ast-breadcrumbs-content":"","ast-featured-img":"","footer-sml-layout":"","ast-disable-related-posts":"","theme-transparent-header-meta":"default","adv-header-id-meta":"","stick-header-meta":"default","header-above-stick-meta":"","header-main-stick-meta":"","header-below-stick-meta":"","astra-migrate-meta-layouts":"default","ast-page-background-enabled":"default","ast-page-background-meta":{"desktop":{"background-color":"var(--ast-global-color-4)","background-image":"","background-repeat":"repeat","background-position":"center center","background-size":"auto","background-attachment":"scroll","background-type":"","background-media":"","overlay-type":"","overlay-color":"","overlay-opacity":"","overlay-gradient":""},"tablet":{"background-color":"","background-image":"","background-repeat":"repeat","background-position":"center center","background-size":"auto","background-attachment":"scroll","background-type":"","background-media":"","overlay-type":"","overlay-color":"","overlay-opacity":"","overlay-gradient":""},"mobile":{"background-color":"","background-image":"","background-repeat":"repeat","background-position":"center center","background-size":"auto","background-attachment":"scroll","background-type":"","background-media":"","overlay-type":"","overlay-color":"","overlay-opacity":"","overlay-gradient":""}},"ast-content-background-meta":{"desktop":{"background-color":"var(--ast-global-color-5)","background-image":"","background-repeat":"repeat","background-position":"center center","background-size":"auto","background-attachment":"scroll","background-type":"","background-media":"","overlay-type":"","overlay-color":"","overlay-opacity":"","overlay-gradient":""},"tablet":{"background-color":"var(--ast-global-color-5)","background-image":"","background-repeat":"repeat","background-position":"center center","background-size":"auto","background-attachment":"scroll","background-type":"","background-media":"","overlay-type":"","overlay-color":"","overlay-opacity":"","overlay-gradient":""},"mobile":{"background-color":"var(--ast-global-color-5)","background-image":"","background-repeat":"repeat","background-position":"center center","background-size":"auto","background-attachment":"scroll","background-type":"","background-media":"","overlay-type":"","overlay-color":"","overlay-opacity":"","overlay-gradient":""}}},"product_brand":[],"product_cat":[149,143,115,146,148],"product_tag":[],"class_list":{"0":"post-8084","1":"product","2":"type-product","3":"status-publish","4":"has-post-thumbnail","6":"product_cat-almohada-de-ojos","7":"product_cat-cuidado-del-sueno","8":"product_cat-equilibrio-vata","9":"product_cat-ideas-para-regalar","10":"product_cat-kimono-infinit","11":"product_shipping_class-shipping_rate_01","12":"desktop-align-left","13":"tablet-align-left","14":"mobile-align-left","15":"ast-product-gallery-layout-horizontal-slider","16":"ast-product-tabs-layout-horizontal","18":"first","19":"outofstock","20":"taxable","21":"shipping-taxable","22":"purchasable","23":"product-type-simple"},"acf":[],"_links":{"self":[{"href":"https:\/\/purenatural.eu\/es\/wp-json\/wp\/v2\/product\/8084","targetHints":{"allow":["GET"]}}],"collection":[{"href":"https:\/\/purenatural.eu\/es\/wp-json\/wp\/v2\/product"}],"about":[{"href":"https:\/\/purenatural.eu\/es\/wp-json\/wp\/v2\/types\/product"}],"replies":[{"embeddable":true,"href":"https:\/\/purenatural.eu\/es\/wp-json\/wp\/v2\/comments?post=8084"}],"version-history":[{"count":0,"href":"https:\/\/purenatural.eu\/es\/wp-json\/wp\/v2\/product\/8084\/revisions"}],"wp:featuredmedia":[{"embeddable":true,"href":"https:\/\/purenatural.eu\/es\/wp-json\/wp\/v2\/media\/13321"}],"wp:attachment":[{"href":"https:\/\/purenatural.eu\/es\/wp-json\/wp\/v2\/media?parent=8084"}],"wp:term":[{"taxonomy":"product_brand","embeddable":true,"href":"https:\/\/purenatural.eu\/es\/wp-json\/wp\/v2\/product_brand?post=8084"},{"taxonomy":"product_cat","embeddable":true,"href":"https:\/\/purenatural.eu\/es\/wp-json\/wp\/v2\/product_cat?post=8084"},{"taxonomy":"product_tag","embeddable":true,"href":"https:\/\/purenatural.eu\/es\/wp-json\/wp\/v2\/product_tag?post=8084"}],"curies":[{"name":"wp","href":"https:\/\/api.w.org\/{rel}","templated":true}]}}