{"id":8102,"date":"2022-11-29T07:48:59","date_gmt":"2022-11-29T06:48:59","guid":{"rendered":"https:\/\/purenatural.eu\/product\/crema-de-dia-hidratante-ayurvedica-con-fps-15-50-gr\/"},"modified":"2026-04-19T00:37:37","modified_gmt":"2026-04-18T22:37:37","slug":"crema-hidratante-ayurvedica-de-dia-con-spf-15","status":"publish","type":"product","link":"https:\/\/purenatural.eu\/es\/producto\/crema-hidratante-ayurvedica-de-dia-con-spf-15\/","title":{"rendered":"Crema de D\u00eda Hidratante Ayurv\u00e9dica con FPS 15 50 gr"},"content":{"rendered":"\t\t<div data-elementor-type=\"product-post\" data-elementor-id=\"8102\" class=\"elementor elementor-8102 elementor-2436\" data-elementor-post-type=\"product\">\n\t\t\t\t\t\t<section class=\"elementor-section elementor-top-section elementor-element elementor-element-3fc0225b elementor-section-boxed elementor-section-height-default elementor-section-height-default\" data-id=\"3fc0225b\" data-element_type=\"section\" data-e-type=\"section\">\n\t\t\t\t\t\t<div class=\"elementor-container elementor-column-gap-default\">\n\t\t\t\t\t<div class=\"elementor-column elementor-col-100 elementor-top-column elementor-element elementor-element-c333a3c\" data-id=\"c333a3c\" data-element_type=\"column\" data-e-type=\"column\">\n\t\t\t<div class=\"elementor-widget-wrap elementor-element-populated\">\n\t\t\t\t\t\t<div class=\"elementor-element elementor-element-37f0c0f9 elementor-widget elementor-widget-text-editor\" data-id=\"37f0c0f9\" data-element_type=\"widget\" data-e-type=\"widget\" data-widget_type=\"text-editor.default\">\n\t\t\t\t<div class=\"elementor-widget-container\">\n\t\t\t\t\t\t\t\t\t<p>La dinast\u00eda Pallava gobern\u00f3 gran parte del sur de la India. El sol y el calor extenuantes les obligaron a crear una mezcla de ingredientes que les protegiera de los duros rayos del sol. A menudo se cubr\u00edan la cara con una mezcla hecha de la corteza del \u00e1rbol Thanaka junto con ashwagandha y aceite de semillas de moringa. Estos ingredientes son excelentes antioxidantes, hidratantes y protectores solares.  <\/p><p>La Crema de D\u00eda con FPS de Sadhev toma la mezcla milagrosa creada por la dinast\u00eda Pallava y la redise\u00f1a para adaptarla a los tiempos actuales. Es la amalgama perfecta de ingredientes arraigados en la sabidur\u00eda ayurv\u00e9dica. La piel lo absorbe f\u00e1cilmente y la protege de los rayos solares. Adem\u00e1s, potencia la hidrataci\u00f3n, favorece la producci\u00f3n de col\u00e1geno y ayuda a dar luminosidad a la piel, dej\u00e1ndola suave y flexible.<br>Sadhev&#8217;s Day Cream With SPF es una crema milagrosa que suaviza e hidrata la piel. Es adecuado para las personas que buscan una soluci\u00f3n ayurv\u00e9dica \u00fanica para la piel seca y la protecci\u00f3n solar. Fija y retiene la hidrataci\u00f3n de la piel y su contenido en FPS 15 ayuda a combatir los rayos solares y a prevenir los da\u00f1os causados por el sol.<\/p><h3>Beneficios<\/h3><ul><li>Imparte un suave resplandor<\/li><li>Protege la piel de los rayos solares y preserva la piel de la pigmentaci\u00f3n<\/li><li>Extremadamente ligero y no deja manchas blancas<\/li><li>Alivia la sequedad y las molestias &amp; Equilibra el contenido de grasa de la piel<\/li><li>Ayuda a difuminar manchas y repara los tejidos cut\u00e1neos<\/li><li>Adecuado para todo tipo de pieles<\/li><li>Natural y ayurv\u00e9dico<\/li><\/ul>\t\t\t\t\t\t\t\t<\/div>\n\t\t\t\t<\/div>\n\t\t\t\t\t<\/div>\n\t\t<\/div>\n\t\t\t\t\t<\/div>\n\t\t<\/section>\n\t\t\t\t<\/div>\n\t\t<span class=\"et_bloom_bottom_trigger\"><\/span>","protected":false},"excerpt":{"rendered":"<p>La Crema de D\u00eda con FPS de Sadhev toma la mezcla milagrosa creada por la dinast\u00eda Pallava y la redise\u00f1a para adaptarla a los tiempos actuales. Es la amalgama perfecta de ingredientes arraigados en la sabidur\u00eda ayurv\u00e9dica. La piel lo absorbe f\u00e1cilmente y la protege de los rayos solares. Adem\u00e1s, potencia la hidrataci\u00f3n, favorece la producci\u00f3n de col\u00e1geno y ayuda a dar luminosidad a la piel, dej\u00e1ndola suave y flexible.<\/p>\n<p>&nbsp;<\/p>\n","protected":false},"featured_media":13472,"comment_status":"open","ping_status":"closed","template":"","meta":{"_acf_changed":false,"site-sidebar-layout":"default","site-content-layout":"default","ast-site-content-layout":"default","site-content-style":"default","site-sidebar-style":"default","ast-global-header-display":"","ast-banner-title-visibility":"","ast-main-header-display":"","ast-hfb-above-header-display":"","ast-hfb-below-header-display":"","ast-hfb-mobile-header-display":"","site-post-title":"","ast-breadcrumbs-content":"","ast-featured-img":"","footer-sml-layout":"","ast-disable-related-posts":"","theme-transparent-header-meta":"default","adv-header-id-meta":"","stick-header-meta":"default","header-above-stick-meta":"","header-main-stick-meta":"","header-below-stick-meta":"","astra-migrate-meta-layouts":"default","ast-page-background-enabled":"default","ast-page-background-meta":{"desktop":{"background-color":"var(--ast-global-color-4)","background-image":"","background-repeat":"repeat","background-position":"center center","background-size":"auto","background-attachment":"scroll","background-type":"","background-media":"","overlay-type":"","overlay-color":"","overlay-opacity":"","overlay-gradient":""},"tablet":{"background-color":"","background-image":"","background-repeat":"repeat","background-position":"center center","background-size":"auto","background-attachment":"scroll","background-type":"","background-media":"","overlay-type":"","overlay-color":"","overlay-opacity":"","overlay-gradient":""},"mobile":{"background-color":"","background-image":"","background-repeat":"repeat","background-position":"center center","background-size":"auto","background-attachment":"scroll","background-type":"","background-media":"","overlay-type":"","overlay-color":"","overlay-opacity":"","overlay-gradient":""}},"ast-content-background-meta":{"desktop":{"background-color":"var(--ast-global-color-5)","background-image":"","background-repeat":"repeat","background-position":"center center","background-size":"auto","background-attachment":"scroll","background-type":"","background-media":"","overlay-type":"","overlay-color":"","overlay-opacity":"","overlay-gradient":""},"tablet":{"background-color":"var(--ast-global-color-5)","background-image":"","background-repeat":"repeat","background-position":"center center","background-size":"auto","background-attachment":"scroll","background-type":"","background-media":"","overlay-type":"","overlay-color":"","overlay-opacity":"","overlay-gradient":""},"mobile":{"background-color":"var(--ast-global-color-5)","background-image":"","background-repeat":"repeat","background-position":"center center","background-size":"auto","background-attachment":"scroll","background-type":"","background-media":"","overlay-type":"","overlay-color":"","overlay-opacity":"","overlay-gradient":""}}},"product_brand":[],"product_cat":[135,123,114,155,116,115,131,185,137],"product_tag":[],"class_list":{"0":"post-8102","1":"product","2":"type-product","3":"status-publish","4":"has-post-thumbnail","6":"product_cat-antiedad","7":"product_cat-cuidado-de-la-piel","8":"product_cat-cuidado-del-sol","9":"product_cat-equilibrio-kapha","10":"product_cat-equilibrio-pitta","11":"product_cat-equilibrio-vata","12":"product_cat-hidratantes","13":"product_cat-sadhev-es","14":"product_cat-sequedad","15":"product_shipping_class-shipping_rate_01","16":"desktop-align-left","17":"tablet-align-left","18":"mobile-align-left","19":"ast-product-gallery-layout-horizontal-slider","20":"ast-product-tabs-layout-horizontal","22":"first","23":"instock","24":"featured","25":"taxable","26":"shipping-taxable","27":"purchasable","28":"product-type-simple"},"acf":[],"_links":{"self":[{"href":"https:\/\/purenatural.eu\/es\/wp-json\/wp\/v2\/product\/8102","targetHints":{"allow":["GET"]}}],"collection":[{"href":"https:\/\/purenatural.eu\/es\/wp-json\/wp\/v2\/product"}],"about":[{"href":"https:\/\/purenatural.eu\/es\/wp-json\/wp\/v2\/types\/product"}],"replies":[{"embeddable":true,"href":"https:\/\/purenatural.eu\/es\/wp-json\/wp\/v2\/comments?post=8102"}],"version-history":[{"count":1,"href":"https:\/\/purenatural.eu\/es\/wp-json\/wp\/v2\/product\/8102\/revisions"}],"predecessor-version":[{"id":24056,"href":"https:\/\/purenatural.eu\/es\/wp-json\/wp\/v2\/product\/8102\/revisions\/24056"}],"wp:featuredmedia":[{"embeddable":true,"href":"https:\/\/purenatural.eu\/es\/wp-json\/wp\/v2\/media\/13472"}],"wp:attachment":[{"href":"https:\/\/purenatural.eu\/es\/wp-json\/wp\/v2\/media?parent=8102"}],"wp:term":[{"taxonomy":"product_brand","embeddable":true,"href":"https:\/\/purenatural.eu\/es\/wp-json\/wp\/v2\/product_brand?post=8102"},{"taxonomy":"product_cat","embeddable":true,"href":"https:\/\/purenatural.eu\/es\/wp-json\/wp\/v2\/product_cat?post=8102"},{"taxonomy":"product_tag","embeddable":true,"href":"https:\/\/purenatural.eu\/es\/wp-json\/wp\/v2\/product_tag?post=8102"}],"curies":[{"name":"wp","href":"https:\/\/api.w.org\/{rel}","templated":true}]}}