{"id":8120,"date":"2022-11-29T08:54:29","date_gmt":"2022-11-29T07:54:29","guid":{"rendered":"https:\/\/purenatural.eu\/product\/bruma-tonificante-de-agua-de-rosas-bulgaras-organicas-para-piel-normal-a-grasa-50-ml\/"},"modified":"2026-01-02T00:57:16","modified_gmt":"2026-01-01T23:57:16","slug":"bruma-tonificante-agua-de-rosa-bulgara-ecologica-para-piel-normal-a-grasa-50-ml","status":"publish","type":"product","link":"https:\/\/purenatural.eu\/es\/producto\/bruma-tonificante-agua-de-rosa-bulgara-ecologica-para-piel-normal-a-grasa-50-ml\/","title":{"rendered":"Bruma tonificante de agua de rosas b\u00falgaras org\u00e1nicas para piel normal a grasa &#8211; 50 ml"},"content":{"rendered":"<p>Este t\u00f3nico nutritivo 100% org\u00e1nico aclara, calma, unifica el tono y mantiene un equilibrio \u00f3ptimo del pH.<\/p>\n<p>&#8211; Equilibra el PH de la piel y controla el exceso de grasa<br \/>\n&#8211; Sus propiedades antiinflamatorias ayudan a reducir la irritaci\u00f3n y el enrojecimiento de la piel<br \/>\n&#8211; Limpia los poros y unifica el tono de la piel para mantenerla nutrida y suave como un p\u00e9talo<br \/>\n&#8211; Sus propiedades antiinflamatorias, antibacterianas y antis\u00e9pticas ayudan a desobstruir los poros y a limpiar la piel de suciedad y grasa para luchar contra el acn\u00e9<\/p>\n<p>Est\u00e1 cl\u00ednicamente probado que este t\u00f3nico facial:<\/p>\n<p>&#8211; mejora la luminosidad de la piel en un 132 %<br \/>\n&#8211; favorece la uniformidad del tono de la piel en un 18<\/p>\n<span class=\"et_bloom_bottom_trigger\"><\/span>","protected":false},"excerpt":{"rendered":"<p>50 ml<\/p>\n<p>Este t\u00f3nico nutritivo 100% org\u00e1nico ilumina activamente, calma, unifica el tono y mantiene un equilibrio \u00f3ptimo del pH.<\/p>\n","protected":false},"featured_media":13488,"comment_status":"open","ping_status":"closed","template":"","meta":{"_acf_changed":false,"site-sidebar-layout":"default","site-content-layout":"default","ast-site-content-layout":"default","site-content-style":"default","site-sidebar-style":"default","ast-global-header-display":"","ast-banner-title-visibility":"","ast-main-header-display":"","ast-hfb-above-header-display":"","ast-hfb-below-header-display":"","ast-hfb-mobile-header-display":"","site-post-title":"","ast-breadcrumbs-content":"","ast-featured-img":"","footer-sml-layout":"","ast-disable-related-posts":"","theme-transparent-header-meta":"default","adv-header-id-meta":"","stick-header-meta":"default","header-above-stick-meta":"","header-main-stick-meta":"","header-below-stick-meta":"","astra-migrate-meta-layouts":"default","ast-page-background-enabled":"default","ast-page-background-meta":{"desktop":{"background-color":"var(--ast-global-color-4)","background-image":"","background-repeat":"repeat","background-position":"center center","background-size":"auto","background-attachment":"scroll","background-type":"","background-media":"","overlay-type":"","overlay-color":"","overlay-opacity":"","overlay-gradient":""},"tablet":{"background-color":"","background-image":"","background-repeat":"repeat","background-position":"center center","background-size":"auto","background-attachment":"scroll","background-type":"","background-media":"","overlay-type":"","overlay-color":"","overlay-opacity":"","overlay-gradient":""},"mobile":{"background-color":"","background-image":"","background-repeat":"repeat","background-position":"center center","background-size":"auto","background-attachment":"scroll","background-type":"","background-media":"","overlay-type":"","overlay-color":"","overlay-opacity":"","overlay-gradient":""}},"ast-content-background-meta":{"desktop":{"background-color":"var(--ast-global-color-5)","background-image":"","background-repeat":"repeat","background-position":"center center","background-size":"auto","background-attachment":"scroll","background-type":"","background-media":"","overlay-type":"","overlay-color":"","overlay-opacity":"","overlay-gradient":""},"tablet":{"background-color":"var(--ast-global-color-5)","background-image":"","background-repeat":"repeat","background-position":"center center","background-size":"auto","background-attachment":"scroll","background-type":"","background-media":"","overlay-type":"","overlay-color":"","overlay-opacity":"","overlay-gradient":""},"mobile":{"background-color":"var(--ast-global-color-5)","background-image":"","background-repeat":"repeat","background-position":"center center","background-size":"auto","background-attachment":"scroll","background-type":"","background-media":"","overlay-type":"","overlay-color":"","overlay-opacity":"","overlay-gradient":""}}},"product_brand":[],"product_cat":[186,187,123,155,116,150,188,184],"product_tag":[],"class_list":{"0":"post-8120","1":"product","2":"type-product","3":"status-publish","4":"has-post-thumbnail","6":"product_cat-antiacne","7":"product_cat-control-de-aceite","8":"product_cat-cuidado-de-la-piel","9":"product_cat-equilibrio-kapha","10":"product_cat-equilibrio-pitta","11":"product_cat-los-mas-vendidos","12":"product_cat-juicy-chemistry","13":"product_cat-toneres-y-brumas","14":"product_shipping_class-shipping_rate_01","15":"desktop-align-left","16":"tablet-align-left","17":"mobile-align-left","18":"ast-product-gallery-layout-horizontal-slider","19":"ast-product-tabs-layout-horizontal","21":"first","22":"instock","23":"taxable","24":"shipping-taxable","25":"purchasable","26":"product-type-simple"},"acf":[],"_links":{"self":[{"href":"https:\/\/purenatural.eu\/es\/wp-json\/wp\/v2\/product\/8120","targetHints":{"allow":["GET"]}}],"collection":[{"href":"https:\/\/purenatural.eu\/es\/wp-json\/wp\/v2\/product"}],"about":[{"href":"https:\/\/purenatural.eu\/es\/wp-json\/wp\/v2\/types\/product"}],"replies":[{"embeddable":true,"href":"https:\/\/purenatural.eu\/es\/wp-json\/wp\/v2\/comments?post=8120"}],"version-history":[{"count":0,"href":"https:\/\/purenatural.eu\/es\/wp-json\/wp\/v2\/product\/8120\/revisions"}],"wp:featuredmedia":[{"embeddable":true,"href":"https:\/\/purenatural.eu\/es\/wp-json\/wp\/v2\/media\/13488"}],"wp:attachment":[{"href":"https:\/\/purenatural.eu\/es\/wp-json\/wp\/v2\/media?parent=8120"}],"wp:term":[{"taxonomy":"product_brand","embeddable":true,"href":"https:\/\/purenatural.eu\/es\/wp-json\/wp\/v2\/product_brand?post=8120"},{"taxonomy":"product_cat","embeddable":true,"href":"https:\/\/purenatural.eu\/es\/wp-json\/wp\/v2\/product_cat?post=8120"},{"taxonomy":"product_tag","embeddable":true,"href":"https:\/\/purenatural.eu\/es\/wp-json\/wp\/v2\/product_tag?post=8120"}],"curies":[{"name":"wp","href":"https:\/\/api.w.org\/{rel}","templated":true}]}}