{"id":8129,"date":"2022-11-29T07:15:43","date_gmt":"2022-11-29T06:15:43","guid":{"rendered":"https:\/\/purenatural.eu\/product\/aceite-de-ducha-de-coco-200-ml\/"},"modified":"2026-01-01T00:38:52","modified_gmt":"2025-12-31T23:38:52","slug":"aceite-de-ducha-de-coco","status":"publish","type":"product","link":"https:\/\/purenatural.eu\/es\/producto\/aceite-de-ducha-de-coco\/","title":{"rendered":"Aceite de ducha de coco 75 ml"},"content":{"rendered":"<p>La diversidad del coco ha trascendido como ingrediente vital en el proceso de autocuidado desde la tradici\u00f3n a trav\u00e9s del tiempo. Desde los Pandya hasta los secretos actuales para el cuidado de la piel, el coco ha sido durante mucho tiempo una fruta venerada por sus capacidades transformadoras en todo el sur de la India.<br \/>\nDeje que el Aceite de Ducha de Coco Sadhev envuelva sus sentidos con extractos de aceites de coco, arg\u00e1n, gingela, ricino y girasol. El humilde coco transforma con tanta benevolencia el momento de la ducha en una ex\u00f3tica experiencia de spa, todo ello desde la comodidad de su propio hogar. El aceite de ducha de coco de Sadhev est\u00e1 alimentado con propiedades que aportan a su piel una sensaci\u00f3n de lujo, lustre y luminosidad.<\/p>\n<h3>\u00bfA qui\u00e9n va dirigido?<\/h3>\n<p>El Aceite de Ducha de Coco Sadhev est\u00e1 compuesto por una mezcla de aceites naturales para acabar con la piel seca, apagada y sin vida, y es para cualquiera que busque una piel m\u00e1s suave y tersa.<\/p>\n<h3>La ventaja Sadhev<\/h3>\n<p>El Aceite de Ducha de Coco Sadhev utiliza aceites terap\u00e9uticos transformadores que se prensan en fr\u00edo para conservar sus nutrientes. A continuaci\u00f3n, los aceites se elaboran, embotellan y conservan cuidadosamente para ofrecerle una exquisita experiencia de ba\u00f1o todos los d\u00edas. Su mezcla \u00fanica de aceites naturales combinada con la \u00e9tica de la antigua sabidur\u00eda ayurv\u00e9dica lo hace realmente encantador.<br \/>\nLos ingredientes, seleccionados a mano, se cultivan de forma org\u00e1nica y se obtienen \u00e9ticamente de nuestra propia granja org\u00e1nica, Sadhevana.Respetuoso con la tierra y con nuestra piel, este producto es 100% natural, vegano, no cruel, de origen vegetal y no contiene petroqu\u00edmicos, parabenos, ftalatos, sulfatos, colorantes sint\u00e9ticos, fragancias artificiales, aditivos ni ninguna otra sustancia sint\u00e9tica.<br \/>\nNos enorgullece dedicar tiempo y hacer a mano cada uno de nuestros productos. Nuestro legado de 200 a\u00f1os nos ayuda a ofrecerle Ayurveda y toda su riqueza con la m\u00e1xima calidad. Adem\u00e1s, todos nuestros envases garantizan que la biopotencia de nuestros ingredientes se mantenga intacta a lo largo de su viaje con nosotros. Tu compra nos ayuda a devolverle algo a la madre naturaleza. Plantaremos un \u00e1rbol con cada compra de Sadhev.<\/p>\n<span class=\"et_bloom_bottom_trigger\"><\/span>","protected":false},"excerpt":{"rendered":"<p>75 ml<\/p>\n<p>La diversidad del coco ha trascendido como ingrediente vital en el proceso de autocuidado desde la tradici\u00f3n a trav\u00e9s del tiempo. Desde los Pandya hasta los secretos actuales para el cuidado de la piel, el coco ha sido durante mucho tiempo una fruta venerada por sus capacidades transformadoras en todo el sur de la India.<\/p>\n<p>&nbsp;<\/p>\n","protected":false},"featured_media":19685,"comment_status":"open","ping_status":"closed","template":"","meta":{"_acf_changed":false,"site-sidebar-layout":"default","site-content-layout":"default","ast-site-content-layout":"default","site-content-style":"default","site-sidebar-style":"default","ast-global-header-display":"","ast-banner-title-visibility":"","ast-main-header-display":"","ast-hfb-above-header-display":"","ast-hfb-below-header-display":"","ast-hfb-mobile-header-display":"","site-post-title":"","ast-breadcrumbs-content":"","ast-featured-img":"","footer-sml-layout":"","ast-disable-related-posts":"","theme-transparent-header-meta":"default","adv-header-id-meta":"","stick-header-meta":"default","header-above-stick-meta":"","header-main-stick-meta":"","header-below-stick-meta":"","astra-migrate-meta-layouts":"set","ast-page-background-enabled":"default","ast-page-background-meta":{"desktop":{"background-color":"var(--ast-global-color-4)","background-image":"","background-repeat":"repeat","background-position":"center center","background-size":"auto","background-attachment":"scroll","background-type":"","background-media":"","overlay-type":"","overlay-color":"","overlay-opacity":"","overlay-gradient":""},"tablet":{"background-color":"","background-image":"","background-repeat":"repeat","background-position":"center center","background-size":"auto","background-attachment":"scroll","background-type":"","background-media":"","overlay-type":"","overlay-color":"","overlay-opacity":"","overlay-gradient":""},"mobile":{"background-color":"","background-image":"","background-repeat":"repeat","background-position":"center center","background-size":"auto","background-attachment":"scroll","background-type":"","background-media":"","overlay-type":"","overlay-color":"","overlay-opacity":"","overlay-gradient":""}},"ast-content-background-meta":{"desktop":{"background-color":"var(--ast-global-color-5)","background-image":"","background-repeat":"repeat","background-position":"center center","background-size":"auto","background-attachment":"scroll","background-type":"","background-media":"","overlay-type":"","overlay-color":"","overlay-opacity":"","overlay-gradient":""},"tablet":{"background-color":"var(--ast-global-color-5)","background-image":"","background-repeat":"repeat","background-position":"center center","background-size":"auto","background-attachment":"scroll","background-type":"","background-media":"","overlay-type":"","overlay-color":"","overlay-opacity":"","overlay-gradient":""},"mobile":{"background-color":"var(--ast-global-color-5)","background-image":"","background-repeat":"repeat","background-position":"center center","background-size":"auto","background-attachment":"scroll","background-type":"","background-media":"","overlay-type":"","overlay-color":"","overlay-opacity":"","overlay-gradient":""}}},"product_brand":[],"product_cat":[113,114,116,115,185],"product_tag":[],"class_list":{"0":"post-8129","1":"product","2":"type-product","3":"status-publish","4":"has-post-thumbnail","6":"product_cat-cuidado-corporal","7":"product_cat-cuidado-del-sol","8":"product_cat-equilibrio-pitta","9":"product_cat-equilibrio-vata","10":"product_cat-sadhev-es","11":"product_shipping_class-shipping_rate_01","12":"desktop-align-left","13":"tablet-align-left","14":"mobile-align-left","15":"ast-product-gallery-layout-horizontal-slider","16":"ast-product-tabs-layout-horizontal","18":"first","19":"instock","20":"taxable","21":"shipping-taxable","22":"purchasable","23":"product-type-simple"},"acf":[],"_links":{"self":[{"href":"https:\/\/purenatural.eu\/es\/wp-json\/wp\/v2\/product\/8129","targetHints":{"allow":["GET"]}}],"collection":[{"href":"https:\/\/purenatural.eu\/es\/wp-json\/wp\/v2\/product"}],"about":[{"href":"https:\/\/purenatural.eu\/es\/wp-json\/wp\/v2\/types\/product"}],"replies":[{"embeddable":true,"href":"https:\/\/purenatural.eu\/es\/wp-json\/wp\/v2\/comments?post=8129"}],"version-history":[{"count":0,"href":"https:\/\/purenatural.eu\/es\/wp-json\/wp\/v2\/product\/8129\/revisions"}],"wp:featuredmedia":[{"embeddable":true,"href":"https:\/\/purenatural.eu\/es\/wp-json\/wp\/v2\/media\/19685"}],"wp:attachment":[{"href":"https:\/\/purenatural.eu\/es\/wp-json\/wp\/v2\/media?parent=8129"}],"wp:term":[{"taxonomy":"product_brand","embeddable":true,"href":"https:\/\/purenatural.eu\/es\/wp-json\/wp\/v2\/product_brand?post=8129"},{"taxonomy":"product_cat","embeddable":true,"href":"https:\/\/purenatural.eu\/es\/wp-json\/wp\/v2\/product_cat?post=8129"},{"taxonomy":"product_tag","embeddable":true,"href":"https:\/\/purenatural.eu\/es\/wp-json\/wp\/v2\/product_tag?post=8129"}],"curies":[{"name":"wp","href":"https:\/\/api.w.org\/{rel}","templated":true}]}}