{"id":8140,"date":"2022-11-29T06:44:58","date_gmt":"2022-11-29T05:44:58","guid":{"rendered":"https:\/\/purenatural.eu\/product\/protector-solar-ayurvedico-spf-30-75ml\/"},"modified":"2026-01-02T00:57:58","modified_gmt":"2026-01-01T23:57:58","slug":"protector-solar-ayurvedico-spf-30","status":"publish","type":"product","link":"https:\/\/purenatural.eu\/es\/producto\/protector-solar-ayurvedico-spf-30\/","title":{"rendered":"Protector solar ayurv\u00e9dico SPF 30 75ml"},"content":{"rendered":"<p>Se dice que las mujeres de la realeza india que se entrenaban en artes marciales en la \u00e9poca anterior a los mogoles utilizaban un brebaje corporal a base de madhuyashthi y rubia india. Esto ayuda a proteger su piel de los rayos del sol. Este ex\u00f3tico brebaje no s\u00f3lo les ayudaba a mantener la piel hidratada y equilibrada, sino que tambi\u00e9n preservaba su delicada textura durante las agotadoras sesiones bajo el calor y el polvo.<\/p>\n<p>El protector solar de Sadhev mantiene la piel excepcionalmente tierna y flexible durante todo el d\u00eda. Su esencia antiedad protege la delicada textura de la piel, reduce las l\u00edneas de expresi\u00f3n y las manchas y mantiene la piel resplandeciente.<\/p>\n<h3>\u00bfA qui\u00e9n va dirigido?<\/h3>\n<p>Sadhev&#8217;s Sunscreen est\u00e1 destinado a las personas que buscan una soluci\u00f3n ayurv\u00e9dica a los duros rayos UV del sol. Tambi\u00e9n ayuda a recuperar la fibra de elastina de la piel, dej\u00e1ndola joven y libre de imperfecciones y creando un cutis exquisitamente radiante y gloriosamente inmaculado. Tiene un FPS de 30 y una textura ligera que facilita su aplicaci\u00f3n diaria. Adecuado para todo tipo de pieles.<\/p>\n<h3>La ventaja Sadhev<\/h3>\n<p>El protector solar de Sadhev es resistente al agua y bloquea el 97% de los rayos UVB, manteniendo la piel excepcionalmente suave y flexible durante todo el d\u00eda. Evita dejar un tinte blanco en la piel, ya que no es graso y se absorbe f\u00e1cilmente.<\/p>\n<p>Los ingredientes seleccionados a mano se cultivan de forma ecol\u00f3gica y se obtienen de forma \u00e9tica en nuestra propia granja Sadhevana.<\/p>\n<p>Suave con la tierra y con nuestra piel, este producto es 100% natural, vegano, sin crueldad, a base de plantas, sin petroqu\u00edmicos, parabenos, ftalatos, sulfatos, colorantes sint\u00e9ticos, fragancias artificiales, aditivos y otras sustancias sint\u00e9ticas.<\/p>\n<p>Nos enorgullecemos de dedicar tiempo y elaborar a mano cada uno de nuestros productos para encantarle con un Ayurveda de la m\u00e1xima calidad. Todos nuestros envases son de la m\u00e1xima calidad para garantizar que la biopotencia de nuestros ingredientes se mantenga intacta a lo largo de su viaje con nuestro producto. Tu compra nos ayuda a devolverle algo a la madre naturaleza. Plantaremos un \u00e1rbol con cada compra de <a href=\"https:\/\/purenatural.eu\/es\/sadhev\/\">Sadhev<\/a>.<\/p>\n<span class=\"et_bloom_bottom_trigger\"><\/span>","protected":false},"excerpt":{"rendered":"<p>75 ml<\/p>\n<p>El protector solar de Sadhev mantiene la piel excepcionalmente tierna y flexible durante todo el d\u00eda. Su esencia antiedad protege la delicada textura de la piel, reduce las l\u00edneas de expresi\u00f3n y las manchas y mantiene la piel resplandeciente.<\/p>\n<p>&nbsp;<\/p>\n","protected":false},"featured_media":13428,"comment_status":"open","ping_status":"closed","template":"","meta":{"_acf_changed":false,"site-sidebar-layout":"default","site-content-layout":"default","ast-site-content-layout":"default","site-content-style":"default","site-sidebar-style":"default","ast-global-header-display":"","ast-banner-title-visibility":"","ast-main-header-display":"","ast-hfb-above-header-display":"","ast-hfb-below-header-display":"","ast-hfb-mobile-header-display":"","site-post-title":"","ast-breadcrumbs-content":"","ast-featured-img":"","footer-sml-layout":"","ast-disable-related-posts":"","theme-transparent-header-meta":"default","adv-header-id-meta":"","stick-header-meta":"default","header-above-stick-meta":"","header-main-stick-meta":"","header-below-stick-meta":"","astra-migrate-meta-layouts":"default","ast-page-background-enabled":"default","ast-page-background-meta":{"desktop":{"background-color":"var(--ast-global-color-4)","background-image":"","background-repeat":"repeat","background-position":"center center","background-size":"auto","background-attachment":"scroll","background-type":"","background-media":"","overlay-type":"","overlay-color":"","overlay-opacity":"","overlay-gradient":""},"tablet":{"background-color":"","background-image":"","background-repeat":"repeat","background-position":"center center","background-size":"auto","background-attachment":"scroll","background-type":"","background-media":"","overlay-type":"","overlay-color":"","overlay-opacity":"","overlay-gradient":""},"mobile":{"background-color":"","background-image":"","background-repeat":"repeat","background-position":"center center","background-size":"auto","background-attachment":"scroll","background-type":"","background-media":"","overlay-type":"","overlay-color":"","overlay-opacity":"","overlay-gradient":""}},"ast-content-background-meta":{"desktop":{"background-color":"var(--ast-global-color-5)","background-image":"","background-repeat":"repeat","background-position":"center center","background-size":"auto","background-attachment":"scroll","background-type":"","background-media":"","overlay-type":"","overlay-color":"","overlay-opacity":"","overlay-gradient":""},"tablet":{"background-color":"var(--ast-global-color-5)","background-image":"","background-repeat":"repeat","background-position":"center center","background-size":"auto","background-attachment":"scroll","background-type":"","background-media":"","overlay-type":"","overlay-color":"","overlay-opacity":"","overlay-gradient":""},"mobile":{"background-color":"var(--ast-global-color-5)","background-image":"","background-repeat":"repeat","background-position":"center center","background-size":"auto","background-attachment":"scroll","background-type":"","background-media":"","overlay-type":"","overlay-color":"","overlay-opacity":"","overlay-gradient":""}}},"product_brand":[],"product_cat":[135,113,123,114,131,185,137],"product_tag":[],"class_list":{"0":"post-8140","1":"product","2":"type-product","3":"status-publish","4":"has-post-thumbnail","6":"product_cat-antiedad","7":"product_cat-cuidado-corporal","8":"product_cat-cuidado-de-la-piel","9":"product_cat-cuidado-del-sol","10":"product_cat-hidratantes","11":"product_cat-sadhev-es","12":"product_cat-sequedad","13":"product_shipping_class-shipping_rate_01","14":"desktop-align-left","15":"tablet-align-left","16":"mobile-align-left","17":"ast-product-gallery-layout-horizontal-slider","18":"ast-product-tabs-layout-horizontal","20":"first","21":"outofstock","22":"featured","23":"taxable","24":"shipping-taxable","25":"purchasable","26":"product-type-simple"},"acf":[],"_links":{"self":[{"href":"https:\/\/purenatural.eu\/es\/wp-json\/wp\/v2\/product\/8140","targetHints":{"allow":["GET"]}}],"collection":[{"href":"https:\/\/purenatural.eu\/es\/wp-json\/wp\/v2\/product"}],"about":[{"href":"https:\/\/purenatural.eu\/es\/wp-json\/wp\/v2\/types\/product"}],"replies":[{"embeddable":true,"href":"https:\/\/purenatural.eu\/es\/wp-json\/wp\/v2\/comments?post=8140"}],"version-history":[{"count":0,"href":"https:\/\/purenatural.eu\/es\/wp-json\/wp\/v2\/product\/8140\/revisions"}],"wp:featuredmedia":[{"embeddable":true,"href":"https:\/\/purenatural.eu\/es\/wp-json\/wp\/v2\/media\/13428"}],"wp:attachment":[{"href":"https:\/\/purenatural.eu\/es\/wp-json\/wp\/v2\/media?parent=8140"}],"wp:term":[{"taxonomy":"product_brand","embeddable":true,"href":"https:\/\/purenatural.eu\/es\/wp-json\/wp\/v2\/product_brand?post=8140"},{"taxonomy":"product_cat","embeddable":true,"href":"https:\/\/purenatural.eu\/es\/wp-json\/wp\/v2\/product_cat?post=8140"},{"taxonomy":"product_tag","embeddable":true,"href":"https:\/\/purenatural.eu\/es\/wp-json\/wp\/v2\/product_tag?post=8140"}],"curies":[{"name":"wp","href":"https:\/\/api.w.org\/{rel}","templated":true}]}}