{"id":8148,"date":"2022-11-29T09:10:38","date_gmt":"2022-11-29T08:10:38","guid":{"rendered":"https:\/\/purenatural.eu\/product\/canamo-arbol-del-te-y-neem-lavado-facial-ecologico-100ml\/"},"modified":"2024-11-16T14:56:42","modified_gmt":"2024-11-16T13:56:42","slug":"limpiador-facial-biologico-de-canamo-y-tea-tree-100-ml","status":"publish","type":"product","link":"https:\/\/purenatural.eu\/es\/producto\/limpiador-facial-biologico-de-canamo-y-tea-tree-100-ml\/","title":{"rendered":"Limpiador Facial biol\u00f3gico de C\u00e1\u00f1amo, \u00c1rbol del T\u00e9 y Neem &#8211; 100ml"},"content":{"rendered":"<p>Un lavado facial org\u00e1nico clarificante que limpia suavemente la piel y ayuda a reducir los brotes. &#8211; Deja la piel limpia y luminosa &#8211; Conserva la hidrataci\u00f3n natural de la piel &#8211; Mantiene la barrera protectora de la piel y previene futuros brotes &#8211; Desobstruye los poros del exceso de grasa, elimina la suciedad y otras bacterias causantes del acn\u00e9 &#8211; Las propiedades antiinflamatorias y desintoxicantes del aceite del \u00e1rbol del t\u00e9 ayudan a erradicar las impurezas que causan el acn\u00e9 y otras imperfecciones cut\u00e1neas  <strong>Ingredientes<\/strong>  Agua, Oliviato de Potasio**, Destilado de Azadirachta Indica (Neem)*, Destilado de Lavandula Angustifolia (Lavanda)*, Cocoato de Potasio**, Castorato de Potasio**, Semilla de C\u00e1rtamo**, Semilla de C\u00e1\u00f1amo**, Aceite de Lavandula Angustifolia (Lavanda)*, Aceite de Cananga Odorata (Ylang Ylang)*, Aceite de Boswellia Carteri (Incienso)*, Aceite de Semilla de Melia Azadirachta (Neem)*, Tocoferol (Vitamina E), Sacarosa (Az\u00facar)*, Aceite de Melaleuca Alterniflora (\u00c1rbol del T\u00e9)*, Aceite de Juniperus Communis (Enebro)*, Aceite de Pelargonium Graveolens (Geranio)*. ** Aceites saponificados de Oliva, Coco, Ricino, C\u00e1rtamo, Semilla de C\u00e1\u00f1amo y Neem. *Ingredientes procedentes de la agricultura ecol\u00f3gica ** Elaborado con ingredientes ecol\u00f3gicos 46,65% del total de los ingredientes proceden de la agricultura ecol\u00f3gica 98,917% de los ingredientes de origen vegetal proceden de la agricultura ecol\u00f3gica 100% de origen natural del total Cosmos ecol\u00f3gico certificado por Ecocert Greenlife seg\u00fan el est\u00e1ndar COSMOS.<\/p>\n<span class=\"et_bloom_bottom_trigger\"><\/span>","protected":false},"excerpt":{"rendered":"<p>100 ml Lavado facial org\u00e1nico clarificante que limpia suavemente la piel y ayuda a reducir los brotes. Ideal para uso diario. No seca la piel.<\/p>\n","protected":false},"featured_media":13510,"comment_status":"open","ping_status":"closed","template":"","meta":{"_acf_changed":false,"site-sidebar-layout":"default","site-content-layout":"default","ast-site-content-layout":"default","site-content-style":"default","site-sidebar-style":"default","ast-global-header-display":"","ast-banner-title-visibility":"","ast-main-header-display":"","ast-hfb-above-header-display":"","ast-hfb-below-header-display":"","ast-hfb-mobile-header-display":"","site-post-title":"","ast-breadcrumbs-content":"","ast-featured-img":"","footer-sml-layout":"","ast-disable-related-posts":"","theme-transparent-header-meta":"default","adv-header-id-meta":"","stick-header-meta":"default","header-above-stick-meta":"","header-main-stick-meta":"","header-below-stick-meta":"","astra-migrate-meta-layouts":"default","ast-page-background-enabled":"default","ast-page-background-meta":{"desktop":{"background-color":"var(--ast-global-color-4)","background-image":"","background-repeat":"repeat","background-position":"center center","background-size":"auto","background-attachment":"scroll","background-type":"","background-media":"","overlay-type":"","overlay-color":"","overlay-opacity":"","overlay-gradient":""},"tablet":{"background-color":"","background-image":"","background-repeat":"repeat","background-position":"center center","background-size":"auto","background-attachment":"scroll","background-type":"","background-media":"","overlay-type":"","overlay-color":"","overlay-opacity":"","overlay-gradient":""},"mobile":{"background-color":"","background-image":"","background-repeat":"repeat","background-position":"center center","background-size":"auto","background-attachment":"scroll","background-type":"","background-media":"","overlay-type":"","overlay-color":"","overlay-opacity":"","overlay-gradient":""}},"ast-content-background-meta":{"desktop":{"background-color":"var(--ast-global-color-5)","background-image":"","background-repeat":"repeat","background-position":"center center","background-size":"auto","background-attachment":"scroll","background-type":"","background-media":"","overlay-type":"","overlay-color":"","overlay-opacity":"","overlay-gradient":""},"tablet":{"background-color":"var(--ast-global-color-5)","background-image":"","background-repeat":"repeat","background-position":"center center","background-size":"auto","background-attachment":"scroll","background-type":"","background-media":"","overlay-type":"","overlay-color":"","overlay-opacity":"","overlay-gradient":""},"mobile":{"background-color":"var(--ast-global-color-5)","background-image":"","background-repeat":"repeat","background-position":"center center","background-size":"auto","background-attachment":"scroll","background-type":"","background-media":"","overlay-type":"","overlay-color":"","overlay-opacity":"","overlay-gradient":""}}},"product_brand":[],"product_cat":[247,186,187,123,155,192,150,188],"product_tag":[],"class_list":{"0":"post-8148","1":"product","2":"type-product","3":"status-publish","4":"has-post-thumbnail","6":"product_cat-impulsores-de-ventas","7":"product_cat-antiacne","8":"product_cat-control-de-aceite","9":"product_cat-cuidado-de-la-piel","10":"product_cat-equilibrio-kapha","11":"product_cat-limpiadores-es","12":"product_cat-los-mas-vendidos","13":"product_cat-juicy-chemistry","14":"product_shipping_class-shipping_rate_01","15":"desktop-align-left","16":"tablet-align-left","17":"mobile-align-left","18":"ast-product-gallery-layout-horizontal-slider","19":"ast-product-tabs-layout-horizontal","21":"first","22":"outofstock","23":"taxable","24":"shipping-taxable","25":"purchasable","26":"product-type-simple"},"acf":[],"_links":{"self":[{"href":"https:\/\/purenatural.eu\/es\/wp-json\/wp\/v2\/product\/8148","targetHints":{"allow":["GET"]}}],"collection":[{"href":"https:\/\/purenatural.eu\/es\/wp-json\/wp\/v2\/product"}],"about":[{"href":"https:\/\/purenatural.eu\/es\/wp-json\/wp\/v2\/types\/product"}],"replies":[{"embeddable":true,"href":"https:\/\/purenatural.eu\/es\/wp-json\/wp\/v2\/comments?post=8148"}],"version-history":[{"count":0,"href":"https:\/\/purenatural.eu\/es\/wp-json\/wp\/v2\/product\/8148\/revisions"}],"wp:featuredmedia":[{"embeddable":true,"href":"https:\/\/purenatural.eu\/es\/wp-json\/wp\/v2\/media\/13510"}],"wp:attachment":[{"href":"https:\/\/purenatural.eu\/es\/wp-json\/wp\/v2\/media?parent=8148"}],"wp:term":[{"taxonomy":"product_brand","embeddable":true,"href":"https:\/\/purenatural.eu\/es\/wp-json\/wp\/v2\/product_brand?post=8148"},{"taxonomy":"product_cat","embeddable":true,"href":"https:\/\/purenatural.eu\/es\/wp-json\/wp\/v2\/product_cat?post=8148"},{"taxonomy":"product_tag","embeddable":true,"href":"https:\/\/purenatural.eu\/es\/wp-json\/wp\/v2\/product_tag?post=8148"}],"curies":[{"name":"wp","href":"https:\/\/api.w.org\/{rel}","templated":true}]}}