{"id":8149,"date":"2022-11-29T07:56:14","date_gmt":"2022-11-29T06:56:14","guid":{"rendered":"https:\/\/purenatural.eu\/product\/crema-de-noche-rejuvenecedora-ayurvedica-50gr\/"},"modified":"2026-01-01T00:38:29","modified_gmt":"2025-12-31T23:38:29","slug":"crema-de-noche-rejuvenecedora-ayurvedica","status":"publish","type":"product","link":"https:\/\/purenatural.eu\/es\/producto\/crema-de-noche-rejuvenecedora-ayurvedica\/","title":{"rendered":"Crema de Noche Rejuvenecedora Ayurv\u00e9dica 50gr"},"content":{"rendered":"<p>Durante el reinado de Ashoka, la red internacional de comercio del Imperio Mauryan se expandi\u00f3. Aprovecharon esta red para traer ingredientes ex\u00f3ticos que ayudaran a mantener su piel. Incorporaron s\u00e1ndalo, almendras y aceite de bakuchi para crear un brebaje que ha resistido el paso del tiempo.<br \/>\nLa Crema de Noche Sadhev es una oda a la creaci\u00f3n del imperio Mauryan. Est\u00e1 compuesta por ingredientes ayurv\u00e9dicos que ayudan a potenciar la hidrataci\u00f3n, favorecen la producci\u00f3n de col\u00e1geno, aumentan la circulaci\u00f3n sangu\u00ednea y despiertan una piel resplandeciente.<br \/>\nSadhev&#8217;s Night Cream es una crema milagrosa que suaviza e hidrata la piel.  Es adecuado para las personas que buscan una soluci\u00f3n ayurv\u00e9dica para la piel seca, ya que retiene la humedad de la piel. La Crema rejuvenecedora ayurv\u00e9dica de Sadhev es una crema de noche intensamente hidratante que deja la tez rejuvenecida y radiante.<\/p>\n<h3>Beneficios<\/h3>\n<ul>\n<li>Imparte un suave resplandor<\/li>\n<li>Alivia la sequedad y las molestias<\/li>\n<li>Equilibra el contenido de grasa de la piel y repara los tejidos cut\u00e1neos<\/li>\n<li>Se absorbe f\u00e1cilmente y no deja sensaci\u00f3n pegajosa<\/li>\n<li>Minimiza los signos del envejecimiento<\/li>\n<li>Adecuado para todo tipo de pieles<\/li>\n<li>Natural y ayurv\u00e9dico<\/li>\n<\/ul>\n<span class=\"et_bloom_bottom_trigger\"><\/span>","protected":false},"excerpt":{"rendered":"<p>La Crema de Noche de Sadhev es una oda a la creaci\u00f3n del imperio Mauryan. Est\u00e1 compuesto por ingredientes ayurv\u00e9dicos que ayudan a potenciar la hidrataci\u00f3n, favorecen la producci\u00f3n de col\u00e1geno, aumentan la circulaci\u00f3n sangu\u00ednea y despiertan una piel resplandeciente.<\/p>\n<p>&nbsp;<\/p>\n","protected":false},"featured_media":13478,"comment_status":"open","ping_status":"closed","template":"","meta":{"_acf_changed":false,"site-sidebar-layout":"default","site-content-layout":"default","ast-site-content-layout":"default","site-content-style":"default","site-sidebar-style":"default","ast-global-header-display":"","ast-banner-title-visibility":"","ast-main-header-display":"","ast-hfb-above-header-display":"","ast-hfb-below-header-display":"","ast-hfb-mobile-header-display":"","site-post-title":"","ast-breadcrumbs-content":"","ast-featured-img":"","footer-sml-layout":"","ast-disable-related-posts":"","theme-transparent-header-meta":"default","adv-header-id-meta":"","stick-header-meta":"default","header-above-stick-meta":"","header-main-stick-meta":"","header-below-stick-meta":"","astra-migrate-meta-layouts":"default","ast-page-background-enabled":"default","ast-page-background-meta":{"desktop":{"background-color":"var(--ast-global-color-4)","background-image":"","background-repeat":"repeat","background-position":"center center","background-size":"auto","background-attachment":"scroll","background-type":"","background-media":"","overlay-type":"","overlay-color":"","overlay-opacity":"","overlay-gradient":""},"tablet":{"background-color":"","background-image":"","background-repeat":"repeat","background-position":"center center","background-size":"auto","background-attachment":"scroll","background-type":"","background-media":"","overlay-type":"","overlay-color":"","overlay-opacity":"","overlay-gradient":""},"mobile":{"background-color":"","background-image":"","background-repeat":"repeat","background-position":"center center","background-size":"auto","background-attachment":"scroll","background-type":"","background-media":"","overlay-type":"","overlay-color":"","overlay-opacity":"","overlay-gradient":""}},"ast-content-background-meta":{"desktop":{"background-color":"var(--ast-global-color-5)","background-image":"","background-repeat":"repeat","background-position":"center center","background-size":"auto","background-attachment":"scroll","background-type":"","background-media":"","overlay-type":"","overlay-color":"","overlay-opacity":"","overlay-gradient":""},"tablet":{"background-color":"var(--ast-global-color-5)","background-image":"","background-repeat":"repeat","background-position":"center center","background-size":"auto","background-attachment":"scroll","background-type":"","background-media":"","overlay-type":"","overlay-color":"","overlay-opacity":"","overlay-gradient":""},"mobile":{"background-color":"var(--ast-global-color-5)","background-image":"","background-repeat":"repeat","background-position":"center center","background-size":"auto","background-attachment":"scroll","background-type":"","background-media":"","overlay-type":"","overlay-color":"","overlay-opacity":"","overlay-gradient":""}}},"product_brand":[],"product_cat":[135,123,116,115,131,185,137],"product_tag":[],"class_list":{"0":"post-8149","1":"product","2":"type-product","3":"status-publish","4":"has-post-thumbnail","6":"product_cat-antiedad","7":"product_cat-cuidado-de-la-piel","8":"product_cat-equilibrio-pitta","9":"product_cat-equilibrio-vata","10":"product_cat-hidratantes","11":"product_cat-sadhev-es","12":"product_cat-sequedad","13":"product_shipping_class-shipping_rate_01","14":"desktop-align-left","15":"tablet-align-left","16":"mobile-align-left","17":"ast-product-gallery-layout-horizontal-slider","18":"ast-product-tabs-layout-horizontal","20":"first","21":"instock","22":"taxable","23":"shipping-taxable","24":"purchasable","25":"product-type-simple"},"acf":[],"_links":{"self":[{"href":"https:\/\/purenatural.eu\/es\/wp-json\/wp\/v2\/product\/8149","targetHints":{"allow":["GET"]}}],"collection":[{"href":"https:\/\/purenatural.eu\/es\/wp-json\/wp\/v2\/product"}],"about":[{"href":"https:\/\/purenatural.eu\/es\/wp-json\/wp\/v2\/types\/product"}],"replies":[{"embeddable":true,"href":"https:\/\/purenatural.eu\/es\/wp-json\/wp\/v2\/comments?post=8149"}],"version-history":[{"count":0,"href":"https:\/\/purenatural.eu\/es\/wp-json\/wp\/v2\/product\/8149\/revisions"}],"wp:featuredmedia":[{"embeddable":true,"href":"https:\/\/purenatural.eu\/es\/wp-json\/wp\/v2\/media\/13478"}],"wp:attachment":[{"href":"https:\/\/purenatural.eu\/es\/wp-json\/wp\/v2\/media?parent=8149"}],"wp:term":[{"taxonomy":"product_brand","embeddable":true,"href":"https:\/\/purenatural.eu\/es\/wp-json\/wp\/v2\/product_brand?post=8149"},{"taxonomy":"product_cat","embeddable":true,"href":"https:\/\/purenatural.eu\/es\/wp-json\/wp\/v2\/product_cat?post=8149"},{"taxonomy":"product_tag","embeddable":true,"href":"https:\/\/purenatural.eu\/es\/wp-json\/wp\/v2\/product_tag?post=8149"}],"curies":[{"name":"wp","href":"https:\/\/api.w.org\/{rel}","templated":true}]}}