{"id":8164,"date":"2022-11-29T07:26:02","date_gmt":"2022-11-29T06:26:02","guid":{"rendered":"https:\/\/purenatural.eu\/product\/limpiador-facial-ayurvedico-piel-sensible-200-ml\/"},"modified":"2026-01-01T00:38:41","modified_gmt":"2025-12-31T23:38:41","slug":"ayurvedico-limpiador-facial-piel-sensible","status":"publish","type":"product","link":"https:\/\/purenatural.eu\/es\/producto\/ayurvedico-limpiador-facial-piel-sensible\/","title":{"rendered":"Limpiador Facial Ayurv\u00e9dico Piel Sensible 200 ml"},"content":{"rendered":"<p>La dinast\u00eda Kakatiya tiene un gran significado en Ayurveda. Warangal, la capital de la dinast\u00eda, albergaba muchas escuelas ayurv\u00e9dicas. Se trata de productos probados y formulados espec\u00edficamente para limpiar el rostro. Sadhev toma una hoja del manual de los Kakatiya y les rinde homenaje en forma de nuestro limpiador facial para pieles sensibles.<br \/>\nEl limpiador facial ayurv\u00e9dico de Sadhev est\u00e1 compuesto por ex\u00f3ticos ingredientes ayurv\u00e9dicos y aceites esenciales. La trifecta de Triphala, Moringa y Aceite de Rosa Mosqueta limpia su piel en profundidad dej\u00e1ndola suave y sin manchas. Sus propiedades ayurv\u00e9dicas lo convierten en el limpiador perfecto para pieles sensibles.<br \/>\nSadhev&#8217;s Ayurvedic Facial Cleanser es la soluci\u00f3n ayurv\u00e9dica perfecta para quienes tienen la piel sensible. Sus propiedades de hidrataci\u00f3n intensa nutren eficazmente e hidratan en profundidad la piel, dej\u00e1ndola suave y flexible. Est\u00e1 impregnado de ricas propiedades ayurv\u00e9dicas que imparten un brillo v\u00e9dico despu\u00e9s del lavado.<\/p>\n<h3>Beneficios<\/h3>\n<p>Nutre e hidrata la piel<br \/>\nLimpia suavemente con espuma suave<br \/>\nReequilibra el contenido natural de grasa de la piel<br \/>\nElaborado con un tensioactivo sin irritantes<br \/>\nDeja la piel suave y tersa e imparte un suave resplandor<br \/>\nSin fragancias artificiales<br \/>\nNatural y ayurv\u00e9dico<\/p>\n<span class=\"et_bloom_bottom_trigger\"><\/span>","protected":false},"excerpt":{"rendered":"<p>200 ml<\/p>\n<p>El limpiador facial ayurv\u00e9dico de Sadhev es la soluci\u00f3n ayurv\u00e9dica perfecta para las personas con piel sensible. Sus propiedades de hidrataci\u00f3n intensa nutren eficazmente e hidratan en profundidad la piel, dej\u00e1ndola suave y flexible. Est\u00e1 impregnado de ricas propiedades ayurv\u00e9dicas que imparten un brillo v\u00e9dico despu\u00e9s del lavado.<\/p>\n","protected":false},"featured_media":13463,"comment_status":"open","ping_status":"closed","template":"","meta":{"_acf_changed":false,"site-sidebar-layout":"default","site-content-layout":"default","ast-site-content-layout":"default","site-content-style":"default","site-sidebar-style":"default","ast-global-header-display":"","ast-banner-title-visibility":"","ast-main-header-display":"","ast-hfb-above-header-display":"","ast-hfb-below-header-display":"","ast-hfb-mobile-header-display":"","site-post-title":"","ast-breadcrumbs-content":"","ast-featured-img":"","footer-sml-layout":"","ast-disable-related-posts":"","theme-transparent-header-meta":"default","adv-header-id-meta":"","stick-header-meta":"default","header-above-stick-meta":"","header-main-stick-meta":"","header-below-stick-meta":"","astra-migrate-meta-layouts":"default","ast-page-background-enabled":"default","ast-page-background-meta":{"desktop":{"background-color":"var(--ast-global-color-4)","background-image":"","background-repeat":"repeat","background-position":"center center","background-size":"auto","background-attachment":"scroll","background-type":"","background-media":"","overlay-type":"","overlay-color":"","overlay-opacity":"","overlay-gradient":""},"tablet":{"background-color":"","background-image":"","background-repeat":"repeat","background-position":"center center","background-size":"auto","background-attachment":"scroll","background-type":"","background-media":"","overlay-type":"","overlay-color":"","overlay-opacity":"","overlay-gradient":""},"mobile":{"background-color":"","background-image":"","background-repeat":"repeat","background-position":"center center","background-size":"auto","background-attachment":"scroll","background-type":"","background-media":"","overlay-type":"","overlay-color":"","overlay-opacity":"","overlay-gradient":""}},"ast-content-background-meta":{"desktop":{"background-color":"var(--ast-global-color-5)","background-image":"","background-repeat":"repeat","background-position":"center center","background-size":"auto","background-attachment":"scroll","background-type":"","background-media":"","overlay-type":"","overlay-color":"","overlay-opacity":"","overlay-gradient":""},"tablet":{"background-color":"var(--ast-global-color-5)","background-image":"","background-repeat":"repeat","background-position":"center center","background-size":"auto","background-attachment":"scroll","background-type":"","background-media":"","overlay-type":"","overlay-color":"","overlay-opacity":"","overlay-gradient":""},"mobile":{"background-color":"var(--ast-global-color-5)","background-image":"","background-repeat":"repeat","background-position":"center center","background-size":"auto","background-attachment":"scroll","background-type":"","background-media":"","overlay-type":"","overlay-color":"","overlay-opacity":"","overlay-gradient":""}}},"product_brand":[],"product_cat":[186,187,123,192,185],"product_tag":[],"class_list":{"0":"post-8164","1":"product","2":"type-product","3":"status-publish","4":"has-post-thumbnail","6":"product_cat-antiacne","7":"product_cat-control-de-aceite","8":"product_cat-cuidado-de-la-piel","9":"product_cat-limpiadores-es","10":"product_cat-sadhev-es","11":"product_shipping_class-shipping_rate_01","12":"desktop-align-left","13":"tablet-align-left","14":"mobile-align-left","15":"ast-product-gallery-layout-horizontal-slider","16":"ast-product-tabs-layout-horizontal","18":"first","19":"outofstock","20":"featured","21":"taxable","22":"shipping-taxable","23":"purchasable","24":"product-type-simple"},"acf":[],"_links":{"self":[{"href":"https:\/\/purenatural.eu\/es\/wp-json\/wp\/v2\/product\/8164","targetHints":{"allow":["GET"]}}],"collection":[{"href":"https:\/\/purenatural.eu\/es\/wp-json\/wp\/v2\/product"}],"about":[{"href":"https:\/\/purenatural.eu\/es\/wp-json\/wp\/v2\/types\/product"}],"replies":[{"embeddable":true,"href":"https:\/\/purenatural.eu\/es\/wp-json\/wp\/v2\/comments?post=8164"}],"version-history":[{"count":0,"href":"https:\/\/purenatural.eu\/es\/wp-json\/wp\/v2\/product\/8164\/revisions"}],"wp:featuredmedia":[{"embeddable":true,"href":"https:\/\/purenatural.eu\/es\/wp-json\/wp\/v2\/media\/13463"}],"wp:attachment":[{"href":"https:\/\/purenatural.eu\/es\/wp-json\/wp\/v2\/media?parent=8164"}],"wp:term":[{"taxonomy":"product_brand","embeddable":true,"href":"https:\/\/purenatural.eu\/es\/wp-json\/wp\/v2\/product_brand?post=8164"},{"taxonomy":"product_cat","embeddable":true,"href":"https:\/\/purenatural.eu\/es\/wp-json\/wp\/v2\/product_cat?post=8164"},{"taxonomy":"product_tag","embeddable":true,"href":"https:\/\/purenatural.eu\/es\/wp-json\/wp\/v2\/product_tag?post=8164"}],"curies":[{"name":"wp","href":"https:\/\/api.w.org\/{rel}","templated":true}]}}