{"id":8172,"date":"2022-11-29T09:15:30","date_gmt":"2022-11-29T08:15:30","guid":{"rendered":"https:\/\/purenatural.eu\/product\/organic-saffron-red-raspberry-aceite-facial-de-dia-iluminador-e-hidratante-10ml\/"},"modified":"2026-05-16T00:36:20","modified_gmt":"2026-05-15T22:36:20","slug":"aceite-facial-hidratante-de-dia-rojo-frambuesa-organico-10ml","status":"publish","type":"product","link":"https:\/\/purenatural.eu\/es\/producto\/aceite-facial-hidratante-de-dia-rojo-frambuesa-organico-10ml\/","title":{"rendered":"Azafr\u00e1n y Arg\u00e1n BIO &#8211; Aceite facial de d\u00eda iluminador e hidratante-10ml"},"content":{"rendered":"\t\t<div data-elementor-type=\"product-post\" data-elementor-id=\"8172\" class=\"elementor elementor-8172 elementor-2503\" data-elementor-post-type=\"product\">\n\t\t\t\t\t\t<section class=\"elementor-section elementor-top-section elementor-element elementor-element-3e82c0a elementor-section-boxed elementor-section-height-default elementor-section-height-default\" data-id=\"3e82c0a\" data-element_type=\"section\" data-e-type=\"section\">\n\t\t\t\t\t\t<div class=\"elementor-container elementor-column-gap-default\">\n\t\t\t\t\t<div class=\"elementor-column elementor-col-100 elementor-top-column elementor-element elementor-element-3b0b1ef8\" data-id=\"3b0b1ef8\" data-element_type=\"column\" data-e-type=\"column\">\n\t\t\t<div class=\"elementor-widget-wrap elementor-element-populated\">\n\t\t\t\t\t\t<div class=\"elementor-element elementor-element-1fafd536 elementor-widget elementor-widget-text-editor\" data-id=\"1fafd536\" data-element_type=\"widget\" data-e-type=\"widget\" data-widget_type=\"text-editor.default\">\n\t\t\t\t<div class=\"elementor-widget-container\">\n\t\t\t\t\t\t\t\t\t<p>Ilumine su piel con el lujoso toque de Juicy Chemistry Saffron &amp; Argan Facial Oil, una potente mezcla de ingredientes bot\u00e1nicos poco comunes creada para iluminar, nutrir y rejuvenecer su cutis.<\/p><p>Enriquecido con azafr\u00e1n de Cachemira, conocido por sus propiedades antioxidantes y aclaradoras de la piel, este aceite ayuda a igualar el tono de la piel, reducir la opacidad e impartir un brillo radiante. El aceite de arg\u00e1n aporta abundantes \u00e1cidos grasos omega y vitamina E para nutrir en profundidad, proteger contra los da\u00f1os medioambientales y favorecer la elasticidad de la piel. <\/p><p>La sinergia de los aceites de rosa mosqueta y jojoba repone la hidrataci\u00f3n, suaviza las l\u00edneas de expresi\u00f3n y mejora la textura general de la piel. Ligero y de r\u00e1pida absorci\u00f3n, este aceite facial es adecuado para todo tipo de pieles. Formulado con ingredientes org\u00e1nicos y naturales, sin siliconas, parabenos, sulfatos, aceites minerales ni fragancias sint\u00e9ticas, este es su elixir para una piel radiante y de aspecto saludable.  <\/p><ul><li><strong>Unifica el tono de la piel: el<\/strong> azafr\u00e1n ayuda a difuminar el tono apagado, favorece la luminosidad de la tez y revitaliza la piel cansada y apagada.<\/li><li><strong>Reduce la aparici\u00f3n de pigmentaci\u00f3n:<\/strong> Mejora la claridad general de la piel. Rico en \u00e1cidos grasos esenciales para mantener la elasticidad de la piel. <\/li><li><strong>Mantiene la hidrataci\u00f3n:<\/strong> Previene la p\u00e9rdida de agua transepid\u00e9rmica para una hidrataci\u00f3n duradera. Fortalece y calma la piel seca o estresada. <\/li><li><strong>Deja la piel suave como la seda:<\/strong> Acabado no graso perfecto para aplicar bajo el maquillaje.<\/li><li><strong>Calma la irritaci\u00f3n:<\/strong> El aceite de jojoba y el azafr\u00e1n calman la piel sensible.<\/li><\/ul><p> <\/p>\t\t\t\t\t\t\t\t<\/div>\n\t\t\t\t<\/div>\n\t\t\t\t\t<\/div>\n\t\t<\/div>\n\t\t\t\t\t<\/div>\n\t\t<\/section>\n\t\t\t\t<\/div>\n\t\t<span class=\"et_bloom_bottom_trigger\"><\/span>","protected":false},"excerpt":{"rendered":"<p>10 ml<\/p>\n<p>Este aceite facial 100% ecol\u00f3gico es una mezcla de azafr\u00e1n, aceites de semillas portadoras ricos en antioxidantes (arg\u00e1n, c\u00e1\u00f1amo, girasol, geranio, zanahoria y aceite de semillas de camelia) y aceites esenciales terap\u00e9uticos (romero, s\u00e1ndalo y jazm\u00edn). Hidrata la piel en profundidad, le devuelve su luminosidad y ayuda a promover una barrera cut\u00e1nea m\u00e1s sana.<\/p>\n","protected":false},"featured_media":21379,"comment_status":"open","ping_status":"closed","template":"","meta":{"_acf_changed":false,"site-sidebar-layout":"default","site-content-layout":"default","ast-site-content-layout":"default","site-content-style":"default","site-sidebar-style":"default","ast-global-header-display":"","ast-banner-title-visibility":"","ast-main-header-display":"","ast-hfb-above-header-display":"","ast-hfb-below-header-display":"","ast-hfb-mobile-header-display":"","site-post-title":"","ast-breadcrumbs-content":"","ast-featured-img":"","footer-sml-layout":"","ast-disable-related-posts":"","theme-transparent-header-meta":"default","adv-header-id-meta":"","stick-header-meta":"default","header-above-stick-meta":"","header-main-stick-meta":"","header-below-stick-meta":"","astra-migrate-meta-layouts":"set","ast-page-background-enabled":"default","ast-page-background-meta":{"desktop":{"background-color":"var(--ast-global-color-4)","background-image":"","background-repeat":"repeat","background-position":"center center","background-size":"auto","background-attachment":"scroll","background-type":"","background-media":"","overlay-type":"","overlay-color":"","overlay-opacity":"","overlay-gradient":""},"tablet":{"background-color":"","background-image":"","background-repeat":"repeat","background-position":"center center","background-size":"auto","background-attachment":"scroll","background-type":"","background-media":"","overlay-type":"","overlay-color":"","overlay-opacity":"","overlay-gradient":""},"mobile":{"background-color":"","background-image":"","background-repeat":"repeat","background-position":"center center","background-size":"auto","background-attachment":"scroll","background-type":"","background-media":"","overlay-type":"","overlay-color":"","overlay-opacity":"","overlay-gradient":""}},"ast-content-background-meta":{"desktop":{"background-color":"var(--ast-global-color-5)","background-image":"","background-repeat":"repeat","background-position":"center center","background-size":"auto","background-attachment":"scroll","background-type":"","background-media":"","overlay-type":"","overlay-color":"","overlay-opacity":"","overlay-gradient":""},"tablet":{"background-color":"var(--ast-global-color-5)","background-image":"","background-repeat":"repeat","background-position":"center center","background-size":"auto","background-attachment":"scroll","background-type":"","background-media":"","overlay-type":"","overlay-color":"","overlay-opacity":"","overlay-gradient":""},"mobile":{"background-color":"var(--ast-global-color-5)","background-image":"","background-repeat":"repeat","background-position":"center center","background-size":"auto","background-attachment":"scroll","background-type":"","background-media":"","overlay-type":"","overlay-color":"","overlay-opacity":"","overlay-gradient":""}}},"product_brand":[],"product_cat":[159,135,123,131,188,168],"product_tag":[],"class_list":{"0":"post-8172","1":"product","2":"type-product","3":"status-publish","4":"has-post-thumbnail","6":"product_cat-abrillantador","7":"product_cat-antiedad","8":"product_cat-cuidado-de-la-piel","9":"product_cat-hidratantes","10":"product_cat-juicy-chemistry","11":"product_cat-sueros","12":"product_shipping_class-shipping_rate_01","13":"desktop-align-left","14":"tablet-align-left","15":"mobile-align-left","16":"ast-product-gallery-layout-horizontal-slider","17":"ast-product-tabs-layout-horizontal","19":"first","20":"instock","21":"taxable","22":"shipping-taxable","23":"purchasable","24":"product-type-simple"},"acf":[],"_links":{"self":[{"href":"https:\/\/purenatural.eu\/es\/wp-json\/wp\/v2\/product\/8172","targetHints":{"allow":["GET"]}}],"collection":[{"href":"https:\/\/purenatural.eu\/es\/wp-json\/wp\/v2\/product"}],"about":[{"href":"https:\/\/purenatural.eu\/es\/wp-json\/wp\/v2\/types\/product"}],"replies":[{"embeddable":true,"href":"https:\/\/purenatural.eu\/es\/wp-json\/wp\/v2\/comments?post=8172"}],"version-history":[{"count":1,"href":"https:\/\/purenatural.eu\/es\/wp-json\/wp\/v2\/product\/8172\/revisions"}],"predecessor-version":[{"id":24054,"href":"https:\/\/purenatural.eu\/es\/wp-json\/wp\/v2\/product\/8172\/revisions\/24054"}],"wp:featuredmedia":[{"embeddable":true,"href":"https:\/\/purenatural.eu\/es\/wp-json\/wp\/v2\/media\/21379"}],"wp:attachment":[{"href":"https:\/\/purenatural.eu\/es\/wp-json\/wp\/v2\/media?parent=8172"}],"wp:term":[{"taxonomy":"product_brand","embeddable":true,"href":"https:\/\/purenatural.eu\/es\/wp-json\/wp\/v2\/product_brand?post=8172"},{"taxonomy":"product_cat","embeddable":true,"href":"https:\/\/purenatural.eu\/es\/wp-json\/wp\/v2\/product_cat?post=8172"},{"taxonomy":"product_tag","embeddable":true,"href":"https:\/\/purenatural.eu\/es\/wp-json\/wp\/v2\/product_tag?post=8172"}],"curies":[{"name":"wp","href":"https:\/\/api.w.org\/{rel}","templated":true}]}}