{"id":8174,"date":"2022-11-29T08:22:38","date_gmt":"2022-11-29T07:22:38","guid":{"rendered":"https:\/\/purenatural.eu\/product\/kit-de-comprobacion-ayurvedica\/"},"modified":"2023-08-31T14:27:48","modified_gmt":"2023-08-31T12:27:48","slug":"ayurvedic-tester-kit","status":"publish","type":"product","link":"https:\/\/purenatural.eu\/es\/producto\/ayurvedic-tester-kit\/","title":{"rendered":"Kit de comprobaci\u00f3n ayurv\u00e9dica"},"content":{"rendered":"<p>Ayurvedic Tester Kit viene con tres productos seleccionados a mano.<\/p>\n<p>Sadhev &#8211; Champ\u00fa Ayurv\u00e9dico &#8211; 8 ml<br \/>\nSadhev &#8211; Acondicionador capilar ayurv\u00e9dico &#8211; 8 ml<br \/>\nSadhev-Gel de Aloe Vera y Azafr\u00e1n con Kumkumadi Tailam &#8211; 8 g<\/p>\n<p>El champ\u00fa ayurv\u00e9dico de Sadhev es un remedio natural contra la ca\u00edda del cabello. Tambi\u00e9n favorece el crecimiento del cabello y controla la caspa.<\/p>\n<p>El acondicionador capilar ayurv\u00e9dico de Sadhev repara el cabello seco y da\u00f1ado. Sus ingredientes \u00fanicos ayudan a fortalecer los fol\u00edculos pilosos y tambi\u00e9n a prevenir los da\u00f1os causados por las toallas en el cabello.<\/p>\n<p>El Gel de Aloe Vera y Azafr\u00e1n con Kumkumadi Thailam de Sadhev es una fusi\u00f3n milagrosa de Aloe, Azafr\u00e1n y el amor puro de nuestros antepasados que proporciona a la piel un brillo exquisito y una belleza duradera.<\/p>\n<span class=\"et_bloom_bottom_trigger\"><\/span>","protected":false},"excerpt":{"rendered":"<p>Ayurvedic Tester Kit viene con tres productos seleccionados a mano.<\/p>\n<p>Sadhev &#8211; Champ\u00fa Ayurv\u00e9dico &#8211; 8 ml<br \/>\nSadhev &#8211; Acondicionador capilar ayurv\u00e9dico &#8211; 8 ml<br \/>\nSadhev-Gel de Aloe Vera y Azafr\u00e1n con Kumkumadi Tailam &#8211; 8 g<\/p>\n<p>&nbsp;<\/p>\n<p>&nbsp;<\/p>\n","protected":false},"featured_media":13486,"comment_status":"open","ping_status":"closed","template":"","meta":{"_acf_changed":false,"site-sidebar-layout":"default","site-content-layout":"default","ast-site-content-layout":"default","site-content-style":"default","site-sidebar-style":"default","ast-global-header-display":"","ast-banner-title-visibility":"","ast-main-header-display":"","ast-hfb-above-header-display":"","ast-hfb-below-header-display":"","ast-hfb-mobile-header-display":"","site-post-title":"","ast-breadcrumbs-content":"","ast-featured-img":"","footer-sml-layout":"","ast-disable-related-posts":"","theme-transparent-header-meta":"default","adv-header-id-meta":"","stick-header-meta":"default","header-above-stick-meta":"","header-main-stick-meta":"","header-below-stick-meta":"","astra-migrate-meta-layouts":"default","ast-page-background-enabled":"default","ast-page-background-meta":{"desktop":{"background-color":"var(--ast-global-color-4)","background-image":"","background-repeat":"repeat","background-position":"center center","background-size":"auto","background-attachment":"scroll","background-type":"","background-media":"","overlay-type":"","overlay-color":"","overlay-opacity":"","overlay-gradient":""},"tablet":{"background-color":"","background-image":"","background-repeat":"repeat","background-position":"center center","background-size":"auto","background-attachment":"scroll","background-type":"","background-media":"","overlay-type":"","overlay-color":"","overlay-opacity":"","overlay-gradient":""},"mobile":{"background-color":"","background-image":"","background-repeat":"repeat","background-position":"center center","background-size":"auto","background-attachment":"scroll","background-type":"","background-media":"","overlay-type":"","overlay-color":"","overlay-opacity":"","overlay-gradient":""}},"ast-content-background-meta":{"desktop":{"background-color":"var(--ast-global-color-5)","background-image":"","background-repeat":"repeat","background-position":"center center","background-size":"auto","background-attachment":"scroll","background-type":"","background-media":"","overlay-type":"","overlay-color":"","overlay-opacity":"","overlay-gradient":""},"tablet":{"background-color":"var(--ast-global-color-5)","background-image":"","background-repeat":"repeat","background-position":"center center","background-size":"auto","background-attachment":"scroll","background-type":"","background-media":"","overlay-type":"","overlay-color":"","overlay-opacity":"","overlay-gradient":""},"mobile":{"background-color":"var(--ast-global-color-5)","background-image":"","background-repeat":"repeat","background-position":"center center","background-size":"auto","background-attachment":"scroll","background-type":"","background-media":"","overlay-type":"","overlay-color":"","overlay-opacity":"","overlay-gradient":""}}},"product_brand":[],"product_cat":[183,127,169,139,185,160],"product_tag":[],"class_list":{"0":"post-8174","1":"product","2":"type-product","3":"status-publish","4":"has-post-thumbnail","6":"product_cat-acondicionadores","7":"product_cat-cuidado-del-cabello","8":"product_cat-limpiadores","9":"product_cat-muestras-2","10":"product_cat-sadhev-es","11":"product_cat-sequedad-y-danos","12":"product_shipping_class-shipping_rate_01","13":"desktop-align-left","14":"tablet-align-left","15":"mobile-align-left","16":"ast-product-gallery-layout-horizontal-slider","17":"ast-product-tabs-layout-horizontal","19":"first","20":"outofstock","21":"taxable","22":"shipping-taxable","23":"purchasable","24":"product-type-simple"},"acf":[],"_links":{"self":[{"href":"https:\/\/purenatural.eu\/es\/wp-json\/wp\/v2\/product\/8174","targetHints":{"allow":["GET"]}}],"collection":[{"href":"https:\/\/purenatural.eu\/es\/wp-json\/wp\/v2\/product"}],"about":[{"href":"https:\/\/purenatural.eu\/es\/wp-json\/wp\/v2\/types\/product"}],"replies":[{"embeddable":true,"href":"https:\/\/purenatural.eu\/es\/wp-json\/wp\/v2\/comments?post=8174"}],"version-history":[{"count":0,"href":"https:\/\/purenatural.eu\/es\/wp-json\/wp\/v2\/product\/8174\/revisions"}],"wp:featuredmedia":[{"embeddable":true,"href":"https:\/\/purenatural.eu\/es\/wp-json\/wp\/v2\/media\/13486"}],"wp:attachment":[{"href":"https:\/\/purenatural.eu\/es\/wp-json\/wp\/v2\/media?parent=8174"}],"wp:term":[{"taxonomy":"product_brand","embeddable":true,"href":"https:\/\/purenatural.eu\/es\/wp-json\/wp\/v2\/product_brand?post=8174"},{"taxonomy":"product_cat","embeddable":true,"href":"https:\/\/purenatural.eu\/es\/wp-json\/wp\/v2\/product_cat?post=8174"},{"taxonomy":"product_tag","embeddable":true,"href":"https:\/\/purenatural.eu\/es\/wp-json\/wp\/v2\/product_tag?post=8174"}],"curies":[{"name":"wp","href":"https:\/\/api.w.org\/{rel}","templated":true}]}}