{"id":8178,"date":"2022-11-29T07:01:15","date_gmt":"2022-11-29T06:01:15","guid":{"rendered":"https:\/\/purenatural.eu\/product\/aceite-de-coco-virgen-75-ml\/"},"modified":"2026-01-02T00:57:53","modified_gmt":"2026-01-01T23:57:53","slug":"aceite-de-coco-virgen","status":"publish","type":"product","link":"https:\/\/purenatural.eu\/es\/producto\/aceite-de-coco-virgen\/","title":{"rendered":"Aceite de coco virgen 75 ml"},"content":{"rendered":"<p>El coco es un tesoro bien conservado del sur de la India. Los Pandiya, conocidos por su lustrosa cabellera oscura y su piel impecablemente brillante, utilizaban el aceite de esta rica nuez marr\u00f3n como ingrediente divino en sus reg\u00edmenes de belleza cada ma\u00f1ana.<\/p>\n<p>El Aceite de Coco Virgen de Sadhev est\u00e1 animado con lujosas propiedades terap\u00e9uticas que pueden rejuvenecer y aportar resplandor a la piel y una extravagante luminosidad al cabello.<\/p>\n<h3>\u00bfA qui\u00e9n va dirigido?<\/h3>\n<p>El aceite de coco virgen de Sadhev est\u00e1 destinado a las personas que desean dar brillo a su piel y nutrir su cabello. Ayuda a combatir la piel seca, escamosa, apagada y cansada o el cabello seco, encrespado y da\u00f1ado.<\/p>\n<h3>La ventaja Sadhev<\/h3>\n<p>El Aceite de Coco Virgen Sadhev es una poci\u00f3n m\u00e1gica terap\u00e9utica que ha evolucionado extrayendo leche de coco fresca de cocos ecol\u00f3gicos. El aceite se prensa en fr\u00edo para conservar sus nutrientes y se embotella y conserva cuidadosamente para proporcionarle una piel y un cabello luminosos todos los d\u00edas.<\/p>\n<p>Los ingredientes seleccionados a mano se cultivan de forma ecol\u00f3gica y se obtienen de forma \u00e9tica en nuestra propia granja Sadhevana.<\/p>\n<p>Suave con la tierra y con nuestra piel, este producto es 100% natural, vegano, sin crueldad, a base de plantas, sin petroqu\u00edmicos, parabenos, ftalatos, sulfatos, colorantes sint\u00e9ticos, fragancias artificiales, aditivos y otras sustancias sint\u00e9ticas.<\/p>\n<p>Nos enorgullecemos de dedicar tiempo y elaborar a mano cada uno de nuestros productos para encantarle con un Ayurveda de la m\u00e1xima calidad. Todos nuestros envases son de la m\u00e1xima calidad para garantizar que la biopotencia de nuestros ingredientes se mantenga intacta a lo largo de su viaje con nuestro producto. Tu compra nos ayuda a devolverle algo a la madre naturaleza. Plantaremos un \u00e1rbol con cada compra de Sadhev.<\/p>\n<span class=\"et_bloom_bottom_trigger\"><\/span>","protected":false},"excerpt":{"rendered":"<p>75 ml<\/p>\n<p>El Aceite de Coco Virgen de Sadhev est\u00e1 animado con lujosas propiedades terap\u00e9uticas que pueden rejuvenecer y aportar resplandor a la piel y una extravagante luminosidad al cabello.<\/p>\n<p>ASEG\u00daRESE DE CALENTAR LA BOTELLA ANTES DE USARLA.<br \/>\nEste aceite tiende a solidificarse en climas fr\u00edos. Cuando esto ocurre, la \u00fanica forma de extraerlo de la botella es calentarlo primero para que vuelva a licuarse. Puedes hacerlo sumergi\u00e9ndola en agua caliente en el fregadero durante un minuto o simplemente dej\u00e1ndola todo el d\u00eda en la calefacci\u00f3n para que permanezca siempre en estado l\u00edquido.<\/p>\n","protected":false},"featured_media":13440,"comment_status":"open","ping_status":"closed","template":"","meta":{"_acf_changed":false,"site-sidebar-layout":"default","site-content-layout":"default","ast-site-content-layout":"default","site-content-style":"default","site-sidebar-style":"default","ast-global-header-display":"","ast-banner-title-visibility":"","ast-main-header-display":"","ast-hfb-above-header-display":"","ast-hfb-below-header-display":"","ast-hfb-mobile-header-display":"","site-post-title":"","ast-breadcrumbs-content":"","ast-featured-img":"","footer-sml-layout":"","ast-disable-related-posts":"","theme-transparent-header-meta":"default","adv-header-id-meta":"","stick-header-meta":"default","header-above-stick-meta":"","header-main-stick-meta":"","header-below-stick-meta":"","astra-migrate-meta-layouts":"default","ast-page-background-enabled":"default","ast-page-background-meta":{"desktop":{"background-color":"var(--ast-global-color-4)","background-image":"","background-repeat":"repeat","background-position":"center center","background-size":"auto","background-attachment":"scroll","background-type":"","background-media":"","overlay-type":"","overlay-color":"","overlay-opacity":"","overlay-gradient":""},"tablet":{"background-color":"","background-image":"","background-repeat":"repeat","background-position":"center center","background-size":"auto","background-attachment":"scroll","background-type":"","background-media":"","overlay-type":"","overlay-color":"","overlay-opacity":"","overlay-gradient":""},"mobile":{"background-color":"","background-image":"","background-repeat":"repeat","background-position":"center center","background-size":"auto","background-attachment":"scroll","background-type":"","background-media":"","overlay-type":"","overlay-color":"","overlay-opacity":"","overlay-gradient":""}},"ast-content-background-meta":{"desktop":{"background-color":"var(--ast-global-color-5)","background-image":"","background-repeat":"repeat","background-position":"center center","background-size":"auto","background-attachment":"scroll","background-type":"","background-media":"","overlay-type":"","overlay-color":"","overlay-opacity":"","overlay-gradient":""},"tablet":{"background-color":"var(--ast-global-color-5)","background-image":"","background-repeat":"repeat","background-position":"center center","background-size":"auto","background-attachment":"scroll","background-type":"","background-media":"","overlay-type":"","overlay-color":"","overlay-opacity":"","overlay-gradient":""},"mobile":{"background-color":"var(--ast-global-color-5)","background-image":"","background-repeat":"repeat","background-position":"center center","background-size":"auto","background-attachment":"scroll","background-type":"","background-media":"","overlay-type":"","overlay-color":"","overlay-opacity":"","overlay-gradient":""}}},"product_brand":[],"product_cat":[142,144,145,113,123,127,114,116,185,137,160],"product_tag":[],"class_list":{"0":"post-8178","1":"product","2":"type-product","3":"status-publish","4":"has-post-thumbnail","6":"product_cat-aceites","7":"product_cat-caida-y-debilitamiento-del-cabello","8":"product_cat-caspa","9":"product_cat-cuidado-corporal","10":"product_cat-cuidado-de-la-piel","11":"product_cat-cuidado-del-cabello","12":"product_cat-cuidado-del-sol","13":"product_cat-equilibrio-pitta","14":"product_cat-sadhev-es","15":"product_cat-sequedad","16":"product_cat-sequedad-y-danos","17":"product_shipping_class-shipping_rate_01","18":"desktop-align-left","19":"tablet-align-left","20":"mobile-align-left","21":"ast-product-gallery-layout-horizontal-slider","22":"ast-product-tabs-layout-horizontal","24":"first","25":"instock","26":"taxable","27":"shipping-taxable","28":"purchasable","29":"product-type-simple"},"acf":[],"_links":{"self":[{"href":"https:\/\/purenatural.eu\/es\/wp-json\/wp\/v2\/product\/8178","targetHints":{"allow":["GET"]}}],"collection":[{"href":"https:\/\/purenatural.eu\/es\/wp-json\/wp\/v2\/product"}],"about":[{"href":"https:\/\/purenatural.eu\/es\/wp-json\/wp\/v2\/types\/product"}],"replies":[{"embeddable":true,"href":"https:\/\/purenatural.eu\/es\/wp-json\/wp\/v2\/comments?post=8178"}],"version-history":[{"count":0,"href":"https:\/\/purenatural.eu\/es\/wp-json\/wp\/v2\/product\/8178\/revisions"}],"wp:featuredmedia":[{"embeddable":true,"href":"https:\/\/purenatural.eu\/es\/wp-json\/wp\/v2\/media\/13440"}],"wp:attachment":[{"href":"https:\/\/purenatural.eu\/es\/wp-json\/wp\/v2\/media?parent=8178"}],"wp:term":[{"taxonomy":"product_brand","embeddable":true,"href":"https:\/\/purenatural.eu\/es\/wp-json\/wp\/v2\/product_brand?post=8178"},{"taxonomy":"product_cat","embeddable":true,"href":"https:\/\/purenatural.eu\/es\/wp-json\/wp\/v2\/product_cat?post=8178"},{"taxonomy":"product_tag","embeddable":true,"href":"https:\/\/purenatural.eu\/es\/wp-json\/wp\/v2\/product_tag?post=8178"}],"curies":[{"name":"wp","href":"https:\/\/api.w.org\/{rel}","templated":true}]}}