{"id":8206,"date":"2022-11-29T10:17:38","date_gmt":"2022-11-29T09:17:38","guid":{"rendered":"https:\/\/purenatural.eu\/product\/aceite-portador-de-ricino-ecologico-prensado-en-frio-30ml\/"},"modified":"2026-01-01T00:38:26","modified_gmt":"2025-12-31T23:38:26","slug":"aceite-de-ricino-ecologico-prensado-en-frio-30ml","status":"publish","type":"product","link":"https:\/\/purenatural.eu\/es\/producto\/aceite-de-ricino-ecologico-prensado-en-frio-30ml\/","title":{"rendered":"Aceite Portador de Ricino Ecol\u00f3gico Prensado en Fr\u00edo &#8211; 30ml"},"content":{"rendered":"<p>Este aceite de ricino 100% puro y org\u00e1nico prensado en fr\u00edo se obtiene prensando las semillas de ricino. Es rico en \u00e1cidos grasos esenciales, minerales y vitamina E.<\/p>\n<p>Ideal para cabello seco, apagado y da\u00f1ado.<br \/>\n&#8211; Controla la ca\u00edda del cabello<br \/>\n&#8211; Acondiciona en profundidad el cabello seco y da\u00f1ado<br \/>\n&#8211; Ayuda a retener la humedad natural del cabello<br \/>\n&#8211; Reaviva los fol\u00edculos pilosos para un mejor crecimiento<\/p>\n<p>Tambi\u00e9n nutre las cejas y las pesta\u00f1as.<\/p>\n<p>Ideal tambi\u00e9n para el cuidado de las u\u00f1as.<br \/>\nAyuda a fortalecer las u\u00f1as y las hace flexibles. Este aceite de ricino es una gran alternativa natural para enjabonar las cut\u00edculas y prevenir la sequedad, la descamaci\u00f3n y los desgarros.<br \/>\nTambi\u00e9n es estupendo para el crecimiento de las u\u00f1as.  Su textura rica y espesa y su generosa dosis de vitamina E, esencial para la salud de las u\u00f1as e impulsora de un crecimiento sano, la convierten en una opci\u00f3n perfecta para hidratar la zona de las cut\u00edculas y tambi\u00e9n el propio lecho ungueal.<\/p>\n<span class=\"et_bloom_bottom_trigger\"><\/span>","protected":false},"excerpt":{"rendered":"<p>30 ml<\/p>\n<p>Este aceite de ricino 100% puro y org\u00e1nico prensado en fr\u00edo se obtiene prensando las semillas de ricino. Es rico en \u00e1cidos grasos esenciales, minerales y vitamina E.<\/p>\n<p>&nbsp;<\/p>\n","protected":false},"featured_media":23423,"comment_status":"open","ping_status":"closed","template":"","meta":{"_acf_changed":false,"site-sidebar-layout":"default","site-content-layout":"default","ast-site-content-layout":"default","site-content-style":"default","site-sidebar-style":"default","ast-global-header-display":"","ast-banner-title-visibility":"","ast-main-header-display":"","ast-hfb-above-header-display":"","ast-hfb-below-header-display":"","ast-hfb-mobile-header-display":"","site-post-title":"","ast-breadcrumbs-content":"","ast-featured-img":"","footer-sml-layout":"","ast-disable-related-posts":"","theme-transparent-header-meta":"default","adv-header-id-meta":"","stick-header-meta":"default","header-above-stick-meta":"","header-main-stick-meta":"","header-below-stick-meta":"","astra-migrate-meta-layouts":"default","ast-page-background-enabled":"default","ast-page-background-meta":{"desktop":{"background-color":"var(--ast-global-color-4)","background-image":"","background-repeat":"repeat","background-position":"center center","background-size":"auto","background-attachment":"scroll","background-type":"","background-media":"","overlay-type":"","overlay-color":"","overlay-opacity":"","overlay-gradient":""},"tablet":{"background-color":"","background-image":"","background-repeat":"repeat","background-position":"center center","background-size":"auto","background-attachment":"scroll","background-type":"","background-media":"","overlay-type":"","overlay-color":"","overlay-opacity":"","overlay-gradient":""},"mobile":{"background-color":"","background-image":"","background-repeat":"repeat","background-position":"center center","background-size":"auto","background-attachment":"scroll","background-type":"","background-media":"","overlay-type":"","overlay-color":"","overlay-opacity":"","overlay-gradient":""}},"ast-content-background-meta":{"desktop":{"background-color":"var(--ast-global-color-5)","background-image":"","background-repeat":"repeat","background-position":"center center","background-size":"auto","background-attachment":"scroll","background-type":"","background-media":"","overlay-type":"","overlay-color":"","overlay-opacity":"","overlay-gradient":""},"tablet":{"background-color":"var(--ast-global-color-5)","background-image":"","background-repeat":"repeat","background-position":"center center","background-size":"auto","background-attachment":"scroll","background-type":"","background-media":"","overlay-type":"","overlay-color":"","overlay-opacity":"","overlay-gradient":""},"mobile":{"background-color":"var(--ast-global-color-5)","background-image":"","background-repeat":"repeat","background-position":"center center","background-size":"auto","background-attachment":"scroll","background-type":"","background-media":"","overlay-type":"","overlay-color":"","overlay-opacity":"","overlay-gradient":""}}},"product_brand":[],"product_cat":[142,144,196,127,188,160],"product_tag":[],"class_list":{"0":"post-8206","1":"product","2":"type-product","3":"status-publish","4":"has-post-thumbnail","6":"product_cat-aceites","7":"product_cat-caida-y-debilitamiento-del-cabello","8":"product_cat-cuidado-de-las-unas","9":"product_cat-cuidado-del-cabello","10":"product_cat-juicy-chemistry","11":"product_cat-sequedad-y-danos","12":"product_shipping_class-shipping_rate_01","13":"desktop-align-left","14":"tablet-align-left","15":"mobile-align-left","16":"ast-product-gallery-layout-horizontal-slider","17":"ast-product-tabs-layout-horizontal","19":"first","20":"instock","21":"taxable","22":"shipping-taxable","23":"purchasable","24":"product-type-simple"},"acf":[],"_links":{"self":[{"href":"https:\/\/purenatural.eu\/es\/wp-json\/wp\/v2\/product\/8206","targetHints":{"allow":["GET"]}}],"collection":[{"href":"https:\/\/purenatural.eu\/es\/wp-json\/wp\/v2\/product"}],"about":[{"href":"https:\/\/purenatural.eu\/es\/wp-json\/wp\/v2\/types\/product"}],"replies":[{"embeddable":true,"href":"https:\/\/purenatural.eu\/es\/wp-json\/wp\/v2\/comments?post=8206"}],"version-history":[{"count":0,"href":"https:\/\/purenatural.eu\/es\/wp-json\/wp\/v2\/product\/8206\/revisions"}],"wp:featuredmedia":[{"embeddable":true,"href":"https:\/\/purenatural.eu\/es\/wp-json\/wp\/v2\/media\/23423"}],"wp:attachment":[{"href":"https:\/\/purenatural.eu\/es\/wp-json\/wp\/v2\/media?parent=8206"}],"wp:term":[{"taxonomy":"product_brand","embeddable":true,"href":"https:\/\/purenatural.eu\/es\/wp-json\/wp\/v2\/product_brand?post=8206"},{"taxonomy":"product_cat","embeddable":true,"href":"https:\/\/purenatural.eu\/es\/wp-json\/wp\/v2\/product_cat?post=8206"},{"taxonomy":"product_tag","embeddable":true,"href":"https:\/\/purenatural.eu\/es\/wp-json\/wp\/v2\/product_tag?post=8206"}],"curies":[{"name":"wp","href":"https:\/\/api.w.org\/{rel}","templated":true}]}}