{"id":8214,"date":"2023-01-25T13:37:28","date_gmt":"2023-01-25T12:37:28","guid":{"rendered":"https:\/\/purenatural.eu\/product\/gran-marco-de-madera-con-poster-plastificado-de-ingredientes-naturales-48-cm-x-40-cm-x-15-cm\/"},"modified":"2025-12-31T00:35:52","modified_gmt":"2025-12-30T23:35:52","slug":"gran-marco-de-madera-con-ingredientes-naturales-laminados-poster-48cm-x-40cm-x-1-5cm","status":"publish","type":"product","link":"https:\/\/purenatural.eu\/es\/producto\/gran-marco-de-madera-con-ingredientes-naturales-laminados-poster-48cm-x-40cm-x-1-5cm\/","title":{"rendered":"Gran marco de madera con p\u00f3ster plastificado de ingredientes naturales. 48 cm x 40 cm x 1,5 cm"},"content":{"rendered":"<span class=\"et_bloom_bottom_trigger\"><\/span>","protected":false},"excerpt":{"rendered":"<p>Precioso p\u00f3ster laminado en un elegante marco de color madera.<\/p>\n<p>Combina a la perfecci\u00f3n con la bandeja Buttler y los estantes de dise\u00f1o de \u00e9bano para crear un espacio ayurv\u00e9dico en su tienda o consulta.<\/p>\n<p>Rebajado de 20 eur a 10 eur.<\/p>\n","protected":false},"featured_media":13637,"comment_status":"closed","ping_status":"closed","template":"","meta":{"_acf_changed":false,"site-sidebar-layout":"default","site-content-layout":"default","ast-site-content-layout":"default","site-content-style":"default","site-sidebar-style":"default","ast-global-header-display":"","ast-banner-title-visibility":"","ast-main-header-display":"","ast-hfb-above-header-display":"","ast-hfb-below-header-display":"","ast-hfb-mobile-header-display":"","site-post-title":"","ast-breadcrumbs-content":"","ast-featured-img":"","footer-sml-layout":"","ast-disable-related-posts":"","theme-transparent-header-meta":"default","adv-header-id-meta":"","stick-header-meta":"default","header-above-stick-meta":"","header-main-stick-meta":"","header-below-stick-meta":"","astra-migrate-meta-layouts":"default","ast-page-background-enabled":"default","ast-page-background-meta":{"desktop":{"background-color":"var(--ast-global-color-4)","background-image":"","background-repeat":"repeat","background-position":"center center","background-size":"auto","background-attachment":"scroll","background-type":"","background-media":"","overlay-type":"","overlay-color":"","overlay-opacity":"","overlay-gradient":""},"tablet":{"background-color":"","background-image":"","background-repeat":"repeat","background-position":"center center","background-size":"auto","background-attachment":"scroll","background-type":"","background-media":"","overlay-type":"","overlay-color":"","overlay-opacity":"","overlay-gradient":""},"mobile":{"background-color":"","background-image":"","background-repeat":"repeat","background-position":"center center","background-size":"auto","background-attachment":"scroll","background-type":"","background-media":"","overlay-type":"","overlay-color":"","overlay-opacity":"","overlay-gradient":""}},"ast-content-background-meta":{"desktop":{"background-color":"var(--ast-global-color-5)","background-image":"","background-repeat":"repeat","background-position":"center center","background-size":"auto","background-attachment":"scroll","background-type":"","background-media":"","overlay-type":"","overlay-color":"","overlay-opacity":"","overlay-gradient":""},"tablet":{"background-color":"var(--ast-global-color-5)","background-image":"","background-repeat":"repeat","background-position":"center center","background-size":"auto","background-attachment":"scroll","background-type":"","background-media":"","overlay-type":"","overlay-color":"","overlay-opacity":"","overlay-gradient":""},"mobile":{"background-color":"var(--ast-global-color-5)","background-image":"","background-repeat":"repeat","background-position":"center center","background-size":"auto","background-attachment":"scroll","background-type":"","background-media":"","overlay-type":"","overlay-color":"","overlay-opacity":"","overlay-gradient":""}}},"product_brand":[],"product_cat":[194],"product_tag":[],"class_list":{"0":"post-8214","1":"product","2":"type-product","3":"status-publish","4":"has-post-thumbnail","6":"product_cat-material-de-marketing","7":"product_shipping_class-shipping_rate_01","8":"desktop-align-left","9":"tablet-align-left","10":"mobile-align-left","11":"ast-product-gallery-layout-horizontal-slider","12":"ast-product-gallery-with-no-image","13":"ast-product-tabs-layout-horizontal","15":"first","16":"instock","17":"taxable","18":"shipping-taxable","19":"purchasable","20":"product-type-simple"},"acf":[],"_links":{"self":[{"href":"https:\/\/purenatural.eu\/es\/wp-json\/wp\/v2\/product\/8214","targetHints":{"allow":["GET"]}}],"collection":[{"href":"https:\/\/purenatural.eu\/es\/wp-json\/wp\/v2\/product"}],"about":[{"href":"https:\/\/purenatural.eu\/es\/wp-json\/wp\/v2\/types\/product"}],"replies":[{"embeddable":true,"href":"https:\/\/purenatural.eu\/es\/wp-json\/wp\/v2\/comments?post=8214"}],"version-history":[{"count":0,"href":"https:\/\/purenatural.eu\/es\/wp-json\/wp\/v2\/product\/8214\/revisions"}],"wp:featuredmedia":[{"embeddable":true,"href":"https:\/\/purenatural.eu\/es\/wp-json\/wp\/v2\/media\/13637"}],"wp:attachment":[{"href":"https:\/\/purenatural.eu\/es\/wp-json\/wp\/v2\/media?parent=8214"}],"wp:term":[{"taxonomy":"product_brand","embeddable":true,"href":"https:\/\/purenatural.eu\/es\/wp-json\/wp\/v2\/product_brand?post=8214"},{"taxonomy":"product_cat","embeddable":true,"href":"https:\/\/purenatural.eu\/es\/wp-json\/wp\/v2\/product_cat?post=8214"},{"taxonomy":"product_tag","embeddable":true,"href":"https:\/\/purenatural.eu\/es\/wp-json\/wp\/v2\/product_tag?post=8214"}],"curies":[{"name":"wp","href":"https:\/\/api.w.org\/{rel}","templated":true}]}}