{"id":5393,"date":"2022-11-10T06:39:36","date_gmt":"2022-11-10T05:39:36","guid":{"rendered":"https:\/\/purenatural.eu\/asmi-ayurveda\/"},"modified":"2024-06-20T15:19:08","modified_gmt":"2024-06-20T13:19:08","slug":"asmi-ayurveda","status":"publish","type":"page","link":"https:\/\/purenatural.eu\/nl\/asmi-ayurveda\/","title":{"rendered":"\u0100SMI AYURVEDA"},"content":{"rendered":"\t\t<div data-elementor-type=\"wp-page\" data-elementor-id=\"5393\" class=\"elementor elementor-5393 elementor-2007\" data-elementor-post-type=\"page\">\n\t\t\t\t\t\t<section class=\"elementor-section elementor-top-section elementor-element elementor-element-af07034 elementor-section-boxed elementor-section-height-default elementor-section-height-default elementor-invisible\" data-id=\"af07034\" data-element_type=\"section\" data-e-type=\"section\" data-settings=\"{&quot;background_background&quot;:&quot;classic&quot;,&quot;animation&quot;:&quot;fadeIn&quot;}\">\n\t\t\t\t\t\t<div class=\"elementor-container elementor-column-gap-default\">\n\t\t\t\t\t<div class=\"elementor-column elementor-col-100 elementor-top-column elementor-element elementor-element-513be19b\" data-id=\"513be19b\" data-element_type=\"column\" data-e-type=\"column\">\n\t\t\t<div class=\"elementor-widget-wrap elementor-element-populated\">\n\t\t\t\t\t\t<div class=\"elementor-element elementor-element-59b18714 elementor-widget elementor-widget-heading\" data-id=\"59b18714\" data-element_type=\"widget\" data-e-type=\"widget\" data-widget_type=\"heading.default\">\n\t\t\t\t<div class=\"elementor-widget-container\">\n\t\t\t\t\t<h2 class=\"elementor-heading-title elementor-size-default\">\n\n\u0100SMI AYURVEDA<\/h2>\t\t\t\t<\/div>\n\t\t\t\t<\/div>\n\t\t\t\t<div class=\"elementor-element elementor-element-17dc776 elementor-widget elementor-widget-text-editor\" data-id=\"17dc776\" data-element_type=\"widget\" data-e-type=\"widget\" data-widget_type=\"text-editor.default\">\n\t\t\t\t<div class=\"elementor-widget-container\">\n\t\t\t\t\t\t\t\t\t<p><strong>Ayurveda opnieuw vormgegeven<\/strong><\/p>\n\t\t\t\t\t\t\t\t<\/div>\n\t\t\t\t<\/div>\n\t\t\t\t<div class=\"elementor-element elementor-element-2a3cf90f elementor-widget elementor-widget-image\" data-id=\"2a3cf90f\" data-element_type=\"widget\" data-e-type=\"widget\" data-widget_type=\"image.default\">\n\t\t\t\t<div class=\"elementor-widget-container\">\n\t\t\t\t\t\t\t\t\t\t\t\t\t\t\t<img fetchpriority=\"high\" decoding=\"async\" width=\"1024\" height=\"446\" src=\"https:\/\/purenatural.eu\/wp-content\/uploads\/2022\/11\/logo-asmi-1024x446.png\" class=\"attachment-large size-large wp-image-16236\" alt=\"\" srcset=\"https:\/\/purenatural.eu\/wp-content\/uploads\/2022\/11\/logo-asmi-1024x446.png 1024w, https:\/\/purenatural.eu\/wp-content\/uploads\/2022\/11\/logo-asmi-600x261.png 600w, https:\/\/purenatural.eu\/wp-content\/uploads\/2022\/11\/logo-asmi-300x131.png 300w, https:\/\/purenatural.eu\/wp-content\/uploads\/2022\/11\/logo-asmi-768x335.png 768w, https:\/\/purenatural.eu\/wp-content\/uploads\/2022\/11\/logo-asmi-1320x575.png 1320w, https:\/\/purenatural.eu\/wp-content\/uploads\/2022\/11\/logo-asmi.png 1455w\" sizes=\"(max-width: 1024px) 100vw, 1024px\" title=\"\">\t\t\t\t\t\t\t\t\t\t\t\t\t\t\t<\/div>\n\t\t\t\t<\/div>\n\t\t\t\t<div class=\"elementor-element elementor-element-3f40c6d elementor-widget elementor-widget-text-editor\" data-id=\"3f40c6d\" data-element_type=\"widget\" data-e-type=\"widget\" data-widget_type=\"text-editor.default\">\n\t\t\t\t<div class=\"elementor-widget-container\">\n\t\t\t\t\t\t\t\t\t<p class=\"MsoNormal\" align=\"center\"><strong>Exquisite Ayurvedic Aromatic Massage Oils, geworteld in de traditie, ecologisch, duurzaam, aantrekkelijk verpakt in Scandinavisch design en sociaal integrerend.<\/strong><\/p>\n\t\t\t\t\t\t\t\t<\/div>\n\t\t\t\t<\/div>\n\t\t\t\t<div class=\"elementor-element elementor-element-0ba3823 elementor-widget elementor-widget-image\" data-id=\"0ba3823\" data-element_type=\"widget\" data-e-type=\"widget\" data-widget_type=\"image.default\">\n\t\t\t\t<div class=\"elementor-widget-container\">\n\t\t\t\t\t\t\t\t\t\t\t\t\t\t\t<img decoding=\"async\" src=\"https:\/\/purenatural.eu\/wp-content\/uploads\/elementor\/thumbs\/ami-data-q6n74inel15gw8r0o4i0p2g75n1ges7bbvmstq9kw0.jpg\" title=\"ami-data\" alt=\"asmi\" loading=\"lazy\" \/>\t\t\t\t\t\t\t\t\t\t\t\t\t\t\t<\/div>\n\t\t\t\t<\/div>\n\t\t\t\t<div class=\"elementor-element elementor-element-35449e23 elementor-widget elementor-widget-heading\" data-id=\"35449e23\" data-element_type=\"widget\" data-e-type=\"widget\" data-widget_type=\"heading.default\">\n\t\t\t\t<div class=\"elementor-widget-container\">\n\t\t\t\t\t<h2 class=\"elementor-heading-title elementor-size-default\">Onze waarden\n\n<\/h2>\t\t\t\t<\/div>\n\t\t\t\t<\/div>\n\t\t\t\t<div class=\"elementor-element elementor-element-7378b83f elementor-widget elementor-widget-text-editor\" data-id=\"7378b83f\" data-element_type=\"widget\" data-e-type=\"widget\" data-widget_type=\"text-editor.default\">\n\t\t\t\t<div class=\"elementor-widget-container\">\n\t\t\t\t\t\t\t\t\t<p><strong>\u0100smi betekent &#8220;ik ben&#8221; en staat voor de moderne Ayurvedische levensstijl: puur, dicht bij de natuur, individueel en tijdgebonden.<\/strong><\/p>\n<p><strong>\u0100smi is WARE AYURVEDA, KLIMAATPOSITIEF en INCLUSIEF.<\/strong><\/p>\n\t\t\t\t\t\t\t\t<\/div>\n\t\t\t\t<\/div>\n\t\t\t\t<div class=\"elementor-element elementor-element-2ebc380 elementor-widget elementor-widget-image\" data-id=\"2ebc380\" data-element_type=\"widget\" data-e-type=\"widget\" data-widget_type=\"image.default\">\n\t\t\t\t<div class=\"elementor-widget-container\">\n\t\t\t\t\t\t\t\t\t\t\t\t\t\t\t<img decoding=\"async\" width=\"240\" height=\"240\" src=\"https:\/\/purenatural.eu\/wp-content\/uploads\/2022\/11\/aruve.png\" class=\"attachment-large size-large wp-image-16240\" alt=\"\" srcset=\"https:\/\/purenatural.eu\/wp-content\/uploads\/2022\/11\/aruve.png 240w, https:\/\/purenatural.eu\/wp-content\/uploads\/2022\/11\/aruve-100x100.png 100w, https:\/\/purenatural.eu\/wp-content\/uploads\/2022\/11\/aruve-150x150.png 150w\" sizes=\"(max-width: 240px) 100vw, 240px\" title=\"\">\t\t\t\t\t\t\t\t\t\t\t\t\t\t\t<\/div>\n\t\t\t\t<\/div>\n\t\t\t\t<div class=\"elementor-element elementor-element-29306e6 elementor-widget elementor-widget-text-editor\" data-id=\"29306e6\" data-element_type=\"widget\" data-e-type=\"widget\" data-widget_type=\"text-editor.default\">\n\t\t\t\t<div class=\"elementor-widget-container\">\n\t\t\t\t\t\t\t\t\t<p>Centraal in onze filosofie staat de 5000 jaar oude Indiase geneeskunst van de Ayurveda. Het is gebaseerd op de vijf elementen van de natuur en de drie dosha&#8217;s die voor elk persoon verschillend zijn. Wij werken uitsluitend samen met gerenommeerde Ayurveda-experts om de holistische leer over te brengen op onze producten.<\/p>\n\t\t\t\t\t\t\t\t<\/div>\n\t\t\t\t<\/div>\n\t\t\t\t<div class=\"elementor-element elementor-element-3a34f1f elementor-widget elementor-widget-image\" data-id=\"3a34f1f\" data-element_type=\"widget\" data-e-type=\"widget\" data-widget_type=\"image.default\">\n\t\t\t\t<div class=\"elementor-widget-container\">\n\t\t\t\t\t\t\t\t\t\t\t\t\t\t\t<img decoding=\"async\" width=\"240\" height=\"240\" src=\"https:\/\/purenatural.eu\/wp-content\/uploads\/2022\/11\/climate.png\" class=\"attachment-large size-large wp-image-16242\" alt=\"\" srcset=\"https:\/\/purenatural.eu\/wp-content\/uploads\/2022\/11\/climate.png 240w, https:\/\/purenatural.eu\/wp-content\/uploads\/2022\/11\/climate-100x100.png 100w, https:\/\/purenatural.eu\/wp-content\/uploads\/2022\/11\/climate-150x150.png 150w\" sizes=\"(max-width: 240px) 100vw, 240px\" title=\"\">\t\t\t\t\t\t\t\t\t\t\t\t\t\t\t<\/div>\n\t\t\t\t<\/div>\n\t\t\t\t<div class=\"elementor-element elementor-element-c81b589 elementor-widget elementor-widget-text-editor\" data-id=\"c81b589\" data-element_type=\"widget\" data-e-type=\"widget\" data-widget_type=\"text-editor.default\">\n\t\t\t\t<div class=\"elementor-widget-container\">\n\t\t\t\t\t\t\t\t\t<p>Naast een bewuste omgang met onszelf is een bewuste omgang met middelen voor ons belangrijk. Onze acties zijn holistisch, eerlijk en klimaatpositief. Grondstofbesparende productie is bijzonder belangrijk voor ons. Onze verpakkingsmaterialen zijn plantaardig en lokaal afkomstig.<\/p>\n<p>Wij delen dezelfde waarden met onze zorgvuldig geselecteerde partners om te zorgen voor een transparante toeleveringsketen met minder CO2-uitstoot.<\/p>\n<p>Maar we willen niet alleen de CO2-uitstoot compenseren, we steunen ook de bouw van een biogasinstallatie in India. Het stelt de plaatselijke bevolking in staat om zonder brandhout te koken en beoogt bewust een einde te maken aan de ontbossing van de omringende bossen.<\/p>\n<p>Zo beschermen we het milieu en verbeteren we tegelijkertijd duurzaam de levenskwaliteit. Een win-win situatie voor iedereen, die precies overeenkomt met de waarden van \u0100smi.<\/p>\n\t\t\t\t\t\t\t\t<\/div>\n\t\t\t\t<\/div>\n\t\t\t\t<div class=\"elementor-element elementor-element-58075d4 elementor-widget elementor-widget-image\" data-id=\"58075d4\" data-element_type=\"widget\" data-e-type=\"widget\" data-widget_type=\"image.default\">\n\t\t\t\t<div class=\"elementor-widget-container\">\n\t\t\t\t\t\t\t\t\t\t\t\t\t\t\t<img loading=\"lazy\" decoding=\"async\" width=\"240\" height=\"240\" src=\"https:\/\/purenatural.eu\/wp-content\/uploads\/2022\/11\/inclusive.png\" class=\"attachment-large size-large wp-image-16244\" alt=\"\" srcset=\"https:\/\/purenatural.eu\/wp-content\/uploads\/2022\/11\/inclusive.png 240w, https:\/\/purenatural.eu\/wp-content\/uploads\/2022\/11\/inclusive-100x100.png 100w, https:\/\/purenatural.eu\/wp-content\/uploads\/2022\/11\/inclusive-150x150.png 150w\" sizes=\"(max-width: 240px) 100vw, 240px\" title=\"\">\t\t\t\t\t\t\t\t\t\t\t\t\t\t\t<\/div>\n\t\t\t\t<\/div>\n\t\t\t\t<div class=\"elementor-element elementor-element-6c7d91f elementor-widget elementor-widget-text-editor\" data-id=\"6c7d91f\" data-element_type=\"widget\" data-e-type=\"widget\" data-widget_type=\"text-editor.default\">\n\t\t\t\t<div class=\"elementor-widget-container\">\n\t\t\t\t\t\t\t\t\t<p>We maken allemaal deel uit van een gemeenschap. We zijn ons hiervan bewust en we willen het beleven. Daarom is inclusie een natuurlijk onderdeel van ons bedrijfs-DNA. Ons team bestaat uit 2.500 mensen met en zonder handicap. Ons motto is &nbsp;&#8220;Diversiteit is onze kracht!&#8221;.<\/p>\n<p><\/p>\n<p>DE MENSEN ACHTER<\/p>\n<p><\/p>\n<p><strong>Murali Nair, Oprichter<\/strong><\/p>\n<p>In India groeide ik op in een regio die Kerala heet. Daar woonde ik met mijn familie op een boerderij met honderden kokospalmen en enorme rijstvelden. Kerala is de plaats van oorsprong van de Ayurveda en maakte daarom ook deel uit van mijn dagelijks leven. Als ik ziek was, verzamelde mijn moeder tulsibladeren uit de tuin om thee voor me te zetten. We gebruikten verse zelfgemaakte hibiscuspasta als shampoo.<br>Wij waren zelf een deel van de natuur en ontdekten daarin onze schatten. Ons werd geleerd er altijd voor te zorgen. Even belangrijk als de liefde voor de natuur was altijd de liefde voor de medemens: Mijn vader, die de enige auto in de stad bezat, reed alle kinderen uit de buurt naar school als het regende, de huisarts behandelde de armen gratis.<br>Nadat ik naar Duitsland was verhuisd om onderzoek te doen en les te geven over duurzaamheid en economische ethiek, heb ik in de praktijk gebracht wat ik leer en \u0100smi Ayurveda opgericht &#8211; een lifestylemerk met authentieke producten, ontwikkeld in samenwerking met Ayurvedische experts, die een klimaatpositief effect hebben.<\/p>\n<p><strong>Sophia Cara Hahn, medeoprichter<\/strong><\/p>\n<p>Ik ben Sophia Cara Hahn, bedrijfspsycholoog (M.Sc.), yogalerares en in opleiding tot Ayurvedisch gezondheidsadviseur. Mijn wens is om voor mensen een gezonde basis te cre\u00ebren waarop veerkracht en evenwicht kunnen worden gebouwd.<\/p>\n<p><\/p>\n<p><strong>Dr. Sreekrishnan, Ayurveda Mentor<\/strong><\/p>\n<p>Dr. Sreekrishnan is een tweede generatie Ayurvedische arts. Hij heeft meer dan 35 jaar onderzoek gedaan en les gegeven in Ayurveda voordat hij zijn eigen kliniek in Kerala oprichtte. Zijn specialisatie is dermatologie. Hij is Murali&#8217;s huisarts en ontwikkelt de formuleringen van de asmi producten.<\/p>\n<p>Dr. Sreekrishnan werd door het Indiase Ayurvedaministerie geselecteerd om de volgende generatie artsen op te leiden. Zijn kliniek ontvangt pati\u00ebnten uit Azi\u00eb, Europa en de VS. Elke vrijdag worden pati\u00ebnten die het consult niet kunnen betalen gratis behandeld.<\/p>\n<p><\/p>\n<p><strong>&nbsp;<\/strong><strong style=\"font-style: inherit; color: var( --e-global-color-197cfdc ); font-family: var( --e-global-typography-text-font-family ), Sans-serif; text-transform: var( --e-global-typography-text-text-transform ); background-color: var( --e-global-color-48f25f1 );\">Nina Bruun, Ontwerp<\/strong><\/p>\n<p>Nina Bruun is een volleerde Deense ontwerpster, ze heeft de Red Dot Design Award ontvangen en haar werk is opgenomen in de permanente collectie van het Museum of Arts and Design in New York.<\/p>\t\t\t\t\t\t\t\t<\/div>\n\t\t\t\t<\/div>\n\t\t\t\t<div class=\"elementor-element elementor-element-879ff2b elementor-align-center elementor-widget elementor-widget-button\" data-id=\"879ff2b\" data-element_type=\"widget\" data-e-type=\"widget\" data-widget_type=\"button.default\">\n\t\t\t\t<div class=\"elementor-widget-container\">\n\t\t\t\t\t\t\t\t\t<div class=\"elementor-button-wrapper\">\n\t\t\t\t\t<a class=\"elementor-button elementor-button-link elementor-size-md\" href=\"https:\/\/purenatural.eu\/product-category\/shop-by-brand\/asmi\/\">\n\t\t\t\t\t\t<span class=\"elementor-button-content-wrapper\">\n\t\t\t\t\t\t<span class=\"elementor-button-icon\">\n\t\t\t\t<i aria-hidden=\"true\" class=\"fas fa-shopping-basket\"><\/i>\t\t\t<\/span>\n\t\t\t\t\t\t\t\t\t<span class=\"elementor-button-text\">Winkelen op ASMI producten  <\/span>\n\t\t\t\t\t<\/span>\n\t\t\t\t\t<\/a>\n\t\t\t\t<\/div>\n\t\t\t\t\t\t\t\t<\/div>\n\t\t\t\t<\/div>\n\t\t\t\t\t<\/div>\n\t\t<\/div>\n\t\t\t\t\t<\/div>\n\t\t<\/section>\n\t\t\t\t<\/div>\n\t\t<span class=\"et_bloom_bottom_trigger\"><\/span>","protected":false},"excerpt":{"rendered":"<p>\u0100SMI AYURVEDA Ayurveda opnieuw vormgegeven Exquisite Ayurvedic Aromatic Massage Oils, geworteld in de traditie, ecologisch, duurzaam, aantrekkelijk verpakt in Scandinavisch design en sociaal integrerend. Onze waarden \u0100smi betekent &#8220;ik ben&#8221; [&hellip;]<\/p>\n","protected":false},"author":4519,"featured_media":0,"parent":0,"menu_order":31,"comment_status":"closed","ping_status":"closed","template":"","meta":{"_acf_changed":false,"site-sidebar-layout":"no-sidebar","site-content-layout":"page-builder","ast-site-content-layout":"default","site-content-style":"default","site-sidebar-style":"default","ast-global-header-display":"","ast-banner-title-visibility":"","ast-main-header-display":"","ast-hfb-above-header-display":"","ast-hfb-below-header-display":"","ast-hfb-mobile-header-display":"","site-post-title":"disabled","ast-breadcrumbs-content":"","ast-featured-img":"disabled","footer-sml-layout":"","ast-disable-related-posts":"","theme-transparent-header-meta":"","adv-header-id-meta":"","stick-header-meta":"","header-above-stick-meta":"","header-main-stick-meta":"","header-below-stick-meta":"","astra-migrate-meta-layouts":"default","ast-page-background-enabled":"default","ast-page-background-meta":{"desktop":{"background-color":"var(--ast-global-color-4)","background-image":"","background-repeat":"repeat","background-position":"center center","background-size":"auto","background-attachment":"scroll","background-type":"","background-media":"","overlay-type":"","overlay-color":"","overlay-opacity":"","overlay-gradient":""},"tablet":{"background-color":"","background-image":"","background-repeat":"repeat","background-position":"center center","background-size":"auto","background-attachment":"scroll","background-type":"","background-media":"","overlay-type":"","overlay-color":"","overlay-opacity":"","overlay-gradient":""},"mobile":{"background-color":"","background-image":"","background-repeat":"repeat","background-position":"center center","background-size":"auto","background-attachment":"scroll","background-type":"","background-media":"","overlay-type":"","overlay-color":"","overlay-opacity":"","overlay-gradient":""}},"ast-content-background-meta":{"desktop":{"background-color":"var(--ast-global-color-5)","background-image":"","background-repeat":"repeat","background-position":"center center","background-size":"auto","background-attachment":"scroll","background-type":"","background-media":"","overlay-type":"","overlay-color":"","overlay-opacity":"","overlay-gradient":""},"tablet":{"background-color":"var(--ast-global-color-5)","background-image":"","background-repeat":"repeat","background-position":"center center","background-size":"auto","background-attachment":"scroll","background-type":"","background-media":"","overlay-type":"","overlay-color":"","overlay-opacity":"","overlay-gradient":""},"mobile":{"background-color":"var(--ast-global-color-5)","background-image":"","background-repeat":"repeat","background-position":"center center","background-size":"auto","background-attachment":"scroll","background-type":"","background-media":"","overlay-type":"","overlay-color":"","overlay-opacity":"","overlay-gradient":""}},"footnotes":""},"class_list":["post-5393","page","type-page","status-publish","hentry"],"acf":[],"_links":{"self":[{"href":"https:\/\/purenatural.eu\/nl\/wp-json\/wp\/v2\/pages\/5393","targetHints":{"allow":["GET"]}}],"collection":[{"href":"https:\/\/purenatural.eu\/nl\/wp-json\/wp\/v2\/pages"}],"about":[{"href":"https:\/\/purenatural.eu\/nl\/wp-json\/wp\/v2\/types\/page"}],"author":[{"embeddable":true,"href":"https:\/\/purenatural.eu\/nl\/wp-json\/wp\/v2\/users\/4519"}],"replies":[{"embeddable":true,"href":"https:\/\/purenatural.eu\/nl\/wp-json\/wp\/v2\/comments?post=5393"}],"version-history":[{"count":0,"href":"https:\/\/purenatural.eu\/nl\/wp-json\/wp\/v2\/pages\/5393\/revisions"}],"wp:attachment":[{"href":"https:\/\/purenatural.eu\/nl\/wp-json\/wp\/v2\/media?parent=5393"}],"curies":[{"name":"wp","href":"https:\/\/api.w.org\/{rel}","templated":true}]}}