{"id":19826,"date":"2024-04-24T16:06:58","date_gmt":"2024-04-24T14:06:58","guid":{"rendered":"https:\/\/purenatural.eu\/product\/ayurvedic-facial-cleanser-sensitive-skin-8-ml\/"},"modified":"2026-01-02T00:59:15","modified_gmt":"2026-01-01T23:59:15","slug":"ayurvedic-facial-cleanser-sensitive-skin-8-ml","status":"publish","type":"product","link":"https:\/\/purenatural.eu\/nl\/product\/ayurvedic-facial-cleanser-sensitive-skin-8-ml\/","title":{"rendered":"Ayurvedische Gezichtsreiniger Gevoelige Huid 8 ml"},"content":{"rendered":"<p>De Kakatiya dynastie heeft een grote betekenis in de Ayurveda. In Warangal, de hoofdstad van de dynastie, waren veel ayurvedische scholen gevestigd. Zij beproefden en formuleerden producten die speciaal worden gebruikt om het gezicht te reinigen. Sadhev neemt een voorbeeld aan de Kakatiya en brengt een ode aan hen in de vorm van onze gezichtsreiniger voor de gevoelige huid.<br \/>\nSadhev&#8217;s Ayurvedic Facial Cleanser is samengesteld uit exotische ayurvedische ingredi\u00ebnten en essenti\u00eble oli\u00ebn. De trifecta van Triphala, Moringa &amp; Rozenbottelolie reinigt je huid diep en maakt haar zacht en vlekkeloos. De ayurvedische eigenschappen maken het de perfecte reiniger voor de gevoelige huid.<br \/>\nSadhev&#8217;s Ayurvedic Facial Cleanser is de perfecte ayurvedische oplossing voor mensen met een gevoelige huid. De intense hydraterende eigenschappen voeden en hydrateren uw huid effectief en maken haar zacht en soepel. Het is doordrenkt met rijke ayurvedische eigenschappen die zorgen voor een vedische gloed na het wassen.<\/p>\n<h3>Voordelen<\/h3>\n<p>Voedt en hydrateert de huid<br \/>\nReinigt zacht met een mild schuim<br \/>\nBrengt het natuurlijke oliegehalte van de huid weer in evenwicht<br \/>\nGemaakt met een irritatievrije oppervlakte-actieve stof<br \/>\nMaakt de huid zacht en glad &amp; geeft een zachte gloed<br \/>\nVrij van kunstmatige geurstoffen<br \/>\nNatuurlijk &amp; Ayurvedisch<\/p>\n<span class=\"et_bloom_bottom_trigger\"><\/span>","protected":false},"excerpt":{"rendered":"<p>8 ml<\/p>\n<p>Sadhev&#8217;s Ayurvedische Gezichtsreiniger is de perfecte ayurvedische oplossing voor mensen met een gevoelige huid. De intense hydraterende eigenschappen voeden en hydrateren uw huid effectief en maken haar zacht en soepel. Het is doordrenkt met rijke ayurvedische eigenschappen die zorgen voor een vedische gloed na het wassen.<\/p>\n","protected":false},"featured_media":19657,"comment_status":"open","ping_status":"closed","template":"","meta":{"_acf_changed":false,"site-sidebar-layout":"default","site-content-layout":"","ast-site-content-layout":"default","site-content-style":"default","site-sidebar-style":"default","ast-global-header-display":"","ast-banner-title-visibility":"","ast-main-header-display":"","ast-hfb-above-header-display":"","ast-hfb-below-header-display":"","ast-hfb-mobile-header-display":"","site-post-title":"","ast-breadcrumbs-content":"","ast-featured-img":"","footer-sml-layout":"","ast-disable-related-posts":"","theme-transparent-header-meta":"default","adv-header-id-meta":"","stick-header-meta":"default","header-above-stick-meta":"","header-main-stick-meta":"","header-below-stick-meta":"","astra-migrate-meta-layouts":"default","ast-page-background-enabled":"default","ast-page-background-meta":{"desktop":{"background-color":"var(--ast-global-color-4)","background-image":"","background-repeat":"repeat","background-position":"center center","background-size":"auto","background-attachment":"scroll","background-type":"","background-media":"","overlay-type":"","overlay-color":"","overlay-opacity":"","overlay-gradient":""},"tablet":{"background-color":"","background-image":"","background-repeat":"repeat","background-position":"center center","background-size":"auto","background-attachment":"scroll","background-type":"","background-media":"","overlay-type":"","overlay-color":"","overlay-opacity":"","overlay-gradient":""},"mobile":{"background-color":"","background-image":"","background-repeat":"repeat","background-position":"center center","background-size":"auto","background-attachment":"scroll","background-type":"","background-media":"","overlay-type":"","overlay-color":"","overlay-opacity":"","overlay-gradient":""}},"ast-content-background-meta":{"desktop":{"background-color":"var(--ast-global-color-5)","background-image":"","background-repeat":"repeat","background-position":"center center","background-size":"auto","background-attachment":"scroll","background-type":"","background-media":"","overlay-type":"","overlay-color":"","overlay-opacity":"","overlay-gradient":""},"tablet":{"background-color":"var(--ast-global-color-5)","background-image":"","background-repeat":"repeat","background-position":"center center","background-size":"auto","background-attachment":"scroll","background-type":"","background-media":"","overlay-type":"","overlay-color":"","overlay-opacity":"","overlay-gradient":""},"mobile":{"background-color":"var(--ast-global-color-5)","background-image":"","background-repeat":"repeat","background-position":"center center","background-size":"auto","background-attachment":"scroll","background-type":"","background-media":"","overlay-type":"","overlay-color":"","overlay-opacity":"","overlay-gradient":""}}},"product_brand":[],"product_cat":[125,182,193,132],"product_tag":[],"class_list":{"0":"post-19826","1":"product","2":"type-product","3":"status-publish","4":"has-post-thumbnail","6":"product_cat-huidverzorging","7":"product_cat-sadhev-nl","8":"product_cat-reinigingsmiddelen-nl","9":"product_cat-testers-nl","10":"product_shipping_class-shipping_rate_01","11":"desktop-align-left","12":"tablet-align-left","13":"mobile-align-left","14":"ast-product-gallery-layout-horizontal-slider","15":"ast-product-tabs-layout-horizontal","17":"first","18":"outofstock","19":"taxable","20":"shipping-taxable","21":"purchasable","22":"product-type-simple"},"acf":[],"_links":{"self":[{"href":"https:\/\/purenatural.eu\/nl\/wp-json\/wp\/v2\/product\/19826","targetHints":{"allow":["GET"]}}],"collection":[{"href":"https:\/\/purenatural.eu\/nl\/wp-json\/wp\/v2\/product"}],"about":[{"href":"https:\/\/purenatural.eu\/nl\/wp-json\/wp\/v2\/types\/product"}],"replies":[{"embeddable":true,"href":"https:\/\/purenatural.eu\/nl\/wp-json\/wp\/v2\/comments?post=19826"}],"version-history":[{"count":0,"href":"https:\/\/purenatural.eu\/nl\/wp-json\/wp\/v2\/product\/19826\/revisions"}],"wp:featuredmedia":[{"embeddable":true,"href":"https:\/\/purenatural.eu\/nl\/wp-json\/wp\/v2\/media\/19657"}],"wp:attachment":[{"href":"https:\/\/purenatural.eu\/nl\/wp-json\/wp\/v2\/media?parent=19826"}],"wp:term":[{"taxonomy":"product_brand","embeddable":true,"href":"https:\/\/purenatural.eu\/nl\/wp-json\/wp\/v2\/product_brand?post=19826"},{"taxonomy":"product_cat","embeddable":true,"href":"https:\/\/purenatural.eu\/nl\/wp-json\/wp\/v2\/product_cat?post=19826"},{"taxonomy":"product_tag","embeddable":true,"href":"https:\/\/purenatural.eu\/nl\/wp-json\/wp\/v2\/product_tag?post=19826"}],"curies":[{"name":"wp","href":"https:\/\/api.w.org\/{rel}","templated":true}]}}