{"id":19830,"date":"2024-04-24T16:11:17","date_gmt":"2024-04-24T14:11:17","guid":{"rendered":"https:\/\/purenatural.eu\/product\/aloe-vera-gel-with-saffron-and-kumkumadi-thailam-8gr\/"},"modified":"2026-01-08T10:27:30","modified_gmt":"2026-01-08T09:27:30","slug":"aloe-vera-gel-with-saffron-and-kumkumadi-thailam-8gr","status":"publish","type":"product","link":"https:\/\/purenatural.eu\/nl\/product\/aloe-vera-gel-with-saffron-and-kumkumadi-thailam-8gr\/","title":{"rendered":"Alo\u00eb Vera Gel met &amp; Saffraan en Kumkumadi Thailam 8gr"},"content":{"rendered":"<p>Mughal keizerin Nur Jahan&#8217;s tijdloze schoonheid was de constante bron van gefluisterde afgunst in de koninklijke gangen. &#8216;Het licht van de wereld&#8217; zoals haar naam doet vermoeden was werkelijk een vrouw van bedwelmende lieflijkheid die geloofde in traditionele Perzische schoonheidsrecepten om haar huid sensueel en stralend te houden. Haar dagelijkse regime omvatte het gebruik van rijke ingredi\u00ebnten zoals saffraan en de groene alo\u00eb vera die groeide in haar koninklijke tuinen.<\/p>\n<p>Sadhev&#8217;s Alo\u00eb Vera en Saffraan Gel met Kumkumadi Thailam is een wonderbaarlijke fusie van Alo\u00eb, Saffraan en de pure liefde van onze voorouders die de huid een prachtige glans en blijvende schoonheid geeft.<\/p>\n<h3><strong>Voor wie is het?  <\/strong><\/h3>\n<p>Sadhev&#8217;s Alo\u00eb Vera en Saffraan Gel met Kumkumadi Thailam is een wondermiddel dat de huid hydrateert en beschermt tegen zon en stof. Het geeft de huid diepe voeding, regenereert haar, verbetert de teint, vermindert oneffenheden en maakt haar aaibaar zacht.<\/p>\n<h3><strong>Het Sadhev voordeel:<\/strong><\/h3>\n<p>Sadhev&#8217;s Alo\u00eb Vera en Saffraan Gel met Kumkumadi Thailam mengt alo\u00eb, saffraan, kumkumadi tailam en de essentie van een 200 jaar oude voorouderlijke wijsheid. Het gebruikt Alo\u00eb vera die met liefde en zorg is geteeld op Sadhev&#8217;s 100% biologische Ayurvedische boerderij Sadhevana. Het bevat exotische rode saffraan die binnen 24 uur na de oogst zorgvuldig uit de valleien van Kashmir wordt ge\u00ebxtraheerd om de huid een natuurlijke glans te geven.<\/p>\n<p>Zacht voor de aarde en onze huid, dit product is 100% natuurlijk, veganistisch, cruelty free, plantaardig, vrij van petrochemische stoffen, parabenen, ftalaten, sulfaten, synthetische kleuren, kunstmatige geuren, additieven en andere synthetische stoffen.<\/p>\n<p>We zijn er trots op dat we de tijd nemen en elk product met de hand maken om u te betoveren met Ayurveda van de hoogste kwaliteit. Al onze verpakkingen zijn van de hoogste kwaliteit om ervoor te zorgen dat de bio-potentie van onze ingredi\u00ebnten zo blijft gedurende uw reis met ons product.<\/p>\n<p>Uw aankoop helpt ons terug te geven aan moeder natuur. We zullen een boom planten bij elke aankoop van Sadhev.<\/p>\n<span class=\"et_bloom_bottom_trigger\"><\/span>","protected":false},"excerpt":{"rendered":"<p>8 gr<\/p>\n<p>Sadhev&#8217;s Alo\u00eb Vera en Saffraan Gel met Kumkumadi Thailam is een wonderbaarlijke fusie van Alo\u00eb, Saffraan en de pure liefde van onze voorouders die de huid een prachtige glans en blijvende schoonheid geeft.<\/p>\n","protected":false},"featured_media":19663,"comment_status":"open","ping_status":"closed","template":"","meta":{"_acf_changed":false,"site-sidebar-layout":"default","site-content-layout":"","ast-site-content-layout":"default","site-content-style":"default","site-sidebar-style":"default","ast-global-header-display":"","ast-banner-title-visibility":"","ast-main-header-display":"","ast-hfb-above-header-display":"","ast-hfb-below-header-display":"","ast-hfb-mobile-header-display":"","site-post-title":"","ast-breadcrumbs-content":"","ast-featured-img":"","footer-sml-layout":"","ast-disable-related-posts":"","theme-transparent-header-meta":"default","adv-header-id-meta":"","stick-header-meta":"default","header-above-stick-meta":"","header-main-stick-meta":"","header-below-stick-meta":"","astra-migrate-meta-layouts":"default","ast-page-background-enabled":"default","ast-page-background-meta":{"desktop":{"background-color":"var(--ast-global-color-4)","background-image":"","background-repeat":"repeat","background-position":"center center","background-size":"auto","background-attachment":"scroll","background-type":"","background-media":"","overlay-type":"","overlay-color":"","overlay-opacity":"","overlay-gradient":""},"tablet":{"background-color":"","background-image":"","background-repeat":"repeat","background-position":"center center","background-size":"auto","background-attachment":"scroll","background-type":"","background-media":"","overlay-type":"","overlay-color":"","overlay-opacity":"","overlay-gradient":""},"mobile":{"background-color":"","background-image":"","background-repeat":"repeat","background-position":"center center","background-size":"auto","background-attachment":"scroll","background-type":"","background-media":"","overlay-type":"","overlay-color":"","overlay-opacity":"","overlay-gradient":""}},"ast-content-background-meta":{"desktop":{"background-color":"var(--ast-global-color-5)","background-image":"","background-repeat":"repeat","background-position":"center center","background-size":"auto","background-attachment":"scroll","background-type":"","background-media":"","overlay-type":"","overlay-color":"","overlay-opacity":"","overlay-gradient":""},"tablet":{"background-color":"var(--ast-global-color-5)","background-image":"","background-repeat":"repeat","background-position":"center center","background-size":"auto","background-attachment":"scroll","background-type":"","background-media":"","overlay-type":"","overlay-color":"","overlay-opacity":"","overlay-gradient":""},"mobile":{"background-color":"var(--ast-global-color-5)","background-image":"","background-repeat":"repeat","background-position":"center center","background-size":"auto","background-attachment":"scroll","background-type":"","background-media":"","overlay-type":"","overlay-color":"","overlay-opacity":"","overlay-gradient":""}}},"product_brand":[],"product_cat":[125,182,121,190,133,136,191,166,130,119,132],"product_tag":[],"class_list":{"0":"post-19830","1":"product","2":"type-product","3":"status-publish","4":"has-post-thumbnail","6":"product_cat-huidverzorging","7":"product_cat-sadhev-nl","8":"product_cat-pitta-balanceren","9":"product_cat-anti-acne-nl","10":"product_cat-anti-veroudering","11":"product_cat-droogte","12":"product_cat-oliecontrole","13":"product_cat-verhelderend","14":"product_cat-vochtinbrengende-cremes","15":"product_cat-zonbescherming","16":"product_cat-testers-nl","17":"product_shipping_class-shipping_rate_01","18":"desktop-align-left","19":"tablet-align-left","20":"mobile-align-left","21":"ast-product-gallery-layout-horizontal-slider","22":"ast-product-gallery-with-no-image","23":"ast-product-tabs-layout-horizontal","25":"first","26":"outofstock","27":"taxable","28":"shipping-taxable","29":"purchasable","30":"product-type-simple"},"acf":[],"_links":{"self":[{"href":"https:\/\/purenatural.eu\/nl\/wp-json\/wp\/v2\/product\/19830","targetHints":{"allow":["GET"]}}],"collection":[{"href":"https:\/\/purenatural.eu\/nl\/wp-json\/wp\/v2\/product"}],"about":[{"href":"https:\/\/purenatural.eu\/nl\/wp-json\/wp\/v2\/types\/product"}],"replies":[{"embeddable":true,"href":"https:\/\/purenatural.eu\/nl\/wp-json\/wp\/v2\/comments?post=19830"}],"version-history":[{"count":0,"href":"https:\/\/purenatural.eu\/nl\/wp-json\/wp\/v2\/product\/19830\/revisions"}],"wp:featuredmedia":[{"embeddable":true,"href":"https:\/\/purenatural.eu\/nl\/wp-json\/wp\/v2\/media\/19663"}],"wp:attachment":[{"href":"https:\/\/purenatural.eu\/nl\/wp-json\/wp\/v2\/media?parent=19830"}],"wp:term":[{"taxonomy":"product_brand","embeddable":true,"href":"https:\/\/purenatural.eu\/nl\/wp-json\/wp\/v2\/product_brand?post=19830"},{"taxonomy":"product_cat","embeddable":true,"href":"https:\/\/purenatural.eu\/nl\/wp-json\/wp\/v2\/product_cat?post=19830"},{"taxonomy":"product_tag","embeddable":true,"href":"https:\/\/purenatural.eu\/nl\/wp-json\/wp\/v2\/product_tag?post=19830"}],"curies":[{"name":"wp","href":"https:\/\/api.w.org\/{rel}","templated":true}]}}