{"id":21499,"date":"2025-03-17T20:59:41","date_gmt":"2025-03-17T19:59:41","guid":{"rendered":"https:\/\/purenatural.eu\/?post_type=product&#038;p=21499"},"modified":"2026-05-06T00:42:10","modified_gmt":"2026-05-05T22:42:10","slug":"hennep-tea-tree-neem-organische-gezichtsreiniging-100ml-copy-2","status":"publish","type":"product","link":"https:\/\/purenatural.eu\/nl\/product\/hennep-tea-tree-neem-organische-gezichtsreiniging-100ml-copy-2\/","title":{"rendered":"Hennep, Tea Tree &amp; Neem-Organische Gezichtsreiniger &#8211; 110ml"},"content":{"rendered":"<p>Een biologische verhelderende face wash die de huid zacht reinigt en puistjes helpt verminderen.<\/p>\n<p>&#8211; Maakt de huid schoon en levendig<br \/>\n&#8211; Behoudt het natuurlijke vochtgehalte van de huid<br \/>\n&#8211; Ondersteunt de barri\u00e8regezondheid van je huid en voorkomt toekomstige puistjes<br \/>\n&#8211; Ontstopt de pori\u00ebn van overtollige olie en verwijdert vuil en andere acneveroorzakende bacteri\u00ebn<br \/>\n&#8211; De ontstekingsremmende en ontgiftende eigenschappen van tea tree olie helpen onzuiverheden verwijderen die acne en andere huidoneffenheden veroorzaken.<\/p>\n<p><strong>Ingredi\u00ebnten<\/strong><\/p>\n<p>Aqua, Kalium Olivaat**, Azadirachta Indica (Neem) Distillaat*, Lavandula Angustifolia (Lavendel) Distillaat*, Kalium Cocoate**, Kalium Castorate**, Kalium Saffloer Seedate**, Kalium Hennep Seedate**, Lavandula Angustifolia (Lavendel) Olie*, Cananga Odorata (Ylang Ylang) Olie*, Boswellia Carteri (Frankincense) Olie*, Melia Azadirachta Zaad (Neem) Olie*, Tocoferol (Vitamine E), Sucrose (Suiker)*, Melaleuca Alterniflora (Tea Tree) Olie*, Juniperus Communis (Jeneverbes) Fruit Olie*, Pelargonium Graveolens (Geranium) Olie*. ** Verzeepte oli\u00ebn van Olijf, Kokosnoot, Castor, Saffloer, Hennepzaad &amp; Neem. *Ingredi\u00ebnten van biologische landbouw ** Gemaakt met biologische ingredi\u00ebnten 46,65% van de totale ingredi\u00ebnten zijn van biologische landbouw 98,917% ingredi\u00ebnten van plantaardige oorsprong zijn van biologische landbouw 100% natuurlijke oorsprong van totaal Cosmos biologisch gecertificeerd door Ecocert Greenlife volgens COSMOS standaard.<\/p>\n<span class=\"et_bloom_bottom_trigger\"><\/span>","protected":false},"excerpt":{"rendered":"<p>110 ml<\/p>\n<p>Een biologische verhelderende face wash die de huid zacht reinigt en puistjes helpt verminderen. Ideaal voor dagelijks gebruik. Droogt niet uit.<\/p>\n","protected":false},"featured_media":21504,"comment_status":"open","ping_status":"closed","template":"","meta":{"_acf_changed":false,"site-sidebar-layout":"default","site-content-layout":"default","ast-site-content-layout":"default","site-content-style":"default","site-sidebar-style":"default","ast-global-header-display":"","ast-banner-title-visibility":"","ast-main-header-display":"","ast-hfb-above-header-display":"","ast-hfb-below-header-display":"","ast-hfb-mobile-header-display":"","site-post-title":"","ast-breadcrumbs-content":"","ast-featured-img":"","footer-sml-layout":"","ast-disable-related-posts":"","theme-transparent-header-meta":"default","adv-header-id-meta":"","stick-header-meta":"default","header-above-stick-meta":"","header-main-stick-meta":"","header-below-stick-meta":"","astra-migrate-meta-layouts":"set","ast-page-background-enabled":"default","ast-page-background-meta":{"desktop":{"background-color":"var(--ast-global-color-4)","background-image":"","background-repeat":"repeat","background-position":"center center","background-size":"auto","background-attachment":"scroll","background-type":"","background-media":"","overlay-type":"","overlay-color":"","overlay-opacity":"","overlay-gradient":""},"tablet":{"background-color":"","background-image":"","background-repeat":"repeat","background-position":"center center","background-size":"auto","background-attachment":"scroll","background-type":"","background-media":"","overlay-type":"","overlay-color":"","overlay-opacity":"","overlay-gradient":""},"mobile":{"background-color":"","background-image":"","background-repeat":"repeat","background-position":"center center","background-size":"auto","background-attachment":"scroll","background-type":"","background-media":"","overlay-type":"","overlay-color":"","overlay-opacity":"","overlay-gradient":""}},"ast-content-background-meta":{"desktop":{"background-color":"var(--ast-global-color-5)","background-image":"","background-repeat":"repeat","background-position":"center center","background-size":"auto","background-attachment":"scroll","background-type":"","background-media":"","overlay-type":"","overlay-color":"","overlay-opacity":"","overlay-gradient":""},"tablet":{"background-color":"var(--ast-global-color-5)","background-image":"","background-repeat":"repeat","background-position":"center center","background-size":"auto","background-attachment":"scroll","background-type":"","background-media":"","overlay-type":"","overlay-color":"","overlay-opacity":"","overlay-gradient":""},"mobile":{"background-color":"var(--ast-global-color-5)","background-image":"","background-repeat":"repeat","background-position":"center center","background-size":"auto","background-attachment":"scroll","background-type":"","background-media":"","overlay-type":"","overlay-color":"","overlay-opacity":"","overlay-gradient":""}}},"product_brand":[],"product_cat":[125,180,163,128,190,191,193],"product_tag":[],"class_list":{"0":"post-21499","1":"product","2":"type-product","3":"status-publish","4":"has-post-thumbnail","6":"product_cat-huidverzorging","7":"product_cat-juicy-chemistry","8":"product_cat-kapha-balancering","9":"product_cat-beste-verkopers","10":"product_cat-anti-acne-nl","11":"product_cat-oliecontrole","12":"product_cat-reinigingsmiddelen-nl","13":"product_shipping_class-shipping_rate_01","14":"desktop-align-left","15":"tablet-align-left","16":"mobile-align-left","17":"ast-product-gallery-layout-horizontal-slider","18":"ast-product-tabs-layout-horizontal","20":"first","21":"instock","22":"featured","23":"taxable","24":"shipping-taxable","25":"purchasable","26":"product-type-simple"},"acf":[],"_links":{"self":[{"href":"https:\/\/purenatural.eu\/nl\/wp-json\/wp\/v2\/product\/21499","targetHints":{"allow":["GET"]}}],"collection":[{"href":"https:\/\/purenatural.eu\/nl\/wp-json\/wp\/v2\/product"}],"about":[{"href":"https:\/\/purenatural.eu\/nl\/wp-json\/wp\/v2\/types\/product"}],"replies":[{"embeddable":true,"href":"https:\/\/purenatural.eu\/nl\/wp-json\/wp\/v2\/comments?post=21499"}],"version-history":[{"count":1,"href":"https:\/\/purenatural.eu\/nl\/wp-json\/wp\/v2\/product\/21499\/revisions"}],"predecessor-version":[{"id":24586,"href":"https:\/\/purenatural.eu\/nl\/wp-json\/wp\/v2\/product\/21499\/revisions\/24586"}],"wp:featuredmedia":[{"embeddable":true,"href":"https:\/\/purenatural.eu\/nl\/wp-json\/wp\/v2\/media\/21504"}],"wp:attachment":[{"href":"https:\/\/purenatural.eu\/nl\/wp-json\/wp\/v2\/media?parent=21499"}],"wp:term":[{"taxonomy":"product_brand","embeddable":true,"href":"https:\/\/purenatural.eu\/nl\/wp-json\/wp\/v2\/product_brand?post=21499"},{"taxonomy":"product_cat","embeddable":true,"href":"https:\/\/purenatural.eu\/nl\/wp-json\/wp\/v2\/product_cat?post=21499"},{"taxonomy":"product_tag","embeddable":true,"href":"https:\/\/purenatural.eu\/nl\/wp-json\/wp\/v2\/product_tag?post=21499"}],"curies":[{"name":"wp","href":"https:\/\/api.w.org\/{rel}","templated":true}]}}