{"id":8097,"date":"2022-11-29T09:15:30","date_gmt":"2022-11-29T08:15:30","guid":{"rendered":"https:\/\/purenatural.eu\/product\/biologische-saffraan-en-rode-framboos-verhelderende-en-hydraterende-dag-gezichtsolie-10ml\/"},"modified":"2026-04-22T00:40:25","modified_gmt":"2026-04-21T22:40:25","slug":"organic-saffraan-rood-framboos-illuminating-moisturizing-day-facial-oil-10ml","status":"publish","type":"product","link":"https:\/\/purenatural.eu\/nl\/product\/organic-saffraan-rood-framboos-illuminating-moisturizing-day-facial-oil-10ml\/","title":{"rendered":"Biologische saffraan &amp; argan &#8211; verhelderende en hydraterende dag gezichtsolie-10ml"},"content":{"rendered":"\t\t<div data-elementor-type=\"product-post\" data-elementor-id=\"8097\" class=\"elementor elementor-8097 elementor-2503\" data-elementor-post-type=\"product\">\n\t\t\t\t\t\t<section class=\"elementor-section elementor-top-section elementor-element elementor-element-3e82c0a elementor-section-boxed elementor-section-height-default elementor-section-height-default\" data-id=\"3e82c0a\" data-element_type=\"section\" data-e-type=\"section\">\n\t\t\t\t\t\t<div class=\"elementor-container elementor-column-gap-default\">\n\t\t\t\t\t<div class=\"elementor-column elementor-col-100 elementor-top-column elementor-element elementor-element-3b0b1ef8\" data-id=\"3b0b1ef8\" data-element_type=\"column\" data-e-type=\"column\">\n\t\t\t<div class=\"elementor-widget-wrap elementor-element-populated\">\n\t\t\t\t\t\t<div class=\"elementor-element elementor-element-1fafd536 elementor-widget elementor-widget-text-editor\" data-id=\"1fafd536\" data-element_type=\"widget\" data-e-type=\"widget\" data-widget_type=\"text-editor.default\">\n\t\t\t\t<div class=\"elementor-widget-container\">\n\t\t\t\t\t\t\t\t\t<p>Verlicht je huid met de luxe touch van Juicy Chemistry Saffron &amp; Argan gezichtsolie &#8211; een krachtige mix van zeldzame plantaardige ingredi\u00ebnten om je teint te verhelderen, voeden en verjongen.<\/p><p>Verrijkt met Kashmiri saffraan, bekend om zijn natuurlijke huidverhelderende en antioxiderende eigenschappen, helpt deze olie de huidtint te egaliseren, dofheid te verminderen en een stralende gloed te geven. Arganolie levert een overvloed aan omega vetzuren en vitamine E om de huid diep te voeden, te beschermen tegen schadelijke invloeden van buitenaf en de elasticiteit van de huid te ondersteunen. <\/p><p>Een synergie van rozenbottel- en jojoba-olie vult vocht aan, verzacht fijne lijntjes en verbetert de algehele huidtextuur. Deze lichtgewicht en snel absorberende gezichtsolie is geschikt voor alle huidtypes. Samengesteld met biologische en natuurlijke ingredi\u00ebnten, vrij van siliconen, parabenen, sulfaten, minerale oli\u00ebn en synthetische geuren, is dit je go-to elixer voor een stralende, gezond uitziende huid.  <\/p><ul><li><strong>Egaliseert de teint:<\/strong> Saffraan helpt dofheid te vervagen, bevordert een stralende teint en revitaliseert een vermoeide en doffe huid.<\/li><li><strong>Vermindert pigmentvlekken:<\/strong> Verbetert de algehele helderheid van de huid. Rijk aan essenti\u00eble vetzuren om de huidelasticiteit te behouden. <\/li><li><strong>Sluit vocht in:<\/strong> Voorkomt trans epidermaal vochtverlies voor langdurige hydratatie. Versterkt en kalmeert de droge of gestreste huid. <\/li><li><strong>Maakt de huid zijdezacht:<\/strong> Niet-vette finish, perfect voor onder de make-up.<\/li><li><strong>Kalmeert Irritatie:<\/strong> Jojoba-olie en saffraan kalmeren de gevoelige huid.<\/li><\/ul><p> <\/p>\t\t\t\t\t\t\t\t<\/div>\n\t\t\t\t<\/div>\n\t\t\t\t\t<\/div>\n\t\t<\/div>\n\t\t\t\t\t<\/div>\n\t\t<\/section>\n\t\t\t\t<\/div>\n\t\t<span class=\"et_bloom_bottom_trigger\"><\/span>","protected":false},"excerpt":{"rendered":"<p>10 ml<\/p>\n<p>Deze 100% biologische gezichtsolie is een mix van saffraan, antioxidantrijke zaadoli\u00ebn (argan-, hennep-, zonnebloem-, geranium-, wortel- en cameliazaadolie) en therapeutische essenti\u00eble oli\u00ebn (rozemarijn, sandelhout en jasmijn). Het hydrateert de huid diepgaand, herstelt de glans van uw huid en helpt een gezondere huidbarri\u00e8re te bevorderen.<\/p>\n","protected":false},"featured_media":21378,"comment_status":"open","ping_status":"closed","template":"","meta":{"_acf_changed":false,"site-sidebar-layout":"default","site-content-layout":"default","ast-site-content-layout":"default","site-content-style":"default","site-sidebar-style":"default","ast-global-header-display":"","ast-banner-title-visibility":"","ast-main-header-display":"","ast-hfb-above-header-display":"","ast-hfb-below-header-display":"","ast-hfb-mobile-header-display":"","site-post-title":"","ast-breadcrumbs-content":"","ast-featured-img":"","footer-sml-layout":"","ast-disable-related-posts":"","theme-transparent-header-meta":"default","adv-header-id-meta":"","stick-header-meta":"default","header-above-stick-meta":"","header-main-stick-meta":"","header-below-stick-meta":"","astra-migrate-meta-layouts":"set","ast-page-background-enabled":"default","ast-page-background-meta":{"desktop":{"background-color":"var(--ast-global-color-4)","background-image":"","background-repeat":"repeat","background-position":"center center","background-size":"auto","background-attachment":"scroll","background-type":"","background-media":"","overlay-type":"","overlay-color":"","overlay-opacity":"","overlay-gradient":""},"tablet":{"background-color":"","background-image":"","background-repeat":"repeat","background-position":"center center","background-size":"auto","background-attachment":"scroll","background-type":"","background-media":"","overlay-type":"","overlay-color":"","overlay-opacity":"","overlay-gradient":""},"mobile":{"background-color":"","background-image":"","background-repeat":"repeat","background-position":"center center","background-size":"auto","background-attachment":"scroll","background-type":"","background-media":"","overlay-type":"","overlay-color":"","overlay-opacity":"","overlay-gradient":""}},"ast-content-background-meta":{"desktop":{"background-color":"var(--ast-global-color-5)","background-image":"","background-repeat":"repeat","background-position":"center center","background-size":"auto","background-attachment":"scroll","background-type":"","background-media":"","overlay-type":"","overlay-color":"","overlay-opacity":"","overlay-gradient":""},"tablet":{"background-color":"var(--ast-global-color-5)","background-image":"","background-repeat":"repeat","background-position":"center center","background-size":"auto","background-attachment":"scroll","background-type":"","background-media":"","overlay-type":"","overlay-color":"","overlay-opacity":"","overlay-gradient":""},"mobile":{"background-color":"var(--ast-global-color-5)","background-image":"","background-repeat":"repeat","background-position":"center center","background-size":"auto","background-attachment":"scroll","background-type":"","background-media":"","overlay-type":"","overlay-color":"","overlay-opacity":"","overlay-gradient":""}}},"product_brand":[],"product_cat":[125,180,133,170,166,130],"product_tag":[],"class_list":{"0":"post-8097","1":"product","2":"type-product","3":"status-publish","4":"has-post-thumbnail","6":"product_cat-huidverzorging","7":"product_cat-juicy-chemistry","8":"product_cat-anti-veroudering","9":"product_cat-serums-nl","10":"product_cat-verhelderend","11":"product_cat-vochtinbrengende-cremes","12":"product_shipping_class-shipping_rate_01","13":"desktop-align-left","14":"tablet-align-left","15":"mobile-align-left","16":"ast-product-gallery-layout-horizontal-slider","17":"ast-product-tabs-layout-horizontal","19":"first","20":"instock","21":"taxable","22":"shipping-taxable","23":"purchasable","24":"product-type-simple"},"acf":[],"_links":{"self":[{"href":"https:\/\/purenatural.eu\/nl\/wp-json\/wp\/v2\/product\/8097","targetHints":{"allow":["GET"]}}],"collection":[{"href":"https:\/\/purenatural.eu\/nl\/wp-json\/wp\/v2\/product"}],"about":[{"href":"https:\/\/purenatural.eu\/nl\/wp-json\/wp\/v2\/types\/product"}],"replies":[{"embeddable":true,"href":"https:\/\/purenatural.eu\/nl\/wp-json\/wp\/v2\/comments?post=8097"}],"version-history":[{"count":1,"href":"https:\/\/purenatural.eu\/nl\/wp-json\/wp\/v2\/product\/8097\/revisions"}],"predecessor-version":[{"id":24055,"href":"https:\/\/purenatural.eu\/nl\/wp-json\/wp\/v2\/product\/8097\/revisions\/24055"}],"wp:featuredmedia":[{"embeddable":true,"href":"https:\/\/purenatural.eu\/nl\/wp-json\/wp\/v2\/media\/21378"}],"wp:attachment":[{"href":"https:\/\/purenatural.eu\/nl\/wp-json\/wp\/v2\/media?parent=8097"}],"wp:term":[{"taxonomy":"product_brand","embeddable":true,"href":"https:\/\/purenatural.eu\/nl\/wp-json\/wp\/v2\/product_brand?post=8097"},{"taxonomy":"product_cat","embeddable":true,"href":"https:\/\/purenatural.eu\/nl\/wp-json\/wp\/v2\/product_cat?post=8097"},{"taxonomy":"product_tag","embeddable":true,"href":"https:\/\/purenatural.eu\/nl\/wp-json\/wp\/v2\/product_tag?post=8097"}],"curies":[{"name":"wp","href":"https:\/\/api.w.org\/{rel}","templated":true}]}}