{"id":8126,"date":"2022-11-29T07:48:59","date_gmt":"2022-11-29T06:48:59","guid":{"rendered":"https:\/\/purenatural.eu\/product\/ayurvedische-hydraterende-dagcreme-met-spf-15-50-gr\/"},"modified":"2026-04-19T00:37:38","modified_gmt":"2026-04-18T22:37:38","slug":"ayurvedische-hydraterende-dagcreme-met-spf-15","status":"publish","type":"product","link":"https:\/\/purenatural.eu\/nl\/product\/ayurvedische-hydraterende-dagcreme-met-spf-15\/","title":{"rendered":"Ayurvedische hydraterende dagcr\u00e8me met SPF 15 50 gr"},"content":{"rendered":"\t\t<div data-elementor-type=\"product-post\" data-elementor-id=\"8126\" class=\"elementor elementor-8126 elementor-2436\" data-elementor-post-type=\"product\">\n\t\t\t\t\t\t<section class=\"elementor-section elementor-top-section elementor-element elementor-element-3fc0225b elementor-section-boxed elementor-section-height-default elementor-section-height-default\" data-id=\"3fc0225b\" data-element_type=\"section\" data-e-type=\"section\">\n\t\t\t\t\t\t<div class=\"elementor-container elementor-column-gap-default\">\n\t\t\t\t\t<div class=\"elementor-column elementor-col-100 elementor-top-column elementor-element elementor-element-c333a3c\" data-id=\"c333a3c\" data-element_type=\"column\" data-e-type=\"column\">\n\t\t\t<div class=\"elementor-widget-wrap elementor-element-populated\">\n\t\t\t\t\t\t<div class=\"elementor-element elementor-element-37f0c0f9 elementor-widget elementor-widget-text-editor\" data-id=\"37f0c0f9\" data-element_type=\"widget\" data-e-type=\"widget\" data-widget_type=\"text-editor.default\">\n\t\t\t\t<div class=\"elementor-widget-container\">\n\t\t\t\t\t\t\t\t\t<p>De Pallava dynastie regeerde over een groot deel van het zuidelijke deel van India. Door de slopende zon en hitte moesten ze een mengsel van ingredi\u00ebnten maken dat hen beschermde tegen de harde zonnestralen. Ze smeerden hun gezicht vaak in met een mengsel van de schors van de Thanaka boom samen met ashwagandha en moringa zaadolie. Deze ingredi\u00ebnten zijn uitstekende antioxidanten, vochtinbrengers en zonnefilters.  <\/p><p>Sadhev&#8217;s Dagcr\u00e8me met SPF neemt het wonderbaarlijke mengsel dat door de Pallava-dynastie werd gecre\u00eberd en herontwerpt het om het geschikt te maken voor de dag van vandaag. Het is de perfecte samensmelting van ingredi\u00ebnten geworteld in de Ayurvedische wijsheid. Het wordt gemakkelijk door de huid opgenomen en beschermt de huid tegen de harde zonnestralen. Het verhoogt ook de hydratatie, bevordert de collageenproductie en helpt de huid te stralen, waardoor deze zacht en soepel wordt.<br>Sadhev&#8217;s Dagcr\u00e8me met SPF is een wondercr\u00e8me die de huid verzacht en hydrateert. Het is geschikt voor mensen die een ayurvedische oplossing zoeken voor een droge huid en bescherming tegen de zon. Het houdt het vocht in de huid vast, en de SPF 15 helpt de harde zonnestralen te bestrijden en schade door de zon te voorkomen.<\/p><h3>Voordelen<\/h3><ul><li>Geeft een zachte gloed<\/li><li>Beschermt de huid tegen de harde stralen van de zon &amp; beschermt de huid tegen pigmentatie<\/li><li>Extreem licht en laat geen witzweem achter<\/li><li>Verlicht droogte en ongemak &amp; brengt het oliegehalte van de huid in evenwicht<\/li><li>Helpt vlekken en donkere vlekken te vervagen &amp; herstelt het huidweefsel<\/li><li>Geschikt voor alle huidtypes<\/li><li>Natuurlijk &amp; Ayurvedisch<\/li><\/ul>\t\t\t\t\t\t\t\t<\/div>\n\t\t\t\t<\/div>\n\t\t\t\t\t<\/div>\n\t\t<\/div>\n\t\t\t\t\t<\/div>\n\t\t<\/section>\n\t\t\t\t<\/div>\n\t\t<span class=\"et_bloom_bottom_trigger\"><\/span>","protected":false},"excerpt":{"rendered":"<p>Sadhev&#8217;s Dagcr\u00e8me met SPF neemt het wonderbaarlijke mengsel dat door de Pallava-dynastie werd gecre\u00eberd en herontwerpt het om het geschikt te maken voor de dag van vandaag. Het is de perfecte samensmelting van ingredi\u00ebnten geworteld in de Ayurvedische wijsheid. Het wordt gemakkelijk door de huid opgenomen en beschermt de huid tegen de harde zonnestralen. Het verhoogt ook de hydratatie, bevordert de collageenproductie en laat de huid zacht en soepel stralen.<\/p>\n<p>&nbsp;<\/p>\n","protected":false},"featured_media":16817,"comment_status":"open","ping_status":"closed","template":"","meta":{"_acf_changed":false,"site-sidebar-layout":"default","site-content-layout":"default","ast-site-content-layout":"default","site-content-style":"default","site-sidebar-style":"default","ast-global-header-display":"","ast-banner-title-visibility":"","ast-main-header-display":"","ast-hfb-above-header-display":"","ast-hfb-below-header-display":"","ast-hfb-mobile-header-display":"","site-post-title":"","ast-breadcrumbs-content":"","ast-featured-img":"","footer-sml-layout":"","ast-disable-related-posts":"","theme-transparent-header-meta":"default","adv-header-id-meta":"","stick-header-meta":"default","header-above-stick-meta":"","header-main-stick-meta":"","header-below-stick-meta":"","astra-migrate-meta-layouts":"default","ast-page-background-enabled":"default","ast-page-background-meta":{"desktop":{"background-color":"var(--ast-global-color-4)","background-image":"","background-repeat":"repeat","background-position":"center center","background-size":"auto","background-attachment":"scroll","background-type":"","background-media":"","overlay-type":"","overlay-color":"","overlay-opacity":"","overlay-gradient":""},"tablet":{"background-color":"","background-image":"","background-repeat":"repeat","background-position":"center center","background-size":"auto","background-attachment":"scroll","background-type":"","background-media":"","overlay-type":"","overlay-color":"","overlay-opacity":"","overlay-gradient":""},"mobile":{"background-color":"","background-image":"","background-repeat":"repeat","background-position":"center center","background-size":"auto","background-attachment":"scroll","background-type":"","background-media":"","overlay-type":"","overlay-color":"","overlay-opacity":"","overlay-gradient":""}},"ast-content-background-meta":{"desktop":{"background-color":"var(--ast-global-color-5)","background-image":"","background-repeat":"repeat","background-position":"center center","background-size":"auto","background-attachment":"scroll","background-type":"","background-media":"","overlay-type":"","overlay-color":"","overlay-opacity":"","overlay-gradient":""},"tablet":{"background-color":"var(--ast-global-color-5)","background-image":"","background-repeat":"repeat","background-position":"center center","background-size":"auto","background-attachment":"scroll","background-type":"","background-media":"","overlay-type":"","overlay-color":"","overlay-opacity":"","overlay-gradient":""},"mobile":{"background-color":"var(--ast-global-color-5)","background-image":"","background-repeat":"repeat","background-position":"center center","background-size":"auto","background-attachment":"scroll","background-type":"","background-media":"","overlay-type":"","overlay-color":"","overlay-opacity":"","overlay-gradient":""}}},"product_brand":[],"product_cat":[125,182,163,121,120,133,136,130,119],"product_tag":[],"class_list":{"0":"post-8126","1":"product","2":"type-product","3":"status-publish","4":"has-post-thumbnail","6":"product_cat-huidverzorging","7":"product_cat-sadhev-nl","8":"product_cat-kapha-balancering","9":"product_cat-pitta-balanceren","10":"product_cat-vata-balanceren","11":"product_cat-anti-veroudering","12":"product_cat-droogte","13":"product_cat-vochtinbrengende-cremes","14":"product_cat-zonbescherming","15":"product_shipping_class-shipping_rate_01","16":"desktop-align-left","17":"tablet-align-left","18":"mobile-align-left","19":"ast-product-gallery-layout-horizontal-slider","20":"ast-product-tabs-layout-horizontal","22":"first","23":"instock","24":"featured","25":"taxable","26":"shipping-taxable","27":"purchasable","28":"product-type-simple"},"acf":[],"_links":{"self":[{"href":"https:\/\/purenatural.eu\/nl\/wp-json\/wp\/v2\/product\/8126","targetHints":{"allow":["GET"]}}],"collection":[{"href":"https:\/\/purenatural.eu\/nl\/wp-json\/wp\/v2\/product"}],"about":[{"href":"https:\/\/purenatural.eu\/nl\/wp-json\/wp\/v2\/types\/product"}],"replies":[{"embeddable":true,"href":"https:\/\/purenatural.eu\/nl\/wp-json\/wp\/v2\/comments?post=8126"}],"version-history":[{"count":1,"href":"https:\/\/purenatural.eu\/nl\/wp-json\/wp\/v2\/product\/8126\/revisions"}],"predecessor-version":[{"id":24057,"href":"https:\/\/purenatural.eu\/nl\/wp-json\/wp\/v2\/product\/8126\/revisions\/24057"}],"wp:featuredmedia":[{"embeddable":true,"href":"https:\/\/purenatural.eu\/nl\/wp-json\/wp\/v2\/media\/16817"}],"wp:attachment":[{"href":"https:\/\/purenatural.eu\/nl\/wp-json\/wp\/v2\/media?parent=8126"}],"wp:term":[{"taxonomy":"product_brand","embeddable":true,"href":"https:\/\/purenatural.eu\/nl\/wp-json\/wp\/v2\/product_brand?post=8126"},{"taxonomy":"product_cat","embeddable":true,"href":"https:\/\/purenatural.eu\/nl\/wp-json\/wp\/v2\/product_cat?post=8126"},{"taxonomy":"product_tag","embeddable":true,"href":"https:\/\/purenatural.eu\/nl\/wp-json\/wp\/v2\/product_tag?post=8126"}],"curies":[{"name":"wp","href":"https:\/\/api.w.org\/{rel}","templated":true}]}}