{"id":8157,"date":"2022-11-29T09:24:25","date_gmt":"2022-11-29T08:24:25","guid":{"rendered":"https:\/\/purenatural.eu\/product\/hibiscus-amla-bhringaraj-biologische-haarolie-voor-voorrijp-grijs-en-beschadigd-haar-100-ml\/"},"modified":"2025-02-07T12:20:05","modified_gmt":"2025-02-07T11:20:05","slug":"hibiscus-amla-bhringaraj-biologische-haarolie-voor-pre-matuur-grijs-beschadigd-haar-100-ml","status":"publish","type":"product","link":"https:\/\/purenatural.eu\/nl\/product\/hibiscus-amla-bhringaraj-biologische-haarolie-voor-pre-matuur-grijs-beschadigd-haar-100-ml\/","title":{"rendered":"Hibiscus, Amla &amp; Bhringaraj biologische haarolie voor voorrijp grijs en beschadigd haar 100 ml"},"content":{"rendered":"\t\t<div data-elementor-type=\"product-post\" data-elementor-id=\"8157\" class=\"elementor elementor-8157\" data-elementor-post-type=\"product\">\n\t\t\t\t\t\t<section class=\"elementor-section elementor-top-section elementor-element elementor-element-bd7fe07 elementor-section-boxed elementor-section-height-default elementor-section-height-default\" data-id=\"bd7fe07\" data-element_type=\"section\" data-e-type=\"section\">\n\t\t\t\t\t\t<div class=\"elementor-container elementor-column-gap-default\">\n\t\t\t\t\t<div class=\"elementor-column elementor-col-100 elementor-top-column elementor-element elementor-element-924a868\" data-id=\"924a868\" data-element_type=\"column\" data-e-type=\"column\">\n\t\t\t<div class=\"elementor-widget-wrap elementor-element-populated\">\n\t\t\t\t\t\t\t<\/div>\n\t\t<\/div>\n\t\t\t\t\t<\/div>\n\t\t<\/section>\n\t\t\t\t<section class=\"elementor-section elementor-top-section elementor-element elementor-element-7ede7a8d elementor-section-boxed elementor-section-height-default elementor-section-height-default\" data-id=\"7ede7a8d\" data-element_type=\"section\" data-e-type=\"section\">\n\t\t\t\t\t\t<div class=\"elementor-container elementor-column-gap-default\">\n\t\t\t\t\t<div class=\"elementor-column elementor-col-100 elementor-top-column elementor-element elementor-element-728e5807\" data-id=\"728e5807\" data-element_type=\"column\" data-e-type=\"column\">\n\t\t\t<div class=\"elementor-widget-wrap elementor-element-populated\">\n\t\t\t\t\t\t<div class=\"elementor-element elementor-element-6aa37a6a elementor-widget elementor-widget-text-editor\" data-id=\"6aa37a6a\" data-element_type=\"widget\" data-e-type=\"widget\" data-widget_type=\"text-editor.default\">\n\t\t\t\t<div class=\"elementor-widget-container\">\n\t\t\t\t\t\t\t\t\tDeze gecertificeerde biologische haarolie, een mengsel van 13 krachtige ingredi\u00ebnten, verzorgt en voedt het haar. Het helpt vroegtijdig grijs worden voorkomen, verbetert de haartextuur en bevordert de gezondheid van haar en hoofdhuid. &#8211; Verzorgt en voedt het haar diep &#8211; Helpt de natuurlijke haarkleur te herstellen en voorkomt vroegtijdig grijs worden &#8211; Verhoogt de bloedcirculatie naar de hoofdhuid en haarzakjes &#8211; Verbetert de haartextuur en maakt het haar gladder Hibiscus Rosa-Sinensis (Hibiscus)-bloem, Emblica Officinalis (Amla)-vrucht, Eclipta Alba (Bhringraj), Glycyrrhiza Glabra (Zoethout) Wortel, Bacopa Monnieri (Brahmi), Terminalia Chebula, Terminalia Bellerica Blad, Azadirachta Indica (Neem) Blad*, Kokosmelk*, Cocos Nucifera (Kokos)-olie*, Emblica Officinalis (Amla)-vruchtenpoederextract*, Alo\u00eb Barbadensis*, Azadirachta Indica (Neem)-bladpoeder*, Rosa Damascena (Roos)-bloempoeder*. *ingredi\u00ebnt van biologische landbouw 52,914% van de totale ingredi\u00ebnten zijn van biologische landbouw 100% natuurlijke oorsprong van het totaal Cosmos organic gecertificeerd door Ecocert Greenlife volgens de Cosmos standaard.\t\t\t\t\t\t\t\t<\/div>\n\t\t\t\t<\/div>\n\t\t\t\t\t<\/div>\n\t\t<\/div>\n\t\t\t\t\t<\/div>\n\t\t<\/section>\n\t\t\t\t<\/div>\n\t\t<span class=\"et_bloom_bottom_trigger\"><\/span>","protected":false},"excerpt":{"rendered":"<p>100 ml Deze gecertificeerde biologische haarolie, een mix van 13 krachtige ingredi\u00ebnten, verzorgt en voedt het haar. Het helpt vroegtijdig grijs worden voorkomen, verbetert de haartextuur en bevordert de gezondheid van haar en hoofdhuid. ZORG ERVOOR DAT JE DE FLES OPWARMT VOOR GEBRUIK. Deze olie heeft de neiging om te stollen bij kouder weer. Als dit gebeurt, kun je het alleen uit de fles pompen door het eerst op te warmen zodat het weer vloeibaar wordt. you can do this by immersing it in warm water in the sink for a minute or just leaving it all day on the heating so it stays always in liquid form.<\/p>\n","protected":false},"featured_media":16892,"comment_status":"open","ping_status":"closed","template":"","meta":{"_acf_changed":false,"site-sidebar-layout":"default","site-content-layout":"default","ast-site-content-layout":"default","site-content-style":"default","site-sidebar-style":"default","ast-global-header-display":"","ast-banner-title-visibility":"","ast-main-header-display":"","ast-hfb-above-header-display":"","ast-hfb-below-header-display":"","ast-hfb-mobile-header-display":"","site-post-title":"","ast-breadcrumbs-content":"","ast-featured-img":"","footer-sml-layout":"","ast-disable-related-posts":"","theme-transparent-header-meta":"default","adv-header-id-meta":"","stick-header-meta":"default","header-above-stick-meta":"","header-main-stick-meta":"","header-below-stick-meta":"","astra-migrate-meta-layouts":"set","ast-page-background-enabled":"default","ast-page-background-meta":{"desktop":{"background-color":"var(--ast-global-color-4)","background-image":"","background-repeat":"repeat","background-position":"center center","background-size":"auto","background-attachment":"scroll","background-type":"","background-media":"","overlay-type":"","overlay-color":"","overlay-opacity":"","overlay-gradient":""},"tablet":{"background-color":"","background-image":"","background-repeat":"repeat","background-position":"center center","background-size":"auto","background-attachment":"scroll","background-type":"","background-media":"","overlay-type":"","overlay-color":"","overlay-opacity":"","overlay-gradient":""},"mobile":{"background-color":"","background-image":"","background-repeat":"repeat","background-position":"center center","background-size":"auto","background-attachment":"scroll","background-type":"","background-media":"","overlay-type":"","overlay-color":"","overlay-opacity":"","overlay-gradient":""}},"ast-content-background-meta":{"desktop":{"background-color":"var(--ast-global-color-5)","background-image":"","background-repeat":"repeat","background-position":"center center","background-size":"auto","background-attachment":"scroll","background-type":"","background-media":"","overlay-type":"","overlay-color":"","overlay-opacity":"","overlay-gradient":""},"tablet":{"background-color":"var(--ast-global-color-5)","background-image":"","background-repeat":"repeat","background-position":"center center","background-size":"auto","background-attachment":"scroll","background-type":"","background-media":"","overlay-type":"","overlay-color":"","overlay-opacity":"","overlay-gradient":""},"mobile":{"background-color":"var(--ast-global-color-5)","background-image":"","background-repeat":"repeat","background-position":"center center","background-size":"auto","background-attachment":"scroll","background-type":"","background-media":"","overlay-type":"","overlay-color":"","overlay-opacity":"","overlay-gradient":""}}},"product_brand":[],"product_cat":[246,151,180,121,120,167,154,153,156,161],"product_tag":[],"class_list":{"0":"post-8157","1":"product","2":"type-product","3":"status-publish","4":"has-post-thumbnail","6":"product_cat-verkoopboosters","7":"product_cat-haarverzorging","8":"product_cat-juicy-chemistry","9":"product_cat-pitta-balanceren","10":"product_cat-vata-balanceren","11":"product_cat-droogte-schade","12":"product_cat-haaruitval-en-verdunning","13":"product_cat-olien","14":"product_cat-roos","15":"product_cat-vroegtijdige-vergrijzing","16":"product_shipping_class-shipping_rate_01","17":"desktop-align-left","18":"tablet-align-left","19":"mobile-align-left","20":"ast-product-gallery-layout-horizontal-slider","21":"ast-product-tabs-layout-horizontal","23":"first","24":"outofstock","25":"sale","26":"taxable","27":"shipping-taxable","28":"purchasable","29":"product-type-simple"},"acf":[],"_links":{"self":[{"href":"https:\/\/purenatural.eu\/nl\/wp-json\/wp\/v2\/product\/8157","targetHints":{"allow":["GET"]}}],"collection":[{"href":"https:\/\/purenatural.eu\/nl\/wp-json\/wp\/v2\/product"}],"about":[{"href":"https:\/\/purenatural.eu\/nl\/wp-json\/wp\/v2\/types\/product"}],"replies":[{"embeddable":true,"href":"https:\/\/purenatural.eu\/nl\/wp-json\/wp\/v2\/comments?post=8157"}],"version-history":[{"count":0,"href":"https:\/\/purenatural.eu\/nl\/wp-json\/wp\/v2\/product\/8157\/revisions"}],"wp:featuredmedia":[{"embeddable":true,"href":"https:\/\/purenatural.eu\/nl\/wp-json\/wp\/v2\/media\/16892"}],"wp:attachment":[{"href":"https:\/\/purenatural.eu\/nl\/wp-json\/wp\/v2\/media?parent=8157"}],"wp:term":[{"taxonomy":"product_brand","embeddable":true,"href":"https:\/\/purenatural.eu\/nl\/wp-json\/wp\/v2\/product_brand?post=8157"},{"taxonomy":"product_cat","embeddable":true,"href":"https:\/\/purenatural.eu\/nl\/wp-json\/wp\/v2\/product_cat?post=8157"},{"taxonomy":"product_tag","embeddable":true,"href":"https:\/\/purenatural.eu\/nl\/wp-json\/wp\/v2\/product_tag?post=8157"}],"curies":[{"name":"wp","href":"https:\/\/api.w.org\/{rel}","templated":true}]}}