{"id":8158,"date":"2022-11-29T09:10:38","date_gmt":"2022-11-29T08:10:38","guid":{"rendered":"https:\/\/purenatural.eu\/product\/hennep-tea-tree-neem-organische-gezichtsreiniging-100ml\/"},"modified":"2025-02-07T12:20:05","modified_gmt":"2025-02-07T11:20:05","slug":"hennep-tea-tree-neem-biologische-gezichtsspoeling-100ml","status":"publish","type":"product","link":"https:\/\/purenatural.eu\/nl\/product\/hennep-tea-tree-neem-biologische-gezichtsspoeling-100ml\/","title":{"rendered":"Hennep, Tea Tree &amp; Neem-Organische Gezichtsreiniging &#8211; 100ml"},"content":{"rendered":"<p>Een biologische verhelderende face wash die de huid zacht reinigt en puistjes helpt verminderen. &#8211; Maakt de huid schoon en levendig &#8211; Behoudt de natuurlijke vochtbalans van de huid &#8211; Ondersteunt de barri\u00e8regezondheid van je huid en voorkomt toekomstige puistjes &#8211; Ontstopt pori\u00ebn van overtollige olie, verwijdert vuil en andere acne-veroorzakende bacteri\u00ebn &#8211; Ontstekingsremmende en ontgiftende eigenschappen van tea tree olie helpen onzuiverheden verwijderen die acne en andere huidoneffenheden veroorzaken  <strong>Ingredi\u00ebnten<\/strong>  Aqua, Kalium Olivaat**, Azadirachta Indica (Neem) Distillaat*, Lavandula Angustifolia (Lavendel) Distillaat*, Kalium Cocoaat**, Kalium Castorate**, Kalium Saffloerzaad**, Kalium Hennepzaad**, Lavandula Angustifolia (Lavendel) Olie*, Cananga Odorata (Ylang Ylang) Olie*, Boswellia Carteri (Frankincense) Olie*, Melia Azadirachta Zaad (Neem) Olie*, Tocopherol (Vitamine E), Sucrose (Suiker)*, Melaleuca Alterniflora (Tea Tree) Olie*, Juniperus Communis (Jeneverbes) Fruit Olie*, Pelargonium Graveolens (Geranium) Olie*. ** Verzeepte oli\u00ebn van Olijf, Kokosnoot, Castor, Saffloer, Hennepzaad &amp; Neem. *Ingredi\u00ebnten van biologische landbouw ** Gemaakt met biologische ingredi\u00ebnten 46,65% van de totale ingredi\u00ebnten zijn van biologische landbouw 98,917% ingredi\u00ebnten van plantaardige oorsprong zijn van biologische landbouw 100% natuurlijke oorsprong van totaal Cosmos biologisch gecertificeerd door Ecocert Greenlife volgens COSMOS standaard.<\/p>\n<span class=\"et_bloom_bottom_trigger\"><\/span>","protected":false},"excerpt":{"rendered":"<p>100 ml Een organische verhelderende face wash die de huid mild reinigt en onzuiverheden helpt te verminderen. Ideaal voor dagelijks gebruik. Droogt niet uit.<\/p>\n","protected":false},"featured_media":16860,"comment_status":"open","ping_status":"closed","template":"","meta":{"_acf_changed":false,"site-sidebar-layout":"default","site-content-layout":"default","ast-site-content-layout":"default","site-content-style":"default","site-sidebar-style":"default","ast-global-header-display":"","ast-banner-title-visibility":"","ast-main-header-display":"","ast-hfb-above-header-display":"","ast-hfb-below-header-display":"","ast-hfb-mobile-header-display":"","site-post-title":"","ast-breadcrumbs-content":"","ast-featured-img":"","footer-sml-layout":"","ast-disable-related-posts":"","theme-transparent-header-meta":"default","adv-header-id-meta":"","stick-header-meta":"default","header-above-stick-meta":"","header-main-stick-meta":"","header-below-stick-meta":"","astra-migrate-meta-layouts":"default","ast-page-background-enabled":"default","ast-page-background-meta":{"desktop":{"background-color":"var(--ast-global-color-4)","background-image":"","background-repeat":"repeat","background-position":"center center","background-size":"auto","background-attachment":"scroll","background-type":"","background-media":"","overlay-type":"","overlay-color":"","overlay-opacity":"","overlay-gradient":""},"tablet":{"background-color":"","background-image":"","background-repeat":"repeat","background-position":"center center","background-size":"auto","background-attachment":"scroll","background-type":"","background-media":"","overlay-type":"","overlay-color":"","overlay-opacity":"","overlay-gradient":""},"mobile":{"background-color":"","background-image":"","background-repeat":"repeat","background-position":"center center","background-size":"auto","background-attachment":"scroll","background-type":"","background-media":"","overlay-type":"","overlay-color":"","overlay-opacity":"","overlay-gradient":""}},"ast-content-background-meta":{"desktop":{"background-color":"var(--ast-global-color-5)","background-image":"","background-repeat":"repeat","background-position":"center center","background-size":"auto","background-attachment":"scroll","background-type":"","background-media":"","overlay-type":"","overlay-color":"","overlay-opacity":"","overlay-gradient":""},"tablet":{"background-color":"var(--ast-global-color-5)","background-image":"","background-repeat":"repeat","background-position":"center center","background-size":"auto","background-attachment":"scroll","background-type":"","background-media":"","overlay-type":"","overlay-color":"","overlay-opacity":"","overlay-gradient":""},"mobile":{"background-color":"var(--ast-global-color-5)","background-image":"","background-repeat":"repeat","background-position":"center center","background-size":"auto","background-attachment":"scroll","background-type":"","background-media":"","overlay-type":"","overlay-color":"","overlay-opacity":"","overlay-gradient":""}}},"product_brand":[],"product_cat":[246,125,180,163,128,190,191,193],"product_tag":[],"class_list":{"0":"post-8158","1":"product","2":"type-product","3":"status-publish","4":"has-post-thumbnail","6":"product_cat-verkoopboosters","7":"product_cat-huidverzorging","8":"product_cat-juicy-chemistry","9":"product_cat-kapha-balancering","10":"product_cat-beste-verkopers","11":"product_cat-anti-acne-nl","12":"product_cat-oliecontrole","13":"product_cat-reinigingsmiddelen-nl","14":"product_shipping_class-shipping_rate_01","15":"desktop-align-left","16":"tablet-align-left","17":"mobile-align-left","18":"ast-product-gallery-layout-horizontal-slider","19":"ast-product-tabs-layout-horizontal","21":"first","22":"outofstock","23":"taxable","24":"shipping-taxable","25":"purchasable","26":"product-type-simple"},"acf":[],"_links":{"self":[{"href":"https:\/\/purenatural.eu\/nl\/wp-json\/wp\/v2\/product\/8158","targetHints":{"allow":["GET"]}}],"collection":[{"href":"https:\/\/purenatural.eu\/nl\/wp-json\/wp\/v2\/product"}],"about":[{"href":"https:\/\/purenatural.eu\/nl\/wp-json\/wp\/v2\/types\/product"}],"replies":[{"embeddable":true,"href":"https:\/\/purenatural.eu\/nl\/wp-json\/wp\/v2\/comments?post=8158"}],"version-history":[{"count":0,"href":"https:\/\/purenatural.eu\/nl\/wp-json\/wp\/v2\/product\/8158\/revisions"}],"wp:featuredmedia":[{"embeddable":true,"href":"https:\/\/purenatural.eu\/nl\/wp-json\/wp\/v2\/media\/16860"}],"wp:attachment":[{"href":"https:\/\/purenatural.eu\/nl\/wp-json\/wp\/v2\/media?parent=8158"}],"wp:term":[{"taxonomy":"product_brand","embeddable":true,"href":"https:\/\/purenatural.eu\/nl\/wp-json\/wp\/v2\/product_brand?post=8158"},{"taxonomy":"product_cat","embeddable":true,"href":"https:\/\/purenatural.eu\/nl\/wp-json\/wp\/v2\/product_cat?post=8158"},{"taxonomy":"product_tag","embeddable":true,"href":"https:\/\/purenatural.eu\/nl\/wp-json\/wp\/v2\/product_tag?post=8158"}],"curies":[{"name":"wp","href":"https:\/\/api.w.org\/{rel}","templated":true}]}}